{"id":3186,"date":"2024-08-20T05:53:59","date_gmt":"2024-08-20T05:53:59","guid":{"rendered":"https:\/\/agricultural-gear-boxes.com\/product\/planetary-gear-drives\/"},"modified":"2024-08-20T05:54:00","modified_gmt":"2024-08-20T05:54:00","slug":"planetary-gear-drives","status":"publish","type":"product","link":"https:\/\/agricultural-gear-boxes.com\/es\/product\/planetary-gear-drives\/","title":{"rendered":"Transmisiones por engranajes planetarios"},"content":{"rendered":"<h2>Planetary Gear Drives &#8211; The Modern Solution for Power Transmission<\/h2>\n<p>Los reductores planetarios son un tipo de sistema de engranajes que se utiliza habitualmente en aplicaciones de transmisi\u00f3n de potencia. Son conocidos por su compacidad, simplicidad constructiva y fiabilidad del producto. Ever-Power Transmission Co., Ltd ofrece la serie EP3 de reductores planetarios, que cuentan con una gama de caracter\u00edsticas impresionantes.<\/p>\n<h3>Caracter\u00edsticas de los reductores planetarios EP3<\/h3>\n<ul>\n<li>Output torque range of 1000 &#8230; 450000 N.m<\/li>\n<li>Potencia mec\u00e1nica transmisible de hasta 450 kW<\/li>\n<li>Gear ratios of i=3,3 &#8230; 9000<\/li>\n<li>Las configuraciones de salida incluyen opciones de montaje en pie y brida.<\/li>\n<li>Las opciones de eje de salida incluyen s\u00f3lido con chaveta, estriado, estriado hueco y hueco con disco de contracci\u00f3n.<\/li>\n<li>Las configuraciones de entrada incluyen motores hidr\u00e1ulicos de pistones axiales con brida, motores de \u00f3rbita hidr\u00e1ulica, adaptadores de motor IEC y Nema y ejes de entrada s\u00f3lidos.<\/li>\n<li>Freno de estacionamiento liberado hidr\u00e1ulicamente disponible bajo pedido<\/li>\n<li>Opciones de freno el\u00e9ctrico de CC y CA<\/li>\n<\/ul>\n<h3>Ventajas de utilizar transmisiones por engranajes planetarios<\/h3>\n<ul>\n<li>Alta densidad de potencia gracias al dise\u00f1o compacto.<\/li>\n<li>Alta eficiencia gracias a los engranajes de m\u00faltiples mallas<\/li>\n<li>Alta precisi\u00f3n gracias al uso de dientes de engranajes helicoidales.<\/li>\n<li>Bajo nivel de ruido y vibraci\u00f3n gracias a la carga distribuida uniformemente<\/li>\n<li>F\u00e1cil mantenimiento gracias al dise\u00f1o modular.<\/li>\n<li>Larga vida \u00fatil gracias a los materiales duraderos utilizados.<\/li>\n<\/ul>\n<h3>Instalaci\u00f3n, mantenimiento y reparaci\u00f3n<\/h3>\n<p>La serie EP3 de reductores planetarios est\u00e1 dise\u00f1ada para facilitar la instalaci\u00f3n, el mantenimiento y la reparaci\u00f3n. El dise\u00f1o modular permite un f\u00e1cil acceso a los componentes individuales y el uso de materiales duraderos garantiza una larga vida \u00fatil. El mantenimiento regular debe incluir la comprobaci\u00f3n de los niveles de lubricaci\u00f3n y la garant\u00eda de que todos los pernos y sujetadores est\u00e9n apretados seg\u00fan las especificaciones de par recomendadas.<\/p>\n<p>En caso de aver\u00eda o da\u00f1o, un t\u00e9cnico cualificado podr\u00e1 realizar la reparaci\u00f3n o sustituci\u00f3n de los componentes. Ever-Power Transmission Co., Ltd ofrece asistencia t\u00e9cnica integral y piezas de repuesto para todos sus productos.<\/p>\n<h3>Otros productos ofrecidos por Ever-Power Transmission Co., Ltd<\/h3>\n<p>Adem\u00e1s de los reductores planetarios, Ever-Power Transmission Co., Ltd tambi\u00e9n ofrece una amplia gama de otros productos industriales, entre los que se incluyen cajas de engranajes agr\u00edcolas, ejes de salida de potencia, ruedas dentadas, acoplamientos de fluidos, reductores de engranajes helicoidales, engranajes y cremalleras, cadenas desmontables, poleas y poleas, reductores planetarios, poleas de distribuci\u00f3n, bujes y m\u00e1s. Con un enfoque en productos de alta calidad, precios favorables y un servicio considerado, Ever-Power Transmission Co., Ltd da la bienvenida a los clientes para que vengan a realizar pedidos personalizados basados en dibujos o muestras. <\/p>\n<h2>Preguntas y respuestas<\/h2>\n<h3>1. \u00bfQu\u00e9 son los engranajes planetarios?<\/h3>\n<p>Los reductores planetarios son un tipo de sistema de engranajes que se utiliza en aplicaciones de transmisi\u00f3n de potencia. Son conocidos por su compacidad, simplicidad constructiva y confiabilidad.<\/p>\n<h3>2. \u00bfCu\u00e1les son las ventajas de utilizar transmisiones por engranajes planetarios?<\/h3>\n<p>Los engranajes planetarios ofrecen alta densidad de potencia, alta eficiencia, alta precisi\u00f3n, bajo nivel de ruido y vibraci\u00f3n y f\u00e1cil mantenimiento debido a su dise\u00f1o modular.<\/p>\n<h3>3. \u00bfQu\u00e9 configuraciones de entrada est\u00e1n disponibles para la serie EP3 de transmisiones por engranajes planetarios?<\/h3>\n<p>La serie EP3 de transmisiones por engranajes planetarios ofrece configuraciones de entrada que incluyen motores hidr\u00e1ulicos de pistones axiales con brida, motores orbitales hidr\u00e1ulicos, adaptadores de motores IEC y Nema y ejes de entrada s\u00f3lidos.<\/p>\n<h3>4. \u00bfQu\u00e9 otros productos ofrece Ever-Power Transmission Co., Ltd?<\/h3>\n<p>Adem\u00e1s de transmisiones por engranajes planetarios, Ever-Power Transmission Co., Ltd ofrece una amplia gama de productos industriales, incluidas cajas de engranajes agr\u00edcolas, ejes de salida de potencia, pi\u00f1ones, acoplamientos de fluido y m\u00e1s.<\/p>\n<h3>5. \u00bfC\u00f3mo puedo realizar el mantenimiento de mi transmisi\u00f3n por caja de engranajes planetarios de la serie EP3?<\/h3>\n<p>El mantenimiento regular debe incluir la comprobaci\u00f3n de los niveles de lubricaci\u00f3n y la garant\u00eda de que todos los pernos y sujetadores est\u00e9n apretados seg\u00fan las especificaciones de torsi\u00f3n recomendadas. En caso de mal funcionamiento o da\u00f1o, un t\u00e9cnico calificado puede realizar la reparaci\u00f3n o el reemplazo de los componentes.<\/p>","protected":false},"excerpt":{"rendered":"<p>Planetary Gear Drives &#8211; The Modern Solution for Power Transmission Planetary gear drives are a type of gear system commonly used in power transmission applications. They are known for their compactness, constructive simplicity, and product reliability. Ever-Power Transmission Co., Ltd offers the EP3 series of planetary gearbox drives, which boast a range of impressive features. [&hellip;]<\/p>","protected":false},"featured_media":3185,"template":"","meta":{"_et_pb_use_builder":"","_et_pb_old_content":"","_et_gb_content_width":""},"product_brand":[],"product_cat":[11283],"product_tag":[],"class_list":{"0":"post-3186","1":"product","2":"type-product","3":"status-publish","4":"has-post-thumbnail","6":"product_cat-planetary-gearbox","8":"first","9":"instock","10":"shipping-taxable","11":"product-type-simple"},"_links":{"self":[{"href":"https:\/\/agricultural-gear-boxes.com\/es\/wp-json\/wp\/v2\/product\/3186","targetHints":{"allow":["GET"]}}],"collection":[{"href":"https:\/\/agricultural-gear-boxes.com\/es\/wp-json\/wp\/v2\/product"}],"about":[{"href":"https:\/\/agricultural-gear-boxes.com\/es\/wp-json\/wp\/v2\/types\/product"}],"wp:featuredmedia":[{"embeddable":true,"href":"https:\/\/agricultural-gear-boxes.com\/es\/wp-json\/wp\/v2\/media\/3185"}],"wp:attachment":[{"href":"https:\/\/agricultural-gear-boxes.com\/es\/wp-json\/wp\/v2\/media?parent=3186"}],"wp:term":[{"taxonomy":"product_brand","embeddable":true,"href":"https:\/\/agricultural-gear-boxes.com\/es\/wp-json\/wp\/v2\/product_brand?post=3186"},{"taxonomy":"product_cat","embeddable":true,"href":"https:\/\/agricultural-gear-boxes.com\/es\/wp-json\/wp\/v2\/product_cat?post=3186"},{"taxonomy":"product_tag","embeddable":true,"href":"https:\/\/agricultural-gear-boxes.com\/es\/wp-json\/wp\/v2\/product_tag?post=3186"}],"curies":[{"name":"wp","href":"https:\/\/api.w.org\/{rel}","templated":true}]}}