{"id":3194,"date":"2024-08-20T05:54:14","date_gmt":"2024-08-20T05:54:14","guid":{"rendered":"https:\/\/agricultural-gear-boxes.com\/product\/planetary-cone-disk-variator\/"},"modified":"2024-08-20T05:54:15","modified_gmt":"2024-08-20T05:54:15","slug":"planetary-cone-disk-variator","status":"publish","type":"product","link":"https:\/\/agricultural-gear-boxes.com\/es\/product\/planetary-cone-disk-variator\/","title":{"rendered":"Variador planetario de cono-disco"},"content":{"rendered":"<h2>Variador planetario de cono-disco: un producto de alta precisi\u00f3n, multiusos y vers\u00e1til<\/h2>\n<p>El variador planetario de cono-disco es un producto de alta precisi\u00f3n que ha sido dise\u00f1ado con la \u00faltima tecnolog\u00eda para garantizar un rendimiento estable, una transmisi\u00f3n precisa y una resistencia suficiente. Es una estructura compacta, de tama\u00f1o peque\u00f1o, peso ligero y se puede combinar con varios reductores para lograr una variaci\u00f3n sin etapas a baja velocidad. El producto se utiliza ampliamente en diversas aplicaciones, como maquinaria agr\u00edcola, maquinaria alimentaria, maquinaria de envasado, etc.<\/p>\n<h3>Ventajas del variador planetario de cono-disco<\/h3>\n<ul>\n<li>Estructura compacta, peque\u00f1o volumen y peso ligero.<\/li>\n<li>Alta resistencia, rendimiento estable, transmisi\u00f3n precisa y suficiente resistencia sin fuerza de retroceso.<\/li>\n<li>Amplio rango de variaci\u00f3n de velocidad, que oscila entre 5, es decir, la relaci\u00f3n puede variar entre 1:4,5 y 1:7,25<\/li>\n<li>La regulaci\u00f3n de velocidad de alta precisi\u00f3n puede ser de hasta 0,5 ~ 1 vueltas.<\/li>\n<li>Rendimiento estable: todas las piezas de la transmisi\u00f3n se tratan meticulosamente con un tratamiento t\u00e9rmico especial, lo que da como resultado un buen contacto y lubricaci\u00f3n, un rendimiento estable, bajo nivel de ruido y un servicio prolongado.<\/li>\n<li>Fuerte capacidad de combinaci\u00f3n: se puede combinar con varios reductores para lograr una variaci\u00f3n sin etapas de baja velocidad.<\/li>\n<\/ul>\n<h3>Datos t\u00e9cnicos<\/h3>\n<ul>\n<li>Rango de relaci\u00f3n: 5 (se puede conseguir una relaci\u00f3n m\u00e1s alta a pedido)<\/li>\n<li>Potencia de entrada: 0,18 ~ 7,5<\/li>\n<li>Rango de velocidad de salida: 5<\/li>\n<li>Rango de par admisible: ??118 N.m<\/li>\n<\/ul>\n<h3>Instalaci\u00f3n, mantenimiento y reparaci\u00f3n de variadores planetarios de cono-disco<\/h3>\n<p>Antes de la instalaci\u00f3n, es necesario comprobar si el producto est\u00e1 da\u00f1ado o no. Durante la instalaci\u00f3n, aseg\u00farese de que el producto est\u00e9 instalado de forma correcta y segura. Es importante mantener el producto limpio y lubricado durante su uso. En cuanto a la reparaci\u00f3n, busque ayuda profesional para evitar da\u00f1os mayores.<\/p>\n<h3>Otros productos de engranajes de pl\u00e1stico ofrecidos por la empresa<\/h3>\n<p>Nuestra empresa suministra principalmente diversos engranajes de pl\u00e1stico utilizados en la industria, como cajas de engranajes agr\u00edcolas, ejes de salida de potencia, ruedas dentadas, acoplamientos de fluidos, reductores de tornillo sin fin, engranajes y cremalleras, cadenas desmontables, poleas y poleas, cajas de engranajes planetarios, poleas de distribuci\u00f3n, bujes y m\u00e1s. Ofrecemos productos de alta calidad a precios favorables y brindamos un servicio considerado. Los clientes son bienvenidos a venir a nosotros para la personalizaci\u00f3n de dibujos o muestras.<\/p>\n<h2>Preguntas y respuestas<\/h2>\n<h3>1. \u00bfPara qu\u00e9 se utiliza el variador cono-disco planetario?<\/h3>\n<p>El variador planetario de cono-disco es un producto de alta precisi\u00f3n que se utiliza ampliamente en diversas aplicaciones, como maquinaria agr\u00edcola, maquinaria alimentaria, maquinaria de envasado, etc.<\/p>\n<h3>2. \u00bfCu\u00e1les son las ventajas del Variador Cono-Disco Planetario?<\/h3>\n<p>El variador planetario de cono-disco tiene varias ventajas, entre ellas, una estructura compacta, un volumen peque\u00f1o y un peso ligero. Es un producto de alta resistencia con un rendimiento estable, una transmisi\u00f3n precisa y una resistencia suficiente sin fuerza de retroceso. Tambi\u00e9n tiene un amplio rango de variaci\u00f3n de velocidad, que va de 5 a 1000 revoluciones, y una alta precisi\u00f3n de regulaci\u00f3n de velocidad, que puede ser de hasta 0,5 a 1 vueltas. Adem\u00e1s, se puede combinar con varios reductores para lograr una variaci\u00f3n sin etapas a baja velocidad.<\/p>\n<h3>3. \u00bfC\u00f3mo instalo el variador planetario cono-disco?<\/h3>\n<p>Antes de la instalaci\u00f3n, es necesario comprobar si el producto est\u00e1 da\u00f1ado o no. Durante la instalaci\u00f3n, aseg\u00farese de que el producto est\u00e9 instalado de forma correcta y segura.<\/p>\n<h3>4. \u00bfC\u00f3mo realizo el mantenimiento del variador planetario cono-disco?<\/h3>\n<p>Es importante mantener el producto limpio y lubricado durante su uso.<\/p>\n<h3>5. \u00bfQu\u00e9 otros productos de engranajes de pl\u00e1stico ofrece la empresa?<\/h3>\n<p>Nuestra empresa suministra principalmente diversos engranajes de pl\u00e1stico utilizados en la industria, como cajas de engranajes agr\u00edcolas, ejes de salida de potencia, pi\u00f1ones, acoplamientos de fluido, reductores de tornillo sin fin, engranajes y cremalleras, cadenas desmontables, poleas y poleas, cajas de engranajes planetarios, poleas de distribuci\u00f3n, bujes y m\u00e1s.<\/p>","protected":false},"excerpt":{"rendered":"<p>Planetary Cone-Disk Variator: A High-Precision, Multi-Purpose, and Versatile Product The Planetary Cone-Disk Variator is a high-precision product that has been designed with the latest technology to ensure stable performance, precise transmission, and sufficient strength. It is a compact structure that is small in size, light in weight, and can be combined with various reducers to [&hellip;]<\/p>","protected":false},"featured_media":3193,"template":"","meta":{"_et_pb_use_builder":"","_et_pb_old_content":"","_et_gb_content_width":""},"product_brand":[],"product_cat":[11283],"product_tag":[],"class_list":{"0":"post-3194","1":"product","2":"type-product","3":"status-publish","4":"has-post-thumbnail","6":"product_cat-planetary-gearbox","8":"first","9":"instock","10":"shipping-taxable","11":"product-type-simple"},"_links":{"self":[{"href":"https:\/\/agricultural-gear-boxes.com\/es\/wp-json\/wp\/v2\/product\/3194","targetHints":{"allow":["GET"]}}],"collection":[{"href":"https:\/\/agricultural-gear-boxes.com\/es\/wp-json\/wp\/v2\/product"}],"about":[{"href":"https:\/\/agricultural-gear-boxes.com\/es\/wp-json\/wp\/v2\/types\/product"}],"wp:featuredmedia":[{"embeddable":true,"href":"https:\/\/agricultural-gear-boxes.com\/es\/wp-json\/wp\/v2\/media\/3193"}],"wp:attachment":[{"href":"https:\/\/agricultural-gear-boxes.com\/es\/wp-json\/wp\/v2\/media?parent=3194"}],"wp:term":[{"taxonomy":"product_brand","embeddable":true,"href":"https:\/\/agricultural-gear-boxes.com\/es\/wp-json\/wp\/v2\/product_brand?post=3194"},{"taxonomy":"product_cat","embeddable":true,"href":"https:\/\/agricultural-gear-boxes.com\/es\/wp-json\/wp\/v2\/product_cat?post=3194"},{"taxonomy":"product_tag","embeddable":true,"href":"https:\/\/agricultural-gear-boxes.com\/es\/wp-json\/wp\/v2\/product_tag?post=3194"}],"curies":[{"name":"wp","href":"https:\/\/api.w.org\/{rel}","templated":true}]}}