{"id":3199,"date":"2024-08-20T05:54:18","date_gmt":"2024-08-20T05:54:18","guid":{"rendered":"https:\/\/agricultural-gear-boxes.com\/product\/planetary-gearboxes-for-slew-drive-3\/"},"modified":"2024-08-20T05:54:19","modified_gmt":"2024-08-20T05:54:19","slug":"planetary-gearboxes-for-slew-drive-3","status":"publish","type":"product","link":"https:\/\/agricultural-gear-boxes.com\/es\/product\/planetary-gearboxes-for-slew-drive-3\/","title":{"rendered":"Cajas de engranajes planetarios para transmisi\u00f3n de giro"},"content":{"rendered":"<h2>Cajas de engranajes planetarios para transmisi\u00f3n de giro<\/h2>\n<p>Las cajas de engranajes planetarios para transmisi\u00f3n de giro se utilizan ampliamente en la industria para diversas aplicaciones, incluidas excavadoras, gr\u00faas y m\u00e1s. Estas cajas de engranajes est\u00e1n dise\u00f1adas para transmitir par y rotaci\u00f3n entre dos objetos, con un objeto estacionario mientras el otro gira a su alrededor. La caja de engranajes planetarios para transmisi\u00f3n de giro es una pieza de maquinaria vers\u00e1til y potente que puede manejar una amplia gama de tareas.<\/p>\n<h3>Ventajas de los reductores planetarios<\/h3>\n<ul>\n<li>Alta capacidad de transmisi\u00f3n de par<\/li>\n<li>Tama\u00f1o y dise\u00f1o compactos.<\/li>\n<li>Capacidad para soportar cargas de impacto y altas velocidades.<\/li>\n<li>Alta eficiencia y bajos niveles de ruido.<\/li>\n<li>F\u00e1cil de instalar, mantener y reparar.<\/li>\n<\/ul>\n<h3>Tipos de reductores planetarios<\/h3>\n<p>Las cajas de engranajes planetarios vienen en diferentes tipos, y los m\u00e1s comunes son:<\/p>\n<ul>\n<li>Cajas de engranajes planetarios de ejes paralelos: se utilizan en aplicaciones donde el espacio es limitado.<\/li>\n<li>Cajas de engranajes planetarios de \u00e1ngulo recto: se utilizan en aplicaciones donde la transmisi\u00f3n de potencia necesita un cambio de direcci\u00f3n.<\/li>\n<li>Cajas de engranajes planetarios coaxiales: se utilizan en aplicaciones donde los ejes de entrada y salida deben estar en el mismo eje.<\/li>\n<\/ul>\n<h3>Instalaci\u00f3n, mantenimiento y reparaci\u00f3n<\/h3>\n<p>Si bien las cajas de engranajes planetarios son f\u00e1ciles de instalar, es importante asegurarse de que est\u00e9n correctamente alineadas para evitar un desgaste prematuro. El mantenimiento regular tambi\u00e9n es importante para garantizar su longevidad y su correcto funcionamiento. En caso de aver\u00eda, las cajas de engranajes planetarios se pueden reparar f\u00e1cilmente y las piezas da\u00f1adas se pueden reemplazar.<\/p>\n<h3>Company&#8217;s Other Products Business<\/h3>\n<p>Adem\u00e1s de los reductores planetarios para transmisi\u00f3n de giro, nuestra empresa suministra diversos engranajes de pl\u00e1stico utilizados en la industria, como reductores agr\u00edcolas, ejes de salida de potencia, ruedas dentadas, acoplamientos de fluidos, reductores de tornillo sin fin, engranajes y cremalleras, cadenas desmontables, poleas y poleas, reductores planetarios, poleas de distribuci\u00f3n, bujes y m\u00e1s. Nuestros productos son de alta calidad y tienen precios favorables. Tambi\u00e9n ofrecemos servicios de personalizaci\u00f3n basados en dibujos o muestras proporcionadas por nuestros clientes.<\/p>\n<h2>Preguntas y respuestas<\/h2>\n<h3>P1. \u00bfQu\u00e9 es una caja de cambios planetaria?<\/h3>\n<p>A. La caja de engranajes planetarios es un tipo de caja de engranajes que transmite par y rotaci\u00f3n entre dos objetos, uno de los cuales permanece estacionario mientras el otro gira a su alrededor. Se utiliza com\u00fanmente en diversas aplicaciones industriales.<\/p>\n<h3>P2. \u00bfCu\u00e1les son las ventajas de utilizar reductores planetarios?<\/h3>\n<p>A. Los reductores planetarios tienen una alta capacidad de transmisi\u00f3n de par, tama\u00f1o y dise\u00f1o compactos, capacidad para soportar cargas de impacto y altas velocidades, alta eficiencia y bajos niveles de ruido, y son f\u00e1ciles de instalar, mantener y reparar.<\/p>\n<h3>P3. \u00bfLos reductores planetarios pueden utilizarse en distintos tipos de aplicaciones?<\/h3>\n<p>A. S\u00ed, los reductores planetarios son vers\u00e1tiles y pueden manejar una amplia gama de aplicaciones, incluidas excavadoras, gr\u00faas y m\u00e1s.<\/p>\n<h3>P4. \u00bfSon f\u00e1ciles de reparar los reductores planetarios?<\/h3>\n<p>A. S\u00ed, en caso de aver\u00eda, los reductores planetarios se pueden reparar f\u00e1cilmente y las piezas da\u00f1adas se pueden sustituir.<\/p>\n<h3>P5. \u00bfSu empresa ofrece servicios de personalizaci\u00f3n para reductores planetarios?<\/h3>\n<p>A. S\u00ed, ofrecemos servicios de personalizaci\u00f3n basados en dibujos o muestras proporcionadas por nuestros clientes.<\/p>","protected":false},"excerpt":{"rendered":"<p>Planetary Gearboxes for Slew Drive Planetary Gearboxes for Slew Drive are widely used in industry for various applications including excavators, cranes, and more. These gearboxes are designed to transmit torque and rotation between two objects, with one object being stationary while the other rotates around it. The planetary gearbox for slew drive is a versatile [&hellip;]<\/p>","protected":false},"featured_media":3198,"template":"","meta":{"_et_pb_use_builder":"","_et_pb_old_content":"","_et_gb_content_width":""},"product_brand":[],"product_cat":[11283],"product_tag":[],"class_list":{"0":"post-3199","1":"product","2":"type-product","3":"status-publish","4":"has-post-thumbnail","6":"product_cat-planetary-gearbox","8":"first","9":"instock","10":"shipping-taxable","11":"product-type-simple"},"_links":{"self":[{"href":"https:\/\/agricultural-gear-boxes.com\/es\/wp-json\/wp\/v2\/product\/3199","targetHints":{"allow":["GET"]}}],"collection":[{"href":"https:\/\/agricultural-gear-boxes.com\/es\/wp-json\/wp\/v2\/product"}],"about":[{"href":"https:\/\/agricultural-gear-boxes.com\/es\/wp-json\/wp\/v2\/types\/product"}],"wp:featuredmedia":[{"embeddable":true,"href":"https:\/\/agricultural-gear-boxes.com\/es\/wp-json\/wp\/v2\/media\/3198"}],"wp:attachment":[{"href":"https:\/\/agricultural-gear-boxes.com\/es\/wp-json\/wp\/v2\/media?parent=3199"}],"wp:term":[{"taxonomy":"product_brand","embeddable":true,"href":"https:\/\/agricultural-gear-boxes.com\/es\/wp-json\/wp\/v2\/product_brand?post=3199"},{"taxonomy":"product_cat","embeddable":true,"href":"https:\/\/agricultural-gear-boxes.com\/es\/wp-json\/wp\/v2\/product_cat?post=3199"},{"taxonomy":"product_tag","embeddable":true,"href":"https:\/\/agricultural-gear-boxes.com\/es\/wp-json\/wp\/v2\/product_tag?post=3199"}],"curies":[{"name":"wp","href":"https:\/\/api.w.org\/{rel}","templated":true}]}}