{"id":3209,"date":"2024-08-20T08:31:05","date_gmt":"2024-08-20T08:31:05","guid":{"rendered":"https:\/\/agricultural-gear-boxes.com\/product\/bkm-series-high-efficiency-hypoid-gear-box\/"},"modified":"2024-08-20T08:31:07","modified_gmt":"2024-08-20T08:31:07","slug":"bkm-series-high-efficiency-hypoid-gear-box","status":"publish","type":"product","link":"https:\/\/agricultural-gear-boxes.com\/es\/product\/bkm-series-high-efficiency-hypoid-gear-box\/","title":{"rendered":"Caja de engranajes hipoide de alta eficiencia serie BKM"},"content":{"rendered":"<h2>Caja de engranajes hipoide de alta eficiencia serie BKM<\/h2>\n<p>La caja de engranajes hipoide de alta eficiencia de la serie BKM es un producto de nueva generaci\u00f3n desarrollado por nuestra empresa, que fusiona tecnolog\u00eda avanzada tanto nacional como extranjera. Est\u00e1 dise\u00f1ada para resolver la baja eficiencia de transmisi\u00f3n, la corta vida \u00fatil y otros problemas relacionados asociados con la caja de engranajes helicoidales EP-NMRV. La dimensi\u00f3n de montaje de BKM es la misma que la caja de engranajes helicoidales de la serie EP-NMRV y adopta la transmisi\u00f3n por engranajes utilizada como referencia para la estructura de la caja de engranajes helicoidales SEW para mejorar la eficiencia de la transmisi\u00f3n. BKM se utiliza ampliamente en el desarrollo industrial para ahorrar energ\u00eda, reducir el consumo y promover la protecci\u00f3n del medio ambiente.<\/p>\n<h3>Ventajas de la caja de engranajes hipoide de alta eficiencia de la serie BKM<\/h3>\n<ul>\n<li>Accionado por engranajes hipoides, BKM tiene grandes relaciones, lo que lo hace adecuado para diversas aplicaciones industriales.<\/li>\n<li>BKM ofrece alta eficiencia, ahorro de energ\u00eda y protecci\u00f3n del medio ambiente, lo que lo convierte en una opci\u00f3n popular en el mercado.<\/li>\n<li>Hecho de aleaci\u00f3n de aluminio de alta calidad, BKM es liviano y antioxidante, lo que garantiza la longevidad del producto.<\/li>\n<li>BKM funciona de forma suave y silenciosa, incluso en condiciones terribles, lo que lo hace ideal para un uso a largo plazo.<\/li>\n<li>BKM tiene una vida \u00fatil duradera, un volumen peque\u00f1o y una apariencia atractiva.<\/li>\n<li>BKM es modular y multiestructural, satisfaciendo diversas condiciones y demandas.<\/li>\n<li>La dimensi\u00f3n de montaje de la serie BKM es compatible con la unidad de engranaje helicoidal de la serie EP-NMRV. (Algunas dimensiones de la serie EP-NMRV050 son diferentes a las de la serie BKM050)<\/li>\n<\/ul>\n<h3>Escenarios de uso com\u00fan de la caja de engranajes hipoide de alta eficiencia de la serie BKM<\/h3>\n<p>El BKM se utiliza ampliamente en diversas aplicaciones industriales, como maquinaria de embalaje, maquinaria de impresi\u00f3n, maquinaria textil, maquinaria alimentaria, maquinaria metal\u00fargica y maquinaria de protecci\u00f3n ambiental. Tambi\u00e9n es adecuado para equipos de elevaci\u00f3n, maquinaria de transporte, maquinaria de construcci\u00f3n y otros campos industriales que requieren alta eficiencia y estabilidad de transmisi\u00f3n.<\/p>\n<h3>Instalaci\u00f3n, mantenimiento y reparaci\u00f3n de cajas de engranajes hipoides de alta eficiencia de la serie BKM<\/h3>\n<p>Al instalar el BKM, aseg\u00farese de que la caja de cambios est\u00e9 correctamente fijada y que el eje de salida est\u00e9 conc\u00e9ntrico con el eje de entrada. Es importante realizar un mantenimiento regular y se debe revisar la caja de cambios para detectar ruidos anormales, fugas de aceite o sobrecalentamiento. Para reparar el BKM, se debe quitar la tapa de la caja de cambios y se debe revisar el engranaje interno para detectar deformaciones o da\u00f1os.<\/p>\n<h3>Materiales de la caja de engranajes hipoide de alta eficiencia de la serie BKM<\/h3>\n<p>BKM est\u00e1 fabricado con aleaci\u00f3n de aluminio de alta calidad, que es liviana y no se oxida. Esto garantiza la longevidad y durabilidad del producto. El engranaje est\u00e1 tratado con tecnolog\u00eda de tratamiento t\u00e9rmico de alta frecuencia para mejorar la dureza y la resistencia al desgaste del producto, lo que garantiza una larga vida \u00fatil.<\/p>\n<h2>Otros productos de nuestra empresa<\/h2>\n<p>Nuestra empresa suministra principalmente diversos engranajes de pl\u00e1stico utilizados en la industria, como cajas de engranajes agr\u00edcolas, ejes de salida de potencia, ruedas dentadas, acoplamientos de fluidos, reductores de tornillo sin fin, engranajes y cremalleras, cadenas desmontables, poleas y poleas, cajas de engranajes planetarios, poleas de distribuci\u00f3n, bujes y m\u00e1s. Nuestros productos son de alta calidad, precio favorable y servicio considerado. Damos la bienvenida a los clientes a venir a la personalizaci\u00f3n del dibujo o la muestra.<\/p>\n<h2>Preguntas y respuestas<\/h2>\n<h3>P1: \u00bfQu\u00e9 es la caja de engranajes hipoide de alta eficiencia de la serie BKM?<\/h3>\n<p>A1: La caja de engranajes hipoide de alta eficiencia de la serie BKM es un producto de nueva generaci\u00f3n desarrollado por nuestra empresa, que fusiona tecnolog\u00eda avanzada tanto nacional como extranjera. Est\u00e1 dise\u00f1ada para resolver la baja eficiencia de transmisi\u00f3n, la corta vida \u00fatil y otros problemas relacionados asociados con la caja de engranajes helicoidales EP-NMRV.<\/p>\n<h3>P2: \u00bfCu\u00e1les son las ventajas de la caja de cambios hipoide de alta eficiencia de la serie BKM?<\/h3>\n<p>A2: BKM ofrece alta eficiencia, ahorro de energ\u00eda y protecci\u00f3n del medio ambiente, lo que lo convierte en una opci\u00f3n popular en el mercado. Funciona de manera suave y silenciosa, incluso en condiciones extremas, lo que lo hace ideal para un uso a largo plazo. BKM es modular y multiestructural, lo que satisface diversas condiciones y demandas.<\/p>\n<h3>P3: \u00bfCu\u00e1les son los escenarios de uso comunes de la caja de engranajes hipoide de alta eficiencia de la serie BKM?<\/h3>\n<p>A3: El BKM se utiliza ampliamente en diversas aplicaciones industriales, como maquinaria de embalaje, maquinaria de impresi\u00f3n, maquinaria textil, maquinaria alimentaria, maquinaria metal\u00fargica y maquinaria de protecci\u00f3n ambiental. Tambi\u00e9n es adecuado para equipos de elevaci\u00f3n, maquinaria de transporte, maquinaria de construcci\u00f3n y otros campos industriales que requieren alta eficiencia y estabilidad de transmisi\u00f3n.<\/p>\n<h3>P4: \u00bfDe qu\u00e9 materiales est\u00e1 hecha la caja de engranajes hipoide de alta eficiencia de la serie BKM?<\/h3>\n<p>A4: BKM est\u00e1 fabricado con aleaci\u00f3n de aluminio de alta calidad, que es liviana y no se oxida. El engranaje est\u00e1 tratado con tecnolog\u00eda de tratamiento t\u00e9rmico de alta frecuencia para mejorar la dureza y la resistencia al desgaste del producto, lo que garantiza una larga vida \u00fatil.<\/p>\n<h3>Q5: \u00bfC\u00f3mo instalar, mantener y reparar la caja de engranajes hipoide de alta eficiencia de la serie BKM?<\/h3>\n<p>A5: Al instalar el BKM, aseg\u00farese de que la caja de cambios est\u00e9 correctamente fijada y que el eje de salida est\u00e9 conc\u00e9ntrico con el eje de entrada. Es importante realizar un mantenimiento regular y se debe revisar la caja de cambios para detectar ruidos anormales, fugas de aceite o sobrecalentamiento. Para reparar el BKM, se debe quitar la tapa de la caja de cambios y se debe revisar el engranaje interno para detectar deformaciones o da\u00f1os.<\/p>","protected":false},"excerpt":{"rendered":"<p>BKM Series High Efficiency Hypoid Gear Box BKM series high efficiency hypoid gearbox is a new generation product developed by our company, which fuses advanced technology from both home and abroad. It is designed to solve the low transmission efficiency, short service life, and other related problems associated with EP-NMRV worm gearbox. The mounting dimension [&hellip;]<\/p>","protected":false},"featured_media":3208,"template":"","meta":{"_et_pb_use_builder":"","_et_pb_old_content":"","_et_gb_content_width":""},"product_brand":[],"product_cat":[11284],"product_tag":[],"class_list":{"0":"post-3209","1":"product","2":"type-product","3":"status-publish","4":"has-post-thumbnail","6":"product_cat-helical-gearbox","8":"first","9":"instock","10":"shipping-taxable","11":"product-type-simple"},"_links":{"self":[{"href":"https:\/\/agricultural-gear-boxes.com\/es\/wp-json\/wp\/v2\/product\/3209","targetHints":{"allow":["GET"]}}],"collection":[{"href":"https:\/\/agricultural-gear-boxes.com\/es\/wp-json\/wp\/v2\/product"}],"about":[{"href":"https:\/\/agricultural-gear-boxes.com\/es\/wp-json\/wp\/v2\/types\/product"}],"wp:featuredmedia":[{"embeddable":true,"href":"https:\/\/agricultural-gear-boxes.com\/es\/wp-json\/wp\/v2\/media\/3208"}],"wp:attachment":[{"href":"https:\/\/agricultural-gear-boxes.com\/es\/wp-json\/wp\/v2\/media?parent=3209"}],"wp:term":[{"taxonomy":"product_brand","embeddable":true,"href":"https:\/\/agricultural-gear-boxes.com\/es\/wp-json\/wp\/v2\/product_brand?post=3209"},{"taxonomy":"product_cat","embeddable":true,"href":"https:\/\/agricultural-gear-boxes.com\/es\/wp-json\/wp\/v2\/product_cat?post=3209"},{"taxonomy":"product_tag","embeddable":true,"href":"https:\/\/agricultural-gear-boxes.com\/es\/wp-json\/wp\/v2\/product_tag?post=3209"}],"curies":[{"name":"wp","href":"https:\/\/api.w.org\/{rel}","templated":true}]}}