{"id":3216,"date":"2024-08-20T08:31:13","date_gmt":"2024-08-20T08:31:13","guid":{"rendered":"https:\/\/agricultural-gear-boxes.com\/product\/es-series-helical-worm-geared-motor\/"},"modified":"2024-08-20T08:31:14","modified_gmt":"2024-08-20T08:31:14","slug":"es-series-helical-worm-geared-motor","status":"publish","type":"product","link":"https:\/\/agricultural-gear-boxes.com\/es\/product\/es-series-helical-worm-geared-motor\/","title":{"rendered":"Motorreductor helicoidal de tornillo sin fin de la serie ES"},"content":{"rendered":"<h2>Motorreductor helicoidal de tornillo sin fin de la serie ES: alta precisi\u00f3n y eficiencia<\/h2>\n<p>El motorreductor helicoidal de tornillo sin fin de la serie ES es un tipo de transmisi\u00f3n que combina las caracter\u00edsticas de los engranajes helicoidales y de tornillo sin fin. Se ha utilizado ampliamente en diversos campos industriales debido a su alta precisi\u00f3n, transmisi\u00f3n eficiente, bajo nivel de ruido y gran capacidad de carga. <\/p>\n<p>Este tipo de motorreductor es adecuado para todo tipo de posiciones de montaje y se puede utilizar en varios escenarios. Por ejemplo, se puede utilizar en la producci\u00f3n de maquinaria y equipos, como cintas transportadoras, trituradoras y polipastos. Tambi\u00e9n se puede utilizar en el procesamiento de materiales, como m\u00e1quinas textiles y m\u00e1quinas de procesamiento de alimentos.<\/p>\n<p>El motorreductor de tornillo sin fin de la serie ES tiene una larga historia de desarrollo y ha sido mejorado continuamente en t\u00e9rminos de material y dise\u00f1o. La carcasa est\u00e1 hecha de fundici\u00f3n de hierro de alta resistencia HT250, que reduce la abrasi\u00f3n de las piezas. Los engranajes est\u00e1n hechos de 20CrMo y carbonitruraci\u00f3n, con una dureza de los dientes de HRC 60 despu\u00e9s del rectificado. Las chavetas planas est\u00e1n hechas de C45, con una dureza superficial de HRC 50.<\/p>\n<p>La instalaci\u00f3n, el mantenimiento y la reparaci\u00f3n del motorreductor helicoidal de la serie ES son relativamente simples y f\u00e1ciles. La relaci\u00f3n de transmisi\u00f3n cubre un amplio rango y la eficiencia de la etapa de transmisi\u00f3n por engranajes alcanza 97%. Sin embargo, cuando se trata de un tama\u00f1o de bastidor grande y una alta velocidad de entrada, tenga en cuenta la p\u00e9rdida por agitaci\u00f3n.<\/p>\n<h3>Caracter\u00edsticas de rendimiento<\/h3>\n<ul>\n<li>Dise\u00f1o sistem\u00e1tico y modular<\/li>\n<li>Alta eficiencia<\/li>\n<li>Bajo consumo de energ\u00eda<\/li>\n<li>Rendimiento superior<\/li>\n<li>Engranaje de alta precisi\u00f3n con rectificado de dientes.<\/li>\n<li>Transmisi\u00f3n estable<\/li>\n<li>Bajo nivel de ruido<\/li>\n<li>Fuerte capacidad de carga<\/li>\n<li>Larga vida \u00fatil<\/li>\n<li>Dise\u00f1o h\u00e1bil: peque\u00f1o volumen; instalaci\u00f3n sencilla; amplio uso<\/li>\n<li>ES .. y ERF .. combinaci\u00f3n conjunta para baja velocidad especial<\/li>\n<\/ul>\n<h3>Material<\/h3>\n<ul>\n<li>Carcasa: Hierro fundido de alta resistencia HT250, lumen de fundici\u00f3n a presi\u00f3n, reduce la abrasi\u00f3n de las piezas<\/li>\n<li>Engranajes: 20CrMo, Carbonitruraci\u00f3n, Dureza de los dientes: HRC 60 despu\u00e9s del rectificado<\/li>\n<li>Llaves planas: C45, Dureza superficial: HRC 50<\/li>\n<\/ul>\n<h3>Eficiencia de la unidad de engranajes<\/h3>\n<ul>\n<li>Engranajes de alta precisi\u00f3n; sellos; cojinetes; reduce eficazmente la fricci\u00f3n<\/li>\n<li>La eficiencia de la etapa de transmisi\u00f3n por engranajes alcanza 97%<\/li>\n<\/ul>\n<h3>Instalaci\u00f3n, mantenimiento y reparaci\u00f3n<\/h3>\n<p>El motorreductor helicoidal de la serie ES se puede instalar de diversas formas. Al instalar el motorreductor, aseg\u00farese de que la unidad de engranajes est\u00e9 correctamente alineada para evitar una carga adicional. El mantenimiento regular del motorreductor puede prolongar eficazmente su vida \u00fatil. Si ocurre un problema durante el uso, se puede reparar o reemplazar de manera oportuna para garantizar el funcionamiento normal del equipo.<\/p>\n<h3>Otros productos de negocios<\/h3>\n<p>Adem\u00e1s de los motores con engranajes helicoidales sinf\u00edn de la serie ES, nuestra empresa tambi\u00e9n suministra diversos engranajes de pl\u00e1stico utilizados en la industria, como cajas de engranajes agr\u00edcolas, ejes de salida de potencia, ruedas dentadas, acoplamientos de fluidos, reductores de engranajes sinf\u00edn, engranajes y cremalleras, cadenas desmontables, poleas y poleas, cajas de engranajes planetarios, poleas de distribuci\u00f3n, bujes y m\u00e1s. Nos enorgullecemos de ofrecer productos de alta calidad, precios favorables y un servicio considerado. Damos la bienvenida a los clientes a que vengan a nosotros para la personalizaci\u00f3n de dibujos o muestras.<\/p>\n<h2>Preguntas y respuestas<\/h2>\n<h3>P1: \u00bfCu\u00e1l es el material de la carcasa del motorreductor helicoidal de tornillo sin fin de la serie ES?<\/h3>\n<p>A1: La carcasa est\u00e1 hecha de hierro fundido de alta resistencia HT250, lo que reduce la abrasi\u00f3n de las piezas.<\/p>\n<h3>P2: \u00bfCu\u00e1les son las ventajas del motorreductor helicoidal de tornillo sin fin de la serie ES?<\/h3>\n<p>A2: El motorreductor helicoidal de tornillo sin fin de la serie ES tiene alta precisi\u00f3n, transmisi\u00f3n eficiente, bajo nivel de ruido y una gran capacidad de carga.<\/p>\n<h3>P3: \u00bfCu\u00e1les son los escenarios de uso comunes del motorreductor helicoidal de tornillo sin fin de la serie ES?<\/h3>\n<p>A3: El motorreductor helicoidal de tornillo sin fin de la serie ES se puede utilizar en diversos campos industriales, como la producci\u00f3n de maquinaria y equipos y el procesamiento de materiales.<\/p>\n<h3>P4: \u00bfCu\u00e1les son los requisitos de instalaci\u00f3n y mantenimiento del motorreductor helicoidal de tornillo sin fin de la serie ES?<\/h3>\n<p>A4: El motorreductor helicoidal de tornillo sin fin de la serie ES debe alinearse correctamente durante la instalaci\u00f3n y se debe realizar un mantenimiento regular para prolongar su vida \u00fatil.<\/p>\n<h3>Q5: \u00bfQu\u00e9 otros productos suministra la empresa?<\/h3>\n<p>A5: Adem\u00e1s de los motores con engranajes helicoidales de tornillo sin fin de la serie ES, la empresa tambi\u00e9n suministra diversos engranajes de pl\u00e1stico utilizados en la industria, como cajas de engranajes agr\u00edcolas, ejes de salida de potencia, pi\u00f1ones, acoplamientos de fluido, reductores de tornillo sin fin, engranajes y cremalleras, cadenas desmontables, poleas y poleas, cajas de engranajes planetarios, poleas de distribuci\u00f3n, bujes y m\u00e1s.<\/p>","protected":false},"excerpt":{"rendered":"<p>ES Series Helical-Worm Geared Motor: High Precision and Efficient ES series helical-worm geared motor is a type of transmission that combines the characteristics of helical and worm gears. It has been widely used in various industrial fields due to its high precision, efficient transmission, low noise, and strong bearing capacity. This type of geared motor [&hellip;]<\/p>","protected":false},"featured_media":3215,"template":"","meta":{"_et_pb_use_builder":"","_et_pb_old_content":"","_et_gb_content_width":""},"product_brand":[],"product_cat":[11284],"product_tag":[],"class_list":{"0":"post-3216","1":"product","2":"type-product","3":"status-publish","4":"has-post-thumbnail","6":"product_cat-helical-gearbox","8":"first","9":"instock","10":"shipping-taxable","11":"product-type-simple"},"_links":{"self":[{"href":"https:\/\/agricultural-gear-boxes.com\/es\/wp-json\/wp\/v2\/product\/3216","targetHints":{"allow":["GET"]}}],"collection":[{"href":"https:\/\/agricultural-gear-boxes.com\/es\/wp-json\/wp\/v2\/product"}],"about":[{"href":"https:\/\/agricultural-gear-boxes.com\/es\/wp-json\/wp\/v2\/types\/product"}],"wp:featuredmedia":[{"embeddable":true,"href":"https:\/\/agricultural-gear-boxes.com\/es\/wp-json\/wp\/v2\/media\/3215"}],"wp:attachment":[{"href":"https:\/\/agricultural-gear-boxes.com\/es\/wp-json\/wp\/v2\/media?parent=3216"}],"wp:term":[{"taxonomy":"product_brand","embeddable":true,"href":"https:\/\/agricultural-gear-boxes.com\/es\/wp-json\/wp\/v2\/product_brand?post=3216"},{"taxonomy":"product_cat","embeddable":true,"href":"https:\/\/agricultural-gear-boxes.com\/es\/wp-json\/wp\/v2\/product_cat?post=3216"},{"taxonomy":"product_tag","embeddable":true,"href":"https:\/\/agricultural-gear-boxes.com\/es\/wp-json\/wp\/v2\/product_tag?post=3216"}],"curies":[{"name":"wp","href":"https:\/\/api.w.org\/{rel}","templated":true}]}}