{"id":3218,"date":"2024-08-20T08:31:15","date_gmt":"2024-08-20T08:31:15","guid":{"rendered":"https:\/\/agricultural-gear-boxes.com\/product\/ef-series-helical-bevel-gear-motor\/"},"modified":"2024-08-20T08:31:15","modified_gmt":"2024-08-20T08:31:15","slug":"ef-series-helical-bevel-gear-motor","status":"publish","type":"product","link":"https:\/\/agricultural-gear-boxes.com\/es\/product\/ef-series-helical-bevel-gear-motor\/","title":{"rendered":"Motorreductor c\u00f3nico helicoidal de la serie EF"},"content":{"rendered":"<h2>Motorreductor c\u00f3nico helicoidal de la serie EF: alta precisi\u00f3n y rendimiento superior<\/h2>\n<p>El motorreductor de engranajes c\u00f3nicos helicoidales de la serie EF es un producto de alta precisi\u00f3n y rendimiento superior que se utiliza ampliamente en diversos escenarios industriales. Con un dise\u00f1o sistem\u00e1tico y modular, la relaci\u00f3n de transmisi\u00f3n cubre un amplio rango, lo que proporciona alta eficiencia, bajo consumo de energ\u00eda y transmisi\u00f3n estable con bajo nivel de ruido. El motorreductor tambi\u00e9n tiene una gran capacidad de carga y una larga vida \u00fatil. Es adecuado para todo tipo de posiciones de montaje, lo que lo convierte en un producto vers\u00e1til en diversas industrias. <\/p>\n<p>Este producto est\u00e1 fabricado con materiales de alta calidad, entre los que se incluyen fundici\u00f3n de hierro de alta resistencia HT250 para la carcasa y 20CrMo para los engranajes, que est\u00e1n carbonitrurados y tienen una dureza de dientes de HRC 60 despu\u00e9s del rectificado. Las chavetas planas est\u00e1n hechas de C45 con una dureza superficial de HRC 50. La eficiencia de la unidad de engranajes es alta, con una eficiencia de la etapa de transmisi\u00f3n de engranajes que alcanza 97%. <\/p>\n<p>La instalaci\u00f3n, el mantenimiento y la reparaci\u00f3n del motorreductor c\u00f3nico helicoidal de la serie EF son f\u00e1ciles gracias a su peque\u00f1o volumen y su dise\u00f1o simple. Se puede utilizar en diversos escenarios, incluidos transportadores, maquinaria de envasado, maquinaria de procesamiento de alimentos y muchos m\u00e1s. <\/p>\n<h3>Ventajas del motorreductor c\u00f3nico helicoidal de la serie EF:<\/h3>\n<ul>\n<li>Engranajes de alta precisi\u00f3n con rectificado de dientes.<\/li>\n<li>Transmisi\u00f3n estable con bajo nivel de ruido.<\/li>\n<li>Fuerte capacidad de carga y larga vida \u00fatil.<\/li>\n<li>Peque\u00f1o volumen y sencilla instalaci\u00f3n.<\/li>\n<li>Amplia gama de relaciones de transmisi\u00f3n<\/li>\n<\/ul>\n<h3>Material del motorreductor c\u00f3nico helicoidal de la serie EF:<\/h3>\n<ul>\n<li>Carcasa: Hierro fundido de alta resistencia HT250<\/li>\n<li>Engranajes: 20CrMo<\/li>\n<li>Teclas planas: C45<\/li>\n<\/ul>\n<h3>EF.. y ERF.. Combinaci\u00f3n conjunta para baja velocidad especial:<\/h3>\n<p>El motorreductor de engranajes c\u00f3nicos helicoidales de la serie EF se puede combinar con la serie ERF para velocidades bajas especiales. Esta combinaci\u00f3n permite una mayor flexibilidad en diferentes aplicaciones.<\/p>\n<h3>Eficiencia de la unidad de engranajes:<\/h3>\n<p>Los engranajes, sellos y cojinetes de alta precisi\u00f3n en la unidad de engranajes reducen eficazmente la fricci\u00f3n, lo que da como resultado una alta eficiencia. <\/p>\n<p>Tenga en cuenta que, en algunos casos, el engranaje de entrada est\u00e1 completamente sumergido en el lubricante. Cuando se trata de un tama\u00f1o de bastidor grande y una velocidad de entrada alta, es importante tener en cuenta la p\u00e9rdida por agitaci\u00f3n. <\/p>\n<h2>Otros productos de nuestra empresa:<\/h2>\n<p>En Ever-Power Supply ofrecemos diversos engranajes de pl\u00e1stico para uso industrial, incluidos reductores agr\u00edcolas, ejes de salida de potencia, ruedas dentadas, acoplamientos de fluidos, reductores de tornillo sin fin, engranajes y cremalleras, cadenas desmontables, poleas y poleas, reductores planetarios, poleas de distribuci\u00f3n, bujes y m\u00e1s. Nuestros productos son de alta calidad, tienen un precio razonable y vienen con un servicio considerado. Damos la bienvenida a los clientes a que vengan a nosotros para personalizar los dibujos o muestras.<\/p>\n<h2>Preguntas y respuestas:<\/h2>\n<h3>1. \u00bfDe qu\u00e9 materiales est\u00e1 hecho el motorreductor c\u00f3nico helicoidal de la serie EF?<\/h3>\n<p>El motorreductor c\u00f3nico helicoidal de la serie EF est\u00e1 fabricado en hierro fundido de alta resistencia HT250 para la carcasa, 20CrMo para los engranajes y C45 para las chavetas planas.<\/p>\n<h3>2. \u00bfCu\u00e1les son las ventajas del motorreductor c\u00f3nico helicoidal de la serie EF?<\/h3>\n<p>El motor de engranajes c\u00f3nicos helicoidales de la serie EF tiene engranajes de alta precisi\u00f3n con rectificado de dientes, transmisi\u00f3n estable con bajo nivel de ruido, gran capacidad de carga y larga vida \u00fatil, peque\u00f1o volumen e instalaci\u00f3n simple y una amplia gama de relaciones de transmisi\u00f3n.<\/p>\n<h3>3. \u00bfCu\u00e1l es la eficiencia del motorreductor de engranajes c\u00f3nicos helicoidales de la serie EF?<\/h3>\n<p>La eficiencia de la etapa de transmisi\u00f3n por engranajes del motor de engranajes c\u00f3nicos helicoidales de la serie EF alcanza 97%.<\/p>\n<h3>4. \u00bfCu\u00e1l es el mejor escenario para el uso del motorreductor c\u00f3nico helicoidal de la serie EF?<\/h3>\n<p>El motorreductor c\u00f3nico helicoidal de la serie EF es adecuado para diversos escenarios, incluidos transportadores, maquinaria de envasado, maquinaria de procesamiento de alimentos y muchos m\u00e1s.<\/p>\n<h3>5. \u00bfQu\u00e9 otros productos ofrece Ever-Power Supply?<\/h3>\n<p>Ever-Power Supply ofrece una variedad de engranajes de pl\u00e1stico para uso industrial, incluidas cajas de engranajes agr\u00edcolas, ejes de salida de potencia, pi\u00f1ones, acoplamientos de fluido, reductores de tornillo sin fin, engranajes y cremalleras, cadenas desmontables, poleas y poleas, cajas de engranajes planetarios, poleas de distribuci\u00f3n, bujes y m\u00e1s.<\/p>","protected":false},"excerpt":{"rendered":"<p>EF Series Helical-Bevel Gear Motor: High Precision and Superior Performance The EF series helical-bevel gear motor is a high-precision and superior-performance product that is widely used in various industrial scenarios. With a systematic and modular design, the transmission ratio covers a wide range, providing high efficiency, low energy consumption, and stable transmission with low noise. [&hellip;]<\/p>","protected":false},"featured_media":3217,"template":"","meta":{"_et_pb_use_builder":"","_et_pb_old_content":"","_et_gb_content_width":""},"product_brand":[],"product_cat":[11284],"product_tag":[],"class_list":{"0":"post-3218","1":"product","2":"type-product","3":"status-publish","4":"has-post-thumbnail","6":"product_cat-helical-gearbox","8":"first","9":"instock","10":"shipping-taxable","11":"product-type-simple"},"_links":{"self":[{"href":"https:\/\/agricultural-gear-boxes.com\/es\/wp-json\/wp\/v2\/product\/3218","targetHints":{"allow":["GET"]}}],"collection":[{"href":"https:\/\/agricultural-gear-boxes.com\/es\/wp-json\/wp\/v2\/product"}],"about":[{"href":"https:\/\/agricultural-gear-boxes.com\/es\/wp-json\/wp\/v2\/types\/product"}],"wp:featuredmedia":[{"embeddable":true,"href":"https:\/\/agricultural-gear-boxes.com\/es\/wp-json\/wp\/v2\/media\/3217"}],"wp:attachment":[{"href":"https:\/\/agricultural-gear-boxes.com\/es\/wp-json\/wp\/v2\/media?parent=3218"}],"wp:term":[{"taxonomy":"product_brand","embeddable":true,"href":"https:\/\/agricultural-gear-boxes.com\/es\/wp-json\/wp\/v2\/product_brand?post=3218"},{"taxonomy":"product_cat","embeddable":true,"href":"https:\/\/agricultural-gear-boxes.com\/es\/wp-json\/wp\/v2\/product_cat?post=3218"},{"taxonomy":"product_tag","embeddable":true,"href":"https:\/\/agricultural-gear-boxes.com\/es\/wp-json\/wp\/v2\/product_tag?post=3218"}],"curies":[{"name":"wp","href":"https:\/\/api.w.org\/{rel}","templated":true}]}}