{"id":3222,"date":"2024-08-20T08:31:17","date_gmt":"2024-08-20T08:31:17","guid":{"rendered":"https:\/\/agricultural-gear-boxes.com\/product\/er-series-helical-geared-motor\/"},"modified":"2024-08-20T08:31:17","modified_gmt":"2024-08-20T08:31:17","slug":"er-series-helical-geared-motor","status":"publish","type":"product","link":"https:\/\/agricultural-gear-boxes.com\/es\/product\/er-series-helical-geared-motor\/","title":{"rendered":"Motorreductor helicoidal serie ER"},"content":{"rendered":"<h2>Motorreductor helicoidal serie ER: alto rendimiento y eficiencia<\/h2>\n<p>El motorreductor helicoidal de la serie ER es un dispositivo de transmisi\u00f3n eficiente y de alto rendimiento adecuado para todas las posiciones de montaje. El dise\u00f1o sistem\u00e1tico y modular del producto cubre una amplia gama de relaciones de transmisi\u00f3n con etapas finas, lo que lo hace adecuado para diversas aplicaciones industriales. El producto tiene un engranaje de alta precisi\u00f3n con rectificado de dientes, transmisi\u00f3n estable, bajo nivel de ruido, gran capacidad de carga y larga vida \u00fatil. Es un producto ideal para automatizaci\u00f3n industrial, embalaje y log\u00edstica, equipos de construcci\u00f3n y otras aplicaciones de servicio pesado. <\/p>\n<p>El motorreductor helicoidal de la serie ER tiene una larga trayectoria de desarrollo y mejora. El producto ha experimentado varios cambios en el dise\u00f1o, los materiales y los procesos de fabricaci\u00f3n para mejorar su rendimiento y eficiencia. El producto se clasifica en funci\u00f3n de sus tama\u00f1os, posiciones de montaje y relaciones de transmisi\u00f3n.<\/p>\n<h3>Ventajas del motorreductor helicoidal de la serie ER<\/h3>\n<ul>\n<li>Dise\u00f1o sistem\u00e1tico y modular<\/li>\n<li>Alta eficiencia y bajo consumo energ\u00e9tico.<\/li>\n<li>Rendimiento superior<\/li>\n<li>Engranaje de alta precisi\u00f3n con rectificado de dientes.<\/li>\n<li>Transmisi\u00f3n estable, bajo nivel de ruido y fuerte capacidad de carga.<\/li>\n<li>Dise\u00f1o h\u00e1bil con peque\u00f1o volumen, instalaci\u00f3n sencilla y amplio uso.<\/li>\n<li>Adecuado para todas las posiciones de montaje.<\/li>\n<\/ul>\n<h3>Materiales utilizados en el motorreductor helicoidal de la serie ER<\/h3>\n<p>El producto utiliza una carcasa de fundici\u00f3n de hierro HT250 de alta resistencia con lumen de fundici\u00f3n a presi\u00f3n, lo que reduce la abrasi\u00f3n de las piezas. Los engranajes est\u00e1n hechos de 20CrMo y carbonitruraci\u00f3n, con una dureza de los dientes de HRC 60 despu\u00e9s del rectificado. Las llaves planas est\u00e1n hechas de C45, con una dureza superficial de HRC 50.<\/p>\n<h3>Instalaci\u00f3n, mantenimiento, reparaci\u00f3n y reemplazo<\/h3>\n<p>El motorreductor helicoidal de la serie ER es f\u00e1cil de instalar, operar y mantener. El manual del usuario proporciona instrucciones detalladas sobre c\u00f3mo instalar, operar y mantener el producto. El producto requiere un mantenimiento peri\u00f3dico para garantizar su rendimiento \u00f3ptimo y una larga vida \u00fatil. Los procedimientos de mantenimiento incluyen la limpieza, lubricaci\u00f3n e inspecci\u00f3n de los engranajes, cojinetes y sellos. En caso de cualquier mal funcionamiento o da\u00f1o, el producto puede ser reparado o reemplazado por un t\u00e9cnico calificado.<\/p>\n<h3>Eficiencia de la unidad de engranajes<\/h3>\n<p>Los engranajes, sellos y cojinetes de alta precisi\u00f3n del producto reducen eficazmente la fricci\u00f3n y la eficiencia de la etapa de transmisi\u00f3n por engranajes alcanza 97%. Para algunas formas de montaje, el engranaje de entrada est\u00e1 completamente sumergido en el lubricante; tenga en cuenta la p\u00e9rdida por agitaci\u00f3n cuando se trata de un tama\u00f1o de bastidor grande y una alta velocidad de entrada.<\/p>\n<h3>Acerca de nuestra empresa<\/h3>\n<p>En nuestra empresa, suministramos principalmente diversos engranajes de pl\u00e1stico utilizados en la industria, como cajas de engranajes agr\u00edcolas, ejes de salida de potencia, ruedas dentadas, acoplamientos de fluidos, reductores de engranajes helicoidales, engranajes y cremalleras, cadenas desmontables, poleas y poleas, cajas de engranajes planetarios, poleas de distribuci\u00f3n, bujes y m\u00e1s. Ofrecemos productos de alta calidad, precios favorables y un servicio considerado y damos la bienvenida a los clientes para que vengan a la personalizaci\u00f3n del dibujo o la muestra.<\/p>\n<h2>Preguntas y respuestas<\/h2>\n<ol>\n<li>\u00bfQu\u00e9 es el motorreductor helicoidal de la serie ER?<\/li>\n<li>\u00bfCu\u00e1les son las ventajas del motorreductor helicoidal de la serie ER?<\/li>\n<li>\u00bfQu\u00e9 materiales se utilizan en el motorreductor helicoidal de la serie ER?<\/li>\n<li>\u00bfC\u00f3mo se instala, mantiene, repara y reemplaza el motorreductor helicoidal de la serie ER?<\/li>\n<li>\u00bfCu\u00e1les son los escenarios de uso comunes del motorreductor helicoidal de la serie ER?<\/li>\n<\/ol>","protected":false},"excerpt":{"rendered":"<p>ER Series Helical Geared Motor: High Performance and Efficiency ER series helical geared motor is a high-performance and efficient transmission device suitable for all mounting positions. The systematic and modular design of the product covers a wide range of transmission ratios with fine stages, making it suitable for various industrial applications. The product has a [&hellip;]<\/p>","protected":false},"featured_media":3221,"template":"","meta":{"_et_pb_use_builder":"","_et_pb_old_content":"","_et_gb_content_width":""},"product_brand":[],"product_cat":[11284],"product_tag":[],"class_list":{"0":"post-3222","1":"product","2":"type-product","3":"status-publish","4":"has-post-thumbnail","6":"product_cat-helical-gearbox","8":"first","9":"instock","10":"shipping-taxable","11":"product-type-simple"},"_links":{"self":[{"href":"https:\/\/agricultural-gear-boxes.com\/es\/wp-json\/wp\/v2\/product\/3222","targetHints":{"allow":["GET"]}}],"collection":[{"href":"https:\/\/agricultural-gear-boxes.com\/es\/wp-json\/wp\/v2\/product"}],"about":[{"href":"https:\/\/agricultural-gear-boxes.com\/es\/wp-json\/wp\/v2\/types\/product"}],"wp:featuredmedia":[{"embeddable":true,"href":"https:\/\/agricultural-gear-boxes.com\/es\/wp-json\/wp\/v2\/media\/3221"}],"wp:attachment":[{"href":"https:\/\/agricultural-gear-boxes.com\/es\/wp-json\/wp\/v2\/media?parent=3222"}],"wp:term":[{"taxonomy":"product_brand","embeddable":true,"href":"https:\/\/agricultural-gear-boxes.com\/es\/wp-json\/wp\/v2\/product_brand?post=3222"},{"taxonomy":"product_cat","embeddable":true,"href":"https:\/\/agricultural-gear-boxes.com\/es\/wp-json\/wp\/v2\/product_cat?post=3222"},{"taxonomy":"product_tag","embeddable":true,"href":"https:\/\/agricultural-gear-boxes.com\/es\/wp-json\/wp\/v2\/product_tag?post=3222"}],"curies":[{"name":"wp","href":"https:\/\/api.w.org\/{rel}","templated":true}]}}