{"id":3224,"date":"2024-08-20T08:31:18","date_gmt":"2024-08-20T08:31:18","guid":{"rendered":"https:\/\/agricultural-gear-boxes.com\/product\/agricultural-pto-pump-assemblies\/"},"modified":"2024-08-20T08:31:18","modified_gmt":"2024-08-20T08:31:18","slug":"agricultural-pto-pump-assemblies","status":"publish","type":"product","link":"https:\/\/agricultural-gear-boxes.com\/es\/product\/agricultural-pto-pump-assemblies\/","title":{"rendered":"Conjuntos de bombas de toma de fuerza agr\u00edcolas"},"content":{"rendered":"<h2>Mejora de la eficiencia con conjuntos de bombas de toma de fuerza agr\u00edcolas<\/h2>\n<p>Los conjuntos de bombas de toma de fuerza (PTO) desempe\u00f1an un papel fundamental en el mercado de maquinaria m\u00f3vil, ya que facilitan la entrega de potencia mec\u00e1nica. En EP, nos enorgullecemos enormemente de ofrecer cajas de cambios de PTO y conjuntos de bombas de primera l\u00ednea dise\u00f1ados para transferir potencia y par sustanciales de manera eficiente. Nuestros productos est\u00e1n destinados a m\u00e1quinas industriales y agr\u00edcolas de alta potencia, incluidos camiones y tractores.<\/p>\n<h3>Conjuntos de bomba y caja de cambios de toma de fuerza confiables<\/h3>\n<p>Nuestros conjuntos de bomba y caja de cambios de toma de fuerza est\u00e1n dise\u00f1ados meticulosamente para cumplir con los requisitos precisos de su sistema. Fabricados con hierro resistente a la mec\u00e1nica o alojados en carcasas de aluminio fundido, nuestros modelos se destacan por conectar bombas de engranajes a sistemas de toma de fuerza.<\/p>\n<p>Ventajas de nuestros conjuntos de bombas PTO:<\/p>\n<ul>\n<li>La construcci\u00f3n de hierro o aluminio altamente duradera garantiza un rendimiento duradero incluso en entornos exigentes.<\/li>\n<li>Amplia gama de dise\u00f1os y especificaciones para satisfacer diversos requisitos del sistema.<\/li>\n<li>Transferencia eficiente de potencia y torque para aumentar la productividad.<\/li>\n<li>Funcionamiento suave, minimizando las vibraciones y garantizando un proceso de suministro de potencia confiable.<\/li>\n<\/ul>\n<p>Instalaci\u00f3n, mantenimiento y reparaci\u00f3n:<\/p>\n<ol>\n<li><strong>Instalaci\u00f3n:<\/strong> Nuestros conjuntos de bombas PTO vienen con instrucciones de instalaci\u00f3n completas, lo que garantiza una integraci\u00f3n perfecta con su sistema hidr\u00e1ulico o mec\u00e1nico.<\/li>\n<li><strong>Mantenimiento:<\/strong> El mantenimiento regular es esencial para garantizar un rendimiento \u00f3ptimo. La inspecci\u00f3n, lubricaci\u00f3n y limpieza peri\u00f3dicas ayudar\u00e1n a prolongar la vida \u00fatil del conjunto de bomba de la toma de fuerza.<\/li>\n<li><strong>Reparar:<\/strong> En el improbable caso de que se produzca un mal funcionamiento, nuestro equipo de especialistas hidr\u00e1ulicos y mec\u00e1nicos est\u00e1 disponible para ayudarle con reparaciones y reemplazos.<\/li>\n<\/ol>\n<p>Opciones de materiales:<\/p>\n<p>Nuestros conjuntos de bombas PTO est\u00e1n disponibles en varias opciones de materiales, que incluyen:<\/p>\n<ul>\n<li>Hierro fundido: conocido por su excepcional resistencia y fuerza al desgaste.<\/li>\n<li>Aleaci\u00f3n de aluminio: proporciona una alternativa liviana sin comprometer la durabilidad.<\/li>\n<li>Acero: Conocido por su robustez y capacidad de soportar cargas pesadas y condiciones extremas.<\/li>\n<\/ul>\n<p>Estamos muy orgullosos de ofrecer una amplia gama de productos agr\u00edcolas e industriales de alta calidad. Adem\u00e1s de nuestros conjuntos de bombas de toma de fuerza, nuestra empresa suministra diversos engranajes de pl\u00e1stico utilizados en la industria. Nuestra gama de productos incluye cajas de engranajes agr\u00edcolas, ejes de salida de potencia, ruedas dentadas, acoplamientos de fluidos, reductores de engranajes sinf\u00edn, engranajes y cremalleras, cadenas desmontables, poleas y poleas, cajas de engranajes planetarios, poleas de distribuci\u00f3n, bujes y m\u00e1s. Nos comprometemos a proporcionar productos excepcionales a precios competitivos, complementados con nuestro atento servicio al cliente. Ya sea que necesite componentes est\u00e1ndar o soluciones personalizadas seg\u00fan sus requisitos espec\u00edficos, nuestro equipo est\u00e1 listo para ayudarlo.<\/p>\n<h3>Preguntas y respuestas:<\/h3>\n<p><strong>Pregunta 1:<\/strong> \u00bfC\u00f3mo mejoran los conjuntos de bombas de toma de fuerza la eficiencia en las m\u00e1quinas agr\u00edcolas?<\/p>\n<p><strong>A1:<\/strong> Los conjuntos de bombas PTO transfieren de manera eficiente potencia y torque significativos, lo que permite que las m\u00e1quinas agr\u00edcolas funcionen a niveles \u00f3ptimos, lo que resulta en una mayor productividad y una reducci\u00f3n del tiempo de inactividad.<\/p>\n<p><strong>Pregunta 2:<\/strong> \u00bfSon los conjuntos de bombas PTO compatibles con diferentes sistemas hidr\u00e1ulicos?<\/p>\n<p><strong>A2:<\/strong> \u00a1Por supuesto! Nuestros conjuntos de bombas de toma de fuerza est\u00e1n disponibles en una amplia gama de dise\u00f1os y especificaciones, lo que garantiza la compatibilidad con varios sistemas hidr\u00e1ulicos.<\/p>\n<p><strong>Pregunta 3:<\/strong> \u00bfSe requiere asistencia profesional para la instalaci\u00f3n de conjuntos de bombas PTO?<\/p>\n<p><strong>A3:<\/strong> Si bien nuestros conjuntos de bombas PTO vienen con instrucciones de instalaci\u00f3n detalladas, se recomienda buscar asistencia profesional para garantizar una integraci\u00f3n adecuada con su sistema.<\/p>\n<p><strong>Pregunta 4:<\/strong> \u00bfQu\u00e9 materiales se utilizan com\u00fanmente en la construcci\u00f3n de conjuntos de bombas PTO?<\/p>\n<p><strong>A4:<\/strong> Los conjuntos de bombas PTO generalmente se construyen con materiales duraderos como hierro fundido, aleaci\u00f3n de aluminio y acero, lo que garantiza longevidad y un rendimiento confiable.<\/p>\n<p><strong>Pregunta 5:<\/strong> \u00bfPuede EP proporcionar soluciones personalizadas basadas en requisitos espec\u00edficos?<\/p>\n<p><strong>A5:<\/strong> \u00a1Por supuesto! En EP ofrecemos soluciones personalizadas dise\u00f1adas para satisfacer las necesidades \u00fanicas de nuestros clientes. Nuestro equipo est\u00e1 dedicado a brindar productos de alta calidad y un excelente servicio al cliente.<\/p>","protected":false},"excerpt":{"rendered":"<p>Enhancing Efficiency with Agricultural PTO Pump Assemblies Power Take-Off (PTO) pump assemblies play a vital role in the mobile machine market, facilitating the delivery of mechanical power. At EP, we take immense pride in providing top-of-the-line PTO gearboxes and pump assemblies designed to transfer substantial power and torque efficiently. Our products cater to high-powered industrial [&hellip;]<\/p>","protected":false},"featured_media":3223,"template":"","meta":{"_et_pb_use_builder":"","_et_pb_old_content":"","_et_gb_content_width":""},"product_brand":[],"product_cat":[11284],"product_tag":[],"class_list":{"0":"post-3224","1":"product","2":"type-product","3":"status-publish","4":"has-post-thumbnail","6":"product_cat-helical-gearbox","8":"first","9":"instock","10":"shipping-taxable","11":"product-type-simple"},"_links":{"self":[{"href":"https:\/\/agricultural-gear-boxes.com\/es\/wp-json\/wp\/v2\/product\/3224","targetHints":{"allow":["GET"]}}],"collection":[{"href":"https:\/\/agricultural-gear-boxes.com\/es\/wp-json\/wp\/v2\/product"}],"about":[{"href":"https:\/\/agricultural-gear-boxes.com\/es\/wp-json\/wp\/v2\/types\/product"}],"wp:featuredmedia":[{"embeddable":true,"href":"https:\/\/agricultural-gear-boxes.com\/es\/wp-json\/wp\/v2\/media\/3223"}],"wp:attachment":[{"href":"https:\/\/agricultural-gear-boxes.com\/es\/wp-json\/wp\/v2\/media?parent=3224"}],"wp:term":[{"taxonomy":"product_brand","embeddable":true,"href":"https:\/\/agricultural-gear-boxes.com\/es\/wp-json\/wp\/v2\/product_brand?post=3224"},{"taxonomy":"product_cat","embeddable":true,"href":"https:\/\/agricultural-gear-boxes.com\/es\/wp-json\/wp\/v2\/product_cat?post=3224"},{"taxonomy":"product_tag","embeddable":true,"href":"https:\/\/agricultural-gear-boxes.com\/es\/wp-json\/wp\/v2\/product_tag?post=3224"}],"curies":[{"name":"wp","href":"https:\/\/api.w.org\/{rel}","templated":true}]}}