{"id":3226,"date":"2024-08-20T08:31:19","date_gmt":"2024-08-20T08:31:19","guid":{"rendered":"https:\/\/agricultural-gear-boxes.com\/product\/car-washer-helical-gear-reducer-sjrgv040-helical-gearbox\/"},"modified":"2024-08-20T08:31:21","modified_gmt":"2024-08-20T08:31:21","slug":"car-washer-helical-gear-reducer-sjrgv040-helical-gearbox","status":"publish","type":"product","link":"https:\/\/agricultural-gear-boxes.com\/es\/product\/car-washer-helical-gear-reducer-sjrgv040-helical-gearbox\/","title":{"rendered":"Reductor de engranajes helicoidales para lavadora de autom\u00f3viles SJRGV040 caja de cambios helicoidal"},"content":{"rendered":"<h2>Reductor de engranajes helicoidales para lavadora de autom\u00f3viles SJRGV040 Caja de engranajes helicoidales<\/h2>\n<p>El reductor de engranajes helicoidales de la serie SJRGV040 est\u00e1 dise\u00f1ado espec\u00edficamente para su uso en el cepillo de ruedas de un lavadero de autom\u00f3viles. Su estructura principal consta de un engranaje helicoidal de dos etapas, que ofrece varias ventajas sobre los reductores sinf\u00edn. Con una mayor eficiencia de transmisi\u00f3n, un volumen menor y una gama m\u00e1s amplia de opciones de relaci\u00f3n, este reductor de engranajes proporciona una soluci\u00f3n m\u00e1s duradera y confiable.<\/p>\n<p><img loading=\"lazy\" decoding=\"async\" class=\"aligncenter size-full wp-image-377295\" src=\"https:\/\/www.ever-power.net\/wp-content\/uploads\/2021\/08\/sjrgv040-helical-gear-reducer-for-car-washer-2.webp\" alt=\"Reductor de engranajes helicoidales sjrgv040 para lavadora de autom\u00f3viles 2\" width=\"965\" height=\"542\" \/><\/p>\n<h3>Rendimiento del producto:<\/h3>\n<ol>\n<li>Dise\u00f1o modular de cada m\u00f3dulo, con m\u00e1s partes comunes<\/li>\n<li>Amplio rango de proporciones para m\u00e1s opciones<\/li>\n<li>Material de engranaje y eje de engranaje 20CrMnTi con endurecimiento por nitr\u00f3geno, lo que da como resultado un engranaje con HRC 55-58 y un eje de engranaje con HRC 59-62<\/li>\n<li>Cuerpo compacto y vers\u00e1til que puede adaptarse a la mayor\u00eda de las estructuras de equipos.<\/li>\n<li>Lubricaci\u00f3n con aceite totalmente sint\u00e9tico con opci\u00f3n de viscosidad (320\/220)<\/li>\n<li>Material de carcasa EN44300 con pintura en polvo para mejores propiedades anticorrosivas<\/li>\n<li>Sellado con ret\u00e9n de aceite NOK (NBR) para una buena capacidad de sellado<\/li>\n<li>Grado IP67, adecuado para la mayor\u00eda de las condiciones de pulverizaci\u00f3n.<\/li>\n<\/ol>\n<h3>Par\u00e1metros del producto:<\/h3>\n<p><img","protected":false},"excerpt":{"rendered":"<p>Car Washer Helical Gear Reducer SJRGV040 Helical Gearbox The SJRGV040 series helical gear reducer is specifically designed for use in the wheel brush of a car washer. Its main structure consists of a two-stage helical gear, offering several advantages over worm reducers. With higher transmission efficiency, a smaller volume, and a wider range of ratio [&hellip;]<\/p>","protected":false},"featured_media":3225,"template":"","meta":{"_et_pb_use_builder":"","_et_pb_old_content":"","_et_gb_content_width":""},"product_brand":[],"product_cat":[11284],"product_tag":[],"class_list":{"0":"post-3226","1":"product","2":"type-product","3":"status-publish","4":"has-post-thumbnail","6":"product_cat-helical-gearbox","8":"first","9":"instock","10":"shipping-taxable","11":"product-type-simple"},"_links":{"self":[{"href":"https:\/\/agricultural-gear-boxes.com\/es\/wp-json\/wp\/v2\/product\/3226","targetHints":{"allow":["GET"]}}],"collection":[{"href":"https:\/\/agricultural-gear-boxes.com\/es\/wp-json\/wp\/v2\/product"}],"about":[{"href":"https:\/\/agricultural-gear-boxes.com\/es\/wp-json\/wp\/v2\/types\/product"}],"wp:featuredmedia":[{"embeddable":true,"href":"https:\/\/agricultural-gear-boxes.com\/es\/wp-json\/wp\/v2\/media\/3225"}],"wp:attachment":[{"href":"https:\/\/agricultural-gear-boxes.com\/es\/wp-json\/wp\/v2\/media?parent=3226"}],"wp:term":[{"taxonomy":"product_brand","embeddable":true,"href":"https:\/\/agricultural-gear-boxes.com\/es\/wp-json\/wp\/v2\/product_brand?post=3226"},{"taxonomy":"product_cat","embeddable":true,"href":"https:\/\/agricultural-gear-boxes.com\/es\/wp-json\/wp\/v2\/product_cat?post=3226"},{"taxonomy":"product_tag","embeddable":true,"href":"https:\/\/agricultural-gear-boxes.com\/es\/wp-json\/wp\/v2\/product_tag?post=3226"}],"curies":[{"name":"wp","href":"https:\/\/api.w.org\/{rel}","templated":true}]}}