{"id":3230,"date":"2024-08-20T08:31:24","date_gmt":"2024-08-20T08:31:24","guid":{"rendered":"https:\/\/agricultural-gear-boxes.com\/product\/inline-helical-gearbox-with-motor\/"},"modified":"2024-08-20T08:31:24","modified_gmt":"2024-08-20T08:31:24","slug":"inline-helical-gearbox-with-motor","status":"publish","type":"product","link":"https:\/\/agricultural-gear-boxes.com\/es\/product\/inline-helical-gearbox-with-motor\/","title":{"rendered":"Caja de engranajes helicoidales en l\u00ednea con motor"},"content":{"rendered":"<h2>Reductor helicoidal en l\u00ednea con motor: alta velocidad y eficiencia<\/h2>\n<p>Los reductores helicoidales en l\u00ednea se utilizan ampliamente en diversas industrias por su alta eficiencia de transmisi\u00f3n, durabilidad, conveniencia y eficiencia. Entre ellos, el reductor helicoidal en l\u00ednea con motor es uno de los tipos m\u00e1s comunes, que puede proporcionar una salida de alta velocidad y alto par. La caja de cambios tiene una relaci\u00f3n planetaria similar a la de un engranaje recto, pero con una configuraci\u00f3n diferente. El \u00e1ngulo de h\u00e9lice de la caja de cambios var\u00eda y ofrece una amplia gama de par de salida, relaci\u00f3n, posici\u00f3n de montaje y potencia nominal. <\/p>\n<p>La caja de engranajes helicoidales en l\u00ednea de la serie R es un producto de alta calidad con una carcasa de hierro fundido de calidad y engranajes de acero de alta resistencia. Puede funcionar con una fuente de alimentaci\u00f3n de CC o CA y es a prueba de llamas con opciones de motor de freno para operaciones seguras. Con su caja de hierro fundido de alta rigidez con nervaduras, el engranaje frontal de dientes duros hecho de acero de aleaci\u00f3n de alta calidad y dientes de rectificado finamente procesados, la caja de engranajes helicoidales coaxiales en l\u00ednea de la serie R puede funcionar de manera suave y silenciosa con poco ruido y una gran capacidad de carga. <\/p>\n<h3>Ventajas de los reductores helicoidales en l\u00ednea con motor<\/h3>\n<ul>\n<li>Excelente eficiencia de transmisi\u00f3n<\/li>\n<li>Durable y f\u00e1cil de mantener.<\/li>\n<li>Caja de hierro fundido de alta rigidez con nervaduras<\/li>\n<li>Engranaje frontal de dientes duros fabricado en acero de aleaci\u00f3n de alta calidad<\/li>\n<li>Funcionamiento suave con bajo nivel de ruido y gran capacidad de carga.<\/li>\n<\/ul>\n<h3>Instalaci\u00f3n y mantenimiento<\/h3>\n<p>La caja de engranajes helicoidales en l\u00ednea de la serie R suele montarse verticalmente. El tama\u00f1o y la variedad del aceite lubricante utilizado en una caja de engranajes helicoidales R son importantes. La instalaci\u00f3n vertical hace que el aceite de transmisi\u00f3n se filtre cuando la caja de engranajes deja de funcionar. Se recomienda drenar el aceite antes de la instalaci\u00f3n y rellenarlo una vez finalizada la instalaci\u00f3n. Es necesario un mantenimiento regular para garantizar el correcto funcionamiento de la caja de engranajes y prolongar su vida \u00fatil. <\/p>\n<h3>Reemplazo y reparaci\u00f3n<\/h3>\n<p>If the gearbox is not working properly, it may need to be repaired or replaced. It is important to follow the manufacturer&#8217;s instructions when repairing or replacing the gearbox. The gearbox should be inspected regularly to ensure that it is functioning properly. If it is not, it may need to be replaced. <\/p>\n<h2>Otros productos de nuestra empresa<\/h2>\n<p>Adem\u00e1s de proporcionar cajas de engranajes helicoidales en l\u00ednea con motores, nuestra empresa tambi\u00e9n suministra varios engranajes de pl\u00e1stico utilizados en la industria, como cajas de engranajes agr\u00edcolas, ejes de salida de potencia, ruedas dentadas, acoplamientos de fluido, reductores de engranajes helicoidales, engranajes y cremalleras, cadenas desmontables, poleas y poleas, cajas de engranajes planetarios, poleas de distribuci\u00f3n, bujes y m\u00e1s. Nos enorgullecemos de ofrecer productos de alta calidad a un precio favorable y brindar un servicio considerado a nuestros clientes. Invitamos a los clientes a que vengan a nosotros para la personalizaci\u00f3n de dibujos o muestras. <\/p>\n<h2>Preguntas y respuestas<\/h2>\n<p>1. \u00bfCu\u00e1les son las ventajas de utilizar un reductor helicoidal en l\u00ednea con motor?<br \/>\n2. \u00bfQu\u00e9 materiales se utilizan en la caja de engranajes helicoidales en l\u00ednea de la Serie R?<br \/>\n3. \u00bfC\u00f3mo se debe instalar y mantener la caja de cambios?<br \/>\n4. \u00bfQu\u00e9 se debe hacer si la caja de cambios no funciona correctamente?<br \/>\n5. \u00bfQu\u00e9 otros productos suministra su empresa adem\u00e1s de reductores helicoidales en l\u00ednea con motores?<\/p>","protected":false},"excerpt":{"rendered":"<p>Inline Helical Gearbox with Motor: High-Speed and Efficient Inline helical gearboxes are widely used in various industries for their high transmission efficiency, durability, convenience, and efficiency. Among them, the inline helical gearbox with motor is one of the most common types, which can provide high-speed and high torque output. The gearbox has a planetary ratio [&hellip;]<\/p>","protected":false},"featured_media":3229,"template":"","meta":{"_et_pb_use_builder":"","_et_pb_old_content":"","_et_gb_content_width":""},"product_brand":[],"product_cat":[11284],"product_tag":[],"class_list":{"0":"post-3230","1":"product","2":"type-product","3":"status-publish","4":"has-post-thumbnail","6":"product_cat-helical-gearbox","8":"first","9":"instock","10":"shipping-taxable","11":"product-type-simple"},"_links":{"self":[{"href":"https:\/\/agricultural-gear-boxes.com\/es\/wp-json\/wp\/v2\/product\/3230","targetHints":{"allow":["GET"]}}],"collection":[{"href":"https:\/\/agricultural-gear-boxes.com\/es\/wp-json\/wp\/v2\/product"}],"about":[{"href":"https:\/\/agricultural-gear-boxes.com\/es\/wp-json\/wp\/v2\/types\/product"}],"wp:featuredmedia":[{"embeddable":true,"href":"https:\/\/agricultural-gear-boxes.com\/es\/wp-json\/wp\/v2\/media\/3229"}],"wp:attachment":[{"href":"https:\/\/agricultural-gear-boxes.com\/es\/wp-json\/wp\/v2\/media?parent=3230"}],"wp:term":[{"taxonomy":"product_brand","embeddable":true,"href":"https:\/\/agricultural-gear-boxes.com\/es\/wp-json\/wp\/v2\/product_brand?post=3230"},{"taxonomy":"product_cat","embeddable":true,"href":"https:\/\/agricultural-gear-boxes.com\/es\/wp-json\/wp\/v2\/product_cat?post=3230"},{"taxonomy":"product_tag","embeddable":true,"href":"https:\/\/agricultural-gear-boxes.com\/es\/wp-json\/wp\/v2\/product_tag?post=3230"}],"curies":[{"name":"wp","href":"https:\/\/api.w.org\/{rel}","templated":true}]}}