{"id":3234,"date":"2024-08-20T08:31:26","date_gmt":"2024-08-20T08:31:26","guid":{"rendered":"https:\/\/agricultural-gear-boxes.com\/product\/bgv055-series-helical-gear-reducer\/"},"modified":"2024-08-20T08:31:26","modified_gmt":"2024-08-20T08:31:26","slug":"bgv055-series-helical-gear-reducer","status":"publish","type":"product","link":"https:\/\/agricultural-gear-boxes.com\/es\/product\/bgv055-series-helical-gear-reducer\/","title":{"rendered":"Reductor de engranajes helicoidales serie BGV055"},"content":{"rendered":"<h2>Reductor de engranajes helicoidales serie BGV055: un dispositivo mec\u00e1nico de vanguardia<\/h2>\n<p>El reductor de engranajes helicoidales de la serie BGV055 es un dispositivo mec\u00e1nico de alta eficiencia que se utiliza ampliamente en diversas aplicaciones industriales, especialmente en m\u00e1quinas para helados. El dispositivo est\u00e1 compuesto por engranajes helicoidales que ofrecen una mayor eficiencia de transmisi\u00f3n, tama\u00f1o peque\u00f1o, estructura simple, calidad estable, confiabilidad y durabilidad. Es una excelente opci\u00f3n para las industrias que buscan mejorar la productividad y minimizar el consumo de energ\u00eda.<\/p>\n<h3>Ventajas del reductor de engranajes helicoidales de la serie BGV055:<\/h3>\n<ul>\n<li>Estructura de carrocer\u00eda compacta<\/li>\n<li>Aceite lubricante totalmente sint\u00e9tico de larga vida \u00fatil.<\/li>\n<li>Cuerpo de aluminio de acero inoxidable rociado con pl\u00e1stico en la superficie, lo que lo hace m\u00e1s resistente a la corrosi\u00f3n.<\/li>\n<li>Estructura simple con alta eficiencia de transmisi\u00f3n y operaci\u00f3n estable.<\/li>\n<li>Buen efecto de reducci\u00f3n de ruido, tama\u00f1o compacto, fuerte resistencia a la corrosi\u00f3n y larga vida \u00fatil.<\/li>\n<\/ul>\n<h3>Instalaci\u00f3n, mantenimiento y reparaci\u00f3n del reductor de engranajes helicoidales de la serie BGV055:<\/h3>\n<ol>\n<li><strong>Instalaci\u00f3n:<\/strong> The compact body structure of the BGV055 series helical gear reducer makes it suitable for installation in various environments. However, to ensure maximum efficiency, it is essential to follow the manufacturer&#8217;s installation instructions.<\/li>\n<li><strong>Mantenimiento:<\/strong> La lubricaci\u00f3n regular, la inspecci\u00f3n visual, la limpieza y el mantenimiento profesional son fundamentales para mantener el rendimiento \u00f3ptimo del reductor de engranajes. Aseg\u00farese de que la lubricaci\u00f3n sea adecuada y controle la calidad del aceite con regularidad. Inspeccione peri\u00f3dicamente el reductor de engranajes para detectar desgaste, da\u00f1os o fugas. Mantenga el reductor de engranajes limpio y libre de polvo, suciedad y residuos. Consulte a un profesional si surgen ruidos anormales, vibraciones o problemas operativos.<\/li>\n<li><strong>Reparar:<\/strong> In case of any damage or fault, the gear reducer needs to be repaired by an authorized technician. Timely intervention can prevent further damage and extend the gear reducer&#8217;s lifespan. It is important to use genuine spare parts only.<\/li>\n<li><strong>Reemplazo:<\/strong> Con el tiempo, el reductor puede quedar obsoleto o dejar de funcionar de manera eficiente. En tales casos, es esencial reemplazarlo por un reductor avanzado y compatible para garantizar un rendimiento y una eficiencia \u00f3ptimos.<\/li>\n<\/ol>\n<h3>Especificaciones t\u00e9cnicas del reductor de engranajes helicoidales de la serie BGV055:<\/h3>\n<ul>\n<li>Relaci\u00f3n de velocidad: 2,10\u20144,95<\/li>\n<\/ul>\n<h3>Nuestra empresa:<\/h3>\n<p>Nuestra empresa se compromete a proporcionar a los clientes productos estables, de alta calidad y con eficiencia energ\u00e9tica. Introducimos equipos de producci\u00f3n y prueba avanzados, empleamos personal profesional y t\u00e9cnico para llevar a cabo investigaciones y desarrollos innovadores, y la fabricaci\u00f3n adopta una gesti\u00f3n de producci\u00f3n estandarizada para controlar estrictamente cada eslab\u00f3n de la producci\u00f3n de reductores. Ofrecemos una amplia gama de productos, incluidos el reductor de engranajes helicoidales de la serie MRV, el reductor de engranajes de la serie GV, el reductor solar de la serie RT, el reductor planetario de la serie XV, el reductor arm\u00f3nico de la serie BD y otros reductores no est\u00e1ndar. Estos productos se utilizan ampliamente en la industria de equipos, la industria alimentaria, la industria del lavado de autom\u00f3viles, la industria del embalaje, la industria de la transmisi\u00f3n, la industria de la automatizaci\u00f3n y la industria solar.<\/p>\n<h3>Otros productos:<\/h3>\n<p>Adem\u00e1s del reductor de engranajes helicoidales de la serie BGV055, nuestra empresa tambi\u00e9n suministra varios engranajes de pl\u00e1stico utilizados en la industria. Nuestra gama de productos incluye cajas de engranajes agr\u00edcolas, ejes de salida de potencia, ruedas dentadas, acoplamientos de fluidos, reductores de engranajes helicoidales, engranajes y cremalleras, cadenas desmontables, poleas y poleas, cajas de engranajes planetarios, poleas de distribuci\u00f3n, bujes y m\u00e1s. Ofrecemos productos de alta calidad, precios favorables y servicios considerados. Los clientes son bienvenidos a venir a nosotros para la personalizaci\u00f3n de dibujos o muestras.<\/p>\n<h2>Preguntas y respuestas<\/h2>\n<h4>P1. \u00bfPara qu\u00e9 se utiliza el reductor de engranajes helicoidales de la serie BGV055?<\/h4>\n<p>A1. El reductor de engranajes helicoidales de la serie BGV055 se utiliza en diversas aplicaciones industriales, especialmente en m\u00e1quinas de helado.<\/p>\n<h4>P2. \u00bfCu\u00e1les son las ventajas del reductor de engranajes helicoidales de la serie BGV055?<\/h4>\n<p>A2. Las ventajas del reductor de engranajes helicoidales de la serie BGV055 incluyen una estructura de cuerpo compacta, aceite lubricante totalmente sint\u00e9tico, cuerpo de aluminio de acero inoxidable rociado con pl\u00e1stico en la superficie, estructura simple, alta eficiencia de transmisi\u00f3n, operaci\u00f3n estable, buen efecto de reducci\u00f3n de ruido, tama\u00f1o compacto, fuerte resistencia a la corrosi\u00f3n y larga vida \u00fatil.<\/p>\n<h4>P3. \u00bfC\u00f3mo puedo instalar el reductor de engranajes helicoidales de la serie BGV055?<\/h4>\n<p>A3. To ensure maximum efficiency, it is essential to follow the manufacturer&#8217;s installation instructions.<\/p>\n<h4>P4. \u00bfQu\u00e9 debo hacer si hay alg\u00fan da\u00f1o o falla en el reductor de engranajes?<\/h4>\n<p>A4. In case of any damage or fault, the gear reducer needs to be repaired by an authorized technician. Timely intervention can prevent further damage and extend the gear reducer&#8217;s lifespan. It is important to use genuine spare parts only.<\/p>\n<h4>P5. \u00bfQu\u00e9 otros productos ofrece su empresa?<\/h4>\n<p>A5. Adem\u00e1s del reductor de engranajes helicoidales de la serie BGV055, nuestra empresa tambi\u00e9n suministra varios engranajes de pl\u00e1stico utilizados en la industria, incluidas cajas de engranajes agr\u00edcolas, ejes de salida de potencia, ruedas dentadas, acoplamientos de fluido, reductores de engranajes helicoidales, engranajes y cremalleras, cadenas desmontables, poleas y poleas, cajas de engranajes planetarios, poleas de distribuci\u00f3n, bujes y m\u00e1s.<\/p>","protected":false},"excerpt":{"rendered":"<p>BGV055 Series Helical Gear Reducer: A Cutting-Edge Mechanical Device The BGV055 series helical gear reducer is a highly efficient mechanical device that is widely used in various industrial applications, especially in ice cream machines. The device is composed of helical gears that offer higher transmission efficiency, small size, simple structure, stable quality, reliability, and durability. [&hellip;]<\/p>","protected":false},"featured_media":3233,"template":"","meta":{"_et_pb_use_builder":"","_et_pb_old_content":"","_et_gb_content_width":""},"product_brand":[],"product_cat":[11284],"product_tag":[],"class_list":{"0":"post-3234","1":"product","2":"type-product","3":"status-publish","4":"has-post-thumbnail","6":"product_cat-helical-gearbox","8":"first","9":"instock","10":"shipping-taxable","11":"product-type-simple"},"_links":{"self":[{"href":"https:\/\/agricultural-gear-boxes.com\/es\/wp-json\/wp\/v2\/product\/3234","targetHints":{"allow":["GET"]}}],"collection":[{"href":"https:\/\/agricultural-gear-boxes.com\/es\/wp-json\/wp\/v2\/product"}],"about":[{"href":"https:\/\/agricultural-gear-boxes.com\/es\/wp-json\/wp\/v2\/types\/product"}],"wp:featuredmedia":[{"embeddable":true,"href":"https:\/\/agricultural-gear-boxes.com\/es\/wp-json\/wp\/v2\/media\/3233"}],"wp:attachment":[{"href":"https:\/\/agricultural-gear-boxes.com\/es\/wp-json\/wp\/v2\/media?parent=3234"}],"wp:term":[{"taxonomy":"product_brand","embeddable":true,"href":"https:\/\/agricultural-gear-boxes.com\/es\/wp-json\/wp\/v2\/product_brand?post=3234"},{"taxonomy":"product_cat","embeddable":true,"href":"https:\/\/agricultural-gear-boxes.com\/es\/wp-json\/wp\/v2\/product_cat?post=3234"},{"taxonomy":"product_tag","embeddable":true,"href":"https:\/\/agricultural-gear-boxes.com\/es\/wp-json\/wp\/v2\/product_tag?post=3234"}],"curies":[{"name":"wp","href":"https:\/\/api.w.org\/{rel}","templated":true}]}}