{"id":3236,"date":"2024-08-20T08:31:27","date_gmt":"2024-08-20T08:31:27","guid":{"rendered":"https:\/\/agricultural-gear-boxes.com\/product\/bgv063-series-helical-gear-reducer\/"},"modified":"2024-08-20T08:31:27","modified_gmt":"2024-08-20T08:31:27","slug":"bgv063-series-helical-gear-reducer","status":"publish","type":"product","link":"https:\/\/agricultural-gear-boxes.com\/es\/product\/bgv063-series-helical-gear-reducer\/","title":{"rendered":"Reductor de engranajes helicoidales serie BGV063"},"content":{"rendered":"<h2>Acerca del reductor de engranajes helicoidales de la serie BGV063<\/h2>\n<p>El reductor de engranajes helicoidales de la serie BGV063 es un dispositivo mec\u00e1nico de vanguardia dise\u00f1ado para optimizar la transmisi\u00f3n de potencia y mejorar la eficiencia de diversas aplicaciones industriales. Se utiliza ampliamente en m\u00e1quinas de helados, gracias a su rendimiento excepcional, durabilidad y versatilidad. Con su mayor eficiencia de transmisi\u00f3n, tama\u00f1o peque\u00f1o, estructura simple, calidad estable, confiabilidad y durabilidad, este reductor de engranajes se ha convertido en la opci\u00f3n preferida por las industrias que se esfuerzan por maximizar la productividad y minimizar el consumo de energ\u00eda.<\/p>\n<h3>Caracter\u00edsticas del producto:<\/h3>\n<ul>\n<li>La estructura compacta del cuerpo es adecuada para su instalaci\u00f3n en diversos entornos.<\/li>\n<li>Aceite lubricante totalmente sint\u00e9tico de larga vida \u00fatil.<\/li>\n<li>El cuerpo de aluminio de acero inoxidable est\u00e1 rociado con pl\u00e1stico en la superficie, lo que lo hace m\u00e1s resistente a la corrosi\u00f3n.<\/li>\n<li>Estructura simple, alta eficiencia de transmisi\u00f3n, operaci\u00f3n estable, buen efecto de reducci\u00f3n de ruido, tama\u00f1o compacto, fuerte resistencia a la corrosi\u00f3n y larga vida \u00fatil.<\/li>\n<\/ul>\n<h3>Par\u00e1metros t\u00e9cnicos:<\/h3>\n<p>Relaci\u00f3n de velocidad: 2,10\u20144,95<\/p>\n<h2>Dimensiones externas:<\/h2>\n<p><img loading=\"lazy\" decoding=\"async\" class=\"size-full wp-image-393789 aligncenter\" src=\"https:\/\/www.ever-power.net\/wp-content\/uploads\/2023\/12\/bgv063-series-helical-gear-reducer-1.webp\" alt=\"\" width=\"707\" height=\"562\" \/><\/p>\n<p><img loading=\"lazy\" decoding=\"async\" class=\"size-full wp-image-393790 aligncenter\" src=\"https:\/\/www.ever-power.net\/wp-content\/uploads\/2023\/12\/bgv063-series-helical-gear-reducer-2.webp\" alt=\"\" width=\"716\" height=\"426\" \/><\/p>\n<h2>M\u00e9todo de uso:<\/h2>\n<ol>\n<li>Determinar la relaci\u00f3n de transmisi\u00f3n requerida<\/li>\n<ul>\n<li>Assess your application&#8217;s speed and torque requirements to select the appropriate gear ratio from the available options<\/li>\n<\/ul>\n<li>Montaje<\/li>\n<ul>\n<li>Monte de forma segura el reductor de engranajes en la ubicaci\u00f3n deseada utilizando pernos y soportes adecuados.<\/li>\n<li>Aseg\u00farese de que la alineaci\u00f3n sea adecuada con los ejes de entrada y salida de los componentes conectados.<\/li>\n<\/ul>\n<li>Conexiones de entrada y salida<\/li>\n<ul>\n<li>Conecte el eje de entrada del reductor de engranajes a la fuente de energ\u00eda, como un motor el\u00e9ctrico o un motor.<\/li>\n<li>De manera similar, conecte el eje de salida al equipo o maquinaria accionada.<\/li>\n<\/ul>\n<li>Lubricaci\u00f3n<\/li>\n<ul>\n<li>Una lubricaci\u00f3n adecuada es esencial para un rendimiento \u00f3ptimo y una mayor longevidad.<\/li>\n<li>Follow the manufacturer&#8217;s guidelines to use the appropriate lubricant to lubricate the gear reducer at recommended intervals<\/li>\n<\/ul>\n<\/ol>\n<h2>Nuestra empresa:<\/h2>\n<p>Our company introduces advanced production and testing equipment at home and abroad. We employ professional and technical personnel in the industry to carry out innovative research and development and manufacturing. We adopt standardized production management to strictly control every link of reducer production. For many years, we have been providing customers with high-quality, high energy efficiency, and high stability products. China&#8217;s R&amp;D center has also been established to increase research and innovation in the transmission field, making transmission more effective and reliable. We strive to provide customers with transmission solutions.<\/p>\n<p>En la actualidad, nuestros productos principales incluyen el reductor de engranajes helicoidales de la serie MRV, el reductor de engranajes de la serie GV, el reductor solar de la serie RT, el reductor planetario de la serie XV, el reductor arm\u00f3nico de la serie BD y otros reductores no est\u00e1ndar. Estos productos se utilizan ampliamente en diversas industrias, como la industria de equipos, la industria alimentaria, la industria del lavado de autom\u00f3viles, la industria del embalaje, la industria de la transmisi\u00f3n, la industria de la automatizaci\u00f3n y la industria solar.<\/p>\n<h2>\u00c1rea de trabajo:<\/h2>\n<p><img loading=\"lazy\" decoding=\"async\" class=\"alignleft wp-image-393764\" src=\"https:\/\/www.ever-power.net\/wp-content\/uploads\/2023\/12\/pgv035-series-helical-gear-reducer-1.webp\" alt=\"\" width=\"1306\" height=\"707\" \/><\/p>\n<h2>Equipo de procesamiento:<\/h2>\n<p><img loading=\"lazy\" decoding=\"async\" class=\"alignleft size-full wp-image-393766\" src=\"https:\/\/www.ever-power.net\/wp-content\/uploads\/2023\/12\/pgv035-series-helical-gear-reducer-3.webp\" alt=\"\" width=\"1009\" height=\"453\" \/><\/p>\n<p><img loading=\"lazy\" decoding=\"async\" class=\"alignleft size-full wp-image-393768\" src=\"https:\/\/www.ever-power.net\/wp-content\/uploads\/2023\/12\/pgv035-series-helical-gear-reducer-5.webp\" alt=\"\" width=\"979\" height=\"591\" \/><\/p>\n<h2>L\u00ednea de montaje semiautom\u00e1tica:<\/h2>\n<p><img loading=\"lazy\" decoding=\"async\" class=\"alignleft size-full wp-image-393767\" src=\"https:\/\/www.ever-power.net\/wp-content\/uploads\/2023\/12\/pgv035-series-helical-gear-reducer-4.webp\" alt=\"\" width=\"1033\" height=\"473\" \/><\/p>\n<p>Nuestra empresa tambi\u00e9n suministra diversos engranajes de pl\u00e1stico utilizados en la industria. Nuestra gama de productos incluye cajas de engranajes agr\u00edcolas, ejes de salida de potencia, ruedas dentadas, acoplamientos de fluidos, reductores de engranajes helicoidales, engranajes y cremalleras, cadenas desmontables, poleas y poleas, cajas de engranajes planetarios, poleas de distribuci\u00f3n, bujes y m\u00e1s. Estamos comprometidos a proporcionar productos de alta calidad, precios favorables y un servicio considerado. Damos la bienvenida a los clientes a que vengan a nosotros para la personalizaci\u00f3n de dibujos o muestras.<\/p>\n<h2>Preguntas y respuestas:<\/h2>\n<h3>1. \u00bfQu\u00e9 industrias pueden beneficiarse del uso del reductor de engranajes helicoidales de la serie BGV063?<\/h3>\n<p>El reductor de engranajes helicoidales de la serie BGV063 es adecuado para una amplia gama de industrias, incluidas la industria de equipos, la industria alimentaria, la industria del lavado de autom\u00f3viles, la industria del embalaje, la industria de la transmisi\u00f3n, la industria de la automatizaci\u00f3n y la industria solar. Ofrece un rendimiento, una durabilidad y una versatilidad excepcionales, lo que lo convierte en una opci\u00f3n ideal para diversas aplicaciones industriales.<\/p>\n<h3>2. \u00bfCu\u00e1les son las ventajas del reductor de engranajes helicoidales de la serie BGV063?<\/h3>\n<p>El reductor de engranajes helicoidales de la serie BGV063 tiene varias ventajas, que incluyen una estructura de cuerpo compacto adecuada para su instalaci\u00f3n en diversos entornos, aceite lubricante totalmente sint\u00e9tico con una larga vida \u00fatil, un cuerpo de aluminio de acero inoxidable rociado con pl\u00e1stico para una mejor resistencia a la corrosi\u00f3n, estructura simple, alta eficiencia de transmisi\u00f3n, operaci\u00f3n estable, buen efecto de reducci\u00f3n de ruido, tama\u00f1o compacto, fuerte resistencia a la corrosi\u00f3n y larga vida \u00fatil.<\/p>\n<h3>3. \u00bfC\u00f3mo se debe instalar el reductor de engranajes helicoidales de la serie BGV063?<\/h3>\n<p>Para instalar el reductor de engranajes helicoidales de la serie BGV063, m\u00f3ntelo firmemente en la ubicaci\u00f3n deseada utilizando pernos y soportes adecuados. Es esencial garantizar una alineaci\u00f3n adecuada con los ejes de entrada y salida de los componentes conectados para un rendimiento \u00f3ptimo.<\/p>\n<h3>4. \u00bfC\u00f3mo se debe lubricar el reductor de engranajes helicoidales de la serie BGV063?<\/h3>\n<p>Proper lubrication is crucial for the optimal performance and longevity of the BGV063 Series Helical Gear Reducer. It is recommended to follow the manufacturer&#8217;s guidelines and use the appropriate lubricant to lubricate the gear reducer at the recommended intervals.<\/p>\n<h3>5. \u00bfQu\u00e9 otros productos ofrece nuestra empresa?<\/h3>\n<p>Adem\u00e1s del reductor de engranajes helicoidales de la serie BGV063, nuestra empresa ofrece una amplia gama de soluciones de transmisi\u00f3n. Nuestra gama de productos incluye el reductor de engranajes helicoidales de la serie MRV, el reductor de engranajes de la serie GV, el reductor solar de la serie RT, el reductor planetario de la serie XV, el reductor arm\u00f3nico de la serie BD y otros reductores no est\u00e1ndar. Tambi\u00e9n proporcionamos varios engranajes de pl\u00e1stico utilizados en la industria, como cajas de engranajes agr\u00edcolas, ejes de salida de potencia, ruedas dentadas, acoplamientos de fluidos, reductores de engranajes helicoidales, engranajes y cremalleras, cadenas desmontables, poleas y poleas, cajas de engranajes planetarios, poleas de distribuci\u00f3n, bujes y m\u00e1s. Estamos comprometidos a ofrecer productos de alta calidad, precios favorables y un servicio considerado a nuestros clientes.<\/p>","protected":false},"excerpt":{"rendered":"<p>About the BGV063 Series Helical Gear Reducer The BGV063 series helical gear reducer is a cutting-edge mechanical device designed for optimizing power transmission and enhancing the efficiency of various industrial applications. It is widely used in ice cream machines, thanks to its exceptional performance, durability, and versatility. With its higher transmission efficiency, small size, simple [&hellip;]<\/p>","protected":false},"featured_media":3235,"template":"","meta":{"_et_pb_use_builder":"","_et_pb_old_content":"","_et_gb_content_width":""},"product_brand":[],"product_cat":[11284],"product_tag":[],"class_list":{"0":"post-3236","1":"product","2":"type-product","3":"status-publish","4":"has-post-thumbnail","6":"product_cat-helical-gearbox","8":"first","9":"instock","10":"shipping-taxable","11":"product-type-simple"},"_links":{"self":[{"href":"https:\/\/agricultural-gear-boxes.com\/es\/wp-json\/wp\/v2\/product\/3236","targetHints":{"allow":["GET"]}}],"collection":[{"href":"https:\/\/agricultural-gear-boxes.com\/es\/wp-json\/wp\/v2\/product"}],"about":[{"href":"https:\/\/agricultural-gear-boxes.com\/es\/wp-json\/wp\/v2\/types\/product"}],"wp:featuredmedia":[{"embeddable":true,"href":"https:\/\/agricultural-gear-boxes.com\/es\/wp-json\/wp\/v2\/media\/3235"}],"wp:attachment":[{"href":"https:\/\/agricultural-gear-boxes.com\/es\/wp-json\/wp\/v2\/media?parent=3236"}],"wp:term":[{"taxonomy":"product_brand","embeddable":true,"href":"https:\/\/agricultural-gear-boxes.com\/es\/wp-json\/wp\/v2\/product_brand?post=3236"},{"taxonomy":"product_cat","embeddable":true,"href":"https:\/\/agricultural-gear-boxes.com\/es\/wp-json\/wp\/v2\/product_cat?post=3236"},{"taxonomy":"product_tag","embeddable":true,"href":"https:\/\/agricultural-gear-boxes.com\/es\/wp-json\/wp\/v2\/product_tag?post=3236"}],"curies":[{"name":"wp","href":"https:\/\/api.w.org\/{rel}","templated":true}]}}