{"id":3242,"date":"2024-08-20T08:31:30","date_gmt":"2024-08-20T08:31:30","guid":{"rendered":"https:\/\/agricultural-gear-boxes.com\/product\/bf-series-helical-geared-motors\/"},"modified":"2024-08-20T08:31:30","modified_gmt":"2024-08-20T08:31:30","slug":"bf-series-helical-geared-motors","status":"publish","type":"product","link":"https:\/\/agricultural-gear-boxes.com\/es\/product\/bf-series-helical-geared-motors\/","title":{"rendered":"Motorreductores helicoidales de la serie BF"},"content":{"rendered":"<h2>Motorreductores helicoidales de la serie BF: potencia y eficiencia<\/h2>\n<p>Los motorreductores helicoidales de la serie BF son dispositivos mec\u00e1nicos de vanguardia dise\u00f1ados para ofrecer una transmisi\u00f3n de potencia y una eficiencia excepcionales en diversas aplicaciones industriales. Estos motorreductores combinan una construcci\u00f3n robusta, ingenier\u00eda precisa y caracter\u00edsticas avanzadas para brindar un rendimiento confiable y optimizar la productividad.<\/p>\n<h3>Caracter\u00edsticas principales de los motorreductores helicoidales de la serie BF:<\/h3>\n<ol>\n<li>Construcci\u00f3n robusta:<\/li>\n<ul>\n<li>La Serie BF cuenta con una construcci\u00f3n robusta y duradera, lo que garantiza un funcionamiento confiable incluso en entornos exigentes.<\/li>\n<li>Fabricados con materiales de alta calidad, estos motorreductores ofrecen una resistencia y una longevidad excepcionales.<\/li>\n<\/ul>\n<li>Tecnolog\u00eda de engranajes helicoidales:<\/li>\n<ul>\n<li>Equipada con engranajes helicoidales dise\u00f1ados con precisi\u00f3n, la Serie BF garantiza una transmisi\u00f3n de potencia suave y eficiente.<\/li>\n<li>El dise\u00f1o de engranajes helicoidales minimiza el ruido, la vibraci\u00f3n y el juego, lo que da como resultado un funcionamiento m\u00e1s silencioso y un rendimiento general mejorado.<\/li>\n<\/ul>\n<li>Alta eficiencia:<\/li>\n<ul>\n<li>Los motorreductores helicoidales de la serie BF son conocidos por su alta eficiencia, lo que se traduce en un menor consumo de energ\u00eda y ahorro de costos para las operaciones industriales.<\/li>\n<li>Con dise\u00f1os de engranajes optimizados y bajas p\u00e9rdidas por fricci\u00f3n, ofrecen una eficiencia y un rendimiento excepcionales.<\/li>\n<\/ul>\n<li>Opciones de motor vers\u00e1tiles:<\/li>\n<ul>\n<li>La serie BF ofrece una amplia gama de opciones de motor para adaptarse a diferentes requisitos de potencia y condiciones de funcionamiento.<\/li>\n<li>Elija entre varios tipos de motores, como motores de inducci\u00f3n o motores de imanes permanentes, seg\u00fan las necesidades de su aplicaci\u00f3n.<\/li>\n<\/ul>\n<\/ol>\n<h3>Tipo de combinaci\u00f3n:<\/h3>\n<p>A continuaci\u00f3n se muestra una tabla de combinaci\u00f3n entre la caja de cambios y el motor el\u00e9ctrico en cada lista en el rango de relaci\u00f3n.<\/p>\n<h3>Relaci\u00f3n y par m\u00e1ximo:<\/h3>\n<p>(Insertar im\u00e1genes aqu\u00ed)<\/p>\n<h3>\u00c1rea de trabajo:<\/h3>\n<p>(Insertar imagen aqu\u00ed)<\/p>\n<h3>Equipo de procesamiento:<\/h3>\n<p>(Insertar im\u00e1genes aqu\u00ed)<\/p>\n<h3>L\u00ednea de montaje semiautom\u00e1tica:<\/h3>\n<p>(Insertar imagen aqu\u00ed)<\/p>\n<h3>Acerca de nuestra empresa:<\/h3>\n<p>Nuestra empresa es un proveedor l\u00edder de soluciones de transmisi\u00f3n de alta calidad. Con equipos de producci\u00f3n y prueba avanzados, empleamos personal profesional y t\u00e9cnico para llevar a cabo investigaciones y desarrollos innovadores. Nuestra gesti\u00f3n de producci\u00f3n estandarizada garantiza un control estricto sobre cada eslab\u00f3n de la producci\u00f3n de reductores, lo que da como resultado productos que son conocidos por su alta eficiencia energ\u00e9tica, estabilidad y calidad.<\/p>\n<p>Adem\u00e1s de los motorreductores helicoidales de la serie BF, tambi\u00e9n suministramos diversos productos de engranajes de pl\u00e1stico utilizados en la industria. Nuestra amplia gama incluye cajas de engranajes agr\u00edcolas, ejes de salida de potencia, ruedas dentadas, acoplamientos de fluidos, reductores de engranajes sinf\u00edn, engranajes y cremalleras, cadenas desmontables, poleas y poleas, cajas de engranajes planetarios, poleas de distribuci\u00f3n, bujes y m\u00e1s. Nos enorgullecemos de ofrecer productos de alta calidad a precios favorables y brindar un servicio considerado a nuestros clientes. Tambi\u00e9n damos la bienvenida a los clientes que vienen a nosotros para personalizaciones basadas en sus requisitos espec\u00edficos de dibujo o muestra.<\/p>\n<h3>Preguntas frecuentes:<\/h3>\n<ol>\n<li>\u00bfQu\u00e9 hace que los motorreductores helicoidales de la serie BF sean adecuados para entornos industriales exigentes?<\/li>\n<li>\u00bfC\u00f3mo contribuye la tecnolog\u00eda de engranajes helicoidales de la Serie BF a un funcionamiento m\u00e1s silencioso?<\/li>\n<li>\u00bfCu\u00e1les son los beneficios de elegir un motorreductor helicoidal de la serie BF con alta eficiencia?<\/li>\n<li>\u00bfSe puede personalizar la Serie BF para satisfacer requisitos de potencia espec\u00edficos?<\/li>\n<li>Adem\u00e1s de la Serie BF, \u00bfqu\u00e9 otros productos ofrece su empresa en el campo de la transmisi\u00f3n?<\/li>\n<\/ol>","protected":false},"excerpt":{"rendered":"<p>BF Series Helical Geared Motors: Delivering Power and Efficiency The BF Series Helical Geared Motors are cutting-edge mechanical devices designed to deliver exceptional power transmission and efficiency in various industrial applications. These geared motors combine robust construction, precise engineering, and advanced features to provide reliable performance and optimize productivity. Key Characteristics of BF Series Helical [&hellip;]<\/p>","protected":false},"featured_media":3241,"template":"","meta":{"_et_pb_use_builder":"","_et_pb_old_content":"","_et_gb_content_width":""},"product_brand":[],"product_cat":[11284],"product_tag":[],"class_list":{"0":"post-3242","1":"product","2":"type-product","3":"status-publish","4":"has-post-thumbnail","6":"product_cat-helical-gearbox","8":"first","9":"instock","10":"shipping-taxable","11":"product-type-simple"},"_links":{"self":[{"href":"https:\/\/agricultural-gear-boxes.com\/es\/wp-json\/wp\/v2\/product\/3242","targetHints":{"allow":["GET"]}}],"collection":[{"href":"https:\/\/agricultural-gear-boxes.com\/es\/wp-json\/wp\/v2\/product"}],"about":[{"href":"https:\/\/agricultural-gear-boxes.com\/es\/wp-json\/wp\/v2\/types\/product"}],"wp:featuredmedia":[{"embeddable":true,"href":"https:\/\/agricultural-gear-boxes.com\/es\/wp-json\/wp\/v2\/media\/3241"}],"wp:attachment":[{"href":"https:\/\/agricultural-gear-boxes.com\/es\/wp-json\/wp\/v2\/media?parent=3242"}],"wp:term":[{"taxonomy":"product_brand","embeddable":true,"href":"https:\/\/agricultural-gear-boxes.com\/es\/wp-json\/wp\/v2\/product_brand?post=3242"},{"taxonomy":"product_cat","embeddable":true,"href":"https:\/\/agricultural-gear-boxes.com\/es\/wp-json\/wp\/v2\/product_cat?post=3242"},{"taxonomy":"product_tag","embeddable":true,"href":"https:\/\/agricultural-gear-boxes.com\/es\/wp-json\/wp\/v2\/product_tag?post=3242"}],"curies":[{"name":"wp","href":"https:\/\/api.w.org\/{rel}","templated":true}]}}