{"id":3246,"date":"2024-08-20T08:31:32","date_gmt":"2024-08-20T08:31:32","guid":{"rendered":"https:\/\/agricultural-gear-boxes.com\/product\/bs-series-helical-geared-motors\/"},"modified":"2024-08-20T08:31:32","modified_gmt":"2024-08-20T08:31:32","slug":"bs-series-helical-geared-motors","status":"publish","type":"product","link":"https:\/\/agricultural-gear-boxes.com\/es\/product\/bs-series-helical-geared-motors\/","title":{"rendered":"Motorreductores helicoidales de la serie BS"},"content":{"rendered":"<h2>Motorreductores helicoidales de la serie BS: ofrecen potencia y eficiencia inigualables<\/h2>\n<p>Los motorreductores helicoidales de la serie BS son la \u00faltima incorporaci\u00f3n a la gama de dispositivos mec\u00e1nicos de alto rendimiento dise\u00f1ados para ofrecer una transmisi\u00f3n de potencia y una eficiencia excepcionales en diversas aplicaciones industriales. Estos motorreductores son conocidos por su construcci\u00f3n robusta, ingenier\u00eda precisa y caracter\u00edsticas avanzadas que brindan un rendimiento confiable y optimizan la productividad.<\/p>\n<p>Estos motores tienen una larga historia de desarrollo y ahora vienen en diferentes versiones, incluidos los motores de engranajes c\u00f3nicos helicoidales que se pueden suministrar seg\u00fan las especificaciones de su aplicaci\u00f3n. Los motores con engranajes helicoidales de la serie BS vienen con una tabla de combinaci\u00f3n entre la caja de engranajes y el motor el\u00e9ctrico en cada lista del rango de relaci\u00f3n. La tabla de lubricantes muestra los lubricantes adecuados para estos motores.<\/p>\n<h3>Ventajas de los motorreductores helicoidales de la serie BS<\/h3>\n<p>Los motorreductores helicoidales de la serie BS tienen una amplia gama de ventajas, entre las que se incluyen:<\/p>\n<ul>\n<li>Alta capacidad de transmisi\u00f3n de potencia, incluso en condiciones dif\u00edciles.<\/li>\n<li>Mayor eficiencia, lo que se traduce en una mayor productividad y menores costes energ\u00e9ticos.<\/li>\n<li>Ingenier\u00eda de precisi\u00f3n, que garantiza un funcionamiento suave y silencioso.<\/li>\n<li>Construcci\u00f3n robusta, que mejora la durabilidad y la resistencia al desgaste.<\/li>\n<li>Opciones de montaje flexibles, que permiten una f\u00e1cil integraci\u00f3n con otros equipos.<\/li>\n<\/ul>\n<h3>Instalaci\u00f3n, mantenimiento y reparaci\u00f3n de motores con engranajes helicoidales de la serie BS<\/h3>\n<p>Los motores con engranajes helicoidales de la serie BS son f\u00e1ciles de instalar, mantener y reparar. A continuaci\u00f3n, se ofrecen algunos consejos:<\/p>\n<ul>\n<li>Assess your application&#8217;s power and torque requirements to select the appropriate BS Series Helical Geared Motor.<\/li>\n<li>Tenga en cuenta la capacidad de carga, la velocidad y el ciclo de trabajo para garantizar un rendimiento \u00f3ptimo.<\/li>\n<li>Monte de forma segura el motorreductor utilizando soportes y sujetadores adecuados.<\/li>\n<li>Aseg\u00farese de que la alineaci\u00f3n sea adecuada con los ejes de entrada y salida del equipo conectado.<\/li>\n<li>Conecte el motor a la fuente de alimentaci\u00f3n utilizando las conexiones el\u00e9ctricas y los procedimientos de cableado recomendados.<\/li>\n<li>Utilice sistemas de control adecuados, como variadores de frecuencia (VFD), para gestionar la velocidad y la direcci\u00f3n del motorreductor.<\/li>\n<li>Follow the manufacturer&#8217;s instructions for proper voltage, phase, and frequency settings.<\/li>\n<\/ul>\n<p>Regular maintenance can help extend the life of the BS Series Helical Geared Motors. Keep the motor clean and well-lubricated, and inspect it regularly for signs of wear and tear. If you need to repair the motor, make sure to use genuine spare parts and follow the manufacturer&#8217;s instructions carefully.<\/p>\n<h3>Otros productos de nuestra empresa<\/h3>\n<p>Ofrecemos una amplia gama de soluciones de transmisi\u00f3n para diversas industrias. Nuestros productos incluyen cajas de engranajes agr\u00edcolas, ejes de salida de potencia, ruedas dentadas, acoplamientos de fluidos, reductores de engranajes helicoidales, engranajes y cremalleras, cadenas desmontables, poleas y poleas, cajas de engranajes planetarios, poleas de distribuci\u00f3n, bujes y m\u00e1s. Nuestros productos son conocidos por su alta calidad, precio favorable y servicio considerado. Tambi\u00e9n damos la bienvenida a los clientes que vienen a nosotros para la personalizaci\u00f3n de dibujos o muestras.<\/p>\n<h2>Preguntas y respuestas<\/h2>\n<p>1. \u00bfCu\u00e1les son las ventajas de utilizar motorreductores helicoidales de la serie BS?<br \/>\n2. \u00bfQu\u00e9 tipos de motores c\u00f3nicos helicoidales se pueden suministrar en la serie BS?<br \/>\n3. \u00bfCu\u00e1les son los requisitos de instalaci\u00f3n de los motores con engranajes helicoidales de la serie BS?<br \/>\n4. \u00bfC\u00f3mo se puede prolongar la vida \u00fatil de los motorreductores helicoidales de la serie BS?<br \/>\n5. \u00bfQu\u00e9 otros productos ofrece la empresa, adem\u00e1s de los motorreductores helicoidales de la serie BS?<\/p>","protected":false},"excerpt":{"rendered":"<p>BS Series Helical Geared Motors: Delivering Unmatched Power and Efficiency The BS Series Helical Geared Motors are the latest addition to the range of high-performance mechanical devices designed to deliver exceptional power transmission and efficiency in various industrial applications. These geared motors are known for their robust construction, precise engineering, and advanced features that provide [&hellip;]<\/p>","protected":false},"featured_media":3245,"template":"","meta":{"_et_pb_use_builder":"","_et_pb_old_content":"","_et_gb_content_width":""},"product_brand":[],"product_cat":[11284],"product_tag":[],"class_list":{"0":"post-3246","1":"product","2":"type-product","3":"status-publish","4":"has-post-thumbnail","6":"product_cat-helical-gearbox","8":"first","9":"instock","10":"shipping-taxable","11":"product-type-simple"},"_links":{"self":[{"href":"https:\/\/agricultural-gear-boxes.com\/es\/wp-json\/wp\/v2\/product\/3246","targetHints":{"allow":["GET"]}}],"collection":[{"href":"https:\/\/agricultural-gear-boxes.com\/es\/wp-json\/wp\/v2\/product"}],"about":[{"href":"https:\/\/agricultural-gear-boxes.com\/es\/wp-json\/wp\/v2\/types\/product"}],"wp:featuredmedia":[{"embeddable":true,"href":"https:\/\/agricultural-gear-boxes.com\/es\/wp-json\/wp\/v2\/media\/3245"}],"wp:attachment":[{"href":"https:\/\/agricultural-gear-boxes.com\/es\/wp-json\/wp\/v2\/media?parent=3246"}],"wp:term":[{"taxonomy":"product_brand","embeddable":true,"href":"https:\/\/agricultural-gear-boxes.com\/es\/wp-json\/wp\/v2\/product_brand?post=3246"},{"taxonomy":"product_cat","embeddable":true,"href":"https:\/\/agricultural-gear-boxes.com\/es\/wp-json\/wp\/v2\/product_cat?post=3246"},{"taxonomy":"product_tag","embeddable":true,"href":"https:\/\/agricultural-gear-boxes.com\/es\/wp-json\/wp\/v2\/product_tag?post=3246"}],"curies":[{"name":"wp","href":"https:\/\/api.w.org\/{rel}","templated":true}]}}