{"id":3252,"date":"2024-08-20T08:31:36","date_gmt":"2024-08-20T08:31:36","guid":{"rendered":"https:\/\/agricultural-gear-boxes.com\/product\/mj-series-helical-bevel-gear-gearmotors\/"},"modified":"2024-08-20T08:31:36","modified_gmt":"2024-08-20T08:31:36","slug":"mj-series-helical-bevel-gear-gearmotors","status":"publish","type":"product","link":"https:\/\/agricultural-gear-boxes.com\/es\/product\/mj-series-helical-bevel-gear-gearmotors\/","title":{"rendered":"Motorreductores de engranajes c\u00f3nicos helicoidales de la serie MJ"},"content":{"rendered":"<h2>Motorreductores de engranajes c\u00f3nicos helicoidales de la serie MJ: combinando eficiencia y versatilidad<\/h2>\n<p>Los motorreductores con engranajes c\u00f3nicos helicoidales de la serie MJ son una soluci\u00f3n potente y vers\u00e1til para una amplia gama de aplicaciones industriales. Estos motorreductores combinan la eficiencia de los engranajes helicoidales con la versatilidad de los engranajes c\u00f3nicos para ofrecer un alto rendimiento y una transmisi\u00f3n de potencia fiable. Con una gama de par\u00e1metros t\u00e9cnicos y opciones de montaje, los motorreductores de la serie MJ se pueden personalizar para adaptarse a diferentes aplicaciones e industrias.<\/p>\n<h3>Par\u00e1metros t\u00e9cnicos<\/h3>\n<ul>\n<li><strong>Tipo:<\/strong> 39\/49\/59\/69\/79\/89\/99\/109\/129\/159\/169\/189<\/li>\n<li><strong>Par de salida:<\/strong> Hasta 50000 Nm<\/li>\n<li><strong>Velocidad de salida:<\/strong> 0,04 ~ 265 rpm<\/li>\n<li><strong>Potencia de entrada:<\/strong> 0,12 ~ 200 kW<\/li>\n<li><strong>Eje de salida:<\/strong> Eje macizo con chaveta paralela, eje hueco con disco de contracci\u00f3n, eje hueco con chaveta paralela, eje hueco con estr\u00edas evolventes<\/li>\n<\/ul>\n<h3>Tipo de montaje<\/h3>\n<p>Los motorreductores de la serie MJ vienen en varios tipos de montaje, incluidos:<\/p>\n<p><img loading=\"lazy\" decoding=\"async\" class=\"size-full wp-image-395181 alignnone\" style=\"color: #666666; font-size: 14px; text-align: center;\" src=\"https:\/\/www.ever-power.net\/wp-content\/uploads\/2023\/12\/mj-series-helical-bevel-gear-gearmotors-2.webp\" alt=\"\" width=\"1005\" height=\"221\" \/><\/p>\n<h3>Principales industrias de aplicaci\u00f3n<\/h3>\n<p>Los motorreductores de la serie MJ se pueden utilizar en una variedad de industrias, entre las que se incluyen:<\/p>\n<ul>\n<li>Acero<\/li>\n<li>Productos qu\u00edmicos<\/li>\n<li>Puertos<\/li>\n<li>Textiles<\/li>\n<li>Protecci\u00f3n ambiental<\/li>\n<li>Alimento<\/li>\n<\/ul>\n<h3>M\u00e9todos de uso vers\u00e1tiles<\/h3>\n<p>Los motorreductores de la serie MJ son muy vers\u00e1tiles y se pueden utilizar en una amplia gama de aplicaciones industriales, entre las que se incluyen:<\/p>\n<ol>\n<li><strong>Sistemas transportadores:<\/strong> Estos motorreductores son ideales para accionar sistemas de transporte, lo que garantiza un manejo de materiales eficiente y sin problemas en industrias como la fabricaci\u00f3n, la log\u00edstica y el embalaje. Proporcionan una transmisi\u00f3n de potencia confiable y un control preciso para un funcionamiento \u00f3ptimo del transportador.<\/li>\n<li><strong>Mezcla y agitaci\u00f3n:<\/strong> Los motorreductores de la serie MJ son ideales para aplicaciones de mezcla y agitaci\u00f3n en industrias como la de alimentos y bebidas, la farmac\u00e9utica y la qu\u00edmica. Ofrecen el par y el movimiento controlado necesarios para procesos de mezcla y agitaci\u00f3n eficientes.<\/li>\n<li><strong>Automatizaci\u00f3n industrial:<\/strong> Estos motorreductores se utilizan en diversos sistemas automatizados, como rob\u00f3tica, l\u00edneas de montaje y equipos de manipulaci\u00f3n de materiales. Permiten un control preciso del movimiento, lo que contribuye a la precisi\u00f3n y eficiencia de las operaciones automatizadas.<\/li>\n<\/ol>\n<h3>\u00c1rea de aplicaci\u00f3n<\/h3>\n<p>Los motorreductores de la serie MJ se utilizan ampliamente en diversas industrias, entre ellas:<\/p>\n<ul>\n<li>Nueva industria energ\u00e9tica<\/li>\n<li>Estacionamiento tridimensional<\/li>\n<li>Maquinaria de construcci\u00f3n<\/li>\n<li>Equipo de protecci\u00f3n ambiental<\/li>\n<li>Estampado y te\u00f1ido de textiles<\/li>\n<li>Energ\u00eda minera<\/li>\n<li>Buques portuarios<\/li>\n<li>Entretenimiento esc\u00e9nico<\/li>\n<li>Procesamiento de metales<\/li>\n<\/ul>\n<h3>Instalaci\u00f3n, mantenimiento y reparaci\u00f3n<\/h3>\n<p>La instalaci\u00f3n de los motorreductores de la serie MJ debe ser realizada por personal calificado con experiencia en reductores industriales. Se recomienda realizar un mantenimiento regular para garantizar que los motorreductores funcionen con la m\u00e1xima eficiencia y evitar problemas causados por el desgaste. En caso de reparaci\u00f3n, es importante utilizar repuestos originales para garantizar un rendimiento y una fiabilidad \u00f3ptimos. Las instrucciones para sustituir los motorreductores de la serie MJ deben seguirse cuidadosamente para garantizar una instalaci\u00f3n y un funcionamiento adecuados.<\/p>\n<h2>Otros productos de nuestra empresa<\/h2>\n<p>Adem\u00e1s de los motorreductores de engranajes c\u00f3nicos helicoidales de la serie MJ, nuestra empresa suministra diversos engranajes de pl\u00e1stico utilizados en industrias como cajas de engranajes agr\u00edcolas, ejes de salida de potencia, ruedas dentadas, acoplamientos de fluidos, reductores de engranajes sinf\u00edn, engranajes y cremalleras, cadenas desmontables, poleas y poleas, cajas de engranajes planetarios, poleas de distribuci\u00f3n, bujes y m\u00e1s. Nos enorgullecemos de ofrecer productos de alta calidad, precios favorables y un servicio considerado. Damos la bienvenida a los clientes a que vengan a nosotros para la personalizaci\u00f3n de dibujos o muestras.<\/p>\n<h2>Preguntas y respuestas<\/h2>\n<h3>1. \u00bfPara qu\u00e9 industrias son adecuados los motorreductores de la serie MJ?<\/h3>\n<p>Los motorreductores de la serie MJ son adecuados para una amplia gama de industrias, incluidas la del acero, la qu\u00edmica, la portuaria, la textil, la protecci\u00f3n del medio ambiente y la alimentaci\u00f3n.<\/p>\n<h3>2. \u00bfCu\u00e1les son las especificaciones t\u00e9cnicas de los motorreductores de la Serie MJ?<\/h3>\n<p>Las especificaciones t\u00e9cnicas de los motorreductores de la serie MJ incluyen tipo, par de salida, velocidad de salida, potencia de entrada y opciones de eje de salida.<\/p>\n<h3>3. \u00bfSe pueden utilizar los motorreductores de la Serie MJ en sistemas automatizados?<\/h3>\n<p>S\u00ed, los motorreductores de la serie MJ son adecuados para su uso en diversos sistemas automatizados, incluidos rob\u00f3ticos, l\u00edneas de montaje y equipos de manipulaci\u00f3n de materiales.<\/p>\n<h3>4. \u00bfC\u00f3mo se deben instalar y mantener los motorreductores de la Serie MJ?<\/h3>\n<p>Los motorreductores de la serie MJ deben ser instalados por personal calificado con experiencia en reductores industriales. Se recomienda realizar un mantenimiento regular para garantizar un rendimiento \u00f3ptimo y evitar problemas causados por el desgaste.<\/p>\n<h3>5. \u00bfQu\u00e9 otros productos suministra su empresa?<\/h3>\n<p>Adem\u00e1s de los motorreductores de la serie MJ, nuestra empresa suministra una gama de engranajes de pl\u00e1stico utilizados en industrias como cajas de engranajes agr\u00edcolas, ejes de salida de potencia, pi\u00f1ones, acoplamientos de fluido, reductores de tornillo sin fin, engranajes y cremalleras, cadenas desmontables, poleas y poleas, cajas de engranajes planetarios, poleas de distribuci\u00f3n, bujes y m\u00e1s.<\/p>","protected":false},"excerpt":{"rendered":"<p>MJ Series Helical Bevel Gear Gearmotors: Combining Efficiency and Versatility The MJ Series Helical Bevel Gear Gearmotors are a powerful and versatile solution for a wide range of industrial applications. These gearmotors combine the efficiency of helical gears with the versatility of bevel gears to deliver high performance and reliable power transmission. With a range [&hellip;]<\/p>","protected":false},"featured_media":3251,"template":"","meta":{"_et_pb_use_builder":"","_et_pb_old_content":"","_et_gb_content_width":""},"product_brand":[],"product_cat":[11284],"product_tag":[],"class_list":{"0":"post-3252","1":"product","2":"type-product","3":"status-publish","4":"has-post-thumbnail","6":"product_cat-helical-gearbox","8":"first","9":"instock","10":"shipping-taxable","11":"product-type-simple"},"_links":{"self":[{"href":"https:\/\/agricultural-gear-boxes.com\/es\/wp-json\/wp\/v2\/product\/3252","targetHints":{"allow":["GET"]}}],"collection":[{"href":"https:\/\/agricultural-gear-boxes.com\/es\/wp-json\/wp\/v2\/product"}],"about":[{"href":"https:\/\/agricultural-gear-boxes.com\/es\/wp-json\/wp\/v2\/types\/product"}],"wp:featuredmedia":[{"embeddable":true,"href":"https:\/\/agricultural-gear-boxes.com\/es\/wp-json\/wp\/v2\/media\/3251"}],"wp:attachment":[{"href":"https:\/\/agricultural-gear-boxes.com\/es\/wp-json\/wp\/v2\/media?parent=3252"}],"wp:term":[{"taxonomy":"product_brand","embeddable":true,"href":"https:\/\/agricultural-gear-boxes.com\/es\/wp-json\/wp\/v2\/product_brand?post=3252"},{"taxonomy":"product_cat","embeddable":true,"href":"https:\/\/agricultural-gear-boxes.com\/es\/wp-json\/wp\/v2\/product_cat?post=3252"},{"taxonomy":"product_tag","embeddable":true,"href":"https:\/\/agricultural-gear-boxes.com\/es\/wp-json\/wp\/v2\/product_tag?post=3252"}],"curies":[{"name":"wp","href":"https:\/\/api.w.org\/{rel}","templated":true}]}}