{"id":3260,"date":"2024-08-20T08:31:40","date_gmt":"2024-08-20T08:31:40","guid":{"rendered":"https:\/\/agricultural-gear-boxes.com\/product\/mtb-series-bevel-helical-high-power-gear-units\/"},"modified":"2024-08-20T08:31:41","modified_gmt":"2024-08-20T08:31:41","slug":"mtb-series-bevel-helical-high-power-gear-units","status":"publish","type":"product","link":"https:\/\/agricultural-gear-boxes.com\/es\/product\/mtb-series-bevel-helical-high-power-gear-units\/","title":{"rendered":"Reductores c\u00f3nicos helicoidales de alta potencia de la serie MTB"},"content":{"rendered":"<h2>Reductores c\u00f3nicos helicoidales de alta potencia de la serie MTB<\/h2>\n<p>Los reductores c\u00f3nicos helicoidales de alta potencia de la serie MTB son productos industriales avanzados dise\u00f1ados para ofrecer potencia, eficiencia y precisi\u00f3n excepcionales. Combinan la resistencia de los engranajes c\u00f3nicos y helicoidales para proporcionar una transmisi\u00f3n de potencia confiable y precisa en diversas aplicaciones industriales. Con su construcci\u00f3n robusta, ingenier\u00eda precisa y alta capacidad de par, son la soluci\u00f3n ideal para las industrias que buscan reductores eficientes y duraderos.<\/p>\n<h3>Aplicaciones y ventajas<\/h3>\n<p>Los reductores de la serie MTB poseen una serie de caracter\u00edsticas excepcionales que los distinguen en el mercado de reductores industriales, lo que los hace adecuados para una amplia gama de aplicaciones. Se utilizan ampliamente en industrias como la miner\u00eda, la energ\u00eda, los buques portuarios, el entretenimiento esc\u00e9nico, el procesamiento de metales, las nuevas energ\u00edas, el estacionamiento tridimensional, la maquinaria de construcci\u00f3n, los equipos de protecci\u00f3n ambiental, la impresi\u00f3n y el te\u00f1ido de textiles.<\/p>\n<p>El dise\u00f1o de engranajes c\u00f3nicos helicoidales garantiza una transmisi\u00f3n de par elevado, un funcionamiento suave y una eficiencia mejorada, lo que da como resultado un rendimiento optimizado y ahorro de energ\u00eda. Cuentan con una carcasa robusta y materiales de alta calidad, lo que garantiza durabilidad y longevidad incluso en entornos exigentes. La construcci\u00f3n robusta proporciona una excelente resistencia a golpes, vibraciones y fuerzas externas, lo que garantiza un rendimiento confiable y constante. Ofrecen una gran capacidad de par, lo que los hace adecuados para aplicaciones que requieren transmisi\u00f3n de potencia de alta resistencia.<\/p>\n<h3>Par\u00e1metros t\u00e9cnicos e instalaci\u00f3n<\/h3>\n<p>Los reductores de la serie MTB se presentan en tres tipos: MTB2..4~MTB2..18, MTB3..4~MTB3..26 y MTB4..5~MTB4..26. Tienen una velocidad de salida de hasta 900000 Nm y pueden manejar un rango de potencia de entrada de 1,7~360 r\/min. El eje de salida puede ser un eje macizo de chaveta paralela, un eje hueco de disco de contracci\u00f3n, un eje hueco de chaveta paralela, un eje hueco estriado evolvente o un eje con brida. Se pueden montar de varias formas, incluido el montaje sobre patas, el montaje sobre brida o el montaje sobre eje.<\/p>\n<h3>Mantenimiento y reparaci\u00f3n<\/h3>\n<p>Para realizar el mantenimiento de las unidades de engranajes de la serie MTB, se deben realizar inspecciones peri\u00f3dicas para garantizar una lubricaci\u00f3n adecuada y se debe cambiar el aceite peri\u00f3dicamente. Si se detecta alg\u00fan problema, como ruido, vibraci\u00f3n, fugas o sobrecalentamiento, la unidad se debe apagar de inmediato para su inspecci\u00f3n y reparaci\u00f3n. La unidad de engranajes debe ser reparada por un t\u00e9cnico profesional con experiencia en la reparaci\u00f3n de unidades de engranajes.<\/p>\n<h3>Otros productos y negocios<\/h3>\n<p>Adem\u00e1s de las unidades de engranajes de la serie MTB, nuestra empresa suministra varios engranajes de pl\u00e1stico utilizados en la industria, como cajas de engranajes agr\u00edcolas, ejes de salida de potencia, ruedas dentadas, acoplamientos de fluido, reductores de engranajes helicoidales, engranajes y cremalleras, cadenas desmontables, poleas y poleas, cajas de engranajes planetarios, poleas de distribuci\u00f3n, bujes y m\u00e1s. Nos enorgullecemos de proporcionar productos de alta calidad a un precio favorable con un servicio considerado y damos la bienvenida a los clientes que vienen a nosotros para la personalizaci\u00f3n de dibujos o muestras.<\/p>\n<h2>Preguntas y respuestas<\/h2>\n<ul>\n<li>P: \u00bfCu\u00e1l es la velocidad de salida de las unidades de engranajes de la serie MTB?<\/li>\n<li>A: Los reductores de la serie MTB tienen una velocidad de salida de hasta 900000 Nm<\/li>\n<li>P: \u00bfQu\u00e9 industrias son adecuadas para las unidades de engranajes de la serie MTB?<\/li>\n<li>R: Los reductores de la serie MTB se utilizan ampliamente en industrias como miner\u00eda, energ\u00eda, barcos portuarios, entretenimiento esc\u00e9nico, procesamiento de metales, nueva energ\u00eda, estacionamiento tridimensional, maquinaria de construcci\u00f3n, equipos de protecci\u00f3n ambiental, impresi\u00f3n textil y te\u00f1ido.<\/li>\n<li>P: \u00bfCu\u00e1les son las ventajas de los reductores de la serie MTB?<\/li>\n<li>A: Los reductores de la serie MTB cuentan con una carcasa robusta y materiales de alta calidad, lo que garantiza durabilidad y longevidad incluso en entornos exigentes. Ofrecen una gran capacidad de par, lo que los hace adecuados para la transmisi\u00f3n de potencia de servicio pesado. El dise\u00f1o de engranajes c\u00f3nicos helicoidales garantiza una transmisi\u00f3n de par elevado, un funcionamiento suave y una eficiencia mejorada, lo que da como resultado un rendimiento optimizado y ahorro de energ\u00eda.<\/li>\n<li>P: \u00bfC\u00f3mo se deben realizar el mantenimiento de los reductores de la serie MTB?<\/li>\n<li>R: Para mantener las unidades de engranajes de la serie MTB, se deben realizar inspecciones peri\u00f3dicas para garantizar una lubricaci\u00f3n adecuada y se debe cambiar el aceite peri\u00f3dicamente. Si se detecta alg\u00fan problema, como ruido, vibraci\u00f3n, fugas o sobrecalentamiento, se debe apagar la unidad de inmediato para su inspecci\u00f3n y reparaci\u00f3n.<\/li>\n<li>P: \u00bfQu\u00e9 otros productos suministra la empresa?<\/li>\n<li>R: Adem\u00e1s de los reductores de la serie MTB, nuestra empresa suministra diversos engranajes de pl\u00e1stico utilizados en la industria, como cajas de engranajes agr\u00edcolas, ejes de salida de potencia, pi\u00f1ones, acoplamientos de fluido, reductores de tornillo sin fin, engranajes y cremalleras, cadenas desmontables, poleas y poleas, cajas de engranajes planetarios, poleas de distribuci\u00f3n, bujes y m\u00e1s.<\/li>\n<\/ul>","protected":false},"excerpt":{"rendered":"<p>MTB Series Bevel-helical High Power Gear Units The MTB Series Bevel-helical High Power Gear Units are advanced industrial products designed for exceptional power, efficiency, and precision. They combine the strength of bevel and helical gears to provide reliable and accurate power transmission in various industrial applications. With their robust construction, precise engineering, and high torque [&hellip;]<\/p>","protected":false},"featured_media":3259,"template":"","meta":{"_et_pb_use_builder":"","_et_pb_old_content":"","_et_gb_content_width":""},"product_brand":[],"product_cat":[11284],"product_tag":[],"class_list":{"0":"post-3260","1":"product","2":"type-product","3":"status-publish","4":"has-post-thumbnail","6":"product_cat-helical-gearbox","8":"first","9":"instock","10":"shipping-taxable","11":"product-type-simple"},"_links":{"self":[{"href":"https:\/\/agricultural-gear-boxes.com\/es\/wp-json\/wp\/v2\/product\/3260","targetHints":{"allow":["GET"]}}],"collection":[{"href":"https:\/\/agricultural-gear-boxes.com\/es\/wp-json\/wp\/v2\/product"}],"about":[{"href":"https:\/\/agricultural-gear-boxes.com\/es\/wp-json\/wp\/v2\/types\/product"}],"wp:featuredmedia":[{"embeddable":true,"href":"https:\/\/agricultural-gear-boxes.com\/es\/wp-json\/wp\/v2\/media\/3259"}],"wp:attachment":[{"href":"https:\/\/agricultural-gear-boxes.com\/es\/wp-json\/wp\/v2\/media?parent=3260"}],"wp:term":[{"taxonomy":"product_brand","embeddable":true,"href":"https:\/\/agricultural-gear-boxes.com\/es\/wp-json\/wp\/v2\/product_brand?post=3260"},{"taxonomy":"product_cat","embeddable":true,"href":"https:\/\/agricultural-gear-boxes.com\/es\/wp-json\/wp\/v2\/product_cat?post=3260"},{"taxonomy":"product_tag","embeddable":true,"href":"https:\/\/agricultural-gear-boxes.com\/es\/wp-json\/wp\/v2\/product_tag?post=3260"}],"curies":[{"name":"wp","href":"https:\/\/api.w.org\/{rel}","templated":true}]}}