{"id":3268,"date":"2024-08-20T08:45:13","date_gmt":"2024-08-20T08:45:13","guid":{"rendered":"https:\/\/agricultural-gear-boxes.com\/product\/power-transmission-ephb-series-low-speed-reducer-presses-helical-bevel-gearbox\/"},"modified":"2024-08-20T08:45:14","modified_gmt":"2024-08-20T08:45:14","slug":"power-transmission-ephb-series-low-speed-reducer-presses-helical-bevel-gearbox","status":"publish","type":"product","link":"https:\/\/agricultural-gear-boxes.com\/es\/product\/power-transmission-ephb-series-low-speed-reducer-presses-helical-bevel-gearbox\/","title":{"rendered":"Reductor de baja velocidad de la serie EPHB para transmisi\u00f3n de potencia Prensas con caja de engranajes c\u00f3nicos helicoidales"},"content":{"rendered":"<h2>Prensas reductoras de baja velocidad de la serie EPHB para transmisi\u00f3n de potencia Caja de engranajes c\u00f3nicos helicoidales<\/h2>\n<p>\u00bfEst\u00e1 buscando una caja de engranajes reductora de baja velocidad y alta calidad que sea perfecta para una variedad de aplicaciones industriales? La caja de engranajes c\u00f3nicos helicoidales para prensas reductoras de baja velocidad de la serie Power Transmission EPHB es una excelente opci\u00f3n. Esta caja de engranajes tiene un dise\u00f1o altamente modular, lo que garantiza que pueda manejar incluso las cargas m\u00e1s dif\u00edciles con facilidad. Tambi\u00e9n ofrece una transmisi\u00f3n estable y bajo nivel de ruido, lo que la convierte en una opci\u00f3n ideal para aplicaciones donde el funcionamiento silencioso es importante. Con su buen rendimiento de sellado y su amplia gama de aplicaciones industriales, esta caja de engranajes seguramente satisfar\u00e1 sus necesidades.<\/p>\n<p>El reductor de baja velocidad de la serie EPHB tiene una serie de ventajas, entre ellas:<\/p>\n<h3>Ventajas:<\/h3>\n<ol>\n<li>Dise\u00f1o altamente modular<\/li>\n<li>Soporte de alta carga, transmisi\u00f3n estable y bajo nivel de ruido.<\/li>\n<li>Buen rendimiento de sellado y amplia gama de aplicaciones industriales.<\/li>\n<li>Alta eficiencia y ahorro de energ\u00eda.<\/li>\n<li>Ahorro de costes y bajo mantenimiento<\/li>\n<\/ol>\n<p>Esta caja de cambios es ideal para una amplia gama de aplicaciones, que incluyen:<\/p>\n<h3>Aplicaciones principales:<\/h3>\n<ol>\n<li>Agitador qu\u00edmico<\/li>\n<li>Elevaci\u00f3n y transporte<\/li>\n<li>Metalurgia del hierro y del acero<\/li>\n<li>Electricidad<\/li>\n<li>Miner\u00eda de carb\u00f3n<\/li>\n<li>Cemento y construcci\u00f3n<\/li>\n<li>Industria del papel y ligera<\/li>\n<\/ol>\n<p>Datos del producto:<\/p>\n<table border=\"1\" cellspacing=\"0\" cellpadding=\"0\" align=\"left\">\n<tbody>\n<tr>\n<td>\n<table class=\"alignleft\">\n<tbody>\n<tr>\n<td>Material de la carcasa<\/td>\n<\/tr>\n<\/tbody>\n<\/table>\n<\/td>\n<td>\n<table>\n<tbody>\n<tr>\n<td>Hierro fundido HT250<\/td>\n<\/tr>\n<\/tbody>\n<\/table>\n<\/td>\n<\/tr>\n<tr>\n<td>Dureza de la carcasa<\/td>\n<td>HBS190-240<\/td>\n<\/tr>\n<tr>\n<td>Material de engranajes<\/td>\n<td>Acero de aleaci\u00f3n 20CrMnTi<\/td>\n<\/tr>\n<tr>\n<td>Dureza superficial de los engranajes<\/td>\n<td>\n<table>\n<tbody>\n<tr>\n<td>HRC58??~62 ??<\/td>\n<\/tr>\n<\/tbody>\n<\/table>\n<\/td>\n<\/tr>\n<tr>\n<td>Dureza del n\u00facleo del engranaje<\/td>\n<td>HRCC33 ~ 40<\/td>\n<\/tr>\n<tr>\n<td>Material del eje de entrada\/salida<\/td>\n<td>Acero de aleaci\u00f3n 40CrMnTi<\/td>\n<\/tr>\n<tr>\n<td>Dureza del eje de entrada\/salida<\/td>\n<td>HRc25 ~ 30<\/td>\n<\/tr>\n<tr>\n<td>Precisi\u00f3n de mecanizado de engranajes<\/td>\n<td>Rectificado preciso, grado 6~5<\/td>\n<\/tr>\n<tr>\n<td>\n<table>\n<tbody>\n<tr>\n<td>Aceite lubricante<\/td>\n<\/tr>\n<\/tbody>\n<\/table>\n<\/td>\n<td>GB L-CKC220-460, Shell Omala220-460<\/td>\n<\/tr>\n<tr>\n<td>Tratamiento t\u00e9rmico<\/td>\n<td>revenido, cementado, temple, etc.<\/td>\n<\/tr>\n<tr>\n<td>Eficiencia<\/td>\n<td>\n<table>\n<tbody>\n<tr>\n<td>94%~96% (depende de la etapa de transmisi\u00f3n)<\/td>\n<\/tr>\n<\/tbody>\n<\/table>\n<\/td>\n<\/tr>\n<tr>\n<td>Ruido (m\u00e1ximo)<\/td>\n<td>60 ~ 68 dB<\/td>\n<\/tr>\n<tr>\n<td>Aumento de temperatura (M\u00c1XIMO)<\/td>\n<td>40 \u00b0C<\/td>\n<\/tr>\n<tr>\n<td>Aumento de temperatura (aceite) (M\u00c1X.)<\/td>\n<td>50 \u00b0C<\/td>\n<\/tr>\n<tr>\n<td>Vibraci\u00f3n<\/td>\n<td>??20?metros<\/td>\n<\/tr>\n<tr>\n<td>Reacci\u00f3n<\/td>\n<td>??20 minutos de arco<\/td>\n<\/tr>\n<\/tbody>\n<\/table>\n<p><img loading=\"lazy\" decoding=\"async\" class=\"size-full wp-image-380268 alignnone\" src=\"https:\/\/www.ever-power.net\/wp-content\/uploads\/2022\/06\/product-data1.jpg\" alt=\"\" width=\"627\" height=\"803\" \/> <\/p>\n<h2>\u00bfPor qu\u00e9 elegirnos?<\/h2>\n<h3>1. Amplia selecci\u00f3n de reductores<\/h3>\n<p>Nuestra empresa ofrece la m\u00e1s amplia gama de soluciones est\u00e1ndar y personalizadas para aplicaciones en control de movimiento y transmisi\u00f3n mec\u00e1nica. Proporcionamos reductores planetarios en l\u00ednea de precisi\u00f3n y reductores planetarios de \u00e1ngulo recto, reductores de servomotores de \u00e1ngulo recto de 90 grados, reductores de transmisi\u00f3n arm\u00f3nica, reductores RV para robots, cremalleras y pi\u00f1ones de precisi\u00f3n rectificados, servomotores, motores paso a paso, motores sin escobillas, etc. La empresa tambi\u00e9n puede proporcionar reductores de engranajes helicoidales, motorreductores, gatos de tornillo, engranajes de direcci\u00f3n y otros reductores y accesorios relacionados. Esto significa que puede obtener lo que desea aqu\u00ed mismo y beneficiarse de nuestro servicio integral, lo que le permitir\u00e1 ahorrar tiempo y dinero.<\/p>\n<h3>2. Precio atractivo y calidad de marca superior<\/h3>\n<p>Ofrecemos a nuestros clientes precios muy atractivos con buena calidad. En comparaci\u00f3n con las cajas de engranajes de otras empresas, nuestras cajas de engranajes planetarios de precisi\u00f3n se caracterizan por un juego reducido (2-8 arcmin), una alta eficiencia (??95%) y un bajo nivel de ruido (60dBA). Todas las cajas de engranajes servo producidas por nuestra famosa marca ser\u00e1n estrictamente inspeccionadas y probadas antes de salir de f\u00e1brica. Adem\u00e1s, ofrecemos a los clientes una garant\u00eda de un a\u00f1o y un servicio posventa de por vida.<\/p>\n<h3>3. Soporte t\u00e9cnico profesional integral<\/h3>\n<p>No se preocupe si no sabe c\u00f3mo elegir la transmisi\u00f3n adecuada para su m\u00e1quina. Contamos con un equipo t\u00e9cnico profesional para atenderlo. Siempre que siga nuestros pasos, sabr\u00e1 c\u00f3mo elegir el tama\u00f1o adecuado. Despu\u00e9s de seleccionar la caja de cambios adecuada para su motor, le enviaremos el plano CAD correspondiente para que lo inspeccione y evite errores. Tambi\u00e9n ofrecemos soporte t\u00e9cnico las 24 horas si tiene alg\u00fan otro problema que necesite una soluci\u00f3n urgente.<\/p>\n<h3>4. Proporcionar un servicio personalizado<\/h3>\n<p>Si necesita una caja de cambios personalizada para una aplicaci\u00f3n \u00fanica, podemos brindarle un servicio personalizado seg\u00fan sus requisitos. Le proporcionaremos cajas de cambios personalizadas confiables y de alto rendimiento para pares de salida peque\u00f1os y grandes. Indique a nuestro ingeniero de ventas sus requisitos detallados y todas las dimensiones necesarias que desea. Cuanta m\u00e1s informaci\u00f3n nos brinde, m\u00e1s adecuada podremos dise\u00f1ar una transmisi\u00f3n personalizada para usted.<\/p>\n<h3>5. Plazo de entrega r\u00e1pido<\/h3>\n<p>Para la mayor\u00eda de los reductores est\u00e1ndar, contamos con suficiente stock, que se puede entregar a los clientes en muy poco tiempo, solucionando el problema de reemplazo urgente de cajas de cambios da\u00f1adas en m\u00e1quinas en funcionamiento y ahorrando costos para los clientes. Adem\u00e1s, si un cliente necesita una caja de cambios de un tama\u00f1o determinado con urgencia y no la tenemos en stock, podemos organizar la producci\u00f3n prioritaria, especialmente para usted.<\/p>\n<h2>Otros productos<\/h2>\n<p>Adem\u00e1s de las cajas de engranajes c\u00f3nicos helicoidales para prensas reductoras de baja velocidad de la serie EPHB para transmisi\u00f3n de potencia, tambi\u00e9n suministramos una amplia gama de otros productos industriales de alta calidad. Nuestras ofertas incluyen diversos engranajes de pl\u00e1stico utilizados en la industria, como cajas de engranajes agr\u00edcolas, ejes de salida de potencia, ruedas dentadas, acoplamientos de fluidos, reductores de engranajes sinf\u00edn, engranajes y cremalleras, cadenas desmontables, poleas y poleas, cajas de engranajes planetarios, poleas de distribuci\u00f3n, bujes y m\u00e1s. Nuestros productos son de la m\u00e1s alta calidad, se ofrecen a precios favorables y est\u00e1n respaldados por nuestro atento servicio. Damos la bienvenida a los clientes a que vengan a nosotros para personalizar dibujos o muestras.<\/p>\n<h2>Preguntas y respuestas<\/h2>\n<p>1. \u00bfCu\u00e1l es el material de la carcasa de la caja de cambios reductora de baja velocidad de la serie EPHB?<br \/>\n2. \u00bfCu\u00e1les son las principales aplicaciones del reductor de baja velocidad de la serie EPHB?<br \/>\n3. \u00bfCu\u00e1les son las ventajas del reductor de baja velocidad de la serie EPHB?<br \/>\n4. \u00bfQu\u00e9 tipos de reductores proporciona su empresa?<br \/>\n5. \u00bfCu\u00e1nto dura el per\u00edodo de garant\u00eda de sus productos?<\/p>","protected":false},"excerpt":{"rendered":"<p>Caja de engranajes c\u00f3nicos helicoidales para prensas reductoras de baja velocidad de la serie EPHB de transmisi\u00f3n de potencia \u00bfEst\u00e1 buscando una caja de engranajes c\u00f3nicos helicoidales de alta calidad y baja velocidad que sea perfecta para una variedad de aplicaciones industriales? La caja de engranajes c\u00f3nicos helicoidales para prensas reductoras de baja velocidad de la serie EPHB de transmisi\u00f3n de potencia es una excelente opci\u00f3n. Esta caja de engranajes tiene un dise\u00f1o altamente modular, lo que garantiza que pueda [\u2026]<\/p>","protected":false},"featured_media":3267,"template":"","meta":{"_et_pb_use_builder":"","_et_pb_old_content":"","_et_gb_content_width":""},"product_brand":[],"product_cat":[11285],"product_tag":[],"class_list":{"0":"post-3268","1":"product","2":"type-product","3":"status-publish","4":"has-post-thumbnail","6":"product_cat-bevel-gearbox","8":"first","9":"instock","10":"shipping-taxable","11":"product-type-simple"},"_links":{"self":[{"href":"https:\/\/agricultural-gear-boxes.com\/es\/wp-json\/wp\/v2\/product\/3268","targetHints":{"allow":["GET"]}}],"collection":[{"href":"https:\/\/agricultural-gear-boxes.com\/es\/wp-json\/wp\/v2\/product"}],"about":[{"href":"https:\/\/agricultural-gear-boxes.com\/es\/wp-json\/wp\/v2\/types\/product"}],"wp:featuredmedia":[{"embeddable":true,"href":"https:\/\/agricultural-gear-boxes.com\/es\/wp-json\/wp\/v2\/media\/3267"}],"wp:attachment":[{"href":"https:\/\/agricultural-gear-boxes.com\/es\/wp-json\/wp\/v2\/media?parent=3268"}],"wp:term":[{"taxonomy":"product_brand","embeddable":true,"href":"https:\/\/agricultural-gear-boxes.com\/es\/wp-json\/wp\/v2\/product_brand?post=3268"},{"taxonomy":"product_cat","embeddable":true,"href":"https:\/\/agricultural-gear-boxes.com\/es\/wp-json\/wp\/v2\/product_cat?post=3268"},{"taxonomy":"product_tag","embeddable":true,"href":"https:\/\/agricultural-gear-boxes.com\/es\/wp-json\/wp\/v2\/product_tag?post=3268"}],"curies":[{"name":"wp","href":"https:\/\/api.w.org\/{rel}","templated":true}]}}