{"id":3270,"date":"2024-08-20T08:45:15","date_gmt":"2024-08-20T08:45:15","guid":{"rendered":"https:\/\/agricultural-gear-boxes.com\/product\/output-flange-helical-bevel-gearbox-reducer\/"},"modified":"2024-08-20T08:45:15","modified_gmt":"2024-08-20T08:45:15","slug":"output-flange-helical-bevel-gearbox-reducer","status":"publish","type":"product","link":"https:\/\/agricultural-gear-boxes.com\/es\/product\/output-flange-helical-bevel-gearbox-reducer\/","title":{"rendered":"Reductor de engranajes c\u00f3nicos helicoidales con brida de salida"},"content":{"rendered":"<h2>Reductor de engranajes c\u00f3nicos helicoidales con brida de salida<\/h2>\n<p>\nEl reductor de engranajes c\u00f3nicos helicoidales con brida de salida es un dispositivo de transmisi\u00f3n de alto rendimiento ampliamente utilizado en diversas aplicaciones industriales. Su dise\u00f1o modular, su capacidad de soportar cargas elevadas, su transmisi\u00f3n estable y su bajo nivel de ruido lo convierten en una opci\u00f3n ideal para muchas industrias. Con un buen rendimiento de sellado y una amplia gama de aplicaciones, este reductor ofrece eficiencia, ahorro de energ\u00eda, rentabilidad y bajo mantenimiento.\n<\/p>\n<h3>Ventajas:<\/h3>\n<ul>\n<li>Dise\u00f1o altamente modular<\/li>\n<li>Soporte de alta carga, transmisi\u00f3n estable y bajo nivel de ruido.<\/li>\n<li>Buen rendimiento de sellado y amplia gama de aplicaciones industriales.<\/li>\n<li>Alta eficiencia y ahorro de energ\u00eda.<\/li>\n<li>Ahorro de costes y bajo mantenimiento<\/li>\n<\/ul>\n<h2>Aplicaciones principales:<\/h2>\n<ul>\n<li>Agitador qu\u00edmico<\/li>\n<li>Elevaci\u00f3n y transporte<\/li>\n<li>Metalurgia del hierro y del acero<\/li>\n<li>Electricidad<\/li>\n<li>Miner\u00eda de carb\u00f3n<\/li>\n<li>Cemento y construcci\u00f3n<\/li>\n<li>Industria del papel y ligera<\/li>\n<\/ul>\n<h2>Datos del producto:<\/h2>\n<table border=\"1\" cellspacing=\"0\" cellpadding=\"0\" align=\"left\">\n<tbody>\n<tr>\n<td>\n<table class=\"alignleft\">\n<tbody>\n<tr>\n<td>Material de la carcasa<\/td>\n<\/tr>\n<\/tbody>\n<\/table>\n<\/td>\n<td>\n<table>\n<tbody>\n<tr>\n<td>Hierro fundido HT250<\/td>\n<\/tr>\n<\/tbody>\n<\/table>\n<\/td>\n<\/tr>\n<tr>\n<td>Dureza de la carcasa<\/td>\n<td>HBS190-240<\/td>\n<\/tr>\n<tr>\n<td>Material de engranajes<\/td>\n<td>Acero de aleaci\u00f3n 20CrMnTi<\/td>\n<\/tr>\n<tr>\n<td>Dureza superficial de los engranajes<\/td>\n<td>\n<table>\n<tbody>\n<tr>\n<td>HRC58??~62 ??<\/td>\n<\/tr>\n<\/tbody>\n<\/table>\n<\/td>\n<\/tr>\n<tr>\n<td>Dureza del n\u00facleo del engranaje<\/td>\n<td>HRCC33 ~ 40<\/td>\n<\/tr>\n<tr>\n<td>Material del eje de entrada\/salida<\/td>\n<td>Acero de aleaci\u00f3n 40CrMnTi<\/td>\n<\/tr>\n<tr>\n<td>Dureza del eje de entrada\/salida<\/td>\n<td>HRc25 ~ 30<\/td>\n<\/tr>\n<tr>\n<td>Precisi\u00f3n de mecanizado de engranajes<\/td>\n<td>Rectificado preciso, grado 6~5<\/td>\n<\/tr>\n<tr>\n<td>\n<table>\n<tbody>\n<tr>\n<td>Aceite lubricante<\/td>\n<\/tr>\n<\/tbody>\n<\/table>\n<\/td>\n<td>GB L-CKC220-460, Shell Omala220-460<\/td>\n<\/tr>\n<tr>\n<td>Tratamiento t\u00e9rmico<\/td>\n<td>revenido, cementado, temple, etc.<\/td>\n<\/tr>\n<tr>\n<td>Eficiencia<\/td>\n<td>\n<table>\n<tbody>\n<tr>\n<td>94%~96% (depende de la etapa de transmisi\u00f3n)<\/td>\n<\/tr>\n<\/tbody>\n<\/table>\n<\/td>\n<\/tr>\n<tr>\n<td>Ruido (m\u00e1ximo)<\/td>\n<td>60 ~ 68 dB<\/td>\n<\/tr>\n<tr>\n<td>Aumento de temperatura (M\u00c1XIMO)<\/td>\n<td>40 \u00b0C<\/td>\n<\/tr>\n<tr>\n<td>Aumento de temperatura (aceite) (M\u00c1X.)<\/td>\n<td>50 \u00b0C<\/td>\n<\/tr>\n<tr>\n<td>Vibraci\u00f3n<\/td>\n<td>??20?metros<\/td>\n<\/tr>\n<tr>\n<td>Reacci\u00f3n<\/td>\n<td>??20 minutos de arco<\/td>\n<\/tr>\n<\/tbody>\n<\/table>\n<p><img loading=\"lazy\" decoding=\"async\" class=\"size-full wp-image-380268 alignnone\" src=\"https:\/\/www.ever-power.net\/wp-content\/uploads\/2022\/06\/product-data1.jpg\" sizes=\"(min-width: 0px) and (max-width: 480px) 480px, (min-width: 481px) 627px, 100vw\" srcset=\"\/\/www.ever-power.net\/wp-content\/uploads\/2022\/06\/product-data1.jpg 627w, \/\/www.ever-power.net\/wp-content\/uploads\/2022\/06\/product-data1-480x615.jpg 480w\" alt=\"\" width=\"627\" height=\"803\" \/><\/p>\n<p>\nPara obtener m\u00e1s informaci\u00f3n sobre nuestro reductor de caja de engranajes c\u00f3nicos helicoidales con brida de salida y otros productos, visite nuestro sitio web. Ofrecemos una amplia selecci\u00f3n de reductores, que incluyen cajas de engranajes agr\u00edcolas, ejes de salida de potencia, ruedas dentadas, acoplamientos de fluidos, reductores de engranajes sinf\u00edn, engranajes y cremalleras, cadenas desmontables, poleas y poleas, cajas de engranajes planetarios, poleas de distribuci\u00f3n, bujes y m\u00e1s. Nuestros productos son conocidos por su alta calidad, precios favorables y servicio considerado. Invitamos a los clientes a que vengan a nosotros con sus requisitos espec\u00edficos para personalizaciones basadas en dibujos o muestras.\n<\/p>\n<h2>Preguntas y respuestas:<\/h2>\n<ol>\n<li>\u00bfCu\u00e1les son las ventajas del reductor de caja de cambios c\u00f3nica helicoidal con brida de salida?<\/li>\n<li>\u00bfCu\u00e1les son las principales aplicaciones de esta caja de cambios?<\/li>\n<li>\u00bfCu\u00e1l es el material de la carcasa utilizado en esta caja de cambios?<\/li>\n<li>\u00bfCu\u00e1l es la eficiencia de la caja de cambios?<\/li>\n<li>\u00bfCu\u00e1l es el nivel m\u00e1ximo de ruido de la caja de cambios?<\/li>\n<\/ol>","protected":false},"excerpt":{"rendered":"<p>Output Flange Helical Bevel Gearbox Reducer The Output Flange Helical Bevel Gearbox Reducer is a high-performance transmission device widely used in various industrial applications. Its modular design, high load support, stable transmission, and low noise make it an ideal choice for many industries. With good sealing performance and a wide range of applications, this gearbox [&hellip;]<\/p>","protected":false},"featured_media":3269,"template":"","meta":{"_et_pb_use_builder":"","_et_pb_old_content":"","_et_gb_content_width":""},"product_brand":[],"product_cat":[11285],"product_tag":[],"class_list":{"0":"post-3270","1":"product","2":"type-product","3":"status-publish","4":"has-post-thumbnail","6":"product_cat-bevel-gearbox","8":"first","9":"instock","10":"shipping-taxable","11":"product-type-simple"},"_links":{"self":[{"href":"https:\/\/agricultural-gear-boxes.com\/es\/wp-json\/wp\/v2\/product\/3270","targetHints":{"allow":["GET"]}}],"collection":[{"href":"https:\/\/agricultural-gear-boxes.com\/es\/wp-json\/wp\/v2\/product"}],"about":[{"href":"https:\/\/agricultural-gear-boxes.com\/es\/wp-json\/wp\/v2\/types\/product"}],"wp:featuredmedia":[{"embeddable":true,"href":"https:\/\/agricultural-gear-boxes.com\/es\/wp-json\/wp\/v2\/media\/3269"}],"wp:attachment":[{"href":"https:\/\/agricultural-gear-boxes.com\/es\/wp-json\/wp\/v2\/media?parent=3270"}],"wp:term":[{"taxonomy":"product_brand","embeddable":true,"href":"https:\/\/agricultural-gear-boxes.com\/es\/wp-json\/wp\/v2\/product_brand?post=3270"},{"taxonomy":"product_cat","embeddable":true,"href":"https:\/\/agricultural-gear-boxes.com\/es\/wp-json\/wp\/v2\/product_cat?post=3270"},{"taxonomy":"product_tag","embeddable":true,"href":"https:\/\/agricultural-gear-boxes.com\/es\/wp-json\/wp\/v2\/product_tag?post=3270"}],"curies":[{"name":"wp","href":"https:\/\/api.w.org\/{rel}","templated":true}]}}