{"id":3272,"date":"2024-08-20T08:45:16","date_gmt":"2024-08-20T08:45:16","guid":{"rendered":"https:\/\/agricultural-gear-boxes.com\/product\/industrial-helical-right-angle-bevel-gearbox\/"},"modified":"2024-08-20T08:45:16","modified_gmt":"2024-08-20T08:45:16","slug":"industrial-helical-right-angle-bevel-gearbox","status":"publish","type":"product","link":"https:\/\/agricultural-gear-boxes.com\/es\/product\/industrial-helical-right-angle-bevel-gearbox\/","title":{"rendered":"Caja de engranajes c\u00f3nicos helicoidales de \u00e1ngulo recto industriales"},"content":{"rendered":"<h2>Caja de engranajes c\u00f3nicos helicoidales de \u00e1ngulo recto industriales<\/h2>\n<p>La caja de engranajes c\u00f3nicos helicoidales de \u00e1ngulo recto industrial es una caja de engranajes de alto rendimiento que ofrece numerosas ventajas para una amplia gama de aplicaciones industriales. Con su dise\u00f1o altamente modular, proporciona un excelente soporte de carga, transmisi\u00f3n estable y funcionamiento con bajo nivel de ruido. Tambi\u00e9n cuenta con un buen rendimiento de sellado, lo que la hace adecuada para diversos entornos industriales. Adem\u00e1s, esta caja de engranajes es conocida por su alta eficiencia, capacidades de ahorro de energ\u00eda, rentabilidad y bajos requisitos de mantenimiento.<\/p>\n<h3>Aplicaci\u00f3n principal:<\/h3>\n<ul>\n<li>Agitador qu\u00edmico<\/li>\n<li>Elevaci\u00f3n y transporte<\/li>\n<li>Metalurgia del hierro y del acero<\/li>\n<li>Electricidad<\/li>\n<li>Miner\u00eda de carb\u00f3n<\/li>\n<li>Cemento y construcci\u00f3n<\/li>\n<li>Industria del papel y ligera<\/li>\n<\/ul>\n<h3>Datos del producto:<\/h3>\n<table border=\"1\" cellspacing=\"0\" cellpadding=\"0\" align=\"left\">\n<tbody>\n<tr>\n<td>\n<table class=\"alignleft\">\n<tbody>\n<tr>\n<td>Material de la carcasa<\/td>\n<\/tr>\n<\/tbody>\n<\/table>\n<\/td>\n<td>\n<table>\n<tbody>\n<tr>\n<td>Hierro fundido HT250<\/td>\n<\/tr>\n<\/tbody>\n<\/table>\n<\/td>\n<\/tr>\n<tr>\n<td>Dureza de la carcasa<\/td>\n<td>HBS190-240<\/td>\n<\/tr>\n<tr>\n<td>Material de engranajes<\/td>\n<td>Acero de aleaci\u00f3n 20CrMnTi<\/td>\n<\/tr>\n<tr>\n<td>Dureza superficial de los engranajes<\/td>\n<td>\n<table>\n<tbody>\n<tr>\n<td>HRC58??~62 ??<\/td>\n<\/tr>\n<\/tbody>\n<\/table>\n<\/td>\n<\/tr>\n<tr>\n<td>Dureza del n\u00facleo del engranaje<\/td>\n<td>HRCC33 ~ 40<\/td>\n<\/tr>\n<tr>\n<td>Material del eje de entrada\/salida<\/td>\n<td>Acero de aleaci\u00f3n 40CrMnTi<\/td>\n<\/tr>\n<tr>\n<td>Dureza del eje de entrada\/salida<\/td>\n<td>HRc25 ~ 30<\/td>\n<\/tr>\n<tr>\n<td>Precisi\u00f3n de mecanizado de engranajes<\/td>\n<td>Rectificado preciso, grado 6~5<\/td>\n<\/tr>\n<tr>\n<td>\n<table>\n<tbody>\n<tr>\n<td>Aceite lubricante<\/td>\n<\/tr>\n<\/tbody>\n<\/table>\n<\/td>\n<td>GB L-CKC220-460, Shell Omala220-460<\/td>\n<\/tr>\n<tr>\n<td>Tratamiento t\u00e9rmico<\/td>\n<td>revenido, cementado, temple, etc.<\/td>\n<\/tr>\n<tr>\n<td>Eficiencia<\/td>\n<td>\n<table>\n<tbody>\n<tr>\n<td>94%~96% (depende de la etapa de transmisi\u00f3n)<\/td>\n<\/tr>\n<\/tbody>\n<\/table>\n<\/td>\n<\/tr>\n<tr>\n<td>Ruido (m\u00e1ximo)<\/td>\n<td>60 ~ 68 dB<\/td>\n<\/tr>\n<tr>\n<td>Aumento de temperatura (M\u00c1XIMO)<\/td>\n<td>40 \u00b0C<\/td>\n<\/tr>\n<tr>\n<td>Aumento de temperatura (aceite) (M\u00c1X.)<\/td>\n<td>50 \u00b0C<\/td>\n<\/tr>\n<tr>\n<td>Vibraci\u00f3n<\/td>\n<td>??20?metros<\/td>\n<\/tr>\n<tr>\n<td>Reacci\u00f3n<\/td>\n<td>??20 minutos de arco<\/td>\n<\/tr>\n<\/tbody>\n<\/table>\n<p><img loading=\"lazy\" decoding=\"async\" class=\"size-full wp-image-380268 alignnone\" src=\"https:\/\/www.ever-power.net\/wp-content\/uploads\/2022\/06\/product-data1.jpg\" sizes=\"(min-width: 0px) and (max-width: 480px) 480px, (min-width: 481px) 627px, 100vw\" srcset=\"\/\/www.ever-power.net\/wp-content\/uploads\/2022\/06\/product-data1.jpg 627w, \/\/www.ever-power.net\/wp-content\/uploads\/2022\/06\/product-data1-480x615.jpg 480w\" alt=\"\" width=\"627\" height=\"803\" \/><\/p>\n<p class=\"size-full\">\n  <a href=\"https:\/\/www.ever-power.net\/bevel-gear\/\" target=\"_blank\" rel=\"noopener\">Haga clic y consulte m\u00e1s productos que est\u00e1 buscando.<\/a>\n<\/p>\n<h2>\u00bfPor qu\u00e9 elegirnos?<\/h2>\n<h3>1. Amplia selecci\u00f3n de reductores<\/h3>\n<p>\n  Nuestra empresa ofrece una amplia gama de aplicaciones de transmisi\u00f3n mec\u00e1nica y control de movimiento est\u00e1ndar y personalizadas. Ofrecemos cajas de engranajes planetarios en l\u00ednea de precisi\u00f3n, cajas de engranajes planetarios en \u00e1ngulo recto, cajas de engranajes con servomotores, cajas de engranajes de transmisi\u00f3n arm\u00f3nica, reductores RV para robots, cremalleras y pi\u00f1ones de precisi\u00f3n, servomotores, motores paso a paso, motores sin escobillas y m\u00e1s. Tambi\u00e9n ofrecemos reductores de engranajes sin fin, motorreductores, gatos de tornillo, engranajes de direcci\u00f3n y otros accesorios relacionados para cajas de engranajes. Con nuestro servicio integral, puede encontrar f\u00e1cilmente la caja de engranajes que cumpla con sus requisitos, ahorr\u00e1ndole tiempo y dinero.\n<\/p>\n<h3>2. Precio atractivo y calidad de marca superior.<\/h3>\n<p>\n  Ofrecemos a nuestros clientes precios atractivos sin comprometer la calidad. Nuestras cajas de engranajes planetarios de precisi\u00f3n tienen un juego reducido (2-8 arcmin), una alta eficiencia (??95%) y un bajo nivel de ruido (60dBA) en comparaci\u00f3n con otras cajas de engranajes del mercado. Ofrecemos una garant\u00eda de un a\u00f1o y un servicio posventa de por vida para todas nuestras cajas de engranajes servo. Cada caja de engranajes se somete a estrictas inspecciones y pruebas antes de salir de f\u00e1brica, lo que garantiza una calidad de primer nivel.\n<\/p>\n<h3>3. Soporte t\u00e9cnico profesional integral<\/h3>\n<p>\n  Nuestro equipo t\u00e9cnico profesional est\u00e1 siempre listo para ayudarlo a elegir la transmisi\u00f3n correcta para su m\u00e1quina. Le brindamos orientaci\u00f3n paso a paso para ayudarlo a seleccionar la caja de cambios del tama\u00f1o correcto para su motor. Adem\u00e1s, le proporcionamos dibujos CAD para que los inspeccione y as\u00ed evitar errores. Si tiene alg\u00fan problema t\u00e9cnico urgente, nuestro soporte t\u00e9cnico disponible las 24 horas est\u00e1 disponible para ayudarlo de inmediato.\n<\/p>\n<h3>4. Servicio personalizado<\/h3>\n<p>\n  Si necesita una caja de cambios personalizada para una aplicaci\u00f3n \u00fanica, podemos satisfacer sus necesidades. Nuestra empresa se especializa en proporcionar cajas de cambios personalizadas confiables y de alto rendimiento con una amplia gama de pares de salida. Simplemente comparta sus requisitos detallados y las dimensiones necesarias con nuestro ingeniero de ventas y dise\u00f1aremos una transmisi\u00f3n personalizada que cumpla con sus especificaciones. Cuanta m\u00e1s informaci\u00f3n proporcione, mejor podremos adaptar la caja de cambios a sus necesidades.\n<\/p>\n<h3>5. Plazo de entrega r\u00e1pido<\/h3>\n<p>\n  Mantenemos un stock suficiente de reductores est\u00e1ndar, lo que garantiza una entrega r\u00e1pida a nuestros clientes. Esto elimina la molestia de tener que reemplazar urgentemente cajas de engranajes da\u00f1adas en m\u00e1quinas en funcionamiento y ahorra costos. En los casos en que no hay en stock una caja de engranajes de un tama\u00f1o espec\u00edfico, priorizamos su producci\u00f3n para satisfacer sus necesidades urgentes.\n<\/p>\n<h2>Otros productos de negocios<\/h2>\n<p>\n  Adem\u00e1s de la caja de engranajes c\u00f3nicos helicoidales de \u00e1ngulo recto industriales, nuestra empresa suministra varios engranajes de pl\u00e1stico utilizados en diferentes industrias. Nuestra gama de productos incluye cajas de engranajes agr\u00edcolas, ejes de salida de potencia, ruedas dentadas, acoplamientos de fluidos, reductores de engranajes sinf\u00edn, engranajes y cremalleras, cadenas desmontables, poleas y sistemas de poleas, cajas de engranajes planetarios, poleas de distribuci\u00f3n, bujes y m\u00e1s. Nos comprometemos a proporcionar productos de alta calidad, precios competitivos y un excelente servicio al cliente. Invitamos a los clientes a que vengan a nosotros para personalizar dibujos o muestras.\n<\/p>\n<h2>Preguntas y respuestas<\/h2>\n<h3>P1: \u00bfCu\u00e1les son las ventajas de la caja de engranajes c\u00f3nicos de \u00e1ngulo recto helicoidal industrial?<\/h3>\n<p>\n  A1: Las ventajas de la caja de engranajes c\u00f3nicos helicoidales de \u00e1ngulo recto industriales incluyen un dise\u00f1o altamente modular, soporte de alta carga, transmisi\u00f3n estable, bajo nivel de ruido, buen rendimiento de sellado, amplia gama de aplicaciones industriales, alta eficiencia, ahorro de energ\u00eda, ahorro de costos y bajos requisitos de mantenimiento.\n<\/p>\n<h3>P2: \u00bfCu\u00e1les son las aplicaciones comunes de la caja de engranajes c\u00f3nicos de \u00e1ngulo recto helicoidal industrial?<\/h3>\n<p>\n  A2: La caja de engranajes c\u00f3nicos helicoidales de \u00e1ngulo recto industriales se utiliza com\u00fanmente en agitadores qu\u00edmicos, equipos de elevaci\u00f3n y transporte, metalurgia de hierro y acero, generaci\u00f3n de electricidad, miner\u00eda de carb\u00f3n, cemento y construcci\u00f3n, as\u00ed como en la industria papelera y ligera.\n<\/p>\n<h3>P3: \u00bfQu\u00e9 materiales se utilizan en la construcci\u00f3n del \u00e1ngulo recto helicoidal industrial?<\/p>","protected":false},"excerpt":{"rendered":"<p>Industrial Helical Right Angle Bevel GearBox The Industrial Helical Right Angle Bevel GearBox is a high-performance gearbox that offers numerous advantages for a wide range of industrial applications. With its high modular design, it provides excellent load support, stable transmission, and low noise operation. It also boasts good sealing performance, making it suitable for various [&hellip;]<\/p>","protected":false},"featured_media":3271,"template":"","meta":{"_et_pb_use_builder":"","_et_pb_old_content":"","_et_gb_content_width":""},"product_brand":[],"product_cat":[11285],"product_tag":[],"class_list":{"0":"post-3272","1":"product","2":"type-product","3":"status-publish","4":"has-post-thumbnail","6":"product_cat-bevel-gearbox","8":"first","9":"instock","10":"shipping-taxable","11":"product-type-simple"},"_links":{"self":[{"href":"https:\/\/agricultural-gear-boxes.com\/es\/wp-json\/wp\/v2\/product\/3272","targetHints":{"allow":["GET"]}}],"collection":[{"href":"https:\/\/agricultural-gear-boxes.com\/es\/wp-json\/wp\/v2\/product"}],"about":[{"href":"https:\/\/agricultural-gear-boxes.com\/es\/wp-json\/wp\/v2\/types\/product"}],"wp:featuredmedia":[{"embeddable":true,"href":"https:\/\/agricultural-gear-boxes.com\/es\/wp-json\/wp\/v2\/media\/3271"}],"wp:attachment":[{"href":"https:\/\/agricultural-gear-boxes.com\/es\/wp-json\/wp\/v2\/media?parent=3272"}],"wp:term":[{"taxonomy":"product_brand","embeddable":true,"href":"https:\/\/agricultural-gear-boxes.com\/es\/wp-json\/wp\/v2\/product_brand?post=3272"},{"taxonomy":"product_cat","embeddable":true,"href":"https:\/\/agricultural-gear-boxes.com\/es\/wp-json\/wp\/v2\/product_cat?post=3272"},{"taxonomy":"product_tag","embeddable":true,"href":"https:\/\/agricultural-gear-boxes.com\/es\/wp-json\/wp\/v2\/product_tag?post=3272"}],"curies":[{"name":"wp","href":"https:\/\/api.w.org\/{rel}","templated":true}]}}