{"id":3274,"date":"2024-08-20T08:45:17","date_gmt":"2024-08-20T08:45:17","guid":{"rendered":"https:\/\/agricultural-gear-boxes.com\/product\/epb-industrial-helical-spiral-bevel-gearbox\/"},"modified":"2024-08-20T08:45:17","modified_gmt":"2024-08-20T08:45:17","slug":"epb-industrial-helical-spiral-bevel-gearbox","status":"publish","type":"product","link":"https:\/\/agricultural-gear-boxes.com\/es\/product\/epb-industrial-helical-spiral-bevel-gearbox\/","title":{"rendered":"Caja de engranajes c\u00f3nicos helicoidales industriales EPB"},"content":{"rendered":"<h2>Caja de engranajes c\u00f3nicos helicoidales industriales EPB: la soluci\u00f3n definitiva para cajas de engranajes<\/h2>\n<h3>Ventajas:<\/h3>\n<ol>\n<li>Dise\u00f1o altamente modular<\/li>\n<li>Soporte de alta carga, transmisi\u00f3n estable y bajo nivel de ruido.<\/li>\n<li>Buen rendimiento de sellado y amplia gama de aplicaciones industriales.<\/li>\n<li>Alta eficiencia y ahorro de energ\u00eda.<\/li>\n<li>Ahorro de costes y bajo mantenimiento<\/li>\n<\/ol>\n<h2>Aplicaci\u00f3n principal:<\/h2>\n<ul>\n<li>Agitador qu\u00edmico<\/li>\n<li>Elevaci\u00f3n y transporte<\/li>\n<li>Metalurgia del hierro y del acero<\/li>\n<li>Electricidad<\/li>\n<li>Miner\u00eda de carb\u00f3n<\/li>\n<li>Cemento y construcci\u00f3n<\/li>\n<li>Industria del papel y ligera<\/li>\n<\/ul>\n<h2>Datos del producto:<\/h2>\n<table border=\"1\" cellspacing=\"0\" cellpadding=\"0\" align=\"left\">\n<tbody>\n<tr>\n<td>\n<table class=\"alignleft\">\n<tbody>\n<tr>\n<td>Material de la carcasa<\/td>\n<\/tr>\n<\/tbody>\n<\/table>\n<\/td>\n<td>\n<table>\n<tbody>\n<tr>\n<td>Hierro fundido HT250<\/td>\n<\/tr>\n<\/tbody>\n<\/table>\n<\/td>\n<\/tr>\n<tr>\n<td>Dureza de la carcasa<\/td>\n<td>HBS190-240<\/td>\n<\/tr>\n<tr>\n<td>Material de engranajes<\/td>\n<td>Acero de aleaci\u00f3n 20CrMnTi<\/td>\n<\/tr>\n<tr>\n<td>Dureza superficial de los engranajes<\/td>\n<td>\n<table>\n<tbody>\n<tr>\n<td>HRC58??~62 ??<\/td>\n<\/tr>\n<\/tbody>\n<\/table>\n<\/td>\n<\/tr>\n<tr>\n<td>Dureza del n\u00facleo del engranaje<\/td>\n<td>HRCC33 ~ 40<\/td>\n<\/tr>\n<tr>\n<td>Material del eje de entrada\/salida<\/td>\n<td>Acero de aleaci\u00f3n 40CrMnTi<\/td>\n<\/tr>\n<tr>\n<td>Dureza del eje de entrada\/salida<\/td>\n<td>HRc25 ~ 30<\/td>\n<\/tr>\n<tr>\n<td>Precisi\u00f3n de mecanizado de engranajes<\/td>\n<td>Rectificado preciso, grado 6~5<\/td>\n<\/tr>\n<tr>\n<td>\n<table>\n<tbody>\n<tr>\n<td>Aceite lubricante<\/td>\n<\/tr>\n<\/tbody>\n<\/table>\n<\/td>\n<td>GB L-CKC220-460, Shell Omala220-460<\/td>\n<\/tr>\n<tr>\n<td>Tratamiento t\u00e9rmico<\/td>\n<td>revenido, cementado, temple, etc.<\/td>\n<\/tr>\n<tr>\n<td>Eficiencia<\/td>\n<td>\n<table>\n<tbody>\n<tr>\n<td>94%~96% (depende de la etapa de transmisi\u00f3n)<\/td>\n<\/tr>\n<\/tbody>\n<\/table>\n<\/td>\n<\/tr>\n<tr>\n<td>Ruido (m\u00e1ximo)<\/td>\n<td>60 ~ 68 dB<\/td>\n<\/tr>\n<tr>\n<td>Aumento de temperatura (M\u00c1XIMO)<\/td>\n<td>40 \u00b0C<\/td>\n<\/tr>\n<tr>\n<td>Aumento de temperatura (aceite) (M\u00c1X.)<\/td>\n<td>50 \u00b0C<\/td>\n<\/tr>\n<tr>\n<td>Vibraci\u00f3n<\/td>\n<td>??20?metros<\/td>\n<\/tr>\n<tr>\n<td>Reacci\u00f3n<\/td>\n<td>??20 minutos de arco<\/td>\n<\/tr>\n<\/tbody>\n<\/table>\n<p><img loading=\"lazy\" decoding=\"async\" class=\"size-full wp-image-380268 alignnone\" src=\"https:\/\/www.ever-power.net\/wp-content\/uploads\/2022\/06\/product-data1.jpg\" sizes=\"(min-width: 0px) and (max-width: 480px) 480px, (min-width: 481px) 627px, 100vw\" srcset=\"\/\/www.ever-power.net\/wp-content\/uploads\/2022\/06\/product-data1.jpg 627w, \/\/www.ever-power.net\/wp-content\/uploads\/2022\/06\/product-data1-480x615.jpg 480w\" alt=\"\" width=\"627\" height=\"803\" \/><\/p>\n<p><a href=\"https:\/\/www.ever-power.net\/bevel-gear\/\" target=\"_blank\" rel=\"noopener\">Haga clic aqu\u00ed para ver m\u00e1s productos que est\u00e1 buscando.<\/a><\/p>\n<h2>\u00bfPor qu\u00e9 elegir la caja de engranajes c\u00f3nicos helicoidales industriales EPB?<\/h2>\n<h3>1. Amplia selecci\u00f3n de reductores<\/h3>\n<p>EPB Industrial ofrece la gama m\u00e1s amplia de cajas de engranajes industriales est\u00e1ndar y personalizadas para aplicaciones de control de movimiento y transmisi\u00f3n mec\u00e1nica. Nuestra l\u00ednea de productos incluye cajas de engranajes planetarios en l\u00ednea de precisi\u00f3n, cajas de engranajes planetarios de \u00e1ngulo recto, cajas de engranajes de servomotores de \u00e1ngulo recto de 90 grados, cajas de engranajes de transmisi\u00f3n arm\u00f3nica, reductores RV para robots, cremalleras y pi\u00f1ones de precisi\u00f3n rectificados, servomotores, motores paso a paso, motores sin escobillas y m\u00e1s. Tambi\u00e9n ofrecemos reductores de engranajes sinf\u00edn, motorreductores, gatos de tornillo, engranajes de direcci\u00f3n y otros reductores y accesorios relacionados. Con EPB Industrial, puede encontrar la soluci\u00f3n de caja de engranajes perfecta y disfrutar de nuestro conveniente servicio integral, que le permitir\u00e1 ahorrar tiempo y dinero.<\/p>\n<h3>2. Precio atractivo y calidad de marca superior<\/h3>\n<p>EPB Industrial ofrece precios competitivos sin comprometer la calidad. Nuestras cajas de engranajes planetarios de precisi\u00f3n se destacan de la competencia con caracter\u00edsticas como bajo juego (2-8 arcmin), alta eficiencia (??95%) y bajo nivel de ruido (60dBA). Ofrecemos una garant\u00eda de un a\u00f1o y servicio posventa de por vida para todas nuestras cajas de engranajes servo. Todas las cajas de engranajes producidas por EPB Industrial se someten a estrictas inspecciones y pruebas antes de salir de la f\u00e1brica, lo que garantiza un rendimiento y una confiabilidad de primer nivel.<\/p>\n<h3>3. Soporte t\u00e9cnico profesional integral<\/h3>\n<p>\u00bfNecesita ayuda para seleccionar la soluci\u00f3n de transmisi\u00f3n adecuada para su m\u00e1quina? Nuestro equipo t\u00e9cnico profesional est\u00e1 aqu\u00ed para ayudarlo. Lo guiaremos a trav\u00e9s del proceso de selecci\u00f3n y le proporcionaremos dibujos CAD para que los inspeccione y as\u00ed garantizar un ajuste perfecto. Adem\u00e1s, ofrecemos soporte t\u00e9cnico las 24 horas para cualquier problema urgente que pueda surgir. Conf\u00ede en EPB Industrial para obtener asistencia t\u00e9cnica integral.<\/p>\n<h3>4. Servicio personalizado<\/h3>\n<p>Si necesita una caja de cambios personalizada para una aplicaci\u00f3n \u00fanica, EPB Industrial lo tiene cubierto. Nos especializamos en proporcionar cajas de cambios personalizadas confiables y de alto rendimiento con una amplia gama de pares de salida. Simplemente comparta sus requisitos detallados y las dimensiones necesarias con nuestros ingenieros de ventas y dise\u00f1aremos una transmisi\u00f3n personalizada que se adapte perfectamente a sus necesidades. Cuanta m\u00e1s informaci\u00f3n proporcione, mejor equipados estaremos para ofrecer una soluci\u00f3n personalizada.<\/p>\n<h3>5. Plazo de entrega r\u00e1pido<\/h3>\n<p>EPB Industrial mantiene un amplio stock de reductores est\u00e1ndar, lo que garantiza una entrega r\u00e1pida a nuestros clientes. Esto elimina la molestia de esperar cajas de cambios de repuesto y minimiza el tiempo de inactividad. Incluso si la caja de cambios que necesita no est\u00e1 en stock, podemos organizar la producci\u00f3n prioritaria para satisfacer sus necesidades urgentes. Cuente con EPB Industrial para una entrega r\u00e1pida y eficiente.<\/p>\n<h3>6. Experiencia profesional<\/h3>\n<p>Como uno de los principales fabricantes de cajas de engranajes c\u00f3nicos, proveedores de productos mec\u00e1nicos y f\u00e1bricas, EPB Industrial es su fuente de referencia para cajas de engranajes helicoidales de contacto angular, cajas de engranajes planetarios y otros productos de alta calidad. Conf\u00ede en nuestra experiencia y conocimientos a la hora de ofrecer cajas de engranajes superiores para las necesidades espec\u00edficas de su industria.<\/p>\n<h2>Descubra m\u00e1s productos de EPB Industrial<\/h2>\n<p>EPB Industrial no se limita a las cajas de cambios. Tambi\u00e9n suministramos diversos engranajes de pl\u00e1stico utilizados en industrias como equipos agr\u00edcolas, sistemas de transmisi\u00f3n de potencia, ruedas dentadas, acoplamientos de fluidos, reductores de engranajes helicoidales, engranajes y cremalleras, cadenas desmontables, poleas, cajas de cambios planetarias, poleas de distribuci\u00f3n, bujes y m\u00e1s. Nuestro compromiso de producir productos de alta calidad, ofrecer precios competitivos y brindar un servicio atento hace de EPB Industrial su socio de confianza. Ya sea que necesite componentes est\u00e1ndar o soluciones personalizadas, lo invitamos a colaborar con nosotros y experimentar la ventaja de EPB Industrial.<\/p>\n<h2>Preguntas y respuestas:<\/h2>\n<h3>1. \u00bfQu\u00e9?<\/p>","protected":false},"excerpt":{"rendered":"<p>EPB Industrial Helical Spiral Bevel Gearbox: The Ultimate Gearbox Solution Advantages: High modular design High load support, stable transmission, and low noise Good sealing performance and wide range of industrial applications High efficiency and power saving Cost saving and low maintenance Main Application: Chemical stirrer Lifting and transportation Iron and steel metallurgy Electricity Coal mining [&hellip;]<\/p>","protected":false},"featured_media":3273,"template":"","meta":{"_et_pb_use_builder":"","_et_pb_old_content":"","_et_gb_content_width":""},"product_brand":[],"product_cat":[11285],"product_tag":[],"class_list":{"0":"post-3274","1":"product","2":"type-product","3":"status-publish","4":"has-post-thumbnail","6":"product_cat-bevel-gearbox","8":"first","9":"instock","10":"shipping-taxable","11":"product-type-simple"},"_links":{"self":[{"href":"https:\/\/agricultural-gear-boxes.com\/es\/wp-json\/wp\/v2\/product\/3274","targetHints":{"allow":["GET"]}}],"collection":[{"href":"https:\/\/agricultural-gear-boxes.com\/es\/wp-json\/wp\/v2\/product"}],"about":[{"href":"https:\/\/agricultural-gear-boxes.com\/es\/wp-json\/wp\/v2\/types\/product"}],"wp:featuredmedia":[{"embeddable":true,"href":"https:\/\/agricultural-gear-boxes.com\/es\/wp-json\/wp\/v2\/media\/3273"}],"wp:attachment":[{"href":"https:\/\/agricultural-gear-boxes.com\/es\/wp-json\/wp\/v2\/media?parent=3274"}],"wp:term":[{"taxonomy":"product_brand","embeddable":true,"href":"https:\/\/agricultural-gear-boxes.com\/es\/wp-json\/wp\/v2\/product_brand?post=3274"},{"taxonomy":"product_cat","embeddable":true,"href":"https:\/\/agricultural-gear-boxes.com\/es\/wp-json\/wp\/v2\/product_cat?post=3274"},{"taxonomy":"product_tag","embeddable":true,"href":"https:\/\/agricultural-gear-boxes.com\/es\/wp-json\/wp\/v2\/product_tag?post=3274"}],"curies":[{"name":"wp","href":"https:\/\/api.w.org\/{rel}","templated":true}]}}