{"id":3276,"date":"2024-08-20T08:45:19","date_gmt":"2024-08-20T08:45:19","guid":{"rendered":"https:\/\/agricultural-gear-boxes.com\/product\/epb-series-helical-bevel-gearbox\/"},"modified":"2024-08-20T08:45:19","modified_gmt":"2024-08-20T08:45:19","slug":"epb-series-helical-bevel-gearbox","status":"publish","type":"product","link":"https:\/\/agricultural-gear-boxes.com\/es\/product\/epb-series-helical-bevel-gearbox\/","title":{"rendered":"Caja de engranajes c\u00f3nicos helicoidales de la serie EPB"},"content":{"rendered":"<h2>Caja de engranajes c\u00f3nicos helicoidales serie EPB: soluci\u00f3n rentable y de alta calidad para sus aplicaciones industriales<\/h2>\n<p>La caja de engranajes c\u00f3nicos helicoidales de la serie EPB es una soluci\u00f3n confiable y de alto rendimiento para su uso en diversas aplicaciones industriales. Cuenta con una amplia gama de caracter\u00edsticas y beneficios que la convierten en la opci\u00f3n preferida para quienes buscan una transmisi\u00f3n de potencia estable y eficiente.<\/p>\n<p>Con un dise\u00f1o altamente modular, esta caja de cambios es capaz de soportar cargas elevadas y, al mismo tiempo, garantizar una transmisi\u00f3n estable y un bajo nivel de ruido. Presenta un buen rendimiento de sellado y se puede utilizar en una amplia gama de industrias, incluidas las de agitadores qu\u00edmicos, elevaci\u00f3n y transporte, metalurgia del hierro y el acero, electricidad, miner\u00eda de carb\u00f3n, cemento y construcci\u00f3n, papel y industria ligera.<\/p>\n<p>La caja de cambios est\u00e1 hecha de materiales de alta calidad, que incluyen una carcasa de hierro fundido HT250, material de engranaje de acero de aleaci\u00f3n 20CrMnTi y material de eje de entrada\/salida de acero de aleaci\u00f3n 40CrMnTi. Tiene un rectificado preciso, precisi\u00f3n de mecanizado de engranajes de grado 6~5 y cuenta con aceite lubricante GB L-CKC220-460, Shell Omala220-460. Puede soportar tratamientos t\u00e9rmicos como templado, cementado, temple, etc.<\/p>\n<p>Con una eficiencia de 94%~96% (depende de la etapa de transmisi\u00f3n), ruido de 60~68dB (M\u00c1XIMO) y juego de ??20 arcmin, la caja de cambios proporciona una transmisi\u00f3n de potencia suave y confiable al tiempo que minimiza la p\u00e9rdida de energ\u00eda.<\/p>\n<h3>Ventajas de la caja de engranajes c\u00f3nicos helicoidales de la serie EPB:<\/h3>\n<ol>\n<li>Dise\u00f1o altamente modular<\/li>\n<li>Soporte de alta carga, transmisi\u00f3n estable y bajo nivel de ruido.<\/li>\n<li>Buen rendimiento de sellado y amplia gama de aplicaciones industriales.<\/li>\n<li>Alta eficiencia y ahorro de energ\u00eda.<\/li>\n<li>Ahorro de costes y bajo mantenimiento<\/li>\n<\/ol>\n<h3>Principales aplicaciones de la caja de engranajes c\u00f3nicos helicoidales de la serie EPB:<\/h3>\n<ol>\n<li>Agitador qu\u00edmico<\/li>\n<li>Elevaci\u00f3n y transporte<\/li>\n<li>Metalurgia del hierro y del acero<\/li>\n<li>Electricidad<\/li>\n<li>Miner\u00eda de carb\u00f3n<\/li>\n<li>Cemento y construcci\u00f3n<\/li>\n<li>Industria del papel y ligera<\/li>\n<\/ol>\n<h3>Instalaci\u00f3n, mantenimiento y reparaci\u00f3n de cajas de engranajes c\u00f3nicos helicoidales de la serie EPB:<\/h3>\n<ul>\n<li>Antes de la instalaci\u00f3n, compruebe que la caja de cambios y todos sus componentes no presenten da\u00f1os ni defectos.<\/li>\n<li>Aseg\u00farese de que la superficie de instalaci\u00f3n sea plana y limpia y que la caja de cambios est\u00e9 nivelada.<\/li>\n<li>Lubrique adecuadamente la caja de cambios antes de ponerla en marcha.<\/li>\n<li>Revise peri\u00f3dicamente la caja de cambios para detectar signos de desgaste o da\u00f1os y reemplace cualquier pieza da\u00f1ada lo antes posible.<\/li>\n<li>Si la caja de cambios necesita reparaci\u00f3n, desm\u00f3ntela con cuidado y siga las instrucciones del fabricante.<\/li>\n<li>Al reemplazar la caja de cambios, aseg\u00farese de obtener el tama\u00f1o y modelo correctos y siga las instrucciones del fabricante para la instalaci\u00f3n.<\/li>\n<\/ul>\n<h3>\u00bfPor qu\u00e9 elegirnos?<\/h3>\n<ol>\n<li>Amplia selecci\u00f3n de reductores<\/li>\n<li>Precio atractivo y calidad de marca superior.<\/li>\n<li>Soporte t\u00e9cnico profesional integral<\/li>\n<li>Proporcionar un servicio personalizado<\/li>\n<li>Tiempo de entrega r\u00e1pido<\/li>\n<\/ol>\n<h4>Preguntas y respuestas<\/h4>\n<p><strong>P1: \u00bfCu\u00e1l es la eficiencia de la caja de engranajes c\u00f3nicos helicoidales de la serie EPB?<\/strong><br \/>\nA1: La eficiencia de la caja de engranajes c\u00f3nicos helicoidales de la serie EPB var\u00eda de 94% a 96%, dependiendo de la etapa de transmisi\u00f3n.<\/p>\n<p><strong>P2: \u00bfCu\u00e1l es el nivel de ruido de la caja de engranajes c\u00f3nicos helicoidales de la serie EPB?<\/strong><br \/>\nA2: El nivel de ruido de la caja de engranajes c\u00f3nicos helicoidales de la serie EPB est\u00e1 entre 60 y 68 dB.<\/p>\n<p><strong>P3: \u00bfSe puede utilizar la caja de engranajes c\u00f3nicos helicoidales de la serie EPB en la industria del acero?<\/strong><br \/>\nA3: S\u00ed, la caja de engranajes c\u00f3nicos helicoidales de la serie EPB se puede utilizar en la industria del acero, as\u00ed como en varias otras industrias.<\/p>\n<p><strong>P4: \u00bfCu\u00e1l es el per\u00edodo de garant\u00eda para la caja de engranajes c\u00f3nicos helicoidales de la serie EPB?<\/strong><br \/>\nA4: Ofrecemos una garant\u00eda de un a\u00f1o para la caja de engranajes c\u00f3nicos helicoidales de la serie EPB y servicio posventa de por vida.<\/p>\n<p><strong>Q5: \u00bfPueden proporcionar soluciones de caja de cambios personalizadas?<\/strong><br \/>\nA5: S\u00ed, podemos ofrecer soluciones de caja de cambios personalizadas seg\u00fan sus requisitos espec\u00edficos, desde pares de salida peque\u00f1os hasta grandes. Comun\u00edquese con nuestro equipo de ventas para obtener m\u00e1s informaci\u00f3n.<\/p>\n<p>En nuestra empresa, ofrecemos una amplia gama de productos para diversas aplicaciones industriales. Nuestros productos incluyen cajas de engranajes agr\u00edcolas, ejes de salida de potencia, ruedas dentadas, acoplamientos de fluidos, reductores de engranajes helicoidales, engranajes y cremalleras, cadenas desmontables, poleas y poleas, cajas de engranajes planetarios, poleas de distribuci\u00f3n, bujes y m\u00e1s. Estamos comprometidos a proporcionar productos de alta calidad a un precio favorable con un servicio considerado. Nuestro servicio integral ahorra tiempo y dinero a nuestros clientes. Cont\u00e1ctenos hoy y perm\u00edtanos ayudarlo a encontrar la soluci\u00f3n adecuada para sus necesidades.<\/p>","protected":false},"excerpt":{"rendered":"<p>Caja de engranajes c\u00f3nicos helicoidales de la serie EPB: una soluci\u00f3n rentable y de alta calidad para sus aplicaciones industriales La caja de engranajes c\u00f3nicos helicoidales de la serie EPB es una soluci\u00f3n confiable y de alto rendimiento para su uso en diversas aplicaciones industriales. Viene con una amplia gama de caracter\u00edsticas y beneficios que la convierten en la opci\u00f3n preferida para quienes buscan [\u2026]<\/p>","protected":false},"featured_media":3275,"template":"","meta":{"_et_pb_use_builder":"","_et_pb_old_content":"","_et_gb_content_width":""},"product_brand":[],"product_cat":[11285],"product_tag":[],"class_list":{"0":"post-3276","1":"product","2":"type-product","3":"status-publish","4":"has-post-thumbnail","6":"product_cat-bevel-gearbox","8":"first","9":"instock","10":"shipping-taxable","11":"product-type-simple"},"_links":{"self":[{"href":"https:\/\/agricultural-gear-boxes.com\/es\/wp-json\/wp\/v2\/product\/3276","targetHints":{"allow":["GET"]}}],"collection":[{"href":"https:\/\/agricultural-gear-boxes.com\/es\/wp-json\/wp\/v2\/product"}],"about":[{"href":"https:\/\/agricultural-gear-boxes.com\/es\/wp-json\/wp\/v2\/types\/product"}],"wp:featuredmedia":[{"embeddable":true,"href":"https:\/\/agricultural-gear-boxes.com\/es\/wp-json\/wp\/v2\/media\/3275"}],"wp:attachment":[{"href":"https:\/\/agricultural-gear-boxes.com\/es\/wp-json\/wp\/v2\/media?parent=3276"}],"wp:term":[{"taxonomy":"product_brand","embeddable":true,"href":"https:\/\/agricultural-gear-boxes.com\/es\/wp-json\/wp\/v2\/product_brand?post=3276"},{"taxonomy":"product_cat","embeddable":true,"href":"https:\/\/agricultural-gear-boxes.com\/es\/wp-json\/wp\/v2\/product_cat?post=3276"},{"taxonomy":"product_tag","embeddable":true,"href":"https:\/\/agricultural-gear-boxes.com\/es\/wp-json\/wp\/v2\/product_tag?post=3276"}],"curies":[{"name":"wp","href":"https:\/\/api.w.org\/{rel}","templated":true}]}}