{"id":3278,"date":"2024-08-20T08:45:20","date_gmt":"2024-08-20T08:45:20","guid":{"rendered":"https:\/\/agricultural-gear-boxes.com\/product\/epb-serial-bevel-gearbox\/"},"modified":"2024-08-20T08:45:20","modified_gmt":"2024-08-20T08:45:20","slug":"epb-serial-bevel-gearbox","status":"publish","type":"product","link":"https:\/\/agricultural-gear-boxes.com\/es\/product\/epb-serial-bevel-gearbox\/","title":{"rendered":"Caja de engranajes c\u00f3nicos de serie EPB"},"content":{"rendered":"<h2>Caja de engranajes c\u00f3nicos en serie EPB: mejore sus aplicaciones industriales<\/h2>\n<h3>Ventaja:<\/h3>\n<ol>\n<li>Dise\u00f1o altamente modular.<\/li>\n<li>Soporte de alta carga, transmisi\u00f3n estable y bajo nivel de ruido.<\/li>\n<li>Buen rendimiento de sellado y amplia gama de aplicaciones industriales.<\/li>\n<li>Alta eficiencia y ahorro de energ\u00eda.<\/li>\n<li>Ahorro de costes y bajo mantenimiento.<\/li>\n<\/ol>\n<h2>Aplicaci\u00f3n principal:<\/h2>\n<ul>\n<li>Agitador qu\u00edmico<\/li>\n<li>Elevaci\u00f3n y transporte<\/li>\n<li>Metalurgia del hierro y del acero<\/li>\n<li>Electricidad<\/li>\n<li>Miner\u00eda de carb\u00f3n<\/li>\n<li>Cemento y construcci\u00f3n<\/li>\n<li>Industria del papel y ligera<\/li>\n<\/ul>\n<h2>Datos del producto<\/h2>\n<table border=\"1\" cellspacing=\"0\" cellpadding=\"0\" align=\"left\">\n<tbody>\n<tr>\n<td>\n<table class=\"alignleft\">\n<tbody>\n<tr>\n<td>Material de la carcasa<\/td>\n<\/tr>\n<\/tbody>\n<\/table>\n<\/td>\n<td>\n<table>\n<tbody>\n<tr>\n<td>Hierro fundido HT250<\/td>\n<\/tr>\n<\/tbody>\n<\/table>\n<\/td>\n<\/tr>\n<tr>\n<td>Dureza de la carcasa<\/td>\n<td>HBS190-240<\/td>\n<\/tr>\n<tr>\n<td>Material de engranajes<\/td>\n<td>Acero de aleaci\u00f3n 20CrMnTi<\/td>\n<\/tr>\n<tr>\n<td>Dureza superficial de los engranajes<\/td>\n<td>\n<table>\n<tbody>\n<tr>\n<td>HRC58??~62 ??<\/td>\n<\/tr>\n<\/tbody>\n<\/table>\n<\/td>\n<\/tr>\n<tr>\n<td>Dureza del n\u00facleo del engranaje<\/td>\n<td>HRCC33 ~ 40<\/td>\n<\/tr>\n<tr>\n<td>Material del eje de entrada\/salida<\/td>\n<td>Acero de aleaci\u00f3n 40CrMnTi<\/td>\n<\/tr>\n<tr>\n<td>Dureza del eje de entrada\/salida<\/td>\n<td>HRc25 ~ 30<\/td>\n<\/tr>\n<tr>\n<td>Precisi\u00f3n de mecanizado de engranajes<\/td>\n<td>Rectificado preciso, grado 6~5<\/td>\n<\/tr>\n<tr>\n<td>\n<table>\n<tbody>\n<tr>\n<td>Aceite lubricante<\/td>\n<\/tr>\n<\/tbody>\n<\/table>\n<\/td>\n<td>GB L-CKC220-460, Shell Omala220-460<\/td>\n<\/tr>\n<tr>\n<td>Tratamiento t\u00e9rmico<\/td>\n<td>revenido, cementado, temple, etc.<\/td>\n<\/tr>\n<tr>\n<td>Eficiencia<\/td>\n<td>\n<table>\n<tbody>\n<tr>\n<td>94%~96% (depende de la etapa de transmisi\u00f3n)<\/td>\n<\/tr>\n<\/tbody>\n<\/table>\n<\/td>\n<\/tr>\n<tr>\n<td>Ruido (m\u00e1ximo)<\/td>\n<td>60 ~ 68 dB<\/td>\n<\/tr>\n<tr>\n<td>Aumento de temperatura (M\u00c1XIMO)<\/td>\n<td>40 \u00b0C<\/td>\n<\/tr>\n<tr>\n<td>Aumento de temperatura (aceite) (M\u00c1X.)<\/td>\n<td>50 \u00b0C<\/td>\n<\/tr>\n<tr>\n<td>Vibraci\u00f3n<\/td>\n<td>??20?metros<\/td>\n<\/tr>\n<tr>\n<td>Reacci\u00f3n<\/td>\n<td>??20 minutos de arco<\/td>\n<\/tr>\n<\/tbody>\n<\/table>\n<p><img loading=\"lazy\" decoding=\"async\" class=\"size-full wp-image-380268 alignnone\" src=\"https:\/\/www.ever-power.net\/wp-content\/uploads\/2022\/06\/product-data1.jpg\" sizes=\"(min-width: 0px) and (max-width: 480px) 480px, (min-width: 481px) 627px, 100vw\" srcset=\"\/\/www.ever-power.net\/wp-content\/uploads\/2022\/06\/product-data1.jpg 627w, \/\/www.ever-power.net\/wp-content\/uploads\/2022\/06\/product-data1-480x615.jpg 480w\" alt=\"\" width=\"627\" height=\"803\" \/><\/p>\n<p><span style=\"font-size: 18pt;\"><a href=\"https:\/\/www.ever-power.net\/bevel-gear\/\" target=\"_blank\" rel=\"noopener\">Haga clic y consulte m\u00e1s productos que est\u00e1 buscando.<\/a><\/span><\/p>\n<h2>\u00bfPor qu\u00e9 elegirnos?<\/h2>\n<h5>1. Amplia selecci\u00f3n de reductores<\/h5>\n<p>Nuestra empresa ofrece la m\u00e1s amplia gama de aplicaciones est\u00e1ndar y personalizadas para aplicaciones de control de movimiento y transmisi\u00f3n mec\u00e1nica. Ofrecemos reductores planetarios en l\u00ednea de precisi\u00f3n y reductores planetarios de \u00e1ngulo recto, reductores de servomotores de \u00e1ngulo recto de 90 grados, reductores de transmisi\u00f3n arm\u00f3nica, reductores RV para robots, cremalleras y pi\u00f1ones de precisi\u00f3n rectificados, servomotores, motores paso a paso, motores sin escobillas, etc. La empresa tambi\u00e9n puede proporcionar reductores de engranajes helicoidales, motorreductores, gatos de tornillo, engranajes de direcci\u00f3n y otros reductores y accesorios relacionados. Esto significa que puede obtener lo que desea aqu\u00ed mismo y beneficiarse de nuestro servicio integral, lo que le permitir\u00e1 ahorrar tiempo y dinero.<\/p>\n<h5>2. Precio atractivo y calidad de marca superior.<\/h5>\n<p>Ofrecemos a nuestros clientes precios atractivos con buena calidad. En comparaci\u00f3n con las cajas de engranajes de otras empresas, nuestras cajas de engranajes planetarios de precisi\u00f3n se caracterizan por un juego reducido (2-8 arcmin), una alta eficiencia (??95%) y un bajo nivel de ruido (60dBA). Adem\u00e1s, ofrecemos a los clientes una garant\u00eda de un a\u00f1o y un servicio posventa de por vida. Todas las cajas de engranajes servo producidas por nuestra famosa marca se inspeccionar\u00e1n y probar\u00e1n estrictamente antes de salir de f\u00e1brica.<\/p>\n<h5>3. Soporte t\u00e9cnico profesional integral<\/h5>\n<p>No se preocupe si no sabe c\u00f3mo elegir la transmisi\u00f3n correcta para su m\u00e1quina. Contamos con un equipo t\u00e9cnico profesional para atenderlo. Siempre que siga nuestros pasos, sabr\u00e1 c\u00f3mo elegir el tama\u00f1o correcto. Despu\u00e9s de seleccionar la caja de cambios adecuada para su motor, le enviaremos el plano CAD correspondiente para que lo inspeccione y evite errores. Tambi\u00e9n ofrecemos soporte t\u00e9cnico las 24 horas si tiene alg\u00fan otro problema que necesite una soluci\u00f3n urgente.<\/p>\n<h5>4. Brindar un servicio personalizado<\/h5>\n<p>Podemos brindarle un servicio personalizado seg\u00fan sus requisitos si necesita una caja de cambios personalizada para una aplicaci\u00f3n \u00fanica. Le proporcionaremos cajas de cambios personalizadas confiables y de alto rendimiento para pares de salida peque\u00f1os y grandes. Indique a nuestro ingeniero de ventas sus requisitos detallados y las dimensiones necesarias que desea. Cuanta m\u00e1s informaci\u00f3n proporcione, m\u00e1s adecuada podremos dise\u00f1ar una transmisi\u00f3n personalizada para usted.<\/p>\n<h5>5. Plazo de entrega r\u00e1pido<\/h5>\n<p>Para la mayor\u00eda de los reductores est\u00e1ndar, contamos con suficiente stock, que se puede entregar a los clientes r\u00e1pidamente, lo que resuelve el problema de reemplazo urgente de cajas de cambios da\u00f1adas en m\u00e1quinas en funcionamiento y ahorra costos para los clientes. Adem\u00e1s, si un cliente necesita una caja de cambios de un tama\u00f1o espec\u00edfico con urgencia y no la tenemos en stock, podemos organizar la producci\u00f3n prioritaria, especialmente para usted.<\/p>\n<h5>6. Profesional<\/h5>\n<p>Como uno de los principales fabricantes de cajas de engranajes c\u00f3nicos, proveedores de productos mec\u00e1nicos y f\u00e1bricas, suministramos engranajes de contacto angular. <a href=\"https:\/\/hzpt.com\/products\/worm-reducer\/\" target=\"_blank\" rel=\"noopener\">caja de engranajes de tornillo sin fin<\/a>, <a href=\"https:\/\/hzpt.com\/planetary-gearbox-planet-gear-speed-reducers\/\" target=\"_blank\" rel=\"noopener\">caja de cambios planetaria<\/a>, y muchos otros productos.<\/p>\n<article class=\"4ever-article\" data-clipboard-cangjie=\"[&quot;root&quot;,{&quot;copyFrom&quot;:2066762897},[&quot;p&quot;,{},[&quot;span&quot;,{&quot;data-type&quot;:&quot;text&quot;},[&quot;span&quot;,{&quot;data-type&quot;:&quot;leaf&quot;},&quot;edited by CX&quot;]]]]\">editado por CX<\/article>\n<h2>Otros productos de negocios<\/h2>\n<p>Como proveedor l\u00edder en la industria, tambi\u00e9n ofrecemos una amplia gama de otros productos de alta calidad para satisfacer sus necesidades industriales. Nuestra gama de productos incluye cajas de engranajes agr\u00edcolas, ejes de salida de potencia, ruedas dentadas, acoplamientos de fluidos, reductores de engranajes helicoidales, engranajes y cremalleras, cadenas desmontables, poleas y poleas, cajas de engranajes planetarios, poleas de distribuci\u00f3n, bujes y m\u00e1s. Nos comprometemos a entregar productos de alta calidad a un precio favorable y brindar un servicio considerado. Ya sea que necesite productos est\u00e1ndar o soluciones personalizadas, lo invitamos a contactarnos con sus requisitos. Nuestro experimentado equipo est\u00e1 listo para ayudarlo a encontrar la soluci\u00f3n perfecta para las necesidades de su negocio.<\/p>\n<h2>Preguntas y respuestas<\/h2>\n<ol>\n<li><strong>P: \u00bfCu\u00e1les son las ventajas de la caja de engranajes c\u00f3nicos en serie EPB?<\/strong><\/li>\n<p>A: La caja de engranajes c\u00f3nicos en serie EPB ofrece un dise\u00f1o altamente modular, soporte de alta carga, transmisi\u00f3n estable, bajo nivel de ruido, buen rendimiento de sellado, amplia gama de aplicaciones industriales y alta eficiencia.<\/p>","protected":false},"excerpt":{"rendered":"<p>EPB Serial Bevel Gearbox: Enhancing Your Industrial Applications Advantage: High modular design. High load support, stable transmission, and low noise. Good sealing performance and wide range of industrial applications. High efficiency and power saving. Cost saving and low maintenance. Main Application: Chemical stirrer Lifting and transportation Iron and steel metallurgy Electricity Coal mining Cement and [&hellip;]<\/p>","protected":false},"featured_media":3277,"template":"","meta":{"_et_pb_use_builder":"","_et_pb_old_content":"","_et_gb_content_width":""},"product_brand":[],"product_cat":[11285],"product_tag":[],"class_list":{"0":"post-3278","1":"product","2":"type-product","3":"status-publish","4":"has-post-thumbnail","6":"product_cat-bevel-gearbox","8":"first","9":"instock","10":"shipping-taxable","11":"product-type-simple"},"_links":{"self":[{"href":"https:\/\/agricultural-gear-boxes.com\/es\/wp-json\/wp\/v2\/product\/3278","targetHints":{"allow":["GET"]}}],"collection":[{"href":"https:\/\/agricultural-gear-boxes.com\/es\/wp-json\/wp\/v2\/product"}],"about":[{"href":"https:\/\/agricultural-gear-boxes.com\/es\/wp-json\/wp\/v2\/types\/product"}],"wp:featuredmedia":[{"embeddable":true,"href":"https:\/\/agricultural-gear-boxes.com\/es\/wp-json\/wp\/v2\/media\/3277"}],"wp:attachment":[{"href":"https:\/\/agricultural-gear-boxes.com\/es\/wp-json\/wp\/v2\/media?parent=3278"}],"wp:term":[{"taxonomy":"product_brand","embeddable":true,"href":"https:\/\/agricultural-gear-boxes.com\/es\/wp-json\/wp\/v2\/product_brand?post=3278"},{"taxonomy":"product_cat","embeddable":true,"href":"https:\/\/agricultural-gear-boxes.com\/es\/wp-json\/wp\/v2\/product_cat?post=3278"},{"taxonomy":"product_tag","embeddable":true,"href":"https:\/\/agricultural-gear-boxes.com\/es\/wp-json\/wp\/v2\/product_tag?post=3278"}],"curies":[{"name":"wp","href":"https:\/\/api.w.org\/{rel}","templated":true}]}}