{"id":3284,"date":"2024-08-20T08:45:23","date_gmt":"2024-08-20T08:45:23","guid":{"rendered":"https:\/\/agricultural-gear-boxes.com\/product\/epk-bevel-helical-gearbox-right-angle-bevel-gearbox-gear-reducer\/"},"modified":"2024-08-20T08:45:23","modified_gmt":"2024-08-20T08:45:23","slug":"epk-bevel-helical-gearbox-right-angle-bevel-gearbox-gear-reducer","status":"publish","type":"product","link":"https:\/\/agricultural-gear-boxes.com\/es\/product\/epk-bevel-helical-gearbox-right-angle-bevel-gearbox-gear-reducer\/","title":{"rendered":"Reductor de engranajes c\u00f3nicos helicoidales de \u00e1ngulo recto EPK"},"content":{"rendered":"<h2>Reductor de engranajes c\u00f3nicos helicoidales de \u00e1ngulo recto EPK<\/h2>\n<p>El reductor de engranajes de caja de engranajes c\u00f3nicos de \u00e1ngulo recto con engranaje helicoidal de bisel EPK es un reductor de engranajes de alta calidad que se utiliza en una amplia gama de industrias. Presenta un dise\u00f1o altamente modular, soporte de alta carga, transmisi\u00f3n estable, bajo nivel de ruido, buen sellado y alta eficiencia. El reductor de engranajes de caja de engranajes c\u00f3nicos de \u00e1ngulo recto con engranaje helicoidal de bisel EPK se usa ampliamente en puertos y env\u00edos, elevaci\u00f3n y transporte, electricidad, miner\u00eda de carb\u00f3n, cemento y construcci\u00f3n, industria papelera y ligera, protecci\u00f3n qu\u00edmica y ambiental, y otras industrias.<\/p>\n<h3>Ventajas:<\/h3>\n<ol>\n<li>Dise\u00f1o altamente modular<\/li>\n<li>Soporte de alta carga, transmisi\u00f3n estable y bajo nivel de ruido.<\/li>\n<li>Buen sellado, amplia gama de aplicaciones industriales.<\/li>\n<li>Alta eficiencia y ahorro de energ\u00eda.<\/li>\n<li>Ahorro de costes y bajo mantenimiento.<\/li>\n<\/ol>\n<h3>Aplicaciones principales:<\/h3>\n<ol>\n<li>Puertos y env\u00edos<\/li>\n<li>Elevaci\u00f3n y transporte<\/li>\n<li>Electricidad<\/li>\n<li>Miner\u00eda de carb\u00f3n<\/li>\n<li>Cemento y Construcci\u00f3n<\/li>\n<li>Industria del papel y ligera<\/li>\n<li>Protecci\u00f3n qu\u00edmica y medioambiental<\/li>\n<\/ol>\n<h3>Datos t\u00e9cnicos:<\/h3>\n<table>\n<tr>\n<td>Material de la carcasa<\/td>\n<td>Hierro fundido\/hierro d\u00factil<\/td>\n<\/tr>\n<tr>\n<td>Dureza de la carcasa<\/td>\n<td>HBS190-240<\/td>\n<\/tr>\n<tr>\n<td>Material de engranajes<\/td>\n<td>Acero de aleaci\u00f3n 20CrMnTi<\/td>\n<\/tr>\n<tr>\n<td>Dureza superficial de los engranajes<\/td>\n<td>HRC58??~62 ??<\/td>\n<\/tr>\n<tr>\n<td>Dureza del n\u00facleo del engranaje<\/td>\n<td>HRCC33 ~ 40<\/td>\n<\/tr>\n<tr>\n<td>Material del eje de entrada\/salida<\/td>\n<td>Acero de aleaci\u00f3n 42CrMo<\/td>\n<\/tr>\n<tr>\n<td>Dureza del eje de entrada\/salida<\/td>\n<td>HRc25 ~ 30<\/td>\n<\/tr>\n<tr>\n<td>Precisi\u00f3n de mecanizado de engranajes<\/td>\n<td>Rectificado preciso, grado 6~5<\/td>\n<\/tr>\n<tr>\n<td>Aceite lubricante<\/td>\n<td>GB L-CKC220-460, Shell Omala220-460<\/td>\n<\/tr>\n<tr>\n<td>Tratamiento t\u00e9rmico<\/td>\n<td>Revenido, cementaci\u00f3n, temple, etc.<\/td>\n<\/tr>\n<tr>\n<td>Eficiencia<\/td>\n<td>94%~96% (depende de la etapa de transmisi\u00f3n)<\/td>\n<\/tr>\n<tr>\n<td>Ruido (m\u00e1ximo)<\/td>\n<td>60 ~ 68 dB<\/td>\n<\/tr>\n<tr>\n<td>Aumento de temperatura (m\u00e1ximo)<\/td>\n<td>40 \u00b0C<\/td>\n<\/tr>\n<tr>\n<td>Aumento de temperatura (aceite) (m\u00e1x.)<\/td>\n<td>50 \u00b0C<\/td>\n<\/tr>\n<tr>\n<td>Vibraci\u00f3n<\/td>\n<td>??20?metros<\/td>\n<\/tr>\n<tr>\n<td>Reacci\u00f3n<\/td>\n<td>??20 minutos de arco<\/td>\n<\/tr>\n<\/table>\n<table>\n<tr>\n<td>Tama\u00f1o<\/td>\n<td>Di\u00e1metro del eje s\u00f3lido (mm)<\/td>\n<td>Di\u00e1metro del eje hueco (mm)<\/td>\n<td>Altura del centro (mm)<\/td>\n<td>Di\u00e1metro de la brida de salida (mm)<\/td>\n<td>Potencia (kw)<\/td>\n<td>Relaci\u00f3n<\/td>\n<td>Par motor admisible (nm)<\/td>\n<td>Peso (kg)<\/td>\n<\/tr>\n<tr>\n<td>37<\/td>\n<td>??25k6<\/td>\n<td>??30h7<\/td>\n<td>100<\/td>\n<td>??110\/160<\/td>\n<td>0.18-3.0<\/td>\n<td>5.36-106.38<\/td>\n<td>200<\/td>\n<td>11<\/td>\n<\/tr>\n<tr>\n<td>47<\/td>\n<td>??30k6<\/td>\n<td>??35h7<\/td>\n<td>112<\/td>\n<td>??120\/200<\/td>\n<td>0.18-3.0<\/td>\n<td>5.81-131.87<\/td>\n<td>400<\/td>\n<td>20<\/td>\n<\/tr>\n<tr>\n<td>57<\/td>\n<td>??35k6<\/td>\n<td>??40h7<\/td>\n<td>132<\/td>\n<td>??155\/250<\/td>\n<td>0.18-5.5<\/td>\n<td>6.57-145.14<\/td>\n<td>600<\/td>\n<td>27<\/td>\n<\/tr>\n<tr>\n<td>67<\/td>\n<td>??40k6<\/td>\n<td>??40h7<\/td>\n<td>140<\/td>\n<td>??155\/250<\/td>\n<td>0.18-5.5<\/td>\n<td>7.14-144.79<\/td>\n<td>820<\/td>\n<td>33<\/td>\n<\/tr>\n<tr>\n<td>77<\/td>\n<td>??50k6<\/td>\n<td>??50h7<\/td>\n<td>180<\/td>\n<td>??170\/300<\/td>\n<td>0.37-11.0<\/td>\n<td>7.24-292.18<\/td>\n<td>1550<\/td>\n<td>57<\/td>\n<\/tr>\n<tr>\n<td>87<\/td>\n<td>??60m6<\/td>\n<td>??60h7<\/td>\n<td>212<\/td>\n<td>??215\/350<\/td>\n<td>0.75-22.0<\/td>\n<td>7.19-197.18<\/td>\n<td>2700<\/td>\n<td>85<\/td>\n<\/tr>\n<tr>\n<td>97<\/td>\n<td>??70m6<\/td>\n<td>??70h7<\/td>\n<td>265<\/td>\n<td>??260\/450<\/td>\n<td>1.1-30.0<\/td>\n<td>8.95-176.05<\/td>\n<td>4300<\/td>\n<td>130<\/td>\n<\/tr>\n<tr>\n<td>107<\/td>\n<td>??90m6<\/td>\n<td>??90h7<\/td>\n<td>315<\/td>\n<td>??304\/450<\/td>\n<td>3.0-45.0<\/td>\n<td>8.74-141.46<\/td>\n<td>8000<\/td>\n<td>250<\/td>\n<\/tr>\n<tr>\n<td>127<\/td>\n<td>??110m6<\/td>\n<td>??100h7<\/td>\n<td>375<\/td>\n<td>??350\/550<\/td>\n<td>7.5-90.0<\/td>\n<td>8.68-146.07<\/td>\n<td>13000<\/td>\n<td>380<\/td>\n<\/tr>\n<tr>\n<td>157<\/td>\n<td>??120m6<\/td>\n<td>??120m6<\/td>\n<td>450<\/td>\n<td>??400\/660<\/td>\n<td>11.0-160.0<\/td>\n<td>12.65-150.41<\/td>\n<td>18000<\/td>\n<td>610<\/td>\n<\/tr>\n<tr>\n<td>167<\/td>\n<td>??160m6<\/td>\n<td>??160m6<\/td>\n<td>500<\/td>\n<td>??800<\/td>\n<td>11.0-200.0<\/td>\n<td>17.28-163.91<\/td>\n<td>32000<\/td>\n<td>1015<\/td>\n<\/tr>\n<tr>\n<td>187<\/td>\n<td>??190m6<\/td>\n<td>??190m6<\/td>\n<td>600<\/td>\n<td>??800<\/td>\n<td>18.5-200.0<\/td>\n<td>17.27-180.78<\/td>\n<td>50000<\/td>\n<td>1700<\/td>\n<\/tr>\n<\/table>\n<p><img loading=\"lazy\" decoding=\"async\" src=\"https:\/\/www.ever-power.net\/wp-content\/uploads\/2022\/06\/Conduit-box-position.jpg\" alt=\"Posici\u00f3n de la caja de conexiones\" width=\"1000\" height=\"306\"><br \/>\n<img loading=\"lazy\" decoding=\"async\" src=\"https:\/\/www.ever-power.net\/wp-content\/uploads\/2022\/06\/Mount-position.jpg\" alt=\"Posici\u00f3n de montaje\" width=\"1000\" height=\"489\"><\/p>\n<h2>\u00bfPor qu\u00e9 elegirnos?<\/h2>\n<h3>1. Amplia selecci\u00f3n de reductores<\/h3>\n<p>Nuestra empresa ofrece la m\u00e1s amplia gama de soluciones est\u00e1ndar y personalizadas para aplicaciones en control de movimiento y transmisi\u00f3n mec\u00e1nica. Proporcionamos reductores planetarios en l\u00ednea de precisi\u00f3n y reductores planetarios de \u00e1ngulo recto, reductores de servomotores de \u00e1ngulo recto de 90 grados, reductores de transmisi\u00f3n arm\u00f3nica, reductores RV para robots, cremalleras y pi\u00f1ones de precisi\u00f3n rectificados, servomotores, motores paso a paso, motores sin escobillas, etc. La empresa tambi\u00e9n puede proporcionar reductores de engranajes helicoidales, motorreductores, gatos de tornillo, engranajes de direcci\u00f3n y otros reductores y accesorios relacionados. Esto significa que puede obtener lo que desea aqu\u00ed mismo y beneficiarse de nuestro servicio integral, lo que le permitir\u00e1 ahorrar tiempo y dinero.<\/p>\n<h3>2. Precio atractivo y calidad de marca superior.<\/h3>\n<p>Ofrecemos a nuestros clientes precios muy atractivos con buena calidad. En comparaci\u00f3n con las cajas de engranajes de otras empresas, nuestras cajas de engranajes planetarios de precisi\u00f3n se caracterizan por un juego reducido (2-8 arcmin), una alta eficiencia (??95%) y un bajo nivel de ruido (60dBA). Todas las cajas de engranajes servo producidas por nuestra famosa marca ser\u00e1n estrictamente inspeccionadas y probadas antes de salir de f\u00e1brica. Adem\u00e1s, ofrecemos a los clientes una garant\u00eda de un a\u00f1o y un servicio posventa de por vida.<\/p>\n<h3>3. Soporte t\u00e9cnico profesional integral<\/h3>\n<p>No se preocupe si no sabe c\u00f3mo elegir la transmisi\u00f3n adecuada para su m\u00e1quina. Contamos con un equipo t\u00e9cnico profesional para atenderlo. Siempre que siga nuestros pasos, sabr\u00e1 c\u00f3mo elegir el tama\u00f1o adecuado. Despu\u00e9s de seleccionar la caja de cambios adecuada para su motor, le enviaremos el plano CAD correspondiente para que lo inspeccione y evite errores. Tambi\u00e9n ofrecemos soporte t\u00e9cnico las 24 horas si tiene alg\u00fan otro problema que necesite una soluci\u00f3n urgente.<\/p>\n<h3>4. Brindar un servicio personalizado<\/h3>\n<p>Si necesita una caja de cambios personalizada para una aplicaci\u00f3n \u00fanica, podemos brindarle un servicio personalizado seg\u00fan sus requisitos. Le proporcionaremos cajas de cambios personalizadas confiables y de alto rendimiento para pares de salida peque\u00f1os y grandes. Indique a nuestro ingeniero de ventas sus requisitos detallados y todas las dimensiones necesarias que desea. Cuanta m\u00e1s informaci\u00f3n nos brinde, m\u00e1s adecuada podremos dise\u00f1ar una transmisi\u00f3n personalizada para usted.<\/p>\n<h3>5. Plazo de entrega r\u00e1pido<\/h3>\n<p>Para la mayor\u00eda de los reductores est\u00e1ndar, contamos con suficiente stock, que se puede entregar a los clientes en muy poco tiempo, solucionando el problema de reemplazo urgente de cajas de cambios da\u00f1adas en m\u00e1quinas en funcionamiento y ahorrando costos para los clientes. Adem\u00e1s, si un cliente necesita una caja de cambios de un tama\u00f1o determinado con urgencia y no la tenemos en stock, podemos organizar la producci\u00f3n prioritaria, especialmente para usted.<\/p>\n<h3>6. Profesional<\/h3>\n<p>Como uno de los principales fabricantes de cajas de engranajes c\u00f3nicos, proveedores de productos mec\u00e1nicos y f\u00e1bricas, suministramos cajas de engranajes helicoidales de contacto angular, cajas de engranajes planetarios y muchos otros productos.<\/p>\n<h2>Otros productos<\/h2>\n<p>Adem\u00e1s, nuestra empresa suministra principalmente diversos engranajes de pl\u00e1stico utilizados en la industria, como cajas de engranajes agr\u00edcolas, ejes de salida de potencia, ruedas dentadas, acoplamientos de fluidos, reductores de engranajes helicoidales, engranajes y cremalleras, cadenas desmontables, poleas y poleas, cajas de engranajes planetarios, poleas de distribuci\u00f3n, bujes y m\u00e1s. Ofrecemos productos de alta calidad, precios favorables y servicios considerados. Damos la bienvenida a los clientes para que vengan a la personalizaci\u00f3n del dibujo o la muestra.<\/p>\n<h2>Preguntas y respuestas<\/h2>\n<ol>\n<li>\u00bfCu\u00e1l es la ventaja del reductor de engranajes c\u00f3nicos de \u00e1ngulo recto con caja de engranajes helicoidales de bisel EPK?<\/li>\n<li>\u00bfCu\u00e1les son las principales aplicaciones del reductor de engranajes c\u00f3nicos de \u00e1ngulo recto con caja de engranajes helicoidales de bisel EPK?<\/li>\n<li>\u00bfCu\u00e1l es la eficiencia del reductor de engranajes c\u00f3nicos de \u00e1ngulo recto con caja de engranajes helicoidales de bisel EPK?<\/li>\n<li>\u00bfCu\u00e1l es el nivel de ruido del reductor de engranajes c\u00f3nicos de \u00e1ngulo recto con caja de engranajes helicoidales de bisel EPK?<\/li>\n<li>\u00bfQu\u00e9 otros productos suministra la empresa?<\/li>\n<\/ol>","protected":false},"excerpt":{"rendered":"<p>EPK Bevel Helical Gearbox Right Angle Bevel Gearbox Gear Reducer EPK bevel helical gearbox right angle bevel gearbox gear reducer is a high-quality gear reducer that is used in a wide range of industries. It features a high modular design, high load support, stable transmission, low noise, good sealing, and high efficiency. EPK bevel helical [&hellip;]<\/p>","protected":false},"featured_media":3283,"template":"","meta":{"_et_pb_use_builder":"","_et_pb_old_content":"","_et_gb_content_width":""},"product_brand":[],"product_cat":[11285],"product_tag":[],"class_list":{"0":"post-3284","1":"product","2":"type-product","3":"status-publish","4":"has-post-thumbnail","6":"product_cat-bevel-gearbox","8":"first","9":"instock","10":"shipping-taxable","11":"product-type-simple"},"_links":{"self":[{"href":"https:\/\/agricultural-gear-boxes.com\/es\/wp-json\/wp\/v2\/product\/3284","targetHints":{"allow":["GET"]}}],"collection":[{"href":"https:\/\/agricultural-gear-boxes.com\/es\/wp-json\/wp\/v2\/product"}],"about":[{"href":"https:\/\/agricultural-gear-boxes.com\/es\/wp-json\/wp\/v2\/types\/product"}],"wp:featuredmedia":[{"embeddable":true,"href":"https:\/\/agricultural-gear-boxes.com\/es\/wp-json\/wp\/v2\/media\/3283"}],"wp:attachment":[{"href":"https:\/\/agricultural-gear-boxes.com\/es\/wp-json\/wp\/v2\/media?parent=3284"}],"wp:term":[{"taxonomy":"product_brand","embeddable":true,"href":"https:\/\/agricultural-gear-boxes.com\/es\/wp-json\/wp\/v2\/product_brand?post=3284"},{"taxonomy":"product_cat","embeddable":true,"href":"https:\/\/agricultural-gear-boxes.com\/es\/wp-json\/wp\/v2\/product_cat?post=3284"},{"taxonomy":"product_tag","embeddable":true,"href":"https:\/\/agricultural-gear-boxes.com\/es\/wp-json\/wp\/v2\/product_tag?post=3284"}],"curies":[{"name":"wp","href":"https:\/\/api.w.org\/{rel}","templated":true}]}}