{"id":3286,"date":"2024-08-20T08:45:24","date_gmt":"2024-08-20T08:45:24","guid":{"rendered":"https:\/\/agricultural-gear-boxes.com\/product\/best-sale-helical-bevel-gearbox-reducer\/"},"modified":"2024-08-20T08:45:24","modified_gmt":"2024-08-20T08:45:24","slug":"best-sale-helical-bevel-gearbox-reducer","status":"publish","type":"product","link":"https:\/\/agricultural-gear-boxes.com\/es\/product\/best-sale-helical-bevel-gearbox-reducer\/","title":{"rendered":"Reductor de caja de engranajes c\u00f3nicos helicoidales de mayor venta"},"content":{"rendered":"<h2>Reductor de caja de engranajes c\u00f3nicos helicoidales de mayor venta<\/h2>\n<p>El reductor de engranajes c\u00f3nicos helicoidales Best Sale es un dispositivo de transmisi\u00f3n eficiente y de alta calidad que ofrece numerosas ventajas para una amplia gama de aplicaciones industriales. Con su dise\u00f1o altamente modular, la caja de cambios proporciona una transmisi\u00f3n estable con bajo nivel de ruido y gran capacidad de carga. Es conocida por sus buenas propiedades de sellado, lo que la hace adecuada para diversas industrias. La caja de cambios est\u00e1 dise\u00f1ada para ahorrar costos, requerir poco mantenimiento y ahorrar energ\u00eda, lo que garantiza una eficiencia \u00f3ptima en cualquier aplicaci\u00f3n.<\/p>\n<h3>Aplicaci\u00f3n principal:<\/h3>\n<ul>\n<li>Puertos y env\u00edos<\/li>\n<li>Elevaci\u00f3n y transporte<\/li>\n<li>Electricidad<\/li>\n<li>Miner\u00eda de carb\u00f3n<\/li>\n<li>Cemento y Construcci\u00f3n<\/li>\n<li>Industria del papel y ligera<\/li>\n<li>Protecci\u00f3n qu\u00edmica y medioambiental, etc.<\/li>\n<\/ul>\n<h3","protected":false},"excerpt":{"rendered":"<p>Best Sale Helical Bevel GearBox Reducer The Best Sale Helical Bevel GearBox Reducer is a high-quality and efficient transmission device that offers numerous advantages for a wide range of industrial applications. With its high modular design, the gearbox provides a stable transmission with low noise and high load support. It is known for its good [&hellip;]<\/p>","protected":false},"featured_media":3285,"template":"","meta":{"_et_pb_use_builder":"","_et_pb_old_content":"","_et_gb_content_width":""},"product_brand":[],"product_cat":[11285],"product_tag":[],"class_list":{"0":"post-3286","1":"product","2":"type-product","3":"status-publish","4":"has-post-thumbnail","6":"product_cat-bevel-gearbox","8":"first","9":"instock","10":"shipping-taxable","11":"product-type-simple"},"_links":{"self":[{"href":"https:\/\/agricultural-gear-boxes.com\/es\/wp-json\/wp\/v2\/product\/3286","targetHints":{"allow":["GET"]}}],"collection":[{"href":"https:\/\/agricultural-gear-boxes.com\/es\/wp-json\/wp\/v2\/product"}],"about":[{"href":"https:\/\/agricultural-gear-boxes.com\/es\/wp-json\/wp\/v2\/types\/product"}],"wp:featuredmedia":[{"embeddable":true,"href":"https:\/\/agricultural-gear-boxes.com\/es\/wp-json\/wp\/v2\/media\/3285"}],"wp:attachment":[{"href":"https:\/\/agricultural-gear-boxes.com\/es\/wp-json\/wp\/v2\/media?parent=3286"}],"wp:term":[{"taxonomy":"product_brand","embeddable":true,"href":"https:\/\/agricultural-gear-boxes.com\/es\/wp-json\/wp\/v2\/product_brand?post=3286"},{"taxonomy":"product_cat","embeddable":true,"href":"https:\/\/agricultural-gear-boxes.com\/es\/wp-json\/wp\/v2\/product_cat?post=3286"},{"taxonomy":"product_tag","embeddable":true,"href":"https:\/\/agricultural-gear-boxes.com\/es\/wp-json\/wp\/v2\/product_tag?post=3286"}],"curies":[{"name":"wp","href":"https:\/\/api.w.org\/{rel}","templated":true}]}}