{"id":3292,"date":"2024-08-20T08:45:27","date_gmt":"2024-08-20T08:45:27","guid":{"rendered":"https:\/\/agricultural-gear-boxes.com\/product\/high-quality-helical-bevel-gearboxes\/"},"modified":"2024-08-20T08:45:27","modified_gmt":"2024-08-20T08:45:27","slug":"high-quality-helical-bevel-gearboxes","status":"publish","type":"product","link":"https:\/\/agricultural-gear-boxes.com\/es\/product\/high-quality-helical-bevel-gearboxes\/","title":{"rendered":"Cajas de engranajes c\u00f3nicos helicoidales de alta calidad"},"content":{"rendered":"<h2>Cajas de engranajes c\u00f3nicos helicoidales de alta calidad<\/h2>\n<p>If you&#8217;re looking for a high-quality gearbox that offers stable transmission, low noise, and good sealing, then you need to check out our Helical Bevel Gearboxes. These gearboxes are highly efficient and power-saving, making them ideal for a wide range of applications across various industries. <\/p>\n<p>Our Helical Bevel Gearboxes are designed with a high modular design that provides high load support. This design ensures that the gearboxes are durable and long-lasting, even in tough working conditions. Additionally, the gearboxes are cost-saving and require low maintenance, making them an excellent investment for any business.<\/p>\n<h3>Ventajas:<\/h3>\n<ol>\n<li>Dise\u00f1o altamente modular<\/li>\n<li>Soporte de alta carga, transmisi\u00f3n estable y bajo nivel de ruido.<\/li>\n<li>Buen sellado, amplia gama de aplicaciones industriales.<\/li>\n<li>Alta eficiencia y ahorro de energ\u00eda.<\/li>\n<li>Ahorro de costes y bajo mantenimiento<\/li>\n<\/ol>\n<h3>Aplicaciones principales:<\/h3>\n<ol>\n<li>Puertos y env\u00edos<\/li>\n<li>Elevaci\u00f3n y transporte<\/li>\n<li>Electricidad<\/li>\n<li>Miner\u00eda de carb\u00f3n<\/li>\n<li>Cemento y Construcci\u00f3n<\/li>\n<li>Industria del papel y ligera<\/li>\n<li>Protecci\u00f3n qu\u00edmica y medioambiental, etc.<\/li>\n<\/ol>\n<h3>Datos t\u00e9cnicos:<\/h3>\n<p>Our Helical Bevel Gearboxes are made from high-quality materials that are durable and long-lasting. The gear material is 20CrMnTi alloy steel, and the surface hardness of gears is HRC58??~62 ??. The housing material is cast iron\/ductile iron, and the housing hardness is HBS190-240. The input\/output shaft material is 42CrMo alloy steel, and the input\/output shaft hardness is HRC25~30. The gearbox features accurate grinding with a grade of 6~5.<\/p>\n<p>Our gearboxes also feature a lubricating oil of GB L-CKC220-460, Shell Omala220-460, and undergo heat treatment such as tempering, cementing, quenching, etc. Our gearboxes offer an efficiency of 94%~96% (depending on the transmission stage), a noise level of 60~68dB, and a temperature rise (MAX) of 40??C. <\/p>\n<h3>Size Table:<\/h3>\n<p>Our Helical Bevel Gearboxes are available in various sizes to meet different application requirements. Please refer to the following size table for more information:<\/p>\n<table border=\"1\" cellspacing=\"0\" cellpadding=\"0\">\n<tbody>\n<tr>\n<td>Tama\u00f1o<\/td>\n<td>Di\u00e1metro del eje s\u00f3lido (mm)<\/td>\n<td>Di\u00e1metro del eje hueco (mm)<\/td>\n<td>Altura del centro (mm)<\/td>\n<td>Di\u00e1metro de la brida de salida (mm)<\/td>\n<td>Potencia (kw)<\/td>\n<td>Relaci\u00f3n<\/td>\n<td>Par motor admisible (nm)<\/td>\n<td>Peso (kg)<\/td>\n<\/tr>\n<tr>\n<td>37<\/td>\n<td>??25k6<\/td>\n<td>??30h7<\/td>\n<td>100<\/td>\n<td>??110\/160<\/td>\n<td>0.18-3.0<\/td>\n<td>5.36-106.38<\/td>\n<td>200<\/td>\n<td>11<\/td>\n<\/tr>\n<tr>\n<td>47<\/td>\n<td>??30k6<\/td>\n<td>??35h7<\/td>\n<td>112<\/td>\n<td>??120\/200<\/td>\n<td>0.18-3.0<\/td>\n<td>5.81-131.87<\/td>\n<td>400<\/td>\n<td>20<\/td>\n<\/tr>\n<tr>\n<td>57<\/td>\n<td>??35k6<\/td>\n<td>??40h7<\/td>\n<td>132<\/td>\n<td>??155\/250<\/td>\n<td>0.18-5.5<\/td>\n<td>6.57-145.14<\/td>\n<td>600<\/td>\n<td>27<\/td>\n<\/tr>\n<tr>\n<td>67<\/td>\n<td>??40k6<\/td>\n<td>??40h7<\/td>\n<td>140<\/td>\n<td>??155\/250<\/td>\n<td>0.18-5.5<\/td>\n<td>7.14-144.79<\/td>\n<td>820<\/td>\n<td>33<\/td>\n<\/tr>\n<tr>\n<td>77<\/td>\n<td>??50k6<\/td>\n<td>??50h7<\/td>\n<td>180<\/td>\n<td>??170\/300<\/td>\n<td>0.37-11.0<\/td>\n<td>7.24-292.18<\/td>\n<td>1550<\/td>\n<td>57<\/td>\n<\/tr>\n<tr>\n<td>87<\/td>\n<td>??60m6<\/td>\n<td>??60h7<\/td>\n<td>212<\/td>\n<td>??215\/350<\/td>\n<td>0.75-22.0<\/td>\n<td>7.19-197.18<\/td>\n<td>2700<\/td>\n<td>85<\/td>\n<\/tr>\n<tr>\n<td>97<\/td>\n<td>??70m6<\/td>\n<td>??70h7<\/td>\n<td>265<\/td>\n<td>??260\/450<\/td>\n<td>1.1-30.0<\/td>\n<td>8.95-176.05<\/td>\n<td>4300<\/td>\n<td>130<\/td>\n<\/tr>\n<tr>\n<td>107<\/td>\n<td>??90m6<\/td>\n<td>??90h7<\/td>\n<td>315<\/td>\n<td>??304\/450<\/td>\n<td>3.0-45.0<\/td>\n<td>8.74-141.46<\/td>\n<td>8000<\/td>\n<td>250<\/td>\n<\/tr>\n<tr>\n<td>127<\/td>\n<td>??110m6<\/td>\n<td>??100h7<\/td>\n<td>375<\/td>\n<td>??350\/550<\/td>\n<td>7.5-90.0<\/td>\n<td>8.68-146.07<\/td>\n<td>13000<\/td>\n<td>380<\/td>\n<\/tr>\n<tr>\n<td>157<\/td>\n<td>??120m6<\/td>\n<td>??120m6<\/td>\n<td>450<\/td>\n<td>??400\/660<\/td>\n<td>11.0-160.0<\/td>\n<td>12.65-150.41<\/td>\n<td>18000<\/td>\n<td>610<\/td>\n<\/tr>\n<tr>\n<td>167<\/td>\n<td>??160m6<\/td>\n<td>??160m6<\/td>\n<td>500<\/td>\n<td>??800<\/td>\n<td>11.0-200.0<\/td>\n<td>17.28-163.91<\/td>\n<td>32000<\/td>\n<td>1015<\/td>\n<\/tr>\n<tr>\n<td>187<\/td>\n<td>??190m6<\/td>\n<td>??190m6<\/td>\n<td>600<\/td>\n<td>??800<\/td>\n<td>18.5-200.0<\/td>\n<td>17.27-180.78<\/td>\n<td>50000<\/td>\n<td>1700<\/td>\n<\/tr>\n<\/tbody>\n<\/table>\n<h3>Conduit Box Position and Mounting Position:<\/h3>\n<p>Our Helical Bevel Gearboxes are designed with a conduit box position and mounting position for easy installation and maintenance. Please refer to the following images for more information:<\/p>\n<p><img loading=\"lazy\" decoding=\"async\" class=\"alignleft size-full wp-image-380226\" src=\"https:\/\/www.ever-power.net\/wp-content\/uploads\/2022\/06\/Conduit-box-position.jpg\" sizes=\"(min-width: 0px) and (max-width: 480px) 480px, (min-width: 481px) and (max-width: 980px) 980px, (min-width: 981px) 1000px, 100vw\" srcset=\"\/\/www.ever-power.net\/wp-content\/uploads\/2022\/06\/Conduit-box-position.jpg 1000w, \/\/www.ever-power.net\/wp-content\/uploads\/2022\/06\/Conduit-box-position-980x300.jpg 980w, \/\/www.ever-power.net\/wp-content\/uploads\/2022\/06\/Conduit-box-position-480x147.jpg 480w\" alt=\"\" width=\"1000\" height=\"306\" \/><\/p>\n<p><img loading=\"lazy\" decoding=\"async\" class=\"alignleft size-full wp-image-380227\" src=\"https:\/\/www.ever-power.net\/wp-content\/uploads\/2022\/06\/Mount-position.jpg\" sizes=\"(min-width: 0px) and (max-width: 480px) 480px, (min-width: 481px) and (max-width: 980px) 980px, (min-width: 981px) 1000px, 100vw\" srcset=\"\/\/www.ever-power.net\/wp-content\/uploads\/2022\/06\/Mount-position.jpg 1000w, \/\/www.ever-power.net\/wp-content\/uploads\/2022\/06\/Mount-position-980x479.jpg 980w, \/\/www.ever-power.net\/wp-content\/uploads\/2022\/06\/Mount-position-480x235.jpg 480w\" alt=\"\" width=\"1000\" height=\"489\" \/><\/p>\n<h2>\u00bfPor qu\u00e9 elegirnos?<\/h2>\n<h3>1. Wide Selection of Gearboxes<\/h3>\n<p>We offer a wide range of standard and custom solutions for applications in motion control and mechanical transmission, including inline planetary gearboxes, right angle planetary gearboxes, 90 degree right angle servo motor gearboxes, harmonic drive gearboxes, RV reducers for robots, ground precision racks and pinions, servo motors, stepper motors, brushless motors, and more. We also provide worm gear reducers, gear motors, screw jacks, steering gears, and other related reducer gearboxes and accessories.<\/p>\n<h3>2. Precio atractivo y calidad de marca superior<\/h3>\n<p>Our precision planetary gearboxes feature low backlash (2-8 arcmin), high efficiency (??95%), and low noise (60dBA). All servo gearboxes produced by our famous brand will be strictly inspected and tested before leaving the factory. In addition, we provide customers with a one-year warranty and lifetime after-sales service.<\/p>\n<h3>3. Soporte t\u00e9cnico profesional integral<\/h3>\n<p>Our professional technical team can assist you in selecting the right transmission for your machine. We will send you the corresponding CAD drawing for your inspection to avoid any mistakes. We also offer 24-hour technical support if you have any other issues that need urgent resolution.<\/p>\n<h3>4. Servicio personalizado<\/h3>\n<p>We provide custom service according to your requirements. Our sales engineer will assist you in designing a custom transmission that meets your needs.<\/p>\n<h3>5. Plazo de entrega r\u00e1pido<\/h3>\n<p>For most standard reducers, we have sufficient stock, which can be delivered to customers in a very short time, solving the problem of urgent replacement of damaged gearboxes on working machines, and saving costs for customers.<\/p>\n<h3>6. Profesional<\/h3>\n<p>Como uno de los principales fabricantes de cajas de engranajes c\u00f3nicos, proveedores de productos mec\u00e1nicos y f\u00e1bricas, suministramos cajas de engranajes helicoidales de contacto angular, cajas de engranajes planetarios y muchos otros productos.<\/p>\n<h2>Otros productos<\/h2>\n<p>In addition to our Helical Bevel Gearboxes, we also supply various Plastic Gear used in industry, such as agricultural gearboxes, power output shafts, sprockets, fluid couplings, worm gear reducers, gears and racks, detachable chains, pulleys and pulleys, planetary gearboxes, timing pulleys, bushings, and more. We offer high-quality products, favorable prices, and considerate service and welcome customers to come to us for drawing or sample customization.<\/p>\n<h2>Preguntas y respuestas<\/h2>\n<ol>\n<li>What materials are used to make Helical Bevel Gearboxes?<\/li>\n<li>What are the main advantages of Helical Bevel Gearboxes?<\/li>\n<li>What industries are Helical Bevel Gearboxes commonly used in?<\/li>\n<li>What technical data should I consider when selecting a Helical Bevel Gearbox?<\/li>\n<li>Can I get a custom Helical Bevel Gearbox?<\/li>\n<\/ol>","protected":false},"excerpt":{"rendered":"<p>High Quality Helical Bevel Gearboxes If you&#8217;re looking for a high-quality gearbox that offers stable transmission, low noise, and good sealing, then you need to check out our Helical Bevel Gearboxes. These gearboxes are highly efficient and power-saving, making them ideal for a wide range of applications across various industries. Our Helical Bevel Gearboxes are [&hellip;]<\/p>","protected":false},"featured_media":3291,"template":"","meta":{"_et_pb_use_builder":"","_et_pb_old_content":"","_et_gb_content_width":""},"product_brand":[],"product_cat":[11285],"product_tag":[],"class_list":{"0":"post-3292","1":"product","2":"type-product","3":"status-publish","4":"has-post-thumbnail","6":"product_cat-bevel-gearbox","8":"first","9":"instock","10":"shipping-taxable","11":"product-type-simple"},"_links":{"self":[{"href":"https:\/\/agricultural-gear-boxes.com\/es\/wp-json\/wp\/v2\/product\/3292","targetHints":{"allow":["GET"]}}],"collection":[{"href":"https:\/\/agricultural-gear-boxes.com\/es\/wp-json\/wp\/v2\/product"}],"about":[{"href":"https:\/\/agricultural-gear-boxes.com\/es\/wp-json\/wp\/v2\/types\/product"}],"wp:featuredmedia":[{"embeddable":true,"href":"https:\/\/agricultural-gear-boxes.com\/es\/wp-json\/wp\/v2\/media\/3291"}],"wp:attachment":[{"href":"https:\/\/agricultural-gear-boxes.com\/es\/wp-json\/wp\/v2\/media?parent=3292"}],"wp:term":[{"taxonomy":"product_brand","embeddable":true,"href":"https:\/\/agricultural-gear-boxes.com\/es\/wp-json\/wp\/v2\/product_brand?post=3292"},{"taxonomy":"product_cat","embeddable":true,"href":"https:\/\/agricultural-gear-boxes.com\/es\/wp-json\/wp\/v2\/product_cat?post=3292"},{"taxonomy":"product_tag","embeddable":true,"href":"https:\/\/agricultural-gear-boxes.com\/es\/wp-json\/wp\/v2\/product_tag?post=3292"}],"curies":[{"name":"wp","href":"https:\/\/api.w.org\/{rel}","templated":true}]}}