{"id":3294,"date":"2024-08-20T08:45:28","date_gmt":"2024-08-20T08:45:28","guid":{"rendered":"https:\/\/agricultural-gear-boxes.com\/product\/helical-bevel-gearboxes-apply-in-plastic-machinery\/"},"modified":"2024-08-20T08:45:28","modified_gmt":"2024-08-20T08:45:28","slug":"helical-bevel-gearboxes-apply-in-plastic-machinery","status":"publish","type":"product","link":"https:\/\/agricultural-gear-boxes.com\/es\/product\/helical-bevel-gearboxes-apply-in-plastic-machinery\/","title":{"rendered":"Los reductores c\u00f3nicos helicoidales se utilizan en maquinaria de pl\u00e1stico"},"content":{"rendered":"<h2>Los reductores c\u00f3nicos helicoidales se utilizan en maquinaria de pl\u00e1stico<\/h2>\n<p>Los reductores c\u00f3nicos helicoidales se utilizan ampliamente en maquinaria de pl\u00e1stico debido a su dise\u00f1o altamente modular, transmisi\u00f3n estable, bajo nivel de ruido, buen sellado, alta eficiencia y ahorro de energ\u00eda, ahorro de costos y bajo mantenimiento. Estos reductores se pueden aplicar a diversas industrias, como puertos y env\u00edos, elevaci\u00f3n y transporte, electricidad, miner\u00eda de carb\u00f3n, cemento y construcci\u00f3n, industria papelera y ligera, qu\u00edmica y protecci\u00f3n ambiental, entre otras.<\/p>\n<p>Helical bevel gearboxes are classified based on their size, which is determined by the solid or hollow shaft diameter, center height, output flange diameter, power, ratio, permissible torque, and weight. The gear materials are made of 20CrMnTi alloy steel, while the housing materials are cast iron or ductile iron with a hardness of HBS190-240. The gear&#8217;s surface hardness ranges from HRC58?? to 62??, while the gear core hardness varies from HRC33-40. The gearbox&#8217;s machining precision is accurate grinding with a 6-5 grade, and the efficiency can reach 94-96% depending on the transmission stage.<\/p>\n<p>Los reductores c\u00f3nicos helicoidales son f\u00e1ciles de instalar, mantener, reparar y reemplazar. El reductor est\u00e1 equipado con aceite lubricante y el proceso de tratamiento t\u00e9rmico incluye templado, cementado, temple, entre otros. El par admisible var\u00eda de 200 a 50.000 Nm y el peso var\u00eda de 11 a 1700 kg.<\/p>\n<h3>Ventajas de los reductores c\u00f3nicos helicoidales:<\/h3>\n<ol>\n<li>Dise\u00f1o altamente modular<\/li>\n<li>Soporte de alta carga, transmisi\u00f3n estable y bajo nivel de ruido.<\/li>\n<li>Buen sellado, amplia gama de aplicaciones.<\/li>\n<li>Alta eficiencia y ahorro de energ\u00eda.<\/li>\n<li>Ahorro de costes y bajo mantenimiento<\/li>\n<\/ol>\n<h3>Principales aplicaciones de los reductores c\u00f3nicos helicoidales:<\/h3>\n<ol>\n<li>Puertos y env\u00edos<\/li>\n<li>Elevaci\u00f3n y transporte<\/li>\n<li>Electricidad<\/li>\n<li>Miner\u00eda de carb\u00f3n<\/li>\n<li>Cemento y Construcci\u00f3n<\/li>\n<li>Industria del papel y ligera<\/li>\n<li>Protecci\u00f3n qu\u00edmica y medioambiental<\/li>\n<\/ol>\n<h3>Datos t\u00e9cnicos:<\/h3>\n<table border=\"1\" cellspacing=\"0\" cellpadding=\"0\">\n<tbody>\n<tr>\n<td>\n<table>\n<tbody>\n<tr>\n<td>Material de la carcasa<\/td>\n<\/tr>\n<\/tbody>\n<\/table>\n<\/td>\n<td>Hierro fundido\/hierro d\u00factil<\/td>\n<\/tr>\n<tr>\n<td>Dureza de la carcasa<\/td>\n<td>HBS190-240<\/td>\n<\/tr>\n<tr>\n<td>Material de engranajes<\/td>\n<td>Acero de aleaci\u00f3n 20CrMnTi<\/td>\n<\/tr>\n<tr>\n<td>Dureza superficial de los engranajes<\/td>\n<td>HRC58??~62 ??<\/td>\n<\/tr>\n<tr>\n<td>Dureza del n\u00facleo del engranaje<\/td>\n<td>HRCC33 ~ 40<\/td>\n<\/tr>\n<tr>\n<td>Material del eje de entrada\/salida<\/td>\n<td>Acero de aleaci\u00f3n 42CrMo<\/td>\n<\/tr>\n<tr>\n<td>Dureza del eje de entrada\/salida<\/td>\n<td>HRc25 ~ 30<\/td>\n<\/tr>\n<tr>\n<td>Precisi\u00f3n de mecanizado de engranajes<\/td>\n<td>Rectificado preciso, grado 6~5<\/td>\n<\/tr>\n<tr>\n<td>Aceite lubricante<\/td>\n<td>GB L-CKC220-460, Shell Omala220-460<\/td>\n<\/tr>\n<tr>\n<td>Tratamiento t\u00e9rmico<\/td>\n<td>Revenido, cementaci\u00f3n, temple, etc.<\/td>\n<\/tr>\n<tr>\n<td>Eficiencia<\/td>\n<td>94%~96% (depende de la etapa de transmisi\u00f3n)<\/td>\n<\/tr>\n<tr>\n<td>Ruido (m\u00e1ximo)<\/td>\n<td>60 ~ 68 dB<\/td>\n<\/tr>\n<tr>\n<td>Aumento de temperatura (m\u00e1ximo)<\/td>\n<td>40 \u00b0C<\/td>\n<\/tr>\n<tr>\n<td>Aumento de temperatura (aceite) (m\u00e1x.)<\/td>\n<td>50 \u00b0C<\/td>\n<\/tr>\n<tr>\n<td>Vibraci\u00f3n<\/td>\n<td>??20?metros<\/td>\n<\/tr>\n<tr>\n<td>Reacci\u00f3n<\/td>\n<td>??20 minutos de arco<\/td>\n<\/tr>\n<\/tbody>\n<\/table>\n<table border=\"1\" cellspacing=\"0\" cellpadding=\"0\">\n<tbody>\n<tr>\n<td>Tama\u00f1o<\/td>\n<td>Di\u00e1metro del eje s\u00f3lido (mm)<\/td>\n<td>Di\u00e1metro del eje hueco (mm)<\/td>\n<td>Altura del centro (mm)<\/td>\n<td>Di\u00e1metro de la brida de salida (mm)<\/td>\n<td>Potencia (kw)<\/td>\n<td>Relaci\u00f3n<\/td>\n<td>Par motor admisible (nm)<\/td>\n<td>Peso (kg)<\/td>\n<\/tr>\n<tr>\n<td>37<\/td>\n<td>??25k6<\/td>\n<td>??30h7<\/td>\n<td>100<\/td>\n<td>??110\/160<\/td>\n<td>0.18-3.0<\/td>\n<td>5.36-106.38<\/td>\n<td>200<\/td>\n<td>11<\/td>\n<\/tr>\n<tr>\n<td>47<\/td>\n<td>??30k6<\/td>\n<td>??35h7<\/td>\n<td>112<\/td>\n<td>??120\/200<\/td>\n<td>0.18-3.0<\/td>\n<td>5.81-131.87<\/td>\n<td>400<\/td>\n<td>20<\/td>\n<\/tr>\n<tr>\n<td>57<\/td>\n<td>??35k6<\/td>\n<td>??40h7<\/td>\n<td>132<\/td>\n<td>??155\/250<\/td>\n<td>0.18-5.5<\/td>\n<td>6.57-145.14<\/td>\n<td>600<\/td>\n<td>27<\/td>\n<\/tr>\n<tr>\n<td>67<\/td>\n<td>??40k6<\/td>\n<td>??40h7<\/td>\n<td>140<\/td>\n<td>??155\/250<\/td>\n<td>0.18-5.5<\/td>\n<td>7.14-144.79<\/td>\n<td>820<\/td>\n<td>33<\/td>\n<\/tr>\n<tr>\n<td>77<\/td>\n<td>??50k6<\/td>\n<td>??50h7<\/td>\n<td>180<\/td>\n<td>??170\/300<\/td>\n<td>0.37-11.0<\/td>\n<td>7.24-292.18<\/td>\n<td>1550<\/td>\n<td>57<\/td>\n<\/tr>\n<tr>\n<td>87<\/td>\n<td>??60m6<\/td>\n<td>??60h7<\/td>\n<td>212<\/td>\n<td>??215\/350<\/td>\n<td>0.75-22.0<\/td>\n<td>7.19-197.18<\/td>\n<td>2700<\/td>\n<td>85<\/td>\n<\/tr>\n<tr>\n<td>97<\/td>\n<td>??70m6<\/td>\n<td>??70h7<\/td>\n<td>265<\/td>\n<td>??260\/450<\/td>\n<td>1.1-30.0<\/td>\n<td>8.95-176.05<\/td>\n<td>4300<\/td>\n<td>130<\/td>\n<\/tr>\n<tr>\n<td>107<\/td>\n<td>??90m6<\/td>\n<td>??90h7<\/td>\n<td>315<\/td>\n<td>??304\/450<\/td>\n<td>3.0-45.0<\/td>\n<td>8.74-141.46<\/td>\n<td>8000<\/td>\n<td>250<\/td>\n<\/tr>\n<tr>\n<td>127<\/td>\n<td>??110m6<\/td>\n<td>??100h7<\/td>\n<td>375<\/td>\n<td>??350\/550<\/td>\n<td>7.5-90.0<\/td>\n<td>8.68-146.07<\/td>\n<td>13000<\/td>\n<td>380<\/td>\n<\/tr>\n<tr>\n<td>157<\/td>\n<td>??120m6<\/td>\n<td>??120m6<\/td>\n<td>450<\/td>\n<td>??400\/660<\/td>\n<td>11.0-160.0<\/td>\n<td>12.65-150.41<\/td>\n<td>18000<\/td>\n<td>610<\/td>\n<\/tr>\n<tr>\n<td>167<\/td>\n<td>??160m6<\/td>\n<td>??160m6<\/td>\n<td>500<\/td>\n<td>??800<\/td>\n<td>11.0-200.0<\/td>\n<td>17.28-163.91<\/td>\n<td>32000<\/td>\n<td>1015<\/td>\n<\/tr>\n<tr>\n<td>187<\/td>\n<td>??190m6<\/td>\n<td>??190m6<\/td>\n<td>600<\/td>\n<td>??800<\/td>\n<td>18.5-200.0<\/td>\n<td>17.27-180.78<\/td>\n<td>50000<\/td>\n<td>1700<\/td>\n<\/tr>\n<\/tbody>\n<\/table>\n<p><img loading=\"lazy\" decoding=\"async\" class=\"alignleft size-full wp-image-380226\" src=\"https:\/\/www.ever-power.net\/wp-content\/uploads\/2022\/06\/Conduit-box-position.jpg\" sizes=\"(min-width: 0px) and (max-width: 480px) 480px, (min-width: 481px) and (max-width: 980px) 980px, (min-width: 981px) 1000px, 100vw\" srcset=\"\/\/www.ever-power.net\/wp-content\/uploads\/2022\/06\/Conduit-box-position.jpg 1000w, \/\/www.ever-power.net\/wp-content\/uploads\/2022\/06\/Conduit-box-position-980x300.jpg 980w, \/\/www.ever-power.net\/wp-content\/uploads\/2022\/06\/Conduit-box-position-480x147.jpg 480w\" alt=\"\" width=\"1000\" height=\"306\" \/><img loading=\"lazy\" decoding=\"async\" class=\"alignleft size-full wp-image-380227\" src=\"https:\/\/www.ever-power.net\/wp-content\/uploads\/2022\/06\/Mount-position.jpg\" sizes=\"(min-width: 0px) and (max-width: 480px) 480px, (min-width: 481px) and (max-width: 980px) 980px, (min-width: 981px) 1000px, 100vw\" srcset=\"\/\/www.ever-power.net\/wp-content\/uploads\/2022\/06\/Mount-position.jpg 1000w, \/\/www.ever-power.net\/wp-content\/uploads\/2022\/06\/Mount-position-980x479.jpg 980w, \/\/www.ever-power.net\/wp-content\/uploads\/2022\/06\/Mount-position-480x235.jpg 480w\" alt=\"\" width=\"1000\" height=\"489\" \/><\/p>\n<p>Nuestra empresa ofrece una amplia selecci\u00f3n de reductores para aplicaciones en control de movimiento y transmisi\u00f3n mec\u00e1nica. Ofrecemos reductores planetarios en l\u00ednea de precisi\u00f3n, reductores planetarios en \u00e1ngulo recto, reductores de servomotores en \u00e1ngulo recto de 90 grados, reductores de transmisi\u00f3n arm\u00f3nica, reductores RV para robots, cremalleras y pi\u00f1ones de precisi\u00f3n rectificados, servomotores, motores paso a paso, motores sin escobillas, reductores de engranajes helicoidales, motorreductores, gatos de tornillo, engranajes de direcci\u00f3n y otros reductores y accesorios relacionados. Tambi\u00e9n ofrecemos un servicio personalizado de acuerdo con sus requisitos. Nuestros productos se caracterizan por su bajo juego, alta eficiencia y bajo nivel de ruido. Tambi\u00e9n ofrecemos una garant\u00eda de un a\u00f1o y un servicio posventa de por vida. <\/p>\n<h2>\u00bfPor qu\u00e9 elegirnos?<\/h2>\n<ol>\n<li><strong>Amplia selecci\u00f3n de reductores:<\/strong> Nuestra empresa ofrece una amplia gama de soluciones est\u00e1ndar y personalizadas para aplicaciones en control de movimiento y transmisi\u00f3n mec\u00e1nica. <\/li>\n<li><strong>Precio atractivo y calidad de marca superior:<\/strong> Ofrecemos a nuestros clientes precios atractivos con buena calidad, y todos los servoreductores producidos por nuestra famosa marca son estrictamente inspeccionados y probados antes de salir de f\u00e1brica.<\/li>\n<li><strong>Soporte t\u00e9cnico profesional integral:<\/strong> Contamos con un equipo t\u00e9cnico profesional para atenderle y ofrecemos soporte t\u00e9cnico las 24 horas si tiene cualquier otro problema que necesite una soluci\u00f3n urgente.<\/li>\n<li><strong>Brindamos un servicio personalizado:<\/strong> Podemos proporcionar un servicio personalizado seg\u00fan sus necesidades.<\/li>\n<li><strong>Tiempo de entrega r\u00e1pido:<\/strong> Para la mayor\u00eda de los reductores est\u00e1ndar, disponemos de stock suficiente, que puede entregarse a los clientes en muy poco tiempo.<\/li>\n<li><strong>Profesional:<\/strong> Somos uno de los principales fabricantes de cajas de engranajes c\u00f3nicos, proveedores de productos mec\u00e1nicos y f\u00e1bricas. Suministramos cajas de engranajes helicoidales de contacto angular, cajas de engranajes planetarios y muchos otros productos.<\/li>\n<\/ol>\n<h2>Otros productos de negocios<\/h2>\n<p>Suministramos principalmente diversos engranajes de pl\u00e1stico utilizados en la industria, como cajas de engranajes agr\u00edcolas, ejes de salida de potencia, ruedas dentadas, acoplamientos de fluidos, reductores de engranajes helicoidales, engranajes y cremalleras, cadenas desmontables, poleas y poleas, cajas de engranajes planetarios, poleas de distribuci\u00f3n, bujes y m\u00e1s. Nuestros productos de alta calidad, precios favorables y servicios considerados han ganado un alto reconocimiento y evaluaci\u00f3n de nuestros clientes en todo el mundo. Damos la bienvenida a los clientes para que vengan a la personalizaci\u00f3n del dibujo o la muestra.<\/p>\n<h2>Preguntas y respuestas<\/h2>\n<ol>\n<li>\u00bfCu\u00e1les son las ventajas de los reductores c\u00f3nicos helicoidales?<\/li>\n<li>\u00bfCu\u00e1les son las principales aplicaciones de los reductores c\u00f3nicos helicoidales?<\/li>\n<li>\u00bfCu\u00e1les son los datos t\u00e9cnicos de los reductores c\u00f3nicos helicoidales?<\/li>\n<li>\u00bfC\u00f3mo instalar, mantener y reparar reductores c\u00f3nicos helicoidales?<\/li>\n<li>\u00bfQu\u00e9 otros productos suministra la empresa?<\/li>\n<\/ol>","protected":false},"excerpt":{"rendered":"<p>Helical Bevel Gearboxes Apply In Plastic Machinery Helical bevel gearboxes are widely used in plastic machinery due to their high modular design, stable transmission, low noise, good sealing, high efficiency and power saving, cost-saving, and low maintenance. These gearboxes can apply to various industries such as ports and shipping, lifting and transporting, electricity, coal mining, [&hellip;]<\/p>","protected":false},"featured_media":3293,"template":"","meta":{"_et_pb_use_builder":"","_et_pb_old_content":"","_et_gb_content_width":""},"product_brand":[],"product_cat":[11285],"product_tag":[],"class_list":{"0":"post-3294","1":"product","2":"type-product","3":"status-publish","4":"has-post-thumbnail","6":"product_cat-bevel-gearbox","8":"first","9":"instock","10":"shipping-taxable","11":"product-type-simple"},"_links":{"self":[{"href":"https:\/\/agricultural-gear-boxes.com\/es\/wp-json\/wp\/v2\/product\/3294","targetHints":{"allow":["GET"]}}],"collection":[{"href":"https:\/\/agricultural-gear-boxes.com\/es\/wp-json\/wp\/v2\/product"}],"about":[{"href":"https:\/\/agricultural-gear-boxes.com\/es\/wp-json\/wp\/v2\/types\/product"}],"wp:featuredmedia":[{"embeddable":true,"href":"https:\/\/agricultural-gear-boxes.com\/es\/wp-json\/wp\/v2\/media\/3293"}],"wp:attachment":[{"href":"https:\/\/agricultural-gear-boxes.com\/es\/wp-json\/wp\/v2\/media?parent=3294"}],"wp:term":[{"taxonomy":"product_brand","embeddable":true,"href":"https:\/\/agricultural-gear-boxes.com\/es\/wp-json\/wp\/v2\/product_brand?post=3294"},{"taxonomy":"product_cat","embeddable":true,"href":"https:\/\/agricultural-gear-boxes.com\/es\/wp-json\/wp\/v2\/product_cat?post=3294"},{"taxonomy":"product_tag","embeddable":true,"href":"https:\/\/agricultural-gear-boxes.com\/es\/wp-json\/wp\/v2\/product_tag?post=3294"}],"curies":[{"name":"wp","href":"https:\/\/api.w.org\/{rel}","templated":true}]}}