{"id":3317,"date":"2024-08-21T05:28:08","date_gmt":"2024-08-21T05:28:08","guid":{"rendered":"https:\/\/agricultural-gear-boxes.com\/product\/swing-gearbox-fit-for-excavator-komatsu-pc300-7\/"},"modified":"2024-08-21T05:28:08","modified_gmt":"2024-08-21T05:28:08","slug":"swing-gearbox-fit-for-excavator-komatsu-pc300-7","status":"publish","type":"product","link":"https:\/\/agricultural-gear-boxes.com\/es\/product\/swing-gearbox-fit-for-excavator-komatsu-pc300-7\/","title":{"rendered":"Caja de cambios de giro apta para excavadora Komatsu PC300-7"},"content":{"rendered":"<h1>Caja de cambios de giro apta para excavadora Komatsu PC300-7<\/h1>\n<h2>Actualice su excavadora con una caja de cambios de giro de alta calidad<\/h2>\n<p>\nSwing gearbox is an essential part of an excavator&#8217;s hydraulic system and plays a critical role in transferring hydraulic power to the slewing ring, controlling rotational motion, providing a constant speed during operation, and protecting the engine&#8217;s hydraulic system from overloading. Our swing gearbox is a perfect fit for the Excavator Komatsu PC300-7, designed to optimize your machine&#8217;s performance, durability, and efficiency.\n<\/p>\n<h2>Historia y clasificaci\u00f3n de la caja de cambios de giro<\/h2>\n<p>\nLas cajas de engranajes de giro se han utilizado durante m\u00e1s de un siglo. Los primeros modelos se controlaban manualmente y los modelos posteriores utilizaban energ\u00eda hidr\u00e1ulica para controlar la rotaci\u00f3n. En la actualidad, las cajas de engranajes de giro modernas se clasifican seg\u00fan su dise\u00f1o, incluidos los tipos de engranajes c\u00f3nicos, engranajes planetarios y engranajes helicoidales. Nuestra caja de engranajes de giro es un tipo de engranaje planetario con un dise\u00f1o compacto, alta densidad de par y bajos niveles de ruido.\n<\/p>\n<h2>Ventajas de nuestra caja de cambios de giro<\/h2>\n<ul>\n<li>Materiales de alta calidad para una mayor vida \u00fatil y durabilidad.<\/li>\n<li>Dise\u00f1o \u00f3ptimo para alta capacidad de torque y bajos niveles de ruido.<\/li>\n<li>Compatible con una variedad de marcas y modelos de excavadoras.<\/li>\n<li>F\u00e1cil instalaci\u00f3n, mantenimiento y reparaci\u00f3n.<\/li>\n<li>Precio favorable y excelente servicio postventa.<\/li>\n<\/ul>\n<h2>Instalaci\u00f3n, mantenimiento y reparaci\u00f3n<\/h2>\n<p>\nLa instalaci\u00f3n de nuestra caja de cambios para giros es un proceso sencillo que se puede realizar utilizando herramientas y equipos est\u00e1ndar. Para garantizar un rendimiento y una vida \u00fatil \u00f3ptimos, se requiere un mantenimiento regular, que incluye la comprobaci\u00f3n del nivel de aceite de la caja de cambios, el cambio de aceite de la caja de cambios cada 500 horas de funcionamiento, la limpieza de la caja de cambios y de sus alrededores y la inspecci\u00f3n de la caja de cambios para detectar signos de desgaste o da\u00f1os. En caso de aver\u00eda, nuestra caja de cambios para giros es f\u00e1cil de reparar y sustituir, y disponemos de piezas de repuesto f\u00e1cilmente.\n<\/p>\n<h2>Marcas y modelos de excavadoras compatibles<\/h2>\n<p>\nIn addition to the Komatsu PC300-7, our swing gearbox is also compatible with a variety of excavator brands and models, including Caterpillar 320D, Hitachi EX200-5, and Volvo EC210B, among others. We offer a range of compatible swing gearboxes for customers&#8217; convenience in selecting a product that works with their excavator.\n<\/p>\n<h2>Acerca de nuestra empresa<\/h2>\n<p>\nSomos un fabricante dedicado de repuestos de maquinaria de ingenier\u00eda de alta calidad, especializado en conjuntos de desaceleraci\u00f3n de marcha, conjuntos de desaceleraci\u00f3n de giro, engranajes, anillos de engranajes, ejes de transmisi\u00f3n, engranajes planetarios y m\u00e1s. Nuestra empresa cuenta con equipos de producci\u00f3n avanzados y excelente tecnolog\u00eda de procesamiento, con un equipo de dise\u00f1o de producci\u00f3n y marketing de alta calidad. Hemos producido m\u00e1s de 12.000 tipos de piezas de mecanismo de transmisi\u00f3n para excavadoras y bulldozers, adecuadas para m\u00e1s de 599 modelos.\n<\/p>\n<p>\nAdem\u00e1s de nuestra caja de cambios de giro, tambi\u00e9n suministramos varios engranajes de pl\u00e1stico utilizados en la industria, como cajas de cambios agr\u00edcolas, ejes de salida de potencia, ruedas dentadas, acoplamientos de fluido, reductores de engranajes helicoidales, engranajes y cremalleras, cadenas desmontables, poleas y poleas, cajas de cambios planetarias, poleas de distribuci\u00f3n, bujes y m\u00e1s. Nuestros productos son de alta calidad, tienen precios competitivos y est\u00e1n respaldados por un excelente servicio posventa. Damos la bienvenida a los clientes a que vengan a nosotros para personalizar los dibujos o las muestras.\n<\/p>\n<h2>Preguntas y respuestas<\/h2>\n<h3>1. \u00bfC\u00f3mo funciona una caja de cambios de giro?<\/h3>\n<p>\nA swing gearbox works by receiving hydraulic power from the engine&#8217;s hydraulic system and transferring it to the slewing ring, which makes the excavator rotate.\n<\/p>\n<h3>2. \u00bfCu\u00e1les son las se\u00f1ales de que se necesita una nueva caja de cambios de giro?<\/h3>\n<ul>\n<li>Ruidos inusuales provenientes de la caja de cambios<\/li>\n<li>Dificultad para girar la excavadora<\/li>\n<li>Fugas de l\u00edquido de la caja de cambios<\/li>\n<li>Aumento de la temperatura del fluido hidr\u00e1ulico<\/li>\n<\/ul>\n<h3>3. \u00bfCu\u00e1les son las ventajas de su caja de cambios oscilante?<\/h3>\n<ul>\n<li>Materiales de alta calidad para una mayor vida \u00fatil y durabilidad.<\/li>\n<li>Dise\u00f1o \u00f3ptimo para alta capacidad de torque y bajos niveles de ruido.<\/li>\n<li>Compatible con una variedad de marcas y modelos de excavadoras.<\/li>\n<li>F\u00e1cil instalaci\u00f3n, mantenimiento y reparaci\u00f3n.<\/li>\n<li>Precio favorable y excelente servicio postventa.<\/li>\n<\/ul>\n<h3>4. \u00bfC\u00f3mo instalo la caja de cambios de giro?<\/h3>\n<p>\nLa instalaci\u00f3n de nuestra caja de cambios para puertas batientes es un proceso sencillo que se puede realizar con herramientas y equipos est\u00e1ndar. Consulte nuestro manual de instalaci\u00f3n para obtener instrucciones detalladas.\n<\/p>\n<h3>5. \u00bfQu\u00e9 otros productos suministra su empresa?<\/h3>\n<p>\nAdem\u00e1s de nuestra caja de engranajes de giro, suministramos varios engranajes de pl\u00e1stico utilizados en la industria, como cajas de engranajes agr\u00edcolas, ejes de salida de potencia, ruedas dentadas, acoplamientos de fluidos, reductores de engranajes sinf\u00edn, engranajes y cremalleras, cadenas desmontables, poleas y poleas, cajas de engranajes planetarios, poleas de distribuci\u00f3n, bujes y m\u00e1s. Visite nuestro sitio web para obtener m\u00e1s informaci\u00f3n.<\/p>","protected":false},"excerpt":{"rendered":"<p>Swing Gearbox Fit for Excavator Komatsu PC300-7 Upgrade Your Excavator with High-Quality Swing Gearbox Swing gearbox is an essential part of an excavator&#8217;s hydraulic system and plays a critical role in transferring hydraulic power to the slewing ring, controlling rotational motion, providing a constant speed during operation, and protecting the engine&#8217;s hydraulic system from overloading. [&hellip;]<\/p>","protected":false},"featured_media":3316,"template":"","meta":{"_et_pb_use_builder":"","_et_pb_old_content":"","_et_gb_content_width":""},"product_brand":[],"product_cat":[11286],"product_tag":[],"class_list":{"0":"post-3317","1":"product","2":"type-product","3":"status-publish","4":"has-post-thumbnail","6":"product_cat-swing-gearbox","8":"first","9":"instock","10":"shipping-taxable","11":"product-type-simple"},"_links":{"self":[{"href":"https:\/\/agricultural-gear-boxes.com\/es\/wp-json\/wp\/v2\/product\/3317","targetHints":{"allow":["GET"]}}],"collection":[{"href":"https:\/\/agricultural-gear-boxes.com\/es\/wp-json\/wp\/v2\/product"}],"about":[{"href":"https:\/\/agricultural-gear-boxes.com\/es\/wp-json\/wp\/v2\/types\/product"}],"wp:featuredmedia":[{"embeddable":true,"href":"https:\/\/agricultural-gear-boxes.com\/es\/wp-json\/wp\/v2\/media\/3316"}],"wp:attachment":[{"href":"https:\/\/agricultural-gear-boxes.com\/es\/wp-json\/wp\/v2\/media?parent=3317"}],"wp:term":[{"taxonomy":"product_brand","embeddable":true,"href":"https:\/\/agricultural-gear-boxes.com\/es\/wp-json\/wp\/v2\/product_brand?post=3317"},{"taxonomy":"product_cat","embeddable":true,"href":"https:\/\/agricultural-gear-boxes.com\/es\/wp-json\/wp\/v2\/product_cat?post=3317"},{"taxonomy":"product_tag","embeddable":true,"href":"https:\/\/agricultural-gear-boxes.com\/es\/wp-json\/wp\/v2\/product_tag?post=3317"}],"curies":[{"name":"wp","href":"https:\/\/api.w.org\/{rel}","templated":true}]}}