{"id":3343,"date":"2024-08-21T05:38:35","date_gmt":"2024-08-21T05:38:35","guid":{"rendered":"https:\/\/agricultural-gear-boxes.com\/product\/bevel-gears-type-a\/"},"modified":"2024-08-21T05:38:35","modified_gmt":"2024-08-21T05:38:35","slug":"bevel-gears-type-a","status":"publish","type":"product","link":"https:\/\/agricultural-gear-boxes.com\/es\/product\/bevel-gears-type-a\/","title":{"rendered":"Engranajes c\u00f3nicos tipo A"},"content":{"rendered":"<h2>Bevel Gears Type A &#8211; European Standard<\/h2>\n<p>Los engranajes c\u00f3nicos son componentes importantes que se utilizan en diversas industrias en la actualidad. Estos engranajes se utilizan para transmitir potencia entre ejes que se cruzan, y la potencia se transmite en un \u00e1ngulo. Los engranajes c\u00f3nicos tipo A son una opci\u00f3n popular en los mercados europeos. Estos engranajes vienen en cuatro relaciones diferentes: 1:1, 1:2, 1:3 y 1:4. Est\u00e1n hechos de materiales de alta calidad, lo que garantiza que sean duraderos y confiables.<\/p>\n<h3>Escenarios de uso com\u00fan<\/h3>\n<ul>\n<li>Industria automotriz<\/li>\n<li>Maquinaria de construcci\u00f3n<\/li>\n<li>Aplicaciones marinas<\/li>\n<li>Maquinaria agr\u00edcola<\/li>\n<\/ul>\n<h3>Ventajas de los engranajes c\u00f3nicos tipo A<\/h3>\n<ul>\n<li>Alta eficiencia<\/li>\n<li>Transmisi\u00f3n suave de potencia<\/li>\n<li>Bajo nivel de ruido<\/li>\n<li>Duradero y confiable<\/li>\n<\/ul>\n<h3>Materiales utilizados<\/h3>\n<p>Los engranajes c\u00f3nicos pueden fabricarse con distintos materiales, como acero, hierro fundido y bronce. La elecci\u00f3n del material depende de la aplicaci\u00f3n y del entorno en el que se utilizar\u00e1 el engranaje.<\/p>\n<h3>Instalaci\u00f3n, mantenimiento y reparaci\u00f3n<\/h3>\n<ul>\n<li>Bevel gears should be installed correctly to ensure they operate efficiently and safely. It is important to follow the manufacturer&#8217;s instructions when installing the gears.<\/li>\n<li>El mantenimiento de los engranajes c\u00f3nicos es importante para garantizar su longevidad. La inspecci\u00f3n y lubricaci\u00f3n peri\u00f3dicas ayudar\u00e1n a prevenir da\u00f1os y prolongar la vida \u00fatil de los engranajes.<\/li>\n<li>Si un engranaje c\u00f3nico est\u00e1 da\u00f1ado, a veces se puede reparar. Sin embargo, si el da\u00f1o es demasiado grave, ser\u00e1 necesario reemplazar el engranaje.<\/li>\n<\/ul>\n<h3>Acerca de nuestra empresa<\/h3>\n<p>Nuestra empresa suministra diversos engranajes de pl\u00e1stico utilizados en la industria, incluidas cajas de engranajes agr\u00edcolas, ejes de salida de potencia, ruedas dentadas, acoplamientos de fluidos, reductores de tornillo sin fin, engranajes y cremalleras, cadenas desmontables, poleas y poleas, cajas de engranajes planetarios, poleas de distribuci\u00f3n y bujes. Nos enorgullecemos de nuestros productos de alta calidad, precios favorables y servicio considerado. Damos la bienvenida a los clientes a que vengan a nosotros para la personalizaci\u00f3n de dibujos o muestras.<\/p>\n<h2>Preguntas y respuestas<\/h2>\n<h3>1. \u00bfPara qu\u00e9 se utilizan los engranajes c\u00f3nicos?<\/h3>\n<p>Los engranajes c\u00f3nicos se utilizan para transmitir potencia entre ejes que se cruzan.<\/p>\n<h3>2. \u00bfCu\u00e1les son las ventajas de los engranajes c\u00f3nicos?<\/h3>\n<p>Los engranajes c\u00f3nicos tienen alta eficiencia, transmisi\u00f3n suave de potencia, bajo nivel de ruido y son duraderos y confiables.<\/p>\n<h3>3. \u00bfDe qu\u00e9 materiales est\u00e1n hechos los engranajes c\u00f3nicos?<\/h3>\n<p>Los engranajes c\u00f3nicos pueden fabricarse con una variedad de materiales, incluidos acero, hierro fundido y bronce.<\/p>\n<h3>4. \u00bfC\u00f3mo se deben instalar los engranajes c\u00f3nicos?<\/h3>\n<p>Bevel gears should be installed following the manufacturer&#8217;s instructions to ensure they operate efficiently and safely.<\/p>\n<h3>5. \u00bfSe pueden reparar los engranajes c\u00f3nicos?<\/h3>\n<p>A veces, los engranajes c\u00f3nicos se pueden reparar si el da\u00f1o no es demasiado grave. Sin embargo, si el da\u00f1o es demasiado grave, ser\u00e1 necesario reemplazar el engranaje.<\/p>","protected":false},"excerpt":{"rendered":"<p>Bevel Gears Type A &#8211; European Standard Bevel gears are important components used in various industries today. These gears are used to transmit power between intersecting shafts, with the power being transmitted at an angle. Type A bevel gears are a popular choice in European markets. These gears come in four different ratios: 1:1, 1:2, [&hellip;]<\/p>","protected":false},"featured_media":3342,"template":"","meta":{"_et_pb_use_builder":"","_et_pb_old_content":"","_et_gb_content_width":""},"product_brand":[],"product_cat":[11287],"product_tag":[],"class_list":{"0":"post-3343","1":"product","2":"type-product","3":"status-publish","4":"has-post-thumbnail","6":"product_cat-bevel-gear","8":"first","9":"instock","10":"shipping-taxable","11":"product-type-simple"},"_links":{"self":[{"href":"https:\/\/agricultural-gear-boxes.com\/es\/wp-json\/wp\/v2\/product\/3343","targetHints":{"allow":["GET"]}}],"collection":[{"href":"https:\/\/agricultural-gear-boxes.com\/es\/wp-json\/wp\/v2\/product"}],"about":[{"href":"https:\/\/agricultural-gear-boxes.com\/es\/wp-json\/wp\/v2\/types\/product"}],"wp:featuredmedia":[{"embeddable":true,"href":"https:\/\/agricultural-gear-boxes.com\/es\/wp-json\/wp\/v2\/media\/3342"}],"wp:attachment":[{"href":"https:\/\/agricultural-gear-boxes.com\/es\/wp-json\/wp\/v2\/media?parent=3343"}],"wp:term":[{"taxonomy":"product_brand","embeddable":true,"href":"https:\/\/agricultural-gear-boxes.com\/es\/wp-json\/wp\/v2\/product_brand?post=3343"},{"taxonomy":"product_cat","embeddable":true,"href":"https:\/\/agricultural-gear-boxes.com\/es\/wp-json\/wp\/v2\/product_cat?post=3343"},{"taxonomy":"product_tag","embeddable":true,"href":"https:\/\/agricultural-gear-boxes.com\/es\/wp-json\/wp\/v2\/product_tag?post=3343"}],"curies":[{"name":"wp","href":"https:\/\/api.w.org\/{rel}","templated":true}]}}