{"id":3353,"date":"2024-08-21T05:38:44","date_gmt":"2024-08-21T05:38:44","guid":{"rendered":"https:\/\/agricultural-gear-boxes.com\/product\/helical-bevel-gears-for-textile-machinery\/"},"modified":"2024-08-21T05:38:45","modified_gmt":"2024-08-21T05:38:45","slug":"helical-bevel-gears-for-textile-machinery","status":"publish","type":"product","link":"https:\/\/agricultural-gear-boxes.com\/es\/product\/helical-bevel-gears-for-textile-machinery\/","title":{"rendered":"Engranajes c\u00f3nicos helicoidales para maquinaria textil"},"content":{"rendered":"<h2>Engranajes c\u00f3nicos helicoidales para maquinaria textil: engranajes de alto rendimiento y calidad<\/h2>\n<p>Los engranajes c\u00f3nicos helicoidales son un componente esencial que se utiliza en m\u00e1quinas textiles, m\u00e1quinas de impresi\u00f3n y m\u00e1quinas para usos especiales (SPM). Estos engranajes tienen un di\u00e1metro que va desde los 10 mm hasta los 110 mm y son adecuados para diversas aplicaciones. En Ever-Power, fabricamos engranajes c\u00f3nicos helicoidales de alta calidad que cumplen con los est\u00e1ndares de la industria y satisfacen las necesidades de nuestros clientes.<\/p>\n<h3>Historia de los engranajes c\u00f3nicos helicoidales<\/h3>\n<p>Los engranajes c\u00f3nicos helicoidales se han utilizado durante muchos a\u00f1os y han experimentado varias mejoras para cumplir con los requisitos de la industria. El primer engranaje c\u00f3nico helicoidal se invent\u00f3 a fines del siglo XIX y, desde entonces, su dise\u00f1o ha evolucionado continuamente. Los engranajes c\u00f3nicos helicoidales ahora est\u00e1n disponibles en varios materiales, tama\u00f1os y dise\u00f1os y se utilizan ampliamente en varias aplicaciones industriales.<\/p>\n<h3>Ventajas de los engranajes c\u00f3nicos helicoidales<\/h3>\n<p>Los engranajes c\u00f3nicos helicoidales son los preferidos por varias razones. En primer lugar, producen menos ruido y vibraci\u00f3n, lo que los hace ideales para aplicaciones en las que los niveles de ruido son un problema. En segundo lugar, son muy eficientes y pueden transferir potencia de manera suave y eficiente. Por \u00faltimo, tienen una vida \u00fatil m\u00e1s larga que otros tipos de engranajes, lo que los convierte en una opci\u00f3n rentable.<\/p>\n<h3>Instalaci\u00f3n, mantenimiento y reparaci\u00f3n de engranajes c\u00f3nicos helicoidales<\/h3>\n<p>La instalaci\u00f3n, el mantenimiento y la reparaci\u00f3n adecuados de los engranajes c\u00f3nicos helicoidales son fundamentales para garantizar su rendimiento \u00f3ptimo. Durante la instalaci\u00f3n, aseg\u00farese de que los engranajes est\u00e9n correctamente alineados y de que el patr\u00f3n de contacto sea el correcto. El mantenimiento debe incluir la limpieza y lubricaci\u00f3n peri\u00f3dicas de los engranajes para evitar el desgaste. En caso de reparaci\u00f3n, es esencial sustituir los engranajes desgastados por otros nuevos para garantizar un rendimiento \u00f3ptimo.<\/p>\n<h3>Otros productos suministrados por Ever-Power<\/h3>\n<p>Ever-Power tambi\u00e9n suministra diversos engranajes pl\u00e1sticos utilizados en la industria, como cajas de engranajes agr\u00edcolas, ejes de salida de potencia, ruedas dentadas, acoplamientos de fluidos, reductores de tornillo sin fin, engranajes y cremalleras, cadenas desmontables, poleas y poleas, cajas de engranajes planetarios, poleas de distribuci\u00f3n, bujes y m\u00e1s. Nuestros productos son de alta calidad y est\u00e1n disponibles a un precio razonable.<\/p>\n<h2>Preguntas y respuestas<\/h2>\n<p><b>P:<\/b> \u00bfPara qu\u00e9 se utilizan los engranajes c\u00f3nicos helicoidales?<br \/>\n<b>A:<\/b> Los engranajes c\u00f3nicos helicoidales se utilizan com\u00fanmente en m\u00e1quinas textiles, m\u00e1quinas de impresi\u00f3n y m\u00e1quinas de prop\u00f3sito especial (SPM).<\/p>\n<p><b>P:<\/b> \u00bfCu\u00e1l es el rango de di\u00e1metro de los engranajes c\u00f3nicos helicoidales?<br \/>\n<b>A:<\/b> Los engranajes c\u00f3nicos helicoidales var\u00edan de 10 mm a 110 mm de di\u00e1metro.<\/p>\n<p><b>P:<\/b> \u00bfPor qu\u00e9 se prefieren los engranajes c\u00f3nicos helicoidales en aplicaciones industriales?<br \/>\n<b>A:<\/b> Se prefieren los engranajes c\u00f3nicos helicoidales porque producen menos ruido y vibraci\u00f3n, son altamente eficientes y tienen una vida \u00fatil m\u00e1s larga que otros tipos de engranajes.<\/p>\n<p><b>P:<\/b> \u00bfCu\u00e1l es la importancia de una correcta instalaci\u00f3n de los engranajes c\u00f3nicos helicoidales?<br \/>\n<b>A:<\/b> La instalaci\u00f3n correcta de los engranajes c\u00f3nicos helicoidales es fundamental para garantizar su rendimiento \u00f3ptimo. La alineaci\u00f3n y el patr\u00f3n de contacto correctos garantizan que los engranajes funcionen correctamente.<\/p>\n<p><b>P:<\/b> \u00bfQu\u00e9 otros productos suministra Ever-Power?<br \/>\n<b>A:<\/b> Ever-Power suministra una gama de engranajes de pl\u00e1stico utilizados en la industria, como cajas de engranajes agr\u00edcolas, ejes de salida de potencia, pi\u00f1ones, acoplamientos de fluido, reductores de tornillo sin fin, engranajes y cremalleras, cadenas desmontables, poleas y poleas, cajas de engranajes planetarios, poleas de distribuci\u00f3n, bujes y m\u00e1s.<\/p>","protected":false},"excerpt":{"rendered":"<p>Helical Bevel Gears For Textile Machinery: High-Quality Performance Gears Helical Bevel Gears are an essential component used in textile machines, printing machines, and Special Purpose Machines (SPMs). These gears range from 10mm to 110mm in diameter and are suitable for various applications. At Ever-Power, we manufacture high-quality Helical Bevel Gears that meet industry standards and [&hellip;]<\/p>","protected":false},"featured_media":3352,"template":"","meta":{"_et_pb_use_builder":"","_et_pb_old_content":"","_et_gb_content_width":""},"product_brand":[],"product_cat":[11287],"product_tag":[],"class_list":{"0":"post-3353","1":"product","2":"type-product","3":"status-publish","4":"has-post-thumbnail","6":"product_cat-bevel-gear","8":"first","9":"instock","10":"shipping-taxable","11":"product-type-simple"},"_links":{"self":[{"href":"https:\/\/agricultural-gear-boxes.com\/es\/wp-json\/wp\/v2\/product\/3353","targetHints":{"allow":["GET"]}}],"collection":[{"href":"https:\/\/agricultural-gear-boxes.com\/es\/wp-json\/wp\/v2\/product"}],"about":[{"href":"https:\/\/agricultural-gear-boxes.com\/es\/wp-json\/wp\/v2\/types\/product"}],"wp:featuredmedia":[{"embeddable":true,"href":"https:\/\/agricultural-gear-boxes.com\/es\/wp-json\/wp\/v2\/media\/3352"}],"wp:attachment":[{"href":"https:\/\/agricultural-gear-boxes.com\/es\/wp-json\/wp\/v2\/media?parent=3353"}],"wp:term":[{"taxonomy":"product_brand","embeddable":true,"href":"https:\/\/agricultural-gear-boxes.com\/es\/wp-json\/wp\/v2\/product_brand?post=3353"},{"taxonomy":"product_cat","embeddable":true,"href":"https:\/\/agricultural-gear-boxes.com\/es\/wp-json\/wp\/v2\/product_cat?post=3353"},{"taxonomy":"product_tag","embeddable":true,"href":"https:\/\/agricultural-gear-boxes.com\/es\/wp-json\/wp\/v2\/product_tag?post=3353"}],"curies":[{"name":"wp","href":"https:\/\/api.w.org\/{rel}","templated":true}]}}