{"id":3378,"date":"2024-08-21T09:06:43","date_gmt":"2024-08-21T09:06:43","guid":{"rendered":"https:\/\/agricultural-gear-boxes.com\/product\/plastic-spur-gears\/"},"modified":"2024-08-21T09:06:44","modified_gmt":"2024-08-21T09:06:44","slug":"plastic-spur-gears","status":"publish","type":"product","link":"https:\/\/agricultural-gear-boxes.com\/es\/product\/plastic-spur-gears\/","title":{"rendered":"Engranajes rectos de pl\u00e1stico"},"content":{"rendered":"<h2>Engranajes rectos de pl\u00e1stico: la opci\u00f3n rentable y vers\u00e1til para la transmisi\u00f3n de potencia y movimiento<\/h2>\n<p>Los engranajes rectos de pl\u00e1stico se utilizan ampliamente en diversas industrias debido a su relaci\u00f3n costo-beneficio, versatilidad y facilidad de personalizaci\u00f3n. Estos engranajes tienen dientes radiales dise\u00f1ados para transmitir potencia y movimiento entre dos ejes paralelos, lo que los hace ideales para diversas aplicaciones, como aumento o reducci\u00f3n de velocidad, alto par, resoluci\u00f3n para sistemas de posicionamiento y m\u00e1s. <\/p>\n<p>A pesar de estar hechos de pl\u00e1stico, estos engranajes son muy duraderos y pueden soportar da\u00f1os qu\u00edmicos y por corrosi\u00f3n. Tambi\u00e9n son m\u00e1s livianos que los engranajes de metal, lo que los convierte en la opci\u00f3n preferida para aplicaciones livianas. <\/p>\n<h3>Ventajas de los engranajes rectos de pl\u00e1stico<\/h3>\n<ul>\n<li>Se moldean f\u00e1cilmente en varias formas, lo que les da una amplia gama de configuraciones.<\/li>\n<li>Rentable en comparaci\u00f3n con los engranajes met\u00e1licos.<\/li>\n<li>M\u00e1s ligero de peso<\/li>\n<li>Resistente a productos qu\u00edmicos y a la corrosi\u00f3n.<\/li>\n<li>Funcionamiento m\u00e1s silencioso y suave<\/li>\n<li>Ofrecer una geometr\u00eda de conducci\u00f3n m\u00e1s eficiente<\/li>\n<li>Autolubricante inherente<\/li>\n<\/ul>\n<h3>Materiales utilizados para engranajes rectos de pl\u00e1stico<\/h3>\n<p>Los materiales m\u00e1s utilizados para los engranajes rectos de pl\u00e1stico son el poliacetal (POM) y el nailon. Sin embargo, seg\u00fan la aplicaci\u00f3n, tambi\u00e9n se pueden utilizar otros materiales como el acetal, el UHMW y el policarbonato.<\/p>\n<h3>Instalaci\u00f3n, mantenimiento y reparaci\u00f3n de engranajes rectos de pl\u00e1stico<\/h3>\n<p>La instalaci\u00f3n de engranajes rectos de pl\u00e1stico es un proceso sencillo que requiere un m\u00ednimo esfuerzo. Los engranajes se pueden fijar f\u00e1cilmente al eje mediante un tornillo de fijaci\u00f3n o una ranura. Se recomienda inspeccionar peri\u00f3dicamente los engranajes para detectar signos de desgaste y reemplazarlos cuando sea necesario. <\/p>\n<p>La reparaci\u00f3n de engranajes rectos de pl\u00e1stico es un proceso sencillo que implica reemplazar el engranaje da\u00f1ado por uno nuevo. Se recomienda consultar con un profesional para cualquier reparaci\u00f3n.<\/p>\n<h3>Otros tipos de engranajes de pl\u00e1stico<\/h3>\n<p>Adem\u00e1s de los engranajes rectos de pl\u00e1stico, existen otros tipos de engranajes de pl\u00e1stico disponibles en el mercado, como engranajes c\u00f3nicos, engranajes sinf\u00edn, engranajes helicoidales, engranajes de pi\u00f1\u00f3n y cremallera, entre otros. Estos engranajes tambi\u00e9n se utilizan ampliamente en diversas industrias debido a sus caracter\u00edsticas y capacidades \u00fanicas.<\/p>\n<h3>Acerca de EVER-POWER<\/h3>\n<p>En EVER-POWER, nos especializamos en proporcionar una amplia gama de engranajes de pl\u00e1stico utilizados en industrias como la agricultura, la transmisi\u00f3n de potencia y m\u00e1s. Nuestros productos incluyen cajas de engranajes agr\u00edcolas, ejes de salida de potencia, ruedas dentadas, acoplamientos de fluidos, reductores de engranajes helicoidales, engranajes y cremalleras, cadenas desmontables, poleas y poleas, cajas de engranajes planetarios, poleas de distribuci\u00f3n, bujes y m\u00e1s. Ofrecemos productos de alta calidad a precios favorables y brindamos un servicio al cliente considerado. Tambi\u00e9n proporcionamos fabricaci\u00f3n de engranajes personalizados seg\u00fan dibujos o muestras del cliente.<\/p>\n<h2>Preguntas y respuestas<\/h2>\n<p>1. \u00bfSon duraderos los engranajes rectos de pl\u00e1stico?<br \/>\n   &#8211; Yes, plastic spur gears are highly durable and can withstand chemical and corrosion damage.<\/p>\n<p>2. \u00bfQu\u00e9 materiales se utilizan para los engranajes rectos de pl\u00e1stico?<br \/>\n   &#8211; The most commonly used materials are Polyacetal (POM) and Nylon. However, other materials such as Acetal, UHMW, and Polycarbonate may also be used.<\/p>\n<p>3. \u00bfC\u00f3mo se instalan los engranajes rectos de pl\u00e1stico?<br \/>\n   &#8211; Plastic spur gears can be easily fixed onto the shaft using a set screw or a keyway.<\/p>\n<p>4. \u00bfCu\u00e1les son las ventajas de utilizar engranajes de pl\u00e1stico frente a los de metal?<br \/>\n   &#8211; Plastic gears are cost-effective, lighter in weight, chemical and corrosion-resistant, quieter and smoother in operation, and offer more efficient drive geometry.<\/p>\n<p>5. \u00bfEVER-POWER ofrece fabricaci\u00f3n de engranajes personalizados?<br \/>\n   &#8211; Yes, we provide custom gear manufacturing based on customer drawings or samples.<\/p>","protected":false},"excerpt":{"rendered":"<p>Plastic Spur Gears: The Cost-Effective and Versatile Choice for Power and Motion Transmission Plastic spur gears are widely used across various industries due to their cost-effectiveness, versatility, and ease of customization. These gears have radial teeth designed to transmit power and motion between two parallel axes, making them ideal for various applications such as speed [&hellip;]<\/p>","protected":false},"featured_media":3377,"template":"","meta":{"_et_pb_use_builder":"","_et_pb_old_content":"","_et_gb_content_width":""},"product_brand":[],"product_cat":[11288],"product_tag":[],"class_list":{"0":"post-3378","1":"product","2":"type-product","3":"status-publish","4":"has-post-thumbnail","6":"product_cat-spur-gear","8":"first","9":"instock","10":"shipping-taxable","11":"product-type-simple"},"_links":{"self":[{"href":"https:\/\/agricultural-gear-boxes.com\/es\/wp-json\/wp\/v2\/product\/3378","targetHints":{"allow":["GET"]}}],"collection":[{"href":"https:\/\/agricultural-gear-boxes.com\/es\/wp-json\/wp\/v2\/product"}],"about":[{"href":"https:\/\/agricultural-gear-boxes.com\/es\/wp-json\/wp\/v2\/types\/product"}],"wp:featuredmedia":[{"embeddable":true,"href":"https:\/\/agricultural-gear-boxes.com\/es\/wp-json\/wp\/v2\/media\/3377"}],"wp:attachment":[{"href":"https:\/\/agricultural-gear-boxes.com\/es\/wp-json\/wp\/v2\/media?parent=3378"}],"wp:term":[{"taxonomy":"product_brand","embeddable":true,"href":"https:\/\/agricultural-gear-boxes.com\/es\/wp-json\/wp\/v2\/product_brand?post=3378"},{"taxonomy":"product_cat","embeddable":true,"href":"https:\/\/agricultural-gear-boxes.com\/es\/wp-json\/wp\/v2\/product_cat?post=3378"},{"taxonomy":"product_tag","embeddable":true,"href":"https:\/\/agricultural-gear-boxes.com\/es\/wp-json\/wp\/v2\/product_tag?post=3378"}],"curies":[{"name":"wp","href":"https:\/\/api.w.org\/{rel}","templated":true}]}}