{"id":3384,"date":"2024-08-21T09:06:46","date_gmt":"2024-08-21T09:06:46","guid":{"rendered":"https:\/\/agricultural-gear-boxes.com\/product\/plastic-double-spur-gears\/"},"modified":"2024-08-21T09:06:47","modified_gmt":"2024-08-21T09:06:47","slug":"plastic-double-spur-gears","status":"publish","type":"product","link":"https:\/\/agricultural-gear-boxes.com\/es\/product\/plastic-double-spur-gears\/","title":{"rendered":"Engranajes rectos dobles de pl\u00e1stico"},"content":{"rendered":"<h2>Engranajes rectos dobles de pl\u00e1stico: una soluci\u00f3n vers\u00e1til para aplicaciones industriales<\/h2>\n<p>El engranaje recto doble de pl\u00e1stico es un tipo de engranaje de pl\u00e1stico que consta de dos engranajes rectos apilados, cada uno con diferentes dimensiones de di\u00e1metro. Estos engranajes se utilizan ampliamente en diversas aplicaciones industriales debido a sus caracter\u00edsticas y ventajas \u00fanicas.<\/p>\n<h3>Escenarios de uso com\u00fan<\/h3>\n<ul>\n<li>M\u00e1quinas de control autom\u00e1tico<\/li>\n<li>Industria de semiconductores<\/li>\n<li>Maquinaria para la industria en general<\/li>\n<li>Equipo m\u00e9dico<\/li>\n<li>Equipos de energ\u00eda solar<\/li>\n<li>M\u00e1quinas herramientas<\/li>\n<li>Sistemas de estacionamiento<\/li>\n<li>Equipos de transporte ferroviario y a\u00e9reo de alta velocidad<\/li>\n<\/ul>\n<h3>Ventajas y materiales<\/h3>\n<p>Los engranajes de pl\u00e1stico ofrecen varias ventajas sobre sus hom\u00f3logos de metal. Son m\u00e1s ligeros e inertes, lo que los hace adecuados para entornos en los que los engranajes de metal pueden corroerse o degradarse f\u00e1cilmente, como los medidores de agua y el control de equipos qu\u00edmicos. Los engranajes de pl\u00e1stico tambi\u00e9n tienen una excelente estabilidad dimensional, incluso en condiciones de temperatura y humedad cambiantes.<\/p>\n<p>Estos engranajes pueden estar hechos de diversos materiales, entre ellos:<\/p>\n<ul>\n<li>PA (Poliamida)<\/li>\n<li>POM (Polioximetileno)<\/li>\n<li>UHMWPE (polietileno de peso molecular ultraalto)<\/li>\n<li>ABS (Acrilonitrilo Butadieno Estireno)<\/li>\n<li>PTFE (politetrafluoroetileno)<\/li>\n<li>PPS (sulfuro de polifenileno)<\/li>\n<li>Peek (poli\u00e9ter \u00e9ter cetona)<\/li>\n<\/ul>\n<h3>Instalaci\u00f3n, mantenimiento y reparaci\u00f3n<\/h3>\n<p>La instalaci\u00f3n y el mantenimiento de los engranajes rectos dobles de pl\u00e1stico es un proceso sencillo. La inspecci\u00f3n y la limpieza peri\u00f3dicas son esenciales para garantizar un rendimiento \u00f3ptimo y una larga vida \u00fatil. En lo que respecta a la reparaci\u00f3n, se recomienda ponerse en contacto con un t\u00e9cnico profesional o con el fabricante de los engranajes para garantizar un manejo y un reemplazo adecuados de los engranajes da\u00f1ados o desgastados.<\/p>\n<h3>Otros productos de nuestra empresa<\/h3>\n<p>Adem\u00e1s de los engranajes rectos dobles de pl\u00e1stico, nos especializamos en el suministro de una amplia gama de engranajes de pl\u00e1stico y componentes industriales relacionados. Nuestra oferta de productos incluye:<\/p>\n<ul>\n<li>Cajas de cambios agr\u00edcolas<\/li>\n<li>Ejes de salida de potencia<\/li>\n<li>Pi\u00f1ones<\/li>\n<li>Acoplamientos de fluidos<\/li>\n<li>Reductores de engranajes helicoidales<\/li>\n<li>Engranajes y cremalleras<\/li>\n<li>Cadenas desmontables<\/li>\n<li>Poleas y poleas<\/li>\n<li>Cajas de engranajes planetarios<\/li>\n<li>Poleas de distribuci\u00f3n<\/li>\n<li>Bujes<\/li>\n<li>Y m\u00e1s<\/li>\n<\/ul>\n<p>Nos enorgullecemos de ofrecer productos de alta calidad a precios competitivos. Nuestro equipo est\u00e1 dedicado a brindar un excelente servicio al cliente y acepta pedidos personalizados seg\u00fan requisitos espec\u00edficos. Ya sea que necesite engranajes de pl\u00e1stico personalizados u otros componentes industriales, tenemos la experiencia para satisfacer sus necesidades.<\/p>\n<h2>Preguntas frecuentes (FAQ)<\/h2>\n<div>\n<h3>1. \u00bfPuede proporcionarnos dibujos y datos t\u00e9cnicos?<\/h3>\n<p>R: S\u00ed, nuestro departamento t\u00e9cnico profesional puede dise\u00f1ar y proporcionar dibujos y datos t\u00e9cnicos.<\/p>\n<h3>2. \u00bfSe han exportado sus productos?<\/h3>\n<p>R: S\u00ed, hemos exportado nuestros productos a varios pa\u00edses del mundo, incluidos EE. UU., Canad\u00e1, Australia, Rusia y muchos m\u00e1s.<\/p>\n<h3>3. \u00bfSe pueden fabricar los productos seg\u00fan los requisitos del cliente?<\/h3>\n<p>R: S\u00ed, las especificaciones mencionadas anteriormente son nuestras ofertas est\u00e1ndar. Tambi\u00e9n podemos dise\u00f1ar y fabricar productos seg\u00fan los requisitos espec\u00edficos del cliente.<\/p>\n<h3>4. \u00bfEst\u00e1 permitido visitar la f\u00e1brica?<\/h3>\n<p>R: S\u00ed, invitamos a los clientes a visitar nuestra f\u00e1brica, que se encuentra en la ciudad de Hangzhou, provincia de Zhejiang, China continental.<\/p>\n<h3>5. \u00bfEst\u00e1s buscando un agente?<\/h3>\n<p>R: S\u00ed, estamos buscando activamente agentes en todo el mundo. Comun\u00edquese con nosotros para obtener m\u00e1s informaci\u00f3n.<\/p>\n<\/div>\n<div class=\"productsTags\">\n<div class=\"productsTags\">Etiquetas calientes: engranaje recto doble de pl\u00e1stico, fabricantes, f\u00e1bricas, proveedores, personalizado, venta al por mayor, proveedores chinos<\/div>\n<\/div>","protected":false},"excerpt":{"rendered":"<p>Plastic Double Spur Gears: A Versatile Solution for Industrial Applications The plastic double spur gear is a type of plastic gear which consists of two spur gears stacked together, each with different dimensions of diameters. These gears are widely used in various industrial applications due to their unique characteristics and advantages. Common Use Scenarios Automatic [&hellip;]<\/p>","protected":false},"featured_media":3383,"template":"","meta":{"_et_pb_use_builder":"","_et_pb_old_content":"","_et_gb_content_width":""},"product_brand":[],"product_cat":[11288],"product_tag":[],"class_list":{"0":"post-3384","1":"product","2":"type-product","3":"status-publish","4":"has-post-thumbnail","6":"product_cat-spur-gear","8":"first","9":"instock","10":"shipping-taxable","11":"product-type-simple"},"_links":{"self":[{"href":"https:\/\/agricultural-gear-boxes.com\/es\/wp-json\/wp\/v2\/product\/3384","targetHints":{"allow":["GET"]}}],"collection":[{"href":"https:\/\/agricultural-gear-boxes.com\/es\/wp-json\/wp\/v2\/product"}],"about":[{"href":"https:\/\/agricultural-gear-boxes.com\/es\/wp-json\/wp\/v2\/types\/product"}],"wp:featuredmedia":[{"embeddable":true,"href":"https:\/\/agricultural-gear-boxes.com\/es\/wp-json\/wp\/v2\/media\/3383"}],"wp:attachment":[{"href":"https:\/\/agricultural-gear-boxes.com\/es\/wp-json\/wp\/v2\/media?parent=3384"}],"wp:term":[{"taxonomy":"product_brand","embeddable":true,"href":"https:\/\/agricultural-gear-boxes.com\/es\/wp-json\/wp\/v2\/product_brand?post=3384"},{"taxonomy":"product_cat","embeddable":true,"href":"https:\/\/agricultural-gear-boxes.com\/es\/wp-json\/wp\/v2\/product_cat?post=3384"},{"taxonomy":"product_tag","embeddable":true,"href":"https:\/\/agricultural-gear-boxes.com\/es\/wp-json\/wp\/v2\/product_tag?post=3384"}],"curies":[{"name":"wp","href":"https:\/\/api.w.org\/{rel}","templated":true}]}}