{"id":3386,"date":"2024-08-21T09:06:48","date_gmt":"2024-08-21T09:06:48","guid":{"rendered":"https:\/\/agricultural-gear-boxes.com\/product\/nylon-spur-gears\/"},"modified":"2024-08-21T09:06:48","modified_gmt":"2024-08-21T09:06:48","slug":"nylon-spur-gears","status":"publish","type":"product","link":"https:\/\/agricultural-gear-boxes.com\/es\/product\/nylon-spur-gears\/","title":{"rendered":"Engranajes rectos de nailon"},"content":{"rendered":"<h2>Secondary Title: Nylon Spur Gears &#8211; Reliable and Versatile Gear Transmission for Industrial Applications<\/h2>\n<p>Los engranajes rectos de nailon son un componente esencial en las m\u00e1quinas e instrumentos modernos, ya que proporcionan una transmisi\u00f3n de potencia y movimiento precisa y eficiente a las relaciones de velocidad prescritas. Estos engranajes se utilizan com\u00fanmente en una amplia gama de industrias debido a su rendimiento confiable y sus numerosas ventajas.<\/p>\n<h3>Introducci\u00f3n<\/h3>\n<p>La transmisi\u00f3n por engranajes de nailon se aplica ampliamente en diversos escenarios industriales y ofrece una soluci\u00f3n duradera y eficiente para la transferencia de movimiento y potencia. Con un perfil de cremallera lineal y combinados con cremalleras rectas de nailon o cremalleras helicoidales de nailon, estos engranajes est\u00e1n dise\u00f1ados para cumplir con diferentes requisitos de aplicaci\u00f3n. A diferencia de los engranajes con superficies dentadas evolventes, las cremalleras de nailon presentan una superficie dentada plana, lo que las hace equivalentes a un engranaje cil\u00edndrico de c\u00edrculo infinito con un radio de c\u00edrculo de indexaci\u00f3n.<\/p>\n<p><img loading=\"lazy\" decoding=\"async\" class=\"alignleft size-full wp-image-381103\" src=\"https:\/\/www.ever-power.net\/wp-content\/uploads\/2022\/06\/Nylon-Spur-Gear-2.jpg\" alt=\"\" width=\"600\" height=\"600\" \/><br \/>\n<img loading=\"lazy\" decoding=\"async\" class=\"alignleft size-full wp-image-381102\" src=\"https:\/\/www.ever-power.net\/wp-content\/uploads\/2022\/06\/Nylon-Spur-Gear-1.jpg\" alt=\"\" width=\"600\" height=\"600\" \/><\/p>\n<h2>Descripci\u00f3n del Producto<\/h2>\n<table class=\"table\" style=\"height: 600px; width: 100%; border-style: solid; border-color: #0f0d0d;\" border=\"1\" width=\"100%\">\n<tbody>\n<tr class=\"firstRow\">\n<td>N\u00famero de modelo<\/td>\n<td>M1, M1.5, M2, M2.5, M3, M4, M5, M8, M12 y m\u00e1s<\/td>\n<\/tr>\n<tr>\n<td>Material<\/td>\n<td>Poliamida, policarbonato, poli\u00e9ter \u00e9ter met\u00edlico, PTFE, politetrafluoroetileno (PPS), poliisocianurato de etileno (POM), UHMWPE, ABS, PEEK<\/td>\n<\/tr>\n<tr>\n<td>Est\u00e1ndar<\/td>\n<td>ISO, DIN, ANSI, JIS, BS y no est\u00e1ndar<\/td>\n<\/tr>\n<tr>\n<td>Precisi\u00f3n<\/td>\n<td>DIN6, DIN7, DIN8, DIN9<\/td>\n<\/tr>\n<tr>\n<td>Tratamiento de dientes<\/td>\n<td>Endurecido, fresado o molido<\/td>\n<\/tr>\n<tr>\n<td>Tolerancia<\/td>\n<td>0.001mm &#8211; 0.01mm &#8211; 0.1mm<\/td>\n<\/tr>\n<tr>\n<td>Finalizar<\/td>\n<td>Granallado\/arenado, tratamiento t\u00e9rmico, recocido, templado, pulido, anodizado, galvanizado<\/td>\n<\/tr>\n<tr>\n<td>Embalaje de art\u00edculos<\/td>\n<td>Bolsa de pl\u00e1stico + cajas de cart\u00f3n o embalaje de madera<\/td>\n<\/tr>\n<tr>\n<td>Condiciones de pago<\/td>\n<td>Transferencia bancaria, carta de cr\u00e9dito<\/td>\n<\/tr>\n<tr>\n<td>Plazo de producci\u00f3n<\/td>\n<td>20 &#8211; 25 business days for sample and bulk orders<\/td>\n<\/tr>\n<tr>\n<td>Muestras<\/td>\n<td>El precio de muestra var\u00eda de $2 a $100. El cliente paga la solicitud expresa de muestra<\/td>\n<\/tr>\n<tr>\n<td>Solicitud<\/td>\n<td>\n<ul>\n<li>M\u00e1quinas de control autom\u00e1tico<\/li>\n<li>Industria de semiconductores<\/li>\n<li>Maquinaria para la industria en general<\/li>\n<li>Equipo m\u00e9dico<\/li>\n<li>Equipos de energ\u00eda solar<\/li>\n<li>M\u00e1quina herramienta<\/li>\n<li>Sistema de estacionamiento<\/li>\n<li>Equipos de transporte ferroviario y a\u00e9reo de alta velocidad, etc.<\/li>\n<\/ul>\n<\/td>\n<\/tr>\n<\/tbody>\n<\/table>\n<p>Las ventajas de los engranajes de nailon son numerosas, lo que los hace adecuados para diversas aplicaciones industriales. Su construcci\u00f3n liviana, resistencia a la fatiga, absorci\u00f3n de impactos y buenas propiedades de autolubricaci\u00f3n hacen que los engranajes de nailon moldeados sean ideales para lugares donde la contaminaci\u00f3n del lubricante es un problema o no es posible una lubricaci\u00f3n frecuente. Adem\u00e1s, estos engranajes funcionan con un ruido m\u00ednimo y ofrecen un rendimiento excepcional en industrias como la textil, la papelera, la imprenta y la maquinaria.<\/p>\n<h2>Mostrar productos<\/h2>\n<p><img loading=\"lazy\" decoding=\"async\" class=\"size-full wp-image-381104 alignnone\" src=\"https:\/\/www.ever-power.net\/wp-content\/uploads\/2022\/06\/Nylon-Spur-Gear-3.jpg\" alt=\"\" width=\"600\" height=\"600\" \/><br \/>\n<img loading=\"lazy\" decoding=\"async\" class=\"size-full wp-image-381106 alignnone\" src=\"https:\/\/www.ever-power.net\/wp-content\/uploads\/2022\/06\/Nylon-Spur-Gear-5.jpg\" alt=\"\" width=\"600\" height=\"600\" \/><br \/>\n<img loading=\"lazy\" decoding=\"async\" class=\"size-full wp-image-381105 alignnone\" src=\"https:\/\/www.ever-power.net\/wp-content\/uploads\/2022\/06\/Nylon-Spur-Gear-4.jpg\" alt=\"\" width=\"600\" height=\"600\" \/><\/p>\n<h2>Preguntas frecuentes<\/h2>\n<div class=\"prodetail-content\">\n<div>\n<h3>1. \u00bfPuede proporcionarnos dibujos y datos t\u00e9cnicos?<\/h3>\n<p>A: Nuestro departamento t\u00e9cnico profesional se dedica a dise\u00f1ar y proporcionar dibujos precisos y datos t\u00e9cnicos para nuestros clientes.<\/p>\n<h3>2. \u00bfSe han exportado sus productos?<\/h3>\n<p>R: S\u00ed, nuestros productos se han exportado a numerosos pa\u00edses en todo el mundo, incluidos EE. UU., Canad\u00e1, Australia, Rusia, Chile, Panam\u00e1, Nicaragua, Emiratos \u00c1rabes Unidos, Arabia Saudita, Egipto, Sri Lanka, Nigeria, Ir\u00e1n, Vietnam, Indonesia, Singapur, Grecia, Pa\u00edses Bajos, Georgia, Rumania, Irlanda, India, Tailandia, Pakist\u00e1n, Filipinas, Singapur, Hong Kong y Taiw\u00e1n.<\/p>\n<h3>3. \u00bfPueden fabricar productos seg\u00fan los requisitos del cliente?<\/h3>\n<p>R: Por supuesto, las especificaciones mencionadas anteriormente son nuestras ofertas est\u00e1ndar. Sin embargo, tenemos la capacidad de dise\u00f1ar y fabricar productos personalizados seg\u00fan requisitos espec\u00edficos.<\/p>\n<h3>4. \u00bfEst\u00e1 permitido visitar su f\u00e1brica?<\/h3>\n<p>A: S\u00ed, damos una c\u00e1lida bienvenida a los clientes que deseen visitar nuestra f\u00e1brica. Estamos ubicados en la ciudad de Hangzhou, provincia de Zhejiang, China continental.<\/p>\n<h3>5. \u00bfEst\u00e1s buscando agentes?<\/h3>\n<p>R: S\u00ed, estamos buscando activamente agentes en todo el mundo. No dude en ponerse en contacto con nosotros para hablar m\u00e1s sobre el tema.<\/p>\n<\/div>\n<div><\/div>\n<\/div>\n<div class=\"productsTags\">\n<div class=\"productsTags\">Etiquetas calientes: Engranajes rectos de nailon, fabricantes, f\u00e1bricas, proveedores, personalizados, mayoristas, proveedores chinos<\/div>\n<\/div>\n<p>Adem\u00e1s de los engranajes rectos de nailon, nos especializamos en el suministro de diversos productos de engranajes de pl\u00e1stico para industrias. Nuestra amplia gama incluye cajas de engranajes agr\u00edcolas, ejes de salida de potencia, ruedas dentadas, acoplamientos de fluidos, reductores de engranajes helicoidales, engranajes y cremalleras, cadenas desmontables, poleas, cajas de engranajes planetarios, poleas de distribuci\u00f3n, bujes y m\u00e1s. Nos enorgullecemos de ofrecer productos de alta calidad a precios competitivos y brindar un excelente servicio al cliente. Ya sea que necesite un plano o una personalizaci\u00f3n de muestra, lo invitamos a experimentar nuestros excelentes productos y servicios.<\/p>\n<h2>Preguntas y respuestas<\/h2>\n<h3>1. \u00bfSe pueden utilizar engranajes rectos de nailon en aplicaciones de alta velocidad?<\/h3>\n<p>R: S\u00ed, los engranajes rectos de nailon se pueden utilizar en aplicaciones de alta velocidad. Su construcci\u00f3n liviana y su transmisi\u00f3n de potencia eficiente los hacen adecuados para diversos escenarios industriales, incluidos aquellos con requisitos de alta velocidad.<\/p>\n<h3>2. \u00bfLos engranajes de nailon son resistentes a la corrosi\u00f3n?<\/h3>\n<p>R: Los engranajes de nailon ofrecen buena resistencia a la corrosi\u00f3n, lo que los hace adecuados para aplicaciones en entornos donde puede haber exposici\u00f3n a la humedad o a productos qu\u00edmicos.<\/p>\n<h3>3. \u00bfCon qu\u00e9 frecuencia se deben lubricar los engranajes de nailon?<\/h3>\n<p>R: Debido a sus propiedades autolubricantes, los engranajes de nailon no requieren lubricaci\u00f3n frecuente. Sin embargo, una lubricaci\u00f3n ocasional puede resultar beneficiosa para lograr un rendimiento y una longevidad \u00f3ptimos.<\/p>\n<h3>4. \u00bfSe pueden reparar los engranajes rectos de nailon?<\/h3>\n<p>R: En la mayor\u00eda de los casos, los engranajes rectos de nailon no se pueden reparar una vez da\u00f1ados. Se recomienda reemplazar los engranajes da\u00f1ados por otros nuevos para garantizar el funcionamiento correcto y mantener la integridad del sistema.<\/p>\n<h3>5. \u00bfQu\u00e9 materiales se pueden utilizar para la fabricaci\u00f3n de engranajes de nailon?<\/h3>\n<p>R: Los engranajes de nailon se pueden fabricar a partir de diversos materiales, entre ellos PA, POM, UHMWPE, ABS, PTFE, PPS y Peek. La selecci\u00f3n del material depende de los requisitos espec\u00edficos de la aplicaci\u00f3n y de los factores ambientales.<\/p>","protected":false},"excerpt":{"rendered":"<p>Secondary Title: Nylon Spur Gears &#8211; Reliable and Versatile Gear Transmission for Industrial Applications Nylon spur gears are an essential component in modern machines and instruments, providing efficient and precise motion and power transmission at prescribed speed ratios. These gears are commonly used in a wide range of industries due to their reliable performance and [&hellip;]<\/p>","protected":false},"featured_media":3385,"template":"","meta":{"_et_pb_use_builder":"","_et_pb_old_content":"","_et_gb_content_width":""},"product_brand":[],"product_cat":[11288],"product_tag":[],"class_list":{"0":"post-3386","1":"product","2":"type-product","3":"status-publish","4":"has-post-thumbnail","6":"product_cat-spur-gear","8":"first","9":"instock","10":"shipping-taxable","11":"product-type-simple"},"_links":{"self":[{"href":"https:\/\/agricultural-gear-boxes.com\/es\/wp-json\/wp\/v2\/product\/3386","targetHints":{"allow":["GET"]}}],"collection":[{"href":"https:\/\/agricultural-gear-boxes.com\/es\/wp-json\/wp\/v2\/product"}],"about":[{"href":"https:\/\/agricultural-gear-boxes.com\/es\/wp-json\/wp\/v2\/types\/product"}],"wp:featuredmedia":[{"embeddable":true,"href":"https:\/\/agricultural-gear-boxes.com\/es\/wp-json\/wp\/v2\/media\/3385"}],"wp:attachment":[{"href":"https:\/\/agricultural-gear-boxes.com\/es\/wp-json\/wp\/v2\/media?parent=3386"}],"wp:term":[{"taxonomy":"product_brand","embeddable":true,"href":"https:\/\/agricultural-gear-boxes.com\/es\/wp-json\/wp\/v2\/product_brand?post=3386"},{"taxonomy":"product_cat","embeddable":true,"href":"https:\/\/agricultural-gear-boxes.com\/es\/wp-json\/wp\/v2\/product_cat?post=3386"},{"taxonomy":"product_tag","embeddable":true,"href":"https:\/\/agricultural-gear-boxes.com\/es\/wp-json\/wp\/v2\/product_tag?post=3386"}],"curies":[{"name":"wp","href":"https:\/\/api.w.org\/{rel}","templated":true}]}}