{"id":3392,"date":"2024-08-21T09:17:42","date_gmt":"2024-08-21T09:17:42","guid":{"rendered":"https:\/\/agricultural-gear-boxes.com\/product\/gray-iron-worm-gear-wheels\/"},"modified":"2024-08-21T09:17:42","modified_gmt":"2024-08-21T09:17:42","slug":"gray-iron-worm-gear-wheels","status":"publish","type":"product","link":"https:\/\/agricultural-gear-boxes.com\/es\/product\/gray-iron-worm-gear-wheels\/","title":{"rendered":"Ruedas dentadas helicoidales de hierro gris"},"content":{"rendered":"<h2>Gray Iron Worm Gear Wheels &#8211; An Economical and Versatile Choice<\/h2>\n<p>Los engranajes helicoidales de hierro gris se utilizan ampliamente en diversas industrias debido a su capacidad de proporcionar una gran reducci\u00f3n de velocidad con un alto par en un espacio compacto. Son un tipo de transmisi\u00f3n por engranaje helicoidal que es altamente eficiente y f\u00e1cil de instalar. En Ever-Power, ofrecemos una amplia gama de engranajes helicoidales con una gran selecci\u00f3n de m\u00f3dulos y cantidad de dientes para satisfacer las necesidades de diferentes industrias.<\/p>\n<h3>Ventajas de los engranajes helicoidales de hierro gris<\/h3>\n<ul>\n<li>Altamente eficiente para proporcionar reducci\u00f3n de velocidad y torque.<\/li>\n<li>El dise\u00f1o compacto ahorra espacio.<\/li>\n<li>F\u00e1cil de instalar y mantener.<\/li>\n<li>Disponible en una variedad de materiales, m\u00f3dulos y n\u00famero de dientes.<\/li>\n<li>Se puede utilizar en una amplia gama de industrias y aplicaciones.<\/li>\n<\/ul>\n<h3>Materiales para ruedas helicoidales<\/h3>\n<p>Las ruedas helicoidales se pueden fabricar con distintos materiales. El bronce y el hierro fundido son dos materiales de uso com\u00fan, cada uno con sus propias ventajas.<\/p>\n<h4>Bronce<\/h4>\n<p>El bronce es una aleaci\u00f3n a base de cobre que se compone de cobre como principal metal de aleaci\u00f3n y uno o m\u00e1s metales, como esta\u00f1o, zinc o f\u00f3sforo. El bronce al silicio es una aleaci\u00f3n de bronce t\u00edpica. Las ruedas helicoidales de bronce tienen buena resistencia al desgaste y son adecuadas para aplicaciones de alta velocidad y alta temperatura.<\/p>\n<h4>Hierro fundido<\/h4>\n<p>El hierro fundido es una aleaci\u00f3n de hierro muy duradera con grandes cantidades de carbono. Los tipos incluyen hierro d\u00factil, hierro gris y grados de hierro fundido blanco. Las diferencias en los grados se deben a variaciones en la composici\u00f3n y el procesamiento. Las ruedas dentadas sin fin de hierro gris se utilizan ampliamente debido a su excelente maquinabilidad, buena resistencia al desgaste y bajo costo.<\/p>\n<h3>Instalaci\u00f3n, mantenimiento y reemplazo<\/h3>\n<p>La instalaci\u00f3n y el mantenimiento adecuados son esenciales para el rendimiento \u00f3ptimo y la longevidad de los engranajes helicoidales. A continuaci\u00f3n, se ofrecen algunos consejos:<\/p>\n<ul>\n<li>Aseg\u00farese de que haya una alineaci\u00f3n adecuada entre el sinf\u00edn y la rueda helicoidal.<\/li>\n<li>Compruebe la lubricaci\u00f3n peri\u00f3dicamente y utilice el lubricante recomendado.<\/li>\n<li>Inspeccione peri\u00f3dicamente si hay desgaste o da\u00f1os y reempl\u00e1celos si es necesario.<\/li>\n<li>Tenga cuidado al manipular ruedas dentadas helicoidales para evitar da\u00f1ar los dientes.<\/li>\n<\/ul>\n<h3>Otros productos de Ever-Power<\/h3>\n<p>Adem\u00e1s de las ruedas dentadas helicoidales de hierro gris, Ever-Power tambi\u00e9n suministra diversos engranajes de pl\u00e1stico utilizados en la industria, como cajas de engranajes agr\u00edcolas, ejes de salida de potencia, ruedas dentadas, acoplamientos de fluidos, engranajes y cremalleras, cadenas desmontables, poleas y poleas, cajas de engranajes planetarios, poleas de distribuci\u00f3n, bujes y m\u00e1s. Nuestros productos son conocidos por su alta calidad, precios favorables y servicio considerado. Damos la bienvenida a los clientes a que vengan a nosotros para obtener soluciones personalizadas en funci\u00f3n de sus necesidades espec\u00edficas.<\/p>\n<h2>Preguntas y respuestas<\/h2>\n<h4>P: \u00bfCu\u00e1les son algunas aplicaciones comunes de los engranajes helicoidales de hierro gris?<\/h4>\n<p>R: Los engranajes helicoidales de hierro gris se utilizan com\u00fanmente en industrias como la automotriz, la construcci\u00f3n y la miner\u00eda, as\u00ed como en diversos tipos de maquinaria y equipo.<\/p>\n<h4>P: \u00bfCu\u00e1l es la ventaja de utilizar transmisiones por engranajes helicoidales?<\/h4>\n<p>R: La principal ventaja de utilizar transmisiones por engranajes helicoidales es su capacidad de proporcionar una gran reducci\u00f3n de velocidad con un alto par en un espacio compacto.<\/p>\n<h4>P: \u00bfDe qu\u00e9 materiales se pueden fabricar las ruedas helicoidales?<\/h4>\n<p>R: Las ruedas helicoidales se pueden fabricar de diversos materiales, incluidos bronce y hierro fundido.<\/p>\n<h4>P: \u00bfC\u00f3mo se realiza el mantenimiento adecuado de los engranajes helicoidales?<\/h4>\n<p>R: El mantenimiento adecuado de los engranajes helicoidales incluye la lubricaci\u00f3n regular, la inspecci\u00f3n para detectar desgaste y da\u00f1os y el reemplazo seg\u00fan sea necesario.<\/p>\n<h4>P: \u00bfQu\u00e9 otros productos suministra Ever-Power?<\/h4>\n<p>R: Adem\u00e1s de ruedas dentadas helicoidales de hierro gris, Ever-Power tambi\u00e9n suministra una amplia gama de engranajes y componentes industriales, incluidos engranajes de pl\u00e1stico utilizados en agricultura, transmisi\u00f3n de energ\u00eda y otras aplicaciones.<\/p>","protected":false},"excerpt":{"rendered":"<p>Gray Iron Worm Gear Wheels &#8211; An Economical and Versatile Choice Gray Iron Worm Gear Wheels are widely used in various industries due to their ability to provide a large speed reduction with high torque in a compact space. They are a type of worm gear drive that is highly efficient and easy to install. [&hellip;]<\/p>","protected":false},"featured_media":3391,"template":"","meta":{"_et_pb_use_builder":"","_et_pb_old_content":"","_et_gb_content_width":""},"product_brand":[],"product_cat":[11289],"product_tag":[],"class_list":{"0":"post-3392","1":"product","2":"type-product","3":"status-publish","4":"has-post-thumbnail","6":"product_cat-worm-gear","8":"first","9":"instock","10":"shipping-taxable","11":"product-type-simple"},"_links":{"self":[{"href":"https:\/\/agricultural-gear-boxes.com\/es\/wp-json\/wp\/v2\/product\/3392","targetHints":{"allow":["GET"]}}],"collection":[{"href":"https:\/\/agricultural-gear-boxes.com\/es\/wp-json\/wp\/v2\/product"}],"about":[{"href":"https:\/\/agricultural-gear-boxes.com\/es\/wp-json\/wp\/v2\/types\/product"}],"wp:featuredmedia":[{"embeddable":true,"href":"https:\/\/agricultural-gear-boxes.com\/es\/wp-json\/wp\/v2\/media\/3391"}],"wp:attachment":[{"href":"https:\/\/agricultural-gear-boxes.com\/es\/wp-json\/wp\/v2\/media?parent=3392"}],"wp:term":[{"taxonomy":"product_brand","embeddable":true,"href":"https:\/\/agricultural-gear-boxes.com\/es\/wp-json\/wp\/v2\/product_brand?post=3392"},{"taxonomy":"product_cat","embeddable":true,"href":"https:\/\/agricultural-gear-boxes.com\/es\/wp-json\/wp\/v2\/product_cat?post=3392"},{"taxonomy":"product_tag","embeddable":true,"href":"https:\/\/agricultural-gear-boxes.com\/es\/wp-json\/wp\/v2\/product_tag?post=3392"}],"curies":[{"name":"wp","href":"https:\/\/api.w.org\/{rel}","templated":true}]}}