{"id":3406,"date":"2024-08-21T09:17:50","date_gmt":"2024-08-21T09:17:50","guid":{"rendered":"https:\/\/agricultural-gear-boxes.com\/product\/worm-and-worm-gear\/"},"modified":"2024-08-21T09:17:51","modified_gmt":"2024-08-21T09:17:51","slug":"worm-and-worm-gear","status":"publish","type":"product","link":"https:\/\/agricultural-gear-boxes.com\/es\/product\/worm-and-worm-gear\/","title":{"rendered":"gusano y engranaje helicoidal"},"content":{"rendered":"<h2> Sinf\u00edn y reductor de tornillo sin fin: la mejor opci\u00f3n para reducciones de alta velocidad <\/h2>\n<p> Los juegos de engranajes helicoidales y sinf\u00edn son una excelente opci\u00f3n cuando se requiere una alta reducci\u00f3n de la transmisi\u00f3n. Estos engranajes se utilizan com\u00fanmente en diversas aplicaciones industriales y son conocidos por su eficiencia y durabilidad. Las ruedas helicoidales se parecen a los engranajes rectos con la adici\u00f3n de un corte de garganta en el di\u00e1metro exterior de la rueda. La garganta permite que la rueda helicoidal envuelva completamente las roscas del sinf\u00edn. Las roscas, no los dientes, se cortan en el sinf\u00edn y, al ajustar el n\u00famero de roscas, se pueden lograr diferentes relaciones sin alterar las disposiciones de montaje. <\/p>\n<h3> Escenarios de uso com\u00fan <\/h3>\n<ul>\n<li>Maquinaria industrial<\/li>\n<li>Sistemas automotrices<\/li>\n<li>Equipos de construcci\u00f3n<\/li>\n<li>Maquinaria pesada<\/li>\n<\/ul>\n<p> Los conjuntos de tornillo sin fin y rueda se utilizan com\u00fanmente en maquinaria industrial debido a su capacidad de impedir la marcha atr\u00e1s. Tambi\u00e9n se utilizan en sistemas automotrices, equipos de construcci\u00f3n y equipos de servicio pesado por su durabilidad y confiabilidad. <\/p>\n<h3> Ventajas del sinf\u00edn y del engranaje helicoidal <\/h3>\n<ul>\n<li>Relaciones de reducci\u00f3n de alta transmisi\u00f3n<\/li>\n<li>Transmisi\u00f3n de potencia eficiente<\/li>\n<li>Bajo nivel de ruido y vibraci\u00f3n<\/li>\n<li>Se puede utilizar en una amplia gama de aplicaciones.<\/li>\n<li>Capacidad de prohibir la conducci\u00f3n en reversa<\/li>\n<\/ul>\n<p> Los conjuntos de engranajes sinf\u00edn y de tornillo sin fin tienen varias ventajas sobre otros tipos de engranajes. Pueden lograr relaciones de reducci\u00f3n de transmisi\u00f3n altas, lo que ofrece una transmisi\u00f3n de potencia eficiente. Adem\u00e1s, producen poco ruido y vibraci\u00f3n, lo que los hace ideales para su uso en una amplia gama de aplicaciones. Una caracter\u00edstica \u00fanica de los conjuntos de engranajes sinf\u00edn y de rueda es su capacidad de prohibir la marcha atr\u00e1s, lo que los hace especialmente \u00fatiles para aplicaciones en las que la marcha atr\u00e1s no es deseable. <\/p>\n<h3> Material e instalaci\u00f3n <\/h3>\n<p> Los engranajes helicoidales suelen estar hechos de lat\u00f3n, mientras que los sinfines est\u00e1n hechos de acero inoxidable. Esta combinaci\u00f3n proporciona una excelente durabilidad y resistencia al desgaste. Al instalar sinfines y conjuntos de engranajes helicoidales, es importante garantizar una alineaci\u00f3n adecuada para evitar el desgaste y los da\u00f1os prematuros. El mantenimiento regular tambi\u00e9n es crucial para garantizar la longevidad del conjunto de engranajes. Si los engranajes se da\u00f1an o desgastan, se pueden reemplazar f\u00e1cilmente. <\/p>\n<h3> Company&#8217;s Other Products Business <\/h3>\n<p> En nuestra empresa, nos especializamos en el suministro de diversos engranajes de pl\u00e1stico utilizados en la industria, como cajas de engranajes agr\u00edcolas, ejes de salida de potencia, ruedas dentadas, acoplamientos de fluidos, reductores de engranajes helicoidales, engranajes y cremalleras, cadenas desmontables, poleas y poleas, cajas de engranajes planetarios, poleas de distribuci\u00f3n, bujes y m\u00e1s. Nuestros productos son de alta calidad, con precios favorables y un servicio considerado. Damos la bienvenida a los clientes a que vengan a nosotros con dibujos o muestras para personalizarlos. <\/p>\n<h2> Preguntas y respuestas <\/h2>\n<h3> P1: \u00bfPara qu\u00e9 se utilizan los conjuntos de tornillos sin fin y sinf\u00edn? <\/h3>\n<p> A1: Los conjuntos de tornillos sin fin y engranajes sin fin se utilizan com\u00fanmente en diversas aplicaciones industriales, incluidos sistemas automotrices, equipos de construcci\u00f3n y maquinaria pesada. <\/p>\n<h3> P2: \u00bfCu\u00e1l es la ventaja de utilizar un tornillo sin fin y un conjunto de engranajes sin fin? <\/h3>\n<p> A2: Los conjuntos de engranajes sinf\u00edn y sinf\u00edn pueden lograr relaciones de reducci\u00f3n de transmisi\u00f3n altas, ofrecer una transmisi\u00f3n de potencia eficiente y producir poco ruido y vibraci\u00f3n. Adem\u00e1s, tienen la capacidad de prohibir la marcha atr\u00e1s. <\/p>\n<h3> P3: \u00bfDe qu\u00e9 material est\u00e1n hechos los engranajes helicoidales? <\/h3>\n<p> A3: Los engranajes helicoidales suelen estar hechos de lat\u00f3n, mientras que los sinfines est\u00e1n hechos de acero inoxidable. <\/p>\n<h3> P4: \u00bfC\u00f3mo se deben instalar los conjuntos de tornillo sin fin y engranajes sin fin? <\/h3>\n<p> A4: Es importante garantizar una alineaci\u00f3n adecuada al instalar sinfines y conjuntos de engranajes sinf\u00edn para evitar el desgaste y los da\u00f1os prematuros. El mantenimiento regular tambi\u00e9n es fundamental para garantizar la longevidad del conjunto de engranajes. <\/p>\n<h3> P5: \u00bfEs posible reemplazar los conjuntos de tornillos sin fin y sinfines da\u00f1ados o desgastados? <\/h3>\n<p> A5: S\u00ed, los tornillos sin fin y los juegos de tornillos sin fin da\u00f1ados o desgastados se pueden reemplazar f\u00e1cilmente. <\/p>","protected":false},"excerpt":{"rendered":"<p>Worm and Worm Gear: The Best Choice for High Drive Reduction Worm and worm gear sets are an excellent choice when high drive reduction is required. These gears are commonly used in various industrial applications and are known for their efficiency and durability. Worm wheels resemble spur gears with the addition of a throat cut [&hellip;]<\/p>","protected":false},"featured_media":3405,"template":"","meta":{"_et_pb_use_builder":"","_et_pb_old_content":"","_et_gb_content_width":""},"product_brand":[],"product_cat":[11289],"product_tag":[],"class_list":{"0":"post-3406","1":"product","2":"type-product","3":"status-publish","4":"has-post-thumbnail","6":"product_cat-worm-gear","8":"first","9":"instock","10":"shipping-taxable","11":"product-type-simple"},"_links":{"self":[{"href":"https:\/\/agricultural-gear-boxes.com\/es\/wp-json\/wp\/v2\/product\/3406","targetHints":{"allow":["GET"]}}],"collection":[{"href":"https:\/\/agricultural-gear-boxes.com\/es\/wp-json\/wp\/v2\/product"}],"about":[{"href":"https:\/\/agricultural-gear-boxes.com\/es\/wp-json\/wp\/v2\/types\/product"}],"wp:featuredmedia":[{"embeddable":true,"href":"https:\/\/agricultural-gear-boxes.com\/es\/wp-json\/wp\/v2\/media\/3405"}],"wp:attachment":[{"href":"https:\/\/agricultural-gear-boxes.com\/es\/wp-json\/wp\/v2\/media?parent=3406"}],"wp:term":[{"taxonomy":"product_brand","embeddable":true,"href":"https:\/\/agricultural-gear-boxes.com\/es\/wp-json\/wp\/v2\/product_brand?post=3406"},{"taxonomy":"product_cat","embeddable":true,"href":"https:\/\/agricultural-gear-boxes.com\/es\/wp-json\/wp\/v2\/product_cat?post=3406"},{"taxonomy":"product_tag","embeddable":true,"href":"https:\/\/agricultural-gear-boxes.com\/es\/wp-json\/wp\/v2\/product_tag?post=3406"}],"curies":[{"name":"wp","href":"https:\/\/api.w.org\/{rel}","templated":true}]}}