{"id":3416,"date":"2024-08-21T09:17:58","date_gmt":"2024-08-21T09:17:58","guid":{"rendered":"https:\/\/agricultural-gear-boxes.com\/product\/self-locking-worm-gear\/"},"modified":"2024-08-21T09:17:59","modified_gmt":"2024-08-21T09:17:59","slug":"self-locking-worm-gear","status":"publish","type":"product","link":"https:\/\/agricultural-gear-boxes.com\/es\/product\/self-locking-worm-gear\/","title":{"rendered":"Engranaje helicoidal autoblocante"},"content":{"rendered":"<h2><em><strong>Engranaje helicoidal autoblocante: una introducci\u00f3n<\/strong><\/em><\/h2>\n<p>Un engranaje helicoidal autoblocante es un tipo de engranaje helicoidal que se utiliza com\u00fanmente en aplicaciones industriales, como ascensores y montacargas. A diferencia de otros tipos de engranajes, un engranaje helicoidal autoblocante no permite la intercambiabilidad de los engranajes de entrada y salida. Para este tipo de engranaje, el sinf\u00edn siempre act\u00faa como engranaje impulsor y el engranaje recto como engranaje impulsado; lo contrario no es posible. Si intenta hacerlo funcionar de otra manera, se bloquear\u00e1 autom\u00e1ticamente. <\/p>\n<p>Este tipo de engranaje permite una relaci\u00f3n de reducci\u00f3n muy alta, lo que resulta especialmente \u00fatil en situaciones en las que se requiere aplicar carga contra la fuerza de la gravedad y cuando los ejes de entrada y salida son perpendiculares entre s\u00ed. Se puede utilizar un engranaje helicoidal autoblocante para lograr una relaci\u00f3n de reducci\u00f3n de hasta 200:1 sin aumentar el tama\u00f1o de la caja de cambios.<\/p>\n<p>Una de las principales razones de la alta reducci\u00f3n de velocidad de los engranajes helicoidales es el hecho de que utilizan menos piezas m\u00f3viles. Esta es una soluci\u00f3n muy econ\u00f3mica para la reducci\u00f3n de velocidad. Otra ventaja de los engranajes helicoidales es su funcionamiento silencioso.<\/p>\n<p>A pesar de su eficiencia, los engranajes helicoidales deben lubricarse con lubricantes especializados de alta viscosidad. Este lubricante tambi\u00e9n debe filtrarse y aplicarse en el lugar para obtener un rendimiento \u00f3ptimo. El movimiento deslizante de los engranajes helicoidales provoca importantes p\u00e9rdidas por fricci\u00f3n, por lo que requieren mucha lubricaci\u00f3n. Adem\u00e1s, es dif\u00edcil predecir cu\u00e1nto durar\u00e1 un engranaje helicoidal, ya que su durabilidad est\u00e1 determinada por el coeficiente de fricci\u00f3n del diente, que est\u00e1 influenciado por el material del engranaje y la rugosidad de la superficie.<\/p>\n<h3><em><strong>Ventajas de los engranajes helicoidales autoblocantes<\/strong><\/em><\/h3>\n<p>&#8211; Can achieve a large reduction ratio (up to 200:1) without increasing the size of the gearbox<br \/>\n&#8211; Economical solution to speed reduction due to fewer moving parts<br \/>\n\u2013 Funcionamiento silencioso<\/p>\n<h3><em><strong>Desventajas de los engranajes helicoidales autoblocantes<\/strong><\/em><\/h3>\n<p>&#8211; Generates a significant amount of heat, which can be addressed with proper heat removal provisions<br \/>\n&#8211; High contact stress due to smaller contact area between the worm and gear, which can be addressed with an enveloping worm gear<\/p>\n<h3><em><strong>Instalaci\u00f3n, mantenimiento y reparaci\u00f3n<\/strong><\/em><\/h3>\n<p>La instalaci\u00f3n de engranajes helicoidales autoblocantes requiere una alineaci\u00f3n adecuada del sinf\u00edn y el engranaje, as\u00ed como una lubricaci\u00f3n adecuada. El mantenimiento implica una inspecci\u00f3n y lubricaci\u00f3n peri\u00f3dicas, as\u00ed como el reemplazo de piezas desgastadas o da\u00f1adas. Las reparaciones pueden implicar el reemplazo de piezas desgastadas o da\u00f1adas o la realineaci\u00f3n del sinf\u00edn y el engranaje.<\/p>\n<h3><em><strong>Otros productos ofrecidos por nuestra empresa<\/strong><\/em><\/h3>\n<p>Adem\u00e1s de los engranajes helicoidales autoblocantes, nuestra empresa suministra diversos engranajes de pl\u00e1stico utilizados en la industria, como cajas de engranajes agr\u00edcolas, ejes de salida de potencia, ruedas dentadas, acoplamientos de fluidos, engranajes y cremalleras, cadenas desmontables, poleas y poleas, cajas de engranajes planetarios, poleas de distribuci\u00f3n, bujes y m\u00e1s. Nos enorgullecemos de proporcionar productos de alta calidad a precios favorables, junto con un servicio considerado. Damos la bienvenida a los clientes a que vengan a nosotros para la personalizaci\u00f3n de dibujos o muestras.<\/p>\n<h2><em><strong>Preguntas y respuestas<\/strong><\/em><\/h2>\n<p>1. \u00bfQu\u00e9 es un engranaje helicoidal autoblocante?<br \/>\nUn engranaje helicoidal autoblocante es un tipo de engranaje helicoidal que no permite la intercambiabilidad de los engranajes de entrada y salida.<\/p>\n<p>2. \u00bfCu\u00e1les son las ventajas de los engranajes helicoidales autoblocantes?<br \/>\nLos engranajes helicoidales autoblocantes pueden lograr una gran relaci\u00f3n de reducci\u00f3n sin aumentar el tama\u00f1o de la caja de engranajes, son una soluci\u00f3n econ\u00f3mica para la reducci\u00f3n de velocidad y funcionan silenciosamente.<\/p>\n<p>3. \u00bfCu\u00e1les son las desventajas de los engranajes helicoidales autoblocantes?<br \/>\nLos engranajes helicoidales autoblocantes generan una cantidad significativa de calor, que se puede solucionar con disposiciones adecuadas de eliminaci\u00f3n de calor, y tienen una alta tensi\u00f3n de contacto debido a un \u00e1rea de contacto m\u00e1s peque\u00f1a entre el helicoidal y el engranaje, que se puede solucionar con un engranaje helicoidal envolvente.<\/p>\n<p>4. \u00bfC\u00f3mo se instala un engranaje helicoidal autoblocante?<br \/>\nLa instalaci\u00f3n de engranajes helicoidales autoblocantes requiere una alineaci\u00f3n adecuada del sinf\u00edn y el engranaje, as\u00ed como una lubricaci\u00f3n adecuada.<\/p>\n<p>5. \u00bfQu\u00e9 otros productos ofrece su empresa?<br \/>\nAdem\u00e1s de los engranajes helicoidales autoblocantes, nuestra empresa ofrece diversos engranajes de pl\u00e1stico utilizados en la industria, como cajas de engranajes agr\u00edcolas, ejes de salida de potencia, pi\u00f1ones, acoplamientos de fluido, engranajes y cremalleras, cadenas desmontables, poleas y poleas, cajas de engranajes planetarios, poleas de distribuci\u00f3n, bujes, y m\u00e1s.<\/p>","protected":false},"excerpt":{"rendered":"<p>Self-Locking Worm Gear: An Introduction A self-locking worm gear is a type of worm gear that is commonly used in industrial applications such as lifts and elevators. Unlike other types of gears, a self-locking worm gear does not allow the interchangeability of the input and output gears. For this type of gear, the worm always [&hellip;]<\/p>","protected":false},"featured_media":3415,"template":"","meta":{"_et_pb_use_builder":"","_et_pb_old_content":"","_et_gb_content_width":""},"product_brand":[],"product_cat":[11289],"product_tag":[],"class_list":{"0":"post-3416","1":"product","2":"type-product","3":"status-publish","4":"has-post-thumbnail","6":"product_cat-worm-gear","8":"first","9":"instock","10":"shipping-taxable","11":"product-type-simple"},"_links":{"self":[{"href":"https:\/\/agricultural-gear-boxes.com\/es\/wp-json\/wp\/v2\/product\/3416","targetHints":{"allow":["GET"]}}],"collection":[{"href":"https:\/\/agricultural-gear-boxes.com\/es\/wp-json\/wp\/v2\/product"}],"about":[{"href":"https:\/\/agricultural-gear-boxes.com\/es\/wp-json\/wp\/v2\/types\/product"}],"wp:featuredmedia":[{"embeddable":true,"href":"https:\/\/agricultural-gear-boxes.com\/es\/wp-json\/wp\/v2\/media\/3415"}],"wp:attachment":[{"href":"https:\/\/agricultural-gear-boxes.com\/es\/wp-json\/wp\/v2\/media?parent=3416"}],"wp:term":[{"taxonomy":"product_brand","embeddable":true,"href":"https:\/\/agricultural-gear-boxes.com\/es\/wp-json\/wp\/v2\/product_brand?post=3416"},{"taxonomy":"product_cat","embeddable":true,"href":"https:\/\/agricultural-gear-boxes.com\/es\/wp-json\/wp\/v2\/product_cat?post=3416"},{"taxonomy":"product_tag","embeddable":true,"href":"https:\/\/agricultural-gear-boxes.com\/es\/wp-json\/wp\/v2\/product_tag?post=3416"}],"curies":[{"name":"wp","href":"https:\/\/api.w.org\/{rel}","templated":true}]}}