{"id":3422,"date":"2024-08-21T09:18:04","date_gmt":"2024-08-21T09:18:04","guid":{"rendered":"https:\/\/agricultural-gear-boxes.com\/product\/micro-worm-gear\/"},"modified":"2024-08-21T09:18:04","modified_gmt":"2024-08-21T09:18:04","slug":"micro-worm-gear","status":"publish","type":"product","link":"https:\/\/agricultural-gear-boxes.com\/es\/product\/micro-worm-gear\/","title":{"rendered":"micro engranaje helicoidal"},"content":{"rendered":"<h2>Micro engranaje helicoidal: la soluci\u00f3n vers\u00e1til y confiable para aplicaciones de tama\u00f1o peque\u00f1o<\/h2>\n<p>Micro Worm Gear es una familia de productos ideal para clientes que buscan un socio confiable para el suministro de reductores peque\u00f1os acoplados a motores el\u00e9ctricos de 12 V y 24 V. La gama incluye motores de corriente continua y sin escobillas, combinados con reductores de tornillo sin fin y reductores planetarios. Con una amplia gama de soluciones y versatilidad, la l\u00ednea de productos Micro Worm Gear es adecuada para diversas aplicaciones donde el tama\u00f1o peque\u00f1o y el buen rendimiento son los objetivos a cumplir.<\/p>\n<h3>Ventajas del micro engranaje helicoidal<\/h3>\n<ul>\n<li>Tama\u00f1o peque\u00f1o y buen rendimiento.<\/li>\n<li>Fiable y duradero.<\/li>\n<li>Disponible en opciones de motor de CC y sin escobillas.<\/li>\n<li>Compatible con reductores de tornillo sin fin y reductores planetarios.<\/li>\n<li>Amplia gama de soluciones.<\/li>\n<\/ul>\n<h3>Aplicaciones del micro engranaje helicoidal<\/h3>\n<p>El micro engranaje helicoidal se utiliza ampliamente en diversas industrias, incluidas la alimentaria, la de envasado y el embalaje. Con la creciente demanda de automatizaci\u00f3n el\u00e9ctrica, ahora est\u00e1 presente en diferentes sectores como la dom\u00f3tica, los equipos para veh\u00edculos y los sistemas relacionados con las discapacidades f\u00edsicas. <\/p>\n<h3>Instalaci\u00f3n, mantenimiento y reparaci\u00f3n de micro engranajes helicoidales<\/h3>\n<p>Micro Worm Gear is easy to install and maintain. Regular lubrication and cleaning will ensure long-lasting performance. In case of repair, we recommend consulting a professional or contacting the manufacturer&#8217;s customer service. If necessary, Micro Worm Gear can be replaced with a new one.<\/p>\n<h3>Otros productos ofrecidos por la empresa<\/h3>\n<p>Adem\u00e1s de los micro engranajes helicoidales, nuestra empresa suministra diversos engranajes de pl\u00e1stico utilizados en la industria, como cajas de engranajes agr\u00edcolas, ejes de salida de potencia, ruedas dentadas, acoplamientos de fluidos, reductores de engranajes helicoidales, engranajes y cremalleras, cadenas desmontables, poleas y poleas, cajas de engranajes planetarios, poleas de distribuci\u00f3n, bujes y m\u00e1s. Nos enorgullecemos de ofrecer productos de alta calidad a un precio favorable y brindar un servicio considerado. Los clientes son bienvenidos a venir a nosotros para obtener dibujos o personalizaci\u00f3n de muestras.<\/p>\n<h2>Preguntas y respuestas<\/h2>\n<h3>P1: \u00bfQu\u00e9 es el micro engranaje helicoidal?<\/h3>\n<p>Micro Worm Gear es una familia de productos que incluye peque\u00f1os reductores acoplados a motores el\u00e9ctricos de 12 V y 24 V. Est\u00e1 disponible en opciones de motor de CC y sin escobillas, combinados con reductores de tornillo sin fin y reductores planetarios, lo que lo hace vers\u00e1til y adecuado para diversas aplicaciones de tama\u00f1o peque\u00f1o.<\/p>\n<h3>P2: \u00bfCu\u00e1les son las ventajas del micro engranaje helicoidal?<\/h3>\n<p>Las ventajas del micro engranaje helicoidal incluyen tama\u00f1o peque\u00f1o, buen rendimiento, confiabilidad, durabilidad y una amplia gama de soluciones.<\/p>\n<h3>P3: \u00bfEn qu\u00e9 industrias se utiliza ampliamente el micro engranaje helicoidal?<\/h3>\n<p>El micro engranaje helicoidal se utiliza ampliamente en diversas industrias, incluidas la alimentaria, la de envasado y embalaje. Con la creciente demanda de automatizaci\u00f3n el\u00e9ctrica, tambi\u00e9n est\u00e1 presente en diferentes sectores como la dom\u00f3tica, los equipos para veh\u00edculos y los sistemas relacionados con discapacidades f\u00edsicas.<\/p>\n<h3>P4: \u00bfC\u00f3mo instalo y mantengo el Micro Worm Gear?<\/h3>\n<p>Micro Worm Gear is easy to install and maintain. Regular lubrication and cleaning will ensure long-lasting performance. In case of repair, we recommend consulting a professional or contacting the manufacturer&#8217;s customer service. If necessary, Micro Worm Gear can be replaced with a new one.<\/p>\n<h3>Q5: \u00bfQu\u00e9 otros productos ofrece la empresa?<\/h3>\n<p>Adem\u00e1s de Micro Worm Gear, la empresa ofrece varios engranajes de pl\u00e1stico utilizados en la industria, como cajas de engranajes agr\u00edcolas, ejes de salida de potencia, ruedas dentadas, acoplamientos de fluidos, reductores de engranajes helicoidales, engranajes y cremalleras, cadenas desmontables, poleas y poleas, cajas de engranajes planetarios, poleas de distribuci\u00f3n, bujes y m\u00e1s. Los clientes son bienvenidos a venir a la empresa para la personalizaci\u00f3n de dibujos o muestras y pueden esperar productos de alta calidad a un precio favorable y brindando un servicio considerado.<\/p>","protected":false},"excerpt":{"rendered":"<p>Micro Worm Gear: The Versatile and Reliable Solution for Small-Sized Applications Micro Worm Gear is an ideal product family for customers looking for a reliable partner for the supply of small gearboxes coupled to 12V and 24V electric motors. The range includes DC and brushless motors, combined with worm gearboxes and planetary gearboxes. With a [&hellip;]<\/p>","protected":false},"featured_media":3421,"template":"","meta":{"_et_pb_use_builder":"","_et_pb_old_content":"","_et_gb_content_width":""},"product_brand":[],"product_cat":[11289],"product_tag":[],"class_list":{"0":"post-3422","1":"product","2":"type-product","3":"status-publish","4":"has-post-thumbnail","6":"product_cat-worm-gear","8":"first","9":"instock","10":"shipping-taxable","11":"product-type-simple"},"_links":{"self":[{"href":"https:\/\/agricultural-gear-boxes.com\/es\/wp-json\/wp\/v2\/product\/3422","targetHints":{"allow":["GET"]}}],"collection":[{"href":"https:\/\/agricultural-gear-boxes.com\/es\/wp-json\/wp\/v2\/product"}],"about":[{"href":"https:\/\/agricultural-gear-boxes.com\/es\/wp-json\/wp\/v2\/types\/product"}],"wp:featuredmedia":[{"embeddable":true,"href":"https:\/\/agricultural-gear-boxes.com\/es\/wp-json\/wp\/v2\/media\/3421"}],"wp:attachment":[{"href":"https:\/\/agricultural-gear-boxes.com\/es\/wp-json\/wp\/v2\/media?parent=3422"}],"wp:term":[{"taxonomy":"product_brand","embeddable":true,"href":"https:\/\/agricultural-gear-boxes.com\/es\/wp-json\/wp\/v2\/product_brand?post=3422"},{"taxonomy":"product_cat","embeddable":true,"href":"https:\/\/agricultural-gear-boxes.com\/es\/wp-json\/wp\/v2\/product_cat?post=3422"},{"taxonomy":"product_tag","embeddable":true,"href":"https:\/\/agricultural-gear-boxes.com\/es\/wp-json\/wp\/v2\/product_tag?post=3422"}],"curies":[{"name":"wp","href":"https:\/\/api.w.org\/{rel}","templated":true}]}}