{"id":3424,"date":"2024-08-21T09:18:05","date_gmt":"2024-08-21T09:18:05","guid":{"rendered":"https:\/\/agricultural-gear-boxes.com\/product\/nema-17-worm-gear\/"},"modified":"2024-08-21T09:18:06","modified_gmt":"2024-08-21T09:18:06","slug":"nema-17-worm-gear","status":"publish","type":"product","link":"https:\/\/agricultural-gear-boxes.com\/es\/product\/nema-17-worm-gear\/","title":{"rendered":"Engranaje helicoidal nema 17"},"content":{"rendered":"<h2>Nema 17 Worm Gear &#8211; A Reliable Solution in Stepper Motors<\/h2>\n<p>Si est\u00e1 buscando un motor paso a paso con un engranaje helicoidal, el motor paso a paso con engranaje helicoidal Nema 17 es la opci\u00f3n ideal para usted. Este motor se utiliza ampliamente en diversas industrias debido a su posicionamiento de alta precisi\u00f3n y su funcionamiento suave. El dise\u00f1o de engranaje helicoidal de turbina de este motor garantiza que pueda manejar cargas axiales y radiales elevadas con facilidad.<\/p>\n<p>El motor paso a paso con engranaje helicoidal Nema 17 pertenece al tipo bipolar h\u00edbrido y tiene una configuraci\u00f3n de 4 cables de 2 fases. Tiene un \u00e1ngulo de paso de 1,8 grados, lo que permite un posicionamiento preciso. Con un par de retenci\u00f3n de 500 mN.m, este motor puede ofrecer un par m\u00e1ximo de 5,5 kg.cm, lo que lo convierte en una opci\u00f3n ideal para muchas aplicaciones.<\/p>\n<p>Este motor tiene un tama\u00f1o de brida de 42 mm x 42 mm x 8 mm y un tama\u00f1o de motor de 42 mm x 42 mm x 48 mm. Tambi\u00e9n tiene una relaci\u00f3n de reducci\u00f3n de 1:17, 1:32 o 1:49 y un tama\u00f1o de reductor de 40 mm x 57 mm x 35 mm. El di\u00e1metro del eje de salida de este motor es de 8 mm, con una longitud del eje de salida de 15 mm. Este motor est\u00e1 dise\u00f1ado para salida direccional vertical y es perfecto para su uso en diversas aplicaciones.<\/p>\n<h3>Ventajas del motor paso a paso con engranaje helicoidal Nema 17:<\/h3>\n<ul>\n<li>Posicionamiento de alta precisi\u00f3n<\/li>\n<li>Funcionamiento suave<\/li>\n<li>Puede soportar altas cargas axiales y radiales.<\/li>\n<li>Ruido reducido<\/li>\n<li>Larga vida \u00fatil<\/li>\n<\/ul>\n<h3>Instalaci\u00f3n, mantenimiento y reparaci\u00f3n del motor paso a paso con engranaje helicoidal Nema 17:<\/h3>\n<ul>\n<li>Instalaci\u00f3n: Este motor se puede instalar f\u00e1cilmente utilizando los orificios de montaje de la brida. Aseg\u00farese de utilizar los pernos adecuados para fijarlo en su lugar.<\/li>\n<li>Mantenimiento: Es necesario realizar un mantenimiento peri\u00f3dico de este motor para garantizar su correcto funcionamiento. Utilice un pa\u00f1o suave para limpiar el motor y aseg\u00farese de que la lubricaci\u00f3n sea suficiente.<\/li>\n<li>Reparaci\u00f3n: Si el motor no funciona correctamente, se puede reparar reemplazando los componentes defectuosos. Sin embargo, se recomienda buscar ayuda profesional para cualquier reparaci\u00f3n.<\/li>\n<li>Reemplazo: si necesita reemplazar el motor, aseg\u00farese de elegir un motor con especificaciones similares para garantizar la compatibilidad con su aplicaci\u00f3n.<\/li>\n<\/ul>\n<h3>Otros productos ofrecidos por nuestra empresa:<\/h3>\n<p>Nuestra empresa se especializa en el suministro de diversos engranajes de pl\u00e1stico para uso industrial, incluidas cajas de engranajes agr\u00edcolas, ejes de salida de potencia, ruedas dentadas, acoplamientos de fluidos, reductores de engranajes helicoidales, engranajes y cremalleras, cadenas desmontables, poleas y poleas, cajas de engranajes planetarios, poleas de distribuci\u00f3n, bujes y m\u00e1s. Nos enorgullecemos de ofrecer productos de alta calidad a un precio favorable con un servicio considerado. Damos la bienvenida a los clientes a que vengan a nosotros con sus necesidades de personalizaci\u00f3n de dibujos o muestras.<\/p>\n<h2>Preguntas y respuestas:<\/h2>\n<p>1. \u00bfQu\u00e9 es el motor paso a paso con engranaje helicoidal Nema 17?<br \/>\n2. \u00bfCu\u00e1les son las ventajas del motor paso a paso con engranaje helicoidal Nema 17?<br \/>\n3. \u00bfC\u00f3mo se instala el motor paso a paso con engranaje helicoidal Nema 17?<br \/>\n4. \u00bfQu\u00e9 se debe hacer para realizar el mantenimiento del motor paso a paso con engranaje helicoidal Nema 17?<br \/>\n5. \u00bfQu\u00e9 otros engranajes industriales suministra la empresa?<\/p>","protected":false},"excerpt":{"rendered":"<p>Nema 17 Worm Gear &#8211; A Reliable Solution in Stepper Motors If you are looking for a stepper motor with a worm gear, the Nema 17 worm gear stepper motor is an ideal choice for you. This motor is widely used in various industries due to its high-precision positioning and smooth operation. The turbine worm [&hellip;]<\/p>","protected":false},"featured_media":3423,"template":"","meta":{"_et_pb_use_builder":"","_et_pb_old_content":"","_et_gb_content_width":""},"product_brand":[],"product_cat":[11289],"product_tag":[],"class_list":{"0":"post-3424","1":"product","2":"type-product","3":"status-publish","4":"has-post-thumbnail","6":"product_cat-worm-gear","8":"first","9":"instock","10":"shipping-taxable","11":"product-type-simple"},"_links":{"self":[{"href":"https:\/\/agricultural-gear-boxes.com\/es\/wp-json\/wp\/v2\/product\/3424","targetHints":{"allow":["GET"]}}],"collection":[{"href":"https:\/\/agricultural-gear-boxes.com\/es\/wp-json\/wp\/v2\/product"}],"about":[{"href":"https:\/\/agricultural-gear-boxes.com\/es\/wp-json\/wp\/v2\/types\/product"}],"wp:featuredmedia":[{"embeddable":true,"href":"https:\/\/agricultural-gear-boxes.com\/es\/wp-json\/wp\/v2\/media\/3423"}],"wp:attachment":[{"href":"https:\/\/agricultural-gear-boxes.com\/es\/wp-json\/wp\/v2\/media?parent=3424"}],"wp:term":[{"taxonomy":"product_brand","embeddable":true,"href":"https:\/\/agricultural-gear-boxes.com\/es\/wp-json\/wp\/v2\/product_brand?post=3424"},{"taxonomy":"product_cat","embeddable":true,"href":"https:\/\/agricultural-gear-boxes.com\/es\/wp-json\/wp\/v2\/product_cat?post=3424"},{"taxonomy":"product_tag","embeddable":true,"href":"https:\/\/agricultural-gear-boxes.com\/es\/wp-json\/wp\/v2\/product_tag?post=3424"}],"curies":[{"name":"wp","href":"https:\/\/api.w.org\/{rel}","templated":true}]}}