{"id":3451,"date":"2024-08-21T09:18:22","date_gmt":"2024-08-21T09:18:22","guid":{"rendered":"https:\/\/agricultural-gear-boxes.com\/product\/cnc-worm-gear\/"},"modified":"2024-08-21T09:18:22","modified_gmt":"2024-08-21T09:18:22","slug":"cnc-worm-gear","status":"publish","type":"product","link":"https:\/\/agricultural-gear-boxes.com\/es\/product\/cnc-worm-gear\/","title":{"rendered":"Engranaje helicoidal CNC"},"content":{"rendered":"<h2>Engranaje helicoidal CNC: una gu\u00eda completa sobre su historia, ventajas, instalaci\u00f3n, mantenimiento y reemplazo<\/h2>\n<p>Un engranaje sinf\u00edn CNC es un tipo de engranaje com\u00fanmente utilizado en diversas aplicaciones industriales. El engranaje sinf\u00edn CNC se construye con dos pasos, lo que significa que un flanco de la rosca del sinf\u00edn y sus lados de contacto con los dientes de la rueda se fabrican con un paso, y el otro flanco y sus dientes de contacto con la rueda, con un paso ligeramente diferente. Este dise\u00f1o permite producir una rosca del sinf\u00edn que aumenta de grosor de un extremo al otro del sinf\u00edn. Al ajustar el sinf\u00edn en direcci\u00f3n axial, se puede ajustar la holgura entre ambos al valor requerido.<\/p>\n<h3>Historia del engranaje helicoidal CNC<\/h3>\n<p>El engranaje helicoidal CNC existe desde hace muchos a\u00f1os y se ha mejorado constantemente para satisfacer las necesidades de diversas aplicaciones industriales. El primer engranaje helicoidal CNC se introdujo a principios del siglo XX y, desde entonces, se ha convertido en una opci\u00f3n popular en muchas industrias.<\/p>\n<h3>Ventajas del engranaje helicoidal CNC<\/h3>\n<ul>\n<li>Alta eficiencia: Los engranajes helicoidales CNC son altamente eficientes y pueden transmitir un alto torque con p\u00e9rdidas de fricci\u00f3n m\u00ednimas.<\/li>\n<li>Funcionamiento silencioso: Los engranajes sinf\u00edn CNC funcionan silenciosamente, lo que los hace ideales para aplicaciones donde el ruido es una preocupaci\u00f3n.<\/li>\n<li>Dise\u00f1o compacto: Los engranajes sinf\u00edn CNC tienen un dise\u00f1o compacto, lo que significa que se pueden utilizar en aplicaciones donde el espacio es limitado.<\/li>\n<li>Juego ajustable: el juego entre el engranaje helicoidal CNC y la rueda helicoidal se puede ajustar a la cantidad requerida.<\/li>\n<\/ul>\n<h3>Materiales utilizados para engranajes helicoidales CNC<\/h3>\n<p>Los engranajes sinf\u00edn CNC pueden fabricarse con diversos materiales, como acero, bronce y pl\u00e1stico. La elecci\u00f3n del material depender\u00e1 de los requisitos de la aplicaci\u00f3n, como el par y la velocidad.<\/p>\n<h3>Instalaci\u00f3n, mantenimiento y reemplazo<\/h3>\n<p>La instalaci\u00f3n de un sinf\u00edn CNC requiere una preparaci\u00f3n minuciosa y atenci\u00f3n al detalle. El engranaje debe estar correctamente alineado con la rueda helicoidal para garantizar un funcionamiento eficiente. El mantenimiento regular es esencial para garantizar el \u00f3ptimo rendimiento del sinf\u00edn CNC. Esto implica revisar el engranaje para detectar signos de desgaste y reemplazar cualquier pieza da\u00f1ada con prontitud. Si es necesario reemplazar el sinf\u00edn CNC, es fundamental elegir una pieza de repuesto de alta calidad para garantizar un funcionamiento fiable y eficiente.<\/p>\n<h3>Acerca de nuestra empresa<\/h3>\n<p>En nuestra empresa, nos especializamos en el suministro de diversos engranajes de pl\u00e1stico para la industria, como cajas de engranajes agr\u00edcolas, ejes de transmisi\u00f3n, ruedas dentadas, acoplamientos hidr\u00e1ulicos, reductores de tornillo sin fin, engranajes y cremalleras, cadenas desmontables, poleas, reductores planetarios, poleas de distribuci\u00f3n, bujes y m\u00e1s. Nos comprometemos a ofrecer a nuestros clientes productos de alta calidad, precios competitivos y un servicio atento. Les invitamos a contactarnos para solicitar planos o muestras personalizadas.<\/p>\n<h2>Preguntas y respuestas<\/h2>\n<h3>1. \u00bfQu\u00e9 es un engranaje helicoidal CNC?<\/h3>\n<p>Un engranaje sinf\u00edn CNC es un tipo de engranaje com\u00fanmente utilizado en diversas aplicaciones industriales. Est\u00e1 construido con dos pasos, lo que significa que un flanco de la rosca del sinf\u00edn y sus lados de contacto con los dientes de la rueda se fabrican con un paso, y el otro flanco y sus dientes de contacto con la rueda, con un paso ligeramente diferente.<\/p>\n<h3>2. \u00bfCu\u00e1les son las ventajas de un engranaje helicoidal CNC?<\/h3>\n<p>Las ventajas de un engranaje helicoidal CNC incluyen alta eficiencia, funcionamiento silencioso, dise\u00f1o compacto y juego ajustable.<\/p>\n<h3>3. \u00bfQu\u00e9 materiales se utilizan para los engranajes helicoidales CNC?<\/h3>\n<p>Los engranajes sinf\u00edn CNC pueden fabricarse con diversos materiales, como acero, bronce y pl\u00e1stico. La elecci\u00f3n del material depender\u00e1 de los requisitos de la aplicaci\u00f3n, como el par y la velocidad.<\/p>\n<h3>4. \u00bfC\u00f3mo se instala un engranaje helicoidal CNC?<\/h3>\n<p>La instalaci\u00f3n de un sinf\u00edn CNC requiere una preparaci\u00f3n minuciosa y atenci\u00f3n al detalle. El sinf\u00edn debe estar correctamente alineado con la corona para garantizar un funcionamiento eficiente.<\/p>\n<h3>5. \u00bfC\u00f3mo se realiza el mantenimiento de un engranaje helicoidal CNC?<\/h3>\n<p>El mantenimiento regular es esencial para garantizar el \u00f3ptimo rendimiento del engranaje sinf\u00edn CNC. Esto implica revisar el engranaje para detectar signos de desgaste y reemplazar cualquier pieza da\u00f1ada con prontitud.<\/p>","protected":false},"excerpt":{"rendered":"<p>CNC Worm Gear: A Comprehensive Guide on Its History, Advantages, Installation, Maintenance, and Replacement A CNC worm gear is a type of gear that is commonly used in various industrial applications. The CNC worm gear is constructed with two leads, which means that one flank of the worm thread and its mating sides of the [&hellip;]<\/p>","protected":false},"featured_media":3450,"template":"","meta":{"_et_pb_use_builder":"","_et_pb_old_content":"","_et_gb_content_width":""},"product_brand":[],"product_cat":[11289],"product_tag":[],"class_list":{"0":"post-3451","1":"product","2":"type-product","3":"status-publish","4":"has-post-thumbnail","6":"product_cat-worm-gear","8":"first","9":"instock","10":"shipping-taxable","11":"product-type-simple"},"_links":{"self":[{"href":"https:\/\/agricultural-gear-boxes.com\/es\/wp-json\/wp\/v2\/product\/3451","targetHints":{"allow":["GET"]}}],"collection":[{"href":"https:\/\/agricultural-gear-boxes.com\/es\/wp-json\/wp\/v2\/product"}],"about":[{"href":"https:\/\/agricultural-gear-boxes.com\/es\/wp-json\/wp\/v2\/types\/product"}],"wp:featuredmedia":[{"embeddable":true,"href":"https:\/\/agricultural-gear-boxes.com\/es\/wp-json\/wp\/v2\/media\/3450"}],"wp:attachment":[{"href":"https:\/\/agricultural-gear-boxes.com\/es\/wp-json\/wp\/v2\/media?parent=3451"}],"wp:term":[{"taxonomy":"product_brand","embeddable":true,"href":"https:\/\/agricultural-gear-boxes.com\/es\/wp-json\/wp\/v2\/product_brand?post=3451"},{"taxonomy":"product_cat","embeddable":true,"href":"https:\/\/agricultural-gear-boxes.com\/es\/wp-json\/wp\/v2\/product_cat?post=3451"},{"taxonomy":"product_tag","embeddable":true,"href":"https:\/\/agricultural-gear-boxes.com\/es\/wp-json\/wp\/v2\/product_tag?post=3451"}],"curies":[{"name":"wp","href":"https:\/\/api.w.org\/{rel}","templated":true}]}}