{"id":3457,"date":"2024-08-21T09:18:28","date_gmt":"2024-08-21T09:18:28","guid":{"rendered":"https:\/\/agricultural-gear-boxes.com\/product\/double-threaded-worm-gear\/"},"modified":"2024-08-21T09:18:29","modified_gmt":"2024-08-21T09:18:29","slug":"double-threaded-worm-gear","status":"publish","type":"product","link":"https:\/\/agricultural-gear-boxes.com\/es\/product\/double-threaded-worm-gear\/","title":{"rendered":"Engranaje helicoidal de doble rosca"},"content":{"rendered":"<h2>Engranaje helicoidal de doble rosca: la mejor opci\u00f3n para una alta reducci\u00f3n de transmisi\u00f3n<\/h2>\n<p>Los engranajes sinf\u00edn de doble rosca son ideales cuando se requiere una alta reducci\u00f3n de la transmisi\u00f3n. Estos engranajes son similares a los engranajes rectos, pero incorporan un corte de garganta en el di\u00e1metro exterior de la rueda. Este corte permite que la rueda sinf\u00edn envuelva completamente las roscas del sinf\u00edn. En el sinf\u00edn se tallan roscas, no dientes, y ajustando el n\u00famero de roscas, se pueden lograr diferentes relaciones sin modificar la configuraci\u00f3n de montaje. Una caracter\u00edstica \u00fanica de los conjuntos de sinf\u00edn y rueda es su capacidad para impedir el retroceso.<\/p>\n<h3>Escenarios de uso com\u00fan<\/h3>\n<p>Los engranajes sinf\u00edn de doble rosca se utilizan com\u00fanmente en diversas industrias, como la transmisi\u00f3n de potencia, la automoci\u00f3n y la aeroespacial. Son ideales para aplicaciones que requieren altas relaciones de reducci\u00f3n y un posicionamiento preciso, como sistemas de transporte, elevadores y maquinaria de envasado.<\/p>\n<h3>Ventajas de los engranajes helicoidales de doble rosca<\/h3>\n<p>\u2013 Altas relaciones de reducci\u00f3n<br \/>\n\u2013 Posicionamiento preciso<br \/>\n\u2013 Prohibir conducir en reversa<br \/>\n\u2013 Funcionamiento silencioso<br \/>\n\u2013 F\u00e1cil instalaci\u00f3n<\/p>\n<h3>Materiales<\/h3>\n<p>Los engranajes sinf\u00edn de doble rosca suelen estar hechos de lat\u00f3n para el engranaje sinf\u00edn y de acero inoxidable para el sinf\u00edn. Sin embargo, tambi\u00e9n se pueden utilizar otros materiales como bronce, hierro fundido y aluminio, seg\u00fan la aplicaci\u00f3n.<\/p>\n<h3>Instalaci\u00f3n, mantenimiento y reparaci\u00f3n<\/h3>\n<p>Una instalaci\u00f3n correcta es esencial para garantizar la longevidad y el rendimiento de los engranajes sinf\u00edn de doble rosca. Se recomienda seguir las instrucciones del fabricante para la instalaci\u00f3n, lubricaci\u00f3n y mantenimiento. En caso de reparaci\u00f3n, es importante identificar la causa de la falla antes de intentar cualquier reparaci\u00f3n. Si el engranaje presenta da\u00f1os irreparables, es fundamental reemplazarlo por uno nuevo.<\/p>\n<h3>Otros productos<\/h3>\n<p>Adem\u00e1s de engranajes sinf\u00edn de doble rosca, nuestra empresa tambi\u00e9n suministra diversos engranajes de pl\u00e1stico utilizados en la industria, como cajas de engranajes agr\u00edcolas, ejes de transmisi\u00f3n, ruedas dentadas, acoplamientos hidr\u00e1ulicos, engranajes y cremalleras, cadenas desmontables, poleas, reductores planetarios, poleas de distribuci\u00f3n, bujes y m\u00e1s. Ofrecemos productos de alta calidad a precios competitivos y un servicio atento. Invitamos a nuestros clientes a contactarnos para solicitar planos o muestras personalizadas.<\/p>\n<h2>Preguntas y respuestas<\/h2>\n<p>1. \u00bfQu\u00e9 industrias utilizan com\u00fanmente engranajes helicoidales de doble rosca?<br \/>\n\u2013 Los engranajes helicoidales de doble rosca se utilizan com\u00fanmente en las industrias de transmisi\u00f3n de potencia, automotriz y aeroespacial.<\/p>\n<p>2. \u00bfDe qu\u00e9 materiales est\u00e1n hechos normalmente los engranajes helicoidales de doble rosca?<br \/>\nLos engranajes sinf\u00edn de doble rosca suelen estar hechos de lat\u00f3n para el engranaje sinf\u00edn y de acero inoxidable para el sinf\u00edn. Sin embargo, tambi\u00e9n se pueden utilizar otros materiales seg\u00fan la aplicaci\u00f3n.<\/p>\n<p>3. \u00bfCu\u00e1les son las ventajas de los engranajes helicoidales de doble rosca?<br \/>\n\u2013 Las ventajas de los engranajes helicoidales de doble rosca incluyen relaciones de reducci\u00f3n altas, posicionamiento preciso, funcionamiento silencioso y la capacidad de prohibir el retroceso.<\/p>\n<p>4. \u00bfQu\u00e9 importancia tiene la correcta instalaci\u00f3n y el mantenimiento de los engranajes helicoidales de doble rosca?<br \/>\n\u2013 La instalaci\u00f3n y el mantenimiento adecuados son esenciales para garantizar la longevidad y el rendimiento de los engranajes sinf\u00edn de doble rosca.<\/p>\n<p>5. \u00bfQu\u00e9 otros productos ofrece su empresa?<br \/>\n\u2013 Adem\u00e1s de engranajes helicoidales de doble rosca, nuestra empresa tambi\u00e9n ofrece diversos engranajes de pl\u00e1stico utilizados en la industria, como cajas de engranajes agr\u00edcolas, ejes de salida de potencia, pi\u00f1ones, acoplamientos de fluido, engranajes y cremalleras, cadenas desmontables, poleas y poleas, cajas de engranajes planetarios, poleas de distribuci\u00f3n, bujes y m\u00e1s.<\/p>","protected":false},"excerpt":{"rendered":"<p>Double Threaded Worm Gear: The Best Choice for High Drive Reduction Double threaded worm gears are ideal when high drive reduction is required. These gears are similar to spur gears with the addition of a throat cut into the O.D. of the wheel. The throat allows the worm wheel to fully envelop the threads of [&hellip;]<\/p>","protected":false},"featured_media":3456,"template":"","meta":{"_et_pb_use_builder":"","_et_pb_old_content":"","_et_gb_content_width":""},"product_brand":[],"product_cat":[11289],"product_tag":[],"class_list":{"0":"post-3457","1":"product","2":"type-product","3":"status-publish","4":"has-post-thumbnail","6":"product_cat-worm-gear","8":"first","9":"instock","10":"shipping-taxable","11":"product-type-simple"},"_links":{"self":[{"href":"https:\/\/agricultural-gear-boxes.com\/es\/wp-json\/wp\/v2\/product\/3457","targetHints":{"allow":["GET"]}}],"collection":[{"href":"https:\/\/agricultural-gear-boxes.com\/es\/wp-json\/wp\/v2\/product"}],"about":[{"href":"https:\/\/agricultural-gear-boxes.com\/es\/wp-json\/wp\/v2\/types\/product"}],"wp:featuredmedia":[{"embeddable":true,"href":"https:\/\/agricultural-gear-boxes.com\/es\/wp-json\/wp\/v2\/media\/3456"}],"wp:attachment":[{"href":"https:\/\/agricultural-gear-boxes.com\/es\/wp-json\/wp\/v2\/media?parent=3457"}],"wp:term":[{"taxonomy":"product_brand","embeddable":true,"href":"https:\/\/agricultural-gear-boxes.com\/es\/wp-json\/wp\/v2\/product_brand?post=3457"},{"taxonomy":"product_cat","embeddable":true,"href":"https:\/\/agricultural-gear-boxes.com\/es\/wp-json\/wp\/v2\/product_cat?post=3457"},{"taxonomy":"product_tag","embeddable":true,"href":"https:\/\/agricultural-gear-boxes.com\/es\/wp-json\/wp\/v2\/product_tag?post=3457"}],"curies":[{"name":"wp","href":"https:\/\/api.w.org\/{rel}","templated":true}]}}