{"id":3459,"date":"2024-08-21T09:18:30","date_gmt":"2024-08-21T09:18:30","guid":{"rendered":"https:\/\/agricultural-gear-boxes.com\/product\/multi-start-worm-gear\/"},"modified":"2024-08-21T09:18:30","modified_gmt":"2024-08-21T09:18:30","slug":"multi-start-worm-gear","status":"publish","type":"product","link":"https:\/\/agricultural-gear-boxes.com\/es\/product\/multi-start-worm-gear\/","title":{"rendered":"engranaje helicoidal de arranque m\u00faltiple"},"content":{"rendered":"<h2>Engranaje helicoidal de arranque m\u00faltiple: una soluci\u00f3n compacta para reducir la velocidad y el par elevados<\/h2>\n<p>Los engranajes sinf\u00edn de arranque m\u00faltiple se utilizan ampliamente en diversos sistemas que requieren un alto par y reducci\u00f3n de velocidad. Consisten en un tornillo sinf\u00edn y una rueda helicoidal, que son transmisiones en \u00e1ngulo recto que se utilizan a menudo en gatos de tornillo. En comparaci\u00f3n con otros tipos de transmisiones en \u00e1ngulo recto, como los engranajes c\u00f3nicos y los engranajes hipoides, las transmisiones sinf\u00edn ofrecen un m\u00e9todo m\u00e1s compacto para reducir la velocidad a la vez que se aumenta el par.<\/p>\n<p>Los engranajes sinf\u00edn est\u00e1n disponibles con rosca de entrada simple o m\u00faltiple, siendo estos \u00faltimos adecuados para aplicaciones que requieren mayor velocidad de traslaci\u00f3n. Su \u00e1ngulo de h\u00e9lice m\u00e1s pronunciado permite una rotaci\u00f3n m\u00e1s r\u00e1pida a lo largo de las roscas, lo que los hace ideales para equipos de elevaci\u00f3n donde una alta relaci\u00f3n de transmisi\u00f3n implica que pueden ser accionados por un motor peque\u00f1o. Sin embargo, las roscas de entrada m\u00faltiple presentan menor fricci\u00f3n entre s\u00ed y, por lo tanto, son menos propensas a autobloquearse. Por lo tanto, en sistemas sujetos a vibraciones, se recomienda un mecanismo de bloqueo o freno para evitar el retroceso.<\/p>\n<p>La baja eficiencia de un sinf\u00edn lo convierte en una excelente opci\u00f3n para aplicaciones que requieren un uso intermitente en lugar de continuo. Esta ineficiencia se debe al contacto deslizante entre los dientes, que genera calor y aumenta el desgaste. Es necesario aplicar una lubricaci\u00f3n adecuada para reducir estos efectos y garantizar una larga vida \u00fatil. Para ello, el sinf\u00edn se fabrica con acero cementado y rectificado, mientras que la rueda helicoidal suele ser de bronce o fundici\u00f3n. Tambi\u00e9n se utilizan otras combinaciones de materiales cuando es necesario, y en aplicaciones de trabajo ligero se emplean materiales no met\u00e1licos modernos.<\/p>\n<h3>Ventajas del engranaje helicoidal de arranque m\u00faltiple<\/h3>\n<ul>\n<li>Un medio compacto para disminuir la velocidad y aumentar el par.<\/li>\n<li>Amplia gama de relaciones de transmisi\u00f3n, normalmente de 4:1 a 300:1<\/li>\n<li>Un \u00e1ngulo de h\u00e9lice m\u00e1s pronunciado permite una rotaci\u00f3n m\u00e1s r\u00e1pida a lo largo de las roscas.<\/li>\n<li>Ideal para usar en equipos de elevaci\u00f3n donde una alta relaci\u00f3n de transmisi\u00f3n implica que puede ser accionado por un motor peque\u00f1o.<\/li>\n<\/ul>\n<h3>Instalaci\u00f3n, mantenimiento y reemplazo<\/h3>\n<p>La instalaci\u00f3n de engranajes sinf\u00edn multiarranque requiere una alineaci\u00f3n y lubricaci\u00f3n adecuadas para garantizar un rendimiento \u00f3ptimo. Tambi\u00e9n es fundamental asegurar que la fuerza de sujeci\u00f3n sea la adecuada para el sistema y as\u00ed evitar el retroceso. El mantenimiento incluye revisiones peri\u00f3dicas de desgaste, una lubricaci\u00f3n adecuada y la sustituci\u00f3n de componentes desgastados o da\u00f1ados.<\/p>\n<p>El reemplazo de engranajes sinf\u00edn de arranque m\u00faltiple requiere procedimientos adecuados de desmontaje y montaje para evitar da\u00f1ar otros componentes. Es fundamental utilizar las herramientas y los lubricantes adecuados para garantizar una instalaci\u00f3n correcta y un rendimiento \u00f3ptimo.<\/p>\n<h3>Preguntas frecuentes<\/h3>\n<h4>P: \u00bfCu\u00e1l es la diferencia entre las formas de rosca de entrada simple y de entrada m\u00faltiple en los engranajes sin fin?<\/h4>\n<p>R: Las roscas de entrada simple tienen un \u00e1ngulo de h\u00e9lice m\u00e1s plano, lo que genera mayor fricci\u00f3n entre las roscas y suele ser suficiente para evitar el deslizamiento. Esto las hace ideales para sistemas de autobloqueo. Las roscas de entrada m\u00faltiple tienen un \u00e1ngulo de h\u00e9lice m\u00e1s pronunciado y menor fricci\u00f3n entre las roscas, lo que reduce su probabilidad de autobloqueo. Son adecuadas para aplicaciones que requieren mayor velocidad de traslaci\u00f3n.<\/p>\n<h4>P: \u00bfQu\u00e9 materiales se utilizan en la fabricaci\u00f3n de engranajes helicoidales?<\/h4>\n<p>R: Los engranajes sinf\u00edn suelen fabricarse con acero cementado con un acabado rectificado para el engranaje sinf\u00edn y bronce o hierro fundido para la rueda sinf\u00edn. Se utilizan otras combinaciones de materiales cuando es necesario, y en aplicaciones de trabajo ligero se emplean materiales no met\u00e1licos modernos.<\/p>\n<h4>P: \u00bfQu\u00e9 mantenimiento se requiere para los engranajes helicoidales de arranque m\u00faltiple?<\/h4>\n<p>R: Se requieren controles rutinarios de desgaste, lubricaci\u00f3n adecuada y reemplazo de componentes desgastados o da\u00f1ados para garantizar un rendimiento \u00f3ptimo.<\/p>\n<h4>P: \u00bfC\u00f3mo se instalan los engranajes helicoidales de arranque m\u00faltiple?<\/h4>\n<p>R: Los engranajes sinf\u00edn de arranque m\u00faltiple requieren una alineaci\u00f3n y lubricaci\u00f3n adecuadas para garantizar un rendimiento \u00f3ptimo. Tambi\u00e9n es fundamental asegurar que la fuerza de retenci\u00f3n sea la adecuada para el sistema y as\u00ed evitar el retroceso.<\/p>\n<h4>P: \u00bfC\u00f3mo se reemplazan los engranajes helicoidales de arranque m\u00faltiple?<\/h4>\n<p>R: Los procedimientos correctos de desmontaje y montaje son esenciales para evitar da\u00f1ar otros componentes. Tambi\u00e9n es fundamental utilizar las herramientas y los lubricantes adecuados para garantizar una instalaci\u00f3n correcta y un rendimiento \u00f3ptimo.<\/p>\n<h2>Otros productos de nuestra empresa<\/h2>\n<p>Adem\u00e1s de los engranajes sinf\u00edn de arranque m\u00faltiple, nuestra empresa suministra diversos engranajes de pl\u00e1stico utilizados en industrias como cajas de engranajes agr\u00edcolas, ejes de salida de potencia, ruedas dentadas, acoplamientos hidr\u00e1ulicos, reductores de engranajes sinf\u00edn, engranajes y cremalleras, cadenas desmontables, poleas, reductores planetarios, poleas de distribuci\u00f3n, bujes y m\u00e1s. Nos comprometemos a ofrecer productos de alta calidad a precios competitivos y un servicio atento. Invitamos a nuestros clientes a contactarnos para solicitar planos o muestras personalizadas.<\/p>","protected":false},"excerpt":{"rendered":"<p>Multi-Start Worm Gear: A Compact Solution for High Torque and Speed Reduction Multi-start worm gears are widely used in various systems that require high torque and speed reduction. They consist of a worm screw and a worm wheel, which are right angled drives that are often utilized in screw jacks. Compared to other forms of [&hellip;]<\/p>","protected":false},"featured_media":3458,"template":"","meta":{"_et_pb_use_builder":"","_et_pb_old_content":"","_et_gb_content_width":""},"product_brand":[],"product_cat":[11289],"product_tag":[],"class_list":{"0":"post-3459","1":"product","2":"type-product","3":"status-publish","4":"has-post-thumbnail","6":"product_cat-worm-gear","8":"first","9":"instock","10":"shipping-taxable","11":"product-type-simple"},"_links":{"self":[{"href":"https:\/\/agricultural-gear-boxes.com\/es\/wp-json\/wp\/v2\/product\/3459","targetHints":{"allow":["GET"]}}],"collection":[{"href":"https:\/\/agricultural-gear-boxes.com\/es\/wp-json\/wp\/v2\/product"}],"about":[{"href":"https:\/\/agricultural-gear-boxes.com\/es\/wp-json\/wp\/v2\/types\/product"}],"wp:featuredmedia":[{"embeddable":true,"href":"https:\/\/agricultural-gear-boxes.com\/es\/wp-json\/wp\/v2\/media\/3458"}],"wp:attachment":[{"href":"https:\/\/agricultural-gear-boxes.com\/es\/wp-json\/wp\/v2\/media?parent=3459"}],"wp:term":[{"taxonomy":"product_brand","embeddable":true,"href":"https:\/\/agricultural-gear-boxes.com\/es\/wp-json\/wp\/v2\/product_brand?post=3459"},{"taxonomy":"product_cat","embeddable":true,"href":"https:\/\/agricultural-gear-boxes.com\/es\/wp-json\/wp\/v2\/product_cat?post=3459"},{"taxonomy":"product_tag","embeddable":true,"href":"https:\/\/agricultural-gear-boxes.com\/es\/wp-json\/wp\/v2\/product_tag?post=3459"}],"curies":[{"name":"wp","href":"https:\/\/api.w.org\/{rel}","templated":true}]}}