{"id":3462,"date":"2024-08-21T09:18:31","date_gmt":"2024-08-21T09:18:31","guid":{"rendered":"https:\/\/agricultural-gear-boxes.com\/product\/worm-gear-pinion\/"},"modified":"2024-08-21T09:18:32","modified_gmt":"2024-08-21T09:18:32","slug":"worm-gear-pinion","status":"publish","type":"product","link":"https:\/\/agricultural-gear-boxes.com\/es\/product\/worm-gear-pinion\/","title":{"rendered":"pi\u00f1\u00f3n de tornillo sin fin"},"content":{"rendered":"<h2>Pi\u00f1\u00f3n sin fin: \u00a1Revolucione su transmisi\u00f3n de potencia!<\/h2>\n<p>\u00bfEst\u00e1 buscando un sistema de engranajes eficiente y de f\u00e1cil mantenimiento? \u00a1El pi\u00f1\u00f3n de tornillo sin fin es su respuesta! El pi\u00f1\u00f3n de tornillo sin fin es un tipo de engranaje que consta de un tornillo sin fin (engranaje en forma de tornillo) y una rueda helicoidal (engranaje en forma de rueda con ruedas dentadas o dientes). El tornillo sin fin gira alrededor de su eje y engrana con los dientes de la rueda helicoidal, lo que hace que gire. Se usa ampliamente en maquinaria industrial, autom\u00f3viles, imprentas y varias otras aplicaciones, gracias a su estructura compacta, alta relaci\u00f3n de transmisi\u00f3n y funcionamiento suave y silencioso.<\/p>\n<h3>Ventajas del engranaje helicoidal de pi\u00f1\u00f3n<\/h3>\n<ul>\n<li>Alta relaci\u00f3n de transmisi\u00f3n: un engranaje helicoidal de una sola etapa puede lograr una relaci\u00f3n de transmisi\u00f3n de hasta 1:100.<\/li>\n<li>Estructura compacta: El pi\u00f1\u00f3n sin fin tiene una estructura simple y compacta, lo que lo hace ideal para aplicaciones donde el espacio es limitado.<\/li>\n<li>Funcionamiento suave y silencioso: gracias a la acci\u00f3n deslizante entre el sinf\u00edn y la rueda helicoidal, el pi\u00f1\u00f3n del sinf\u00edn funciona de forma suave y silenciosa.<\/li>\n<li>Autobloqueo: El pi\u00f1\u00f3n sinf\u00edn es autobloqueante, lo que significa que el sinf\u00edn puede evitar que la rueda helicoidal gire, lo que lo hace ideal para aplicaciones en las que es necesario mantener la carga en su posici\u00f3n.<\/li>\n<li>F\u00e1cil mantenimiento: El pi\u00f1\u00f3n sin fin es f\u00e1cil de mantener y reparar, gracias a su estructura simple y f\u00e1cil accesibilidad.<\/li>\n<\/ul>\n<h3>Materiales utilizados para el pi\u00f1\u00f3n de engranaje helicoidal<\/h3>\n<p>Los pi\u00f1ones de tornillo sin fin se pueden fabricar de distintos materiales, seg\u00fan los requisitos de la aplicaci\u00f3n. Los materiales m\u00e1s utilizados para los engranajes sin fin son:<\/p>\n<ul>\n<li>Acero: Los engranajes helicoidales hechos de acero son fuertes y duraderos, lo que los hace ideales para aplicaciones de servicio pesado.<\/li>\n<li>Bronce: El bronce tiene buena resistencia al desgaste y baja fricci\u00f3n, lo que lo hace ideal para aplicaciones donde es necesario minimizar el ruido y la vibraci\u00f3n.<\/li>\n<li>Pl\u00e1stico: Los engranajes helicoidales de pl\u00e1stico son livianos, resistentes a la corrosi\u00f3n y autolubricantes, lo que los hace ideales para aplicaciones donde la higiene y la limpieza son primordiales.<\/li>\n<\/ul>\n<h3>Instalaci\u00f3n, mantenimiento y reparaci\u00f3n de engranajes helicoidales<\/h3>\n<p>La instalaci\u00f3n, el mantenimiento y la reparaci\u00f3n adecuados del pi\u00f1\u00f3n sinf\u00edn son fundamentales para garantizar su rendimiento \u00f3ptimo y su larga vida \u00fatil. A continuaci\u00f3n, se ofrecen algunos consejos para la instalaci\u00f3n, el mantenimiento y la reparaci\u00f3n del pi\u00f1\u00f3n sinf\u00edn:<\/p>\n<ul>\n<li>Instalaci\u00f3n: Aseg\u00farese de que el engranaje helicoidal y la rueda helicoidal est\u00e9n correctamente alineados y que el helicoidal est\u00e9 adecuadamente lubricado antes de la instalaci\u00f3n.<\/li>\n<li>Mantenimiento: Inspeccione peri\u00f3dicamente el pi\u00f1\u00f3n del sinf\u00edn para detectar desgaste y da\u00f1os, y reemplace las piezas desgastadas o da\u00f1adas de inmediato. Mantenga el sinf\u00edn y la rueda helicoidal lubricados para evitar un desgaste excesivo y prolongar su vida \u00fatil.<\/li>\n<li>Reparaci\u00f3n: Si el pi\u00f1\u00f3n del engranaje helicoidal est\u00e1 da\u00f1ado, desm\u00f3ntelo e inspeccione las piezas para ver si est\u00e1n desgastadas o da\u00f1adas. Reemplace las piezas desgastadas o da\u00f1adas y vuelva a ensamblar el sistema de engranajes con cuidado.<\/li>\n<\/ul>\n<h3>Otros productos de Ever-power<\/h3>\n<p>Adem\u00e1s de los pi\u00f1ones con engranajes helicoidales, Ever-power ofrece una amplia gama de otros engranajes de precisi\u00f3n para aplicaciones industriales, automotrices y otras. Nuestra l\u00ednea de productos incluye:<\/p>\n<ul>\n<li>Engranajes rectos<\/li>\n<li>Engranajes anti-juego<\/li>\n<li>Engranajes helicoidales<\/li>\n<li>Engranajes c\u00f3nicos<\/li>\n<li>Engranajes de inglete<\/li>\n<li>Engranajes de pi\u00f1\u00f3n<\/li>\n<li>Engranajes de pl\u00e1stico<\/li>\n<li>\u00a1Y m\u00e1s!<\/li>\n<\/ul>\n<p>En Ever-power, nos comprometemos a ofrecer a nuestros clientes productos de alta calidad a precios competitivos, respaldados por un excelente servicio al cliente. Ya sea que necesite pi\u00f1ones de tornillo sin fin o cualquier otro engranaje de precisi\u00f3n, \u00a1lo tenemos cubierto!<\/p>\n<h2>Preguntas y respuestas<\/h2>\n<ol>\n<li>\u00bfQu\u00e9 es un pi\u00f1\u00f3n sin fin?<\/li>\n<li>\u00bfCu\u00e1les son las ventajas de utilizar pi\u00f1\u00f3n sin fin?<\/li>\n<li>\u00bfQu\u00e9 materiales se utilizan para fabricar pi\u00f1ones de tornillo sin fin?<\/li>\n<li>\u00bfC\u00f3mo se instalan los pi\u00f1ones de tornillo sin fin?<\/li>\n<li>\u00bfQu\u00e9 otros productos ofrece Ever-power adem\u00e1s de pi\u00f1ones de tornillo sin fin?<\/li>\n<\/ol>","protected":false},"excerpt":{"rendered":"<p>Worm Gear Pinion: Revolutionize Your Power Transmission! Looking for an efficient and easy-to-maintain gear system? Worm gear pinion is your answer! Worm gear pinion is a type of gear that consists of a worm (gear in the form of a screw) and a worm wheel (gear in the form of a wheel with cogs or [&hellip;]<\/p>","protected":false},"featured_media":3460,"template":"","meta":{"_et_pb_use_builder":"","_et_pb_old_content":"","_et_gb_content_width":""},"product_brand":[],"product_cat":[11289],"product_tag":[],"class_list":{"0":"post-3462","1":"product","2":"type-product","3":"status-publish","4":"has-post-thumbnail","6":"product_cat-worm-gear","8":"first","9":"instock","10":"shipping-taxable","11":"product-type-simple"},"_links":{"self":[{"href":"https:\/\/agricultural-gear-boxes.com\/es\/wp-json\/wp\/v2\/product\/3462","targetHints":{"allow":["GET"]}}],"collection":[{"href":"https:\/\/agricultural-gear-boxes.com\/es\/wp-json\/wp\/v2\/product"}],"about":[{"href":"https:\/\/agricultural-gear-boxes.com\/es\/wp-json\/wp\/v2\/types\/product"}],"wp:featuredmedia":[{"embeddable":true,"href":"https:\/\/agricultural-gear-boxes.com\/es\/wp-json\/wp\/v2\/media\/3460"}],"wp:attachment":[{"href":"https:\/\/agricultural-gear-boxes.com\/es\/wp-json\/wp\/v2\/media?parent=3462"}],"wp:term":[{"taxonomy":"product_brand","embeddable":true,"href":"https:\/\/agricultural-gear-boxes.com\/es\/wp-json\/wp\/v2\/product_brand?post=3462"},{"taxonomy":"product_cat","embeddable":true,"href":"https:\/\/agricultural-gear-boxes.com\/es\/wp-json\/wp\/v2\/product_cat?post=3462"},{"taxonomy":"product_tag","embeddable":true,"href":"https:\/\/agricultural-gear-boxes.com\/es\/wp-json\/wp\/v2\/product_tag?post=3462"}],"curies":[{"name":"wp","href":"https:\/\/api.w.org\/{rel}","templated":true}]}}