{"id":3464,"date":"2024-08-21T09:18:33","date_gmt":"2024-08-21T09:18:33","guid":{"rendered":"https:\/\/agricultural-gear-boxes.com\/product\/micro-worm-gear-set\/"},"modified":"2024-08-21T09:18:33","modified_gmt":"2024-08-21T09:18:33","slug":"micro-worm-gear-set","status":"publish","type":"product","link":"https:\/\/agricultural-gear-boxes.com\/es\/product\/micro-worm-gear-set\/","title":{"rendered":"conjunto de micro engranajes helicoidales"},"content":{"rendered":"<h2>Juego de microengranajes sin fin: la soluci\u00f3n de precisi\u00f3n para diversas industrias<\/h2>\n<p>Nuestros microconjuntos de engranajes sinf\u00edn, compuestos por un sinf\u00edn y una rueda helicoidal, son esenciales para diversas industrias, incluyendo, entre otras, la instrumentaci\u00f3n aeroespacial y militar, equipos m\u00e9dicos y dentales, la exploraci\u00f3n de petr\u00f3leo y gas, la rob\u00f3tica y los controles industriales. Gracias a su fabricaci\u00f3n de precisi\u00f3n que cumple con las \u00faltimas especificaciones AGMA\/ISO, nuestros conjuntos de engranajes sinf\u00edn ofrecen la soluci\u00f3n perfecta para cualquier aplicaci\u00f3n.<\/p>\n<h3>\u00bfQu\u00e9 es un conjunto de engranajes helicoidales?<\/h3>\n<p>Un conjunto de engranajes sinf\u00edn se compone de un tornillo sinf\u00edn y una rueda helicoidal. El sinf\u00edn transmite movimiento y potencia a la rueda helicoidal, que a su vez controla el eje de salida. El sinf\u00edn y la rueda helicoidal suelen estar en \u00e1ngulo recto entre s\u00ed, lo que convierte al conjunto de engranajes sinf\u00edn en una excelente opci\u00f3n para espacios reducidos donde se requieren relaciones de transmisi\u00f3n altas.<\/p>\n<h3>\u00bfCu\u00e1les son las ventajas de utilizar un juego de micro engranajes helicoidales?<\/h3>\n<p>Los microconjuntos de engranajes sinf\u00edn ofrecen precisi\u00f3n y fiabilidad en un dise\u00f1o compacto. Gracias a su relaci\u00f3n de transmisi\u00f3n, pueden proporcionar un mayor par a la vez que reducen la velocidad de rotaci\u00f3n, lo que los hace ideales para aplicaciones que requieren transmisi\u00f3n de potencia. Adem\u00e1s, son ligeros y se pueden personalizar para satisfacer requisitos espec\u00edficos.<\/p>\n<h3>\u00bfQu\u00e9 materiales se pueden utilizar para los juegos de micro engranajes helicoidales?<\/h3>\n<p>Nuestros microconjuntos de engranajes sinf\u00edn est\u00e1ndar cuentan con un sinf\u00edn de acero endurecido y una rueda helicoidal de VL22, una aleaci\u00f3n de cobre y zinc con aditivos de aluminio, silicio y manganeso. Esta aleaci\u00f3n est\u00e1 dise\u00f1ada para deslizamiento y es conocida por su alta resistencia qu\u00edmica. Sin embargo, ofrecemos conjuntos de engranajes sinf\u00edn personalizados de diversos materiales para satisfacer necesidades espec\u00edficas.<\/p>\n<h3>\u00bfC\u00f3mo se instalan y mantienen los microconjuntos de engranajes helicoidales?<\/h3>\n<p>Para instalar un micro juego de engranajes sinf\u00edn, aseg\u00farese de que est\u00e9 correctamente alineado con los ejes de entrada y salida. Es importante lubricar el juego de engranajes regularmente para garantizar un funcionamiento suave y evitar el desgaste. Adem\u00e1s, cualquier trabajo de mantenimiento del juego de engranajes debe ser realizado por profesionales capacitados para evitar da\u00f1os.<\/p>\n<h3>\u00bfCu\u00e1les son algunas aplicaciones comunes de los conjuntos de micro engranajes helicoidales?<\/h3>\n<p>Los microconjuntos de engranajes sinf\u00edn se utilizan com\u00fanmente en sistemas de puertas autom\u00e1ticas para moverse en una direcci\u00f3n y bloquear el sistema al final de la operaci\u00f3n. Tambi\u00e9n se encuentran en instrumentos musicales, como guitarras y violines, para ajustar la tensi\u00f3n de las cuerdas. Adem\u00e1s, se utilizan en la fabricaci\u00f3n de piezas mec\u00e1nicas, sistemas de direcci\u00f3n de autom\u00f3viles, reductores de velocidad y reductores sinf\u00edn.<\/p>\n<h2>Otros productos de calidad de nuestra empresa<\/h2>\n<p>En Ever-Power, ofrecemos una variedad de engranajes de pl\u00e1stico de alta calidad para uso industrial. Ofrecemos cajas de engranajes agr\u00edcolas, ejes de salida, ruedas dentadas, acoplamientos hidr\u00e1ulicos, reductores de tornillo sin fin, engranajes y cremalleras, cadenas desmontables, poleas, reductores planetarios, poleas de distribuci\u00f3n, bujes y m\u00e1s. Nuestros productos son personalizables, tienen precios competitivos y un excelente servicio al cliente.<\/p>\n<h2>Preguntas y respuestas<\/h2>\n<h3>1. \u00bfCu\u00e1l es la diferencia entre un conjunto de engranajes helicoidales y un conjunto de engranajes rectos?<\/h3>\n<p>Un juego de engranajes sinf\u00edn se utiliza generalmente en espacios reducidos donde se requieren relaciones de transmisi\u00f3n altas. Un juego de engranajes rectos se utiliza para aplicaciones que requieren alta eficiencia y bajos niveles de ruido.<\/p>\n<h3>2. \u00bfEs posible personalizar los microconjuntos de engranajes helicoidales?<\/h3>\n<p>S\u00ed, ofrecemos juegos de micro engranajes helicoidales personalizados con di\u00e1metros de hasta 300 mm y distancia entre centros de hasta 210 mm.<\/p>\n<h3>3. \u00bfQu\u00e9 lubricaci\u00f3n se recomienda para los juegos de micro engranajes sin fin?<\/h3>\n<p>Recomendamos utilizar grasa mineral para juegos de micro engranajes sin fin.<\/p>\n<h3>4. \u00bfSe puede reparar un micro engranaje helicoidal da\u00f1ado?<\/h3>\n<p>Cualquier trabajo de mantenimiento del conjunto de engranajes debe ser realizado por profesionales capacitados para evitar da\u00f1os. Sin embargo, en algunos casos, un conjunto de microengranajes sin fin da\u00f1ado puede repararse reemplazando los componentes da\u00f1ados.<\/p>\n<h3>5. \u00bfQu\u00e9 industrias utilizan com\u00fanmente juegos de micro engranajes helicoidales?<\/h3>\n<p>Los juegos de micro engranajes sin fin se utilizan com\u00fanmente en instrumentaci\u00f3n aeroespacial y militar, equipos m\u00e9dicos y dentales, exploraci\u00f3n de petr\u00f3leo y gas, rob\u00f3tica y controles industriales.<\/p>","protected":false},"excerpt":{"rendered":"<p>Micro Worm Gear Set \u2013 The Precision Solution for Various Industries Our micro worm gear sets, composed of a worm and worm wheel, are essential for a variety of industries, including but not limited to aerospace and military instrumentation, medical and dental equipment, oil and gas exploration, robotics, and industrial controls. With precision manufacturing that [&hellip;]<\/p>","protected":false},"featured_media":3463,"template":"","meta":{"_et_pb_use_builder":"","_et_pb_old_content":"","_et_gb_content_width":""},"product_brand":[],"product_cat":[11289],"product_tag":[],"class_list":{"0":"post-3464","1":"product","2":"type-product","3":"status-publish","4":"has-post-thumbnail","6":"product_cat-worm-gear","8":"first","9":"instock","10":"shipping-taxable","11":"product-type-simple"},"_links":{"self":[{"href":"https:\/\/agricultural-gear-boxes.com\/es\/wp-json\/wp\/v2\/product\/3464","targetHints":{"allow":["GET"]}}],"collection":[{"href":"https:\/\/agricultural-gear-boxes.com\/es\/wp-json\/wp\/v2\/product"}],"about":[{"href":"https:\/\/agricultural-gear-boxes.com\/es\/wp-json\/wp\/v2\/types\/product"}],"wp:featuredmedia":[{"embeddable":true,"href":"https:\/\/agricultural-gear-boxes.com\/es\/wp-json\/wp\/v2\/media\/3463"}],"wp:attachment":[{"href":"https:\/\/agricultural-gear-boxes.com\/es\/wp-json\/wp\/v2\/media?parent=3464"}],"wp:term":[{"taxonomy":"product_brand","embeddable":true,"href":"https:\/\/agricultural-gear-boxes.com\/es\/wp-json\/wp\/v2\/product_brand?post=3464"},{"taxonomy":"product_cat","embeddable":true,"href":"https:\/\/agricultural-gear-boxes.com\/es\/wp-json\/wp\/v2\/product_cat?post=3464"},{"taxonomy":"product_tag","embeddable":true,"href":"https:\/\/agricultural-gear-boxes.com\/es\/wp-json\/wp\/v2\/product_tag?post=3464"}],"curies":[{"name":"wp","href":"https:\/\/api.w.org\/{rel}","templated":true}]}}