{"id":3466,"date":"2024-08-21T09:18:34","date_gmt":"2024-08-21T09:18:34","guid":{"rendered":"https:\/\/agricultural-gear-boxes.com\/product\/plastic-worm-gears\/"},"modified":"2024-08-21T09:18:34","modified_gmt":"2024-08-21T09:18:34","slug":"plastic-worm-gears","status":"publish","type":"product","link":"https:\/\/agricultural-gear-boxes.com\/es\/product\/plastic-worm-gears\/","title":{"rendered":"Engranajes helicoidales de pl\u00e1stico"},"content":{"rendered":"<h2>Engranajes helicoidales de pl\u00e1stico: una soluci\u00f3n eficiente y asequible<\/h2>\n<p>Los engranajes helicoidales de pl\u00e1stico se han convertido en una opci\u00f3n popular para muchas aplicaciones debido a su alta eficiencia, dise\u00f1o compacto y bajo nivel de ruido y vibraci\u00f3n. Proporcionan un accionamiento forzado m\u00e1s silencioso en comparaci\u00f3n con los engranajes rectos de pl\u00e1stico y se pueden utilizar en una amplia gama de productos, como impresoras l\u00e1ser, c\u00e1maras digitales, esc\u00e1neres, CD-ROM, motores paso a paso, equipos m\u00e9dicos, m\u00e1quinas expendedoras, bombas de engranajes, electrodom\u00e9sticos, m\u00e1quinas de fax, relojes, juguetes y muchos m\u00e1s.<\/p>\n<p>Estos engranajes est\u00e1n fabricados con materiales de alta calidad como poliacetal (POM) y nailon, que ofrecen buena resistencia, durabilidad y resistencia qu\u00edmica. Est\u00e1n disponibles en varias especificaciones como tama\u00f1o de m\u00f3dulo, di\u00e1metro interior, di\u00e1metro exterior y longitud, lo que los hace adecuados para diferentes tipos de maquinaria.<\/p>\n<h3>Caracter\u00edsticas de los engranajes helicoidales de pl\u00e1stico:<\/h3>\n<ul>\n<li>Alta eficiencia<\/li>\n<li>Movimiento irreversible<\/li>\n<li>Bueno para dise\u00f1o compacto<\/li>\n<li>Alta capacidad de carga<\/li>\n<li>Vibraci\u00f3n y ruido reducidos<\/li>\n<\/ul>\n<h3>Las ventajas de los engranajes de pl\u00e1stico:<\/h3>\n<ol>\n<li>Los engranajes de pl\u00e1stico se moldean f\u00e1cilmente en diversas formas, lo que les da una gama m\u00e1s amplia de configuraciones.<\/li>\n<li>Los engranajes de pl\u00e1stico son menos costosos y m\u00e1s livianos.<\/li>\n<li>Los engranajes de pl\u00e1stico son resistentes a los productos qu\u00edmicos y a la corrosi\u00f3n.<\/li>\n<li>Los engranajes de pl\u00e1stico tienen un funcionamiento m\u00e1s silencioso y suave y ofrecen una geometr\u00eda de accionamiento m\u00e1s eficiente.<\/li>\n<li>Los engranajes de pl\u00e1stico son inherentemente autolubricantes.<\/li>\n<\/ol>\n<h3>C\u00f3mo instalar, mantener y reparar engranajes helicoidales de pl\u00e1stico:<\/h3>\n<p>Los engranajes helicoidales de pl\u00e1stico son f\u00e1ciles de instalar y mantener. Requieren una limpieza e inspecci\u00f3n peri\u00f3dicas para garantizar su correcto funcionamiento. Se recomienda utilizar un pa\u00f1o suave o un cepillo para limpiar los engranajes, ya que los materiales duros pueden da\u00f1arlos.<\/p>\n<p>En caso de da\u00f1o o mal funcionamiento, los engranajes se pueden reparar o reemplazar. Es importante seguir las instrucciones del fabricante para garantizar una reparaci\u00f3n y un reemplazo adecuados.<\/p>\n<h3>Otros productos de engranajes de pl\u00e1stico:<\/h3>\n<p>Adem\u00e1s de los engranajes helicoidales de pl\u00e1stico, nuestra empresa suministra diversos engranajes de pl\u00e1stico utilizados en la industria, como cajas de engranajes agr\u00edcolas, ejes de salida de potencia, ruedas dentadas, acoplamientos de fluidos, reductores de engranajes helicoidales, engranajes y cremalleras, cadenas desmontables, poleas y poleas, cajas de engranajes planetarios, poleas de distribuci\u00f3n, bujes y m\u00e1s. Ofrecemos productos de alta calidad a precios favorables con un servicio considerado y damos la bienvenida a los clientes a que vengan a nosotros para personalizar los dibujos o las muestras.<\/p>\n<h2>Preguntas y respuestas:<\/h2>\n<p><strong>P: \u00bfCu\u00e1les son las principales ventajas de los engranajes helicoidales de pl\u00e1stico?<\/strong><br \/>\n<br \/>R: Los engranajes helicoidales de pl\u00e1stico ofrecen alta eficiencia, dise\u00f1o compacto, bajo nivel de ruido y vibraci\u00f3n y alta capacidad de carga. Tambi\u00e9n son resistentes a los productos qu\u00edmicos y a la corrosi\u00f3n, autolubricantes y menos costosos que los engranajes de metal.<\/p>\n<p><strong>P: \u00bfDe qu\u00e9 est\u00e1n hechos los engranajes helicoidales de pl\u00e1stico?<\/strong><br \/>\n<br \/>R: Los engranajes helicoidales de pl\u00e1stico est\u00e1n hechos de materiales de alta calidad como poliacetal (POM) y nailon.<\/p>\n<p><strong>P: \u00bfC\u00f3mo se instalan y mantienen los engranajes helicoidales de pl\u00e1stico?<\/strong><br \/>\n<br \/>R: Los engranajes helicoidales de pl\u00e1stico son f\u00e1ciles de instalar y mantener. Requieren una limpieza e inspecci\u00f3n peri\u00f3dicas para garantizar su correcto funcionamiento. Se recomienda utilizar un pa\u00f1o suave o un cepillo para limpiar los engranajes.<\/p>\n<p><strong>P: \u00bfSe pueden reparar o reemplazar los engranajes helicoidales de pl\u00e1stico?<\/strong><br \/>\n<br \/>R: S\u00ed, en caso de da\u00f1o o mal funcionamiento, los engranajes se pueden reparar o reemplazar. Es importante seguir las instrucciones del fabricante para garantizar una reparaci\u00f3n y un reemplazo adecuados.<\/p>\n<p><strong>P: \u00bfQu\u00e9 otros productos de engranajes de pl\u00e1stico suministra su empresa?<\/strong><br \/>\n<br \/>R: Adem\u00e1s de los engranajes helicoidales de pl\u00e1stico, nuestra empresa suministra diversos engranajes de pl\u00e1stico utilizados en la industria, como cajas de engranajes agr\u00edcolas, ejes de salida de potencia, pi\u00f1ones, acoplamientos de fluido, reductores de engranajes helicoidales, engranajes y cremalleras, cadenas desmontables, poleas y poleas, cajas de engranajes planetarios, poleas de distribuci\u00f3n, bujes y m\u00e1s.<\/p>","protected":false},"excerpt":{"rendered":"<p>Plastic Worm Gears: An Efficient and Affordable Solution Plastic worm gears have become a popular choice for many applications due to their high efficiency, compact design, and low noise and vibration. They provide quieter force driving compared to plastic spur gears, and can be used in a wide range of products such as laser printers, [&hellip;]<\/p>","protected":false},"featured_media":3465,"template":"","meta":{"_et_pb_use_builder":"","_et_pb_old_content":"","_et_gb_content_width":""},"product_brand":[],"product_cat":[11289],"product_tag":[],"class_list":{"0":"post-3466","1":"product","2":"type-product","3":"status-publish","4":"has-post-thumbnail","6":"product_cat-worm-gear","8":"first","9":"instock","10":"shipping-taxable","11":"product-type-simple"},"_links":{"self":[{"href":"https:\/\/agricultural-gear-boxes.com\/es\/wp-json\/wp\/v2\/product\/3466","targetHints":{"allow":["GET"]}}],"collection":[{"href":"https:\/\/agricultural-gear-boxes.com\/es\/wp-json\/wp\/v2\/product"}],"about":[{"href":"https:\/\/agricultural-gear-boxes.com\/es\/wp-json\/wp\/v2\/types\/product"}],"wp:featuredmedia":[{"embeddable":true,"href":"https:\/\/agricultural-gear-boxes.com\/es\/wp-json\/wp\/v2\/media\/3465"}],"wp:attachment":[{"href":"https:\/\/agricultural-gear-boxes.com\/es\/wp-json\/wp\/v2\/media?parent=3466"}],"wp:term":[{"taxonomy":"product_brand","embeddable":true,"href":"https:\/\/agricultural-gear-boxes.com\/es\/wp-json\/wp\/v2\/product_brand?post=3466"},{"taxonomy":"product_cat","embeddable":true,"href":"https:\/\/agricultural-gear-boxes.com\/es\/wp-json\/wp\/v2\/product_cat?post=3466"},{"taxonomy":"product_tag","embeddable":true,"href":"https:\/\/agricultural-gear-boxes.com\/es\/wp-json\/wp\/v2\/product_tag?post=3466"}],"curies":[{"name":"wp","href":"https:\/\/api.w.org\/{rel}","templated":true}]}}