{"id":3468,"date":"2024-08-21T09:18:35","date_gmt":"2024-08-21T09:18:35","guid":{"rendered":"https:\/\/agricultural-gear-boxes.com\/product\/alloy-steel-worm-and-worm-gear-for-auto-parts\/"},"modified":"2024-08-21T09:18:35","modified_gmt":"2024-08-21T09:18:35","slug":"alloy-steel-worm-and-worm-gear-for-auto-parts","status":"publish","type":"product","link":"https:\/\/agricultural-gear-boxes.com\/es\/product\/alloy-steel-worm-and-worm-gear-for-auto-parts\/","title":{"rendered":"Tornillo sin fin y engranaje helicoidal de acero aleado para piezas de autom\u00f3vil"},"content":{"rendered":"<h2>Tornillo sin fin y engranaje helicoidal de acero aleado para piezas de autom\u00f3vil<\/h2>\n<p>Bienvenido a nuestro sitio web, donde ofrecemos sinfines y engranajes de acero aleado de alta calidad para diversas piezas de autom\u00f3viles. Nuestros productos est\u00e1n dise\u00f1ados con precisi\u00f3n y fabricados con tecnolog\u00eda avanzada para satisfacer las diversas necesidades de nuestros clientes. Exploremos las caracter\u00edsticas, aplicaciones y beneficios de nuestros sinfines y engranajes de acero aleado.<\/p>\n<h3>Caracter\u00edsticas del producto:<\/h3>\n<ul>\n<li>Piezas de repuesto para mecanizado de alta precisi\u00f3n<\/li>\n<li>Se aplica a diversos dispositivos automotrices, militares, m\u00e9dicos, industriales, mec\u00e1nicos y aeron\u00e1uticos.<\/li>\n<li>Dise\u00f1o de ingenier\u00eda rentable<\/li>\n<li>Servicio OEM\/ODM proporcionado<\/li>\n<li>Alta calidad, plazos de entrega cortos y diversificaci\u00f3n.<\/li>\n<\/ul>\n<h3>Materiales:<\/h3>\n<p>Nuestros tornillos sin fin y engranajes sin fin de acero aleado se pueden fabricar con una amplia gama de materiales, incluidos:<\/p>\n<ul>\n<li>Aluminio<\/li>\n<li>Cobre<\/li>\n<li>Lat\u00f3n<\/li>\n<li>Acero inoxidable<\/li>\n<li>Acero<\/li>\n<li>Hierro<\/li>\n<li>Aleaci\u00f3n<\/li>\n<li>Titanio<\/li>\n<\/ul>\n<h3>Aplicaciones:<\/h3>\n<p>El tornillo sin fin y el engranaje sin fin de acero aleado son adecuados para diversas aplicaciones en diferentes industrias, que incluyen:<\/p>\n<ul>\n<li>Automotor<\/li>\n<li>M\u00e9dico<\/li>\n<li>Industrial<\/li>\n<li>Militar<\/li>\n<li>Aeronave<\/li>\n<li>Mec\u00e1nico<\/li>\n<\/ul>\n<h3>Instalaci\u00f3n, mantenimiento y reparaci\u00f3n:<\/h3>\n<p>La instalaci\u00f3n y el mantenimiento de sinfines y engranajes de acero aleado requieren atenci\u00f3n al detalle. A continuaci\u00f3n, se presentan algunos puntos clave a considerar:<\/p>\n<ul>\n<li>Aseg\u00farese de una alineaci\u00f3n adecuada durante la instalaci\u00f3n<\/li>\n<li>Limpie y lubrique peri\u00f3dicamente el engranaje para evitar el desgaste.<\/li>\n<li>Inspeccione el engranaje para detectar cualquier signo de da\u00f1o o desalineaci\u00f3n.<\/li>\n<li>Si se necesitan reparaciones, consulte a un profesional para garantizar un manejo adecuado.<\/li>\n<li>Para reemplazos, siga las pautas y especificaciones del fabricante.<\/li>\n<\/ul>\n<h2>Acerca de nuestra empresa<\/h2>\n<p>Con m\u00e1s de diez a\u00f1os de experiencia y un equipo de profesionales cualificados, nuestra empresa es l\u00edder en la fabricaci\u00f3n y suministro de engranajes sinf\u00edn de precisi\u00f3n para la industria automotriz. Adem\u00e1s de engranajes sinf\u00edn y sinf\u00edn de acero aleado, tambi\u00e9n nos especializamos en diversos engranajes de pl\u00e1stico utilizados en diversas industrias. Nuestra gama de productos incluye cajas de engranajes agr\u00edcolas, ejes de transmisi\u00f3n, ruedas dentadas, acoplamientos hidr\u00e1ulicos, reductores de sinf\u00edn, engranajes y cremalleras, cadenas desmontables, poleas, reductores planetarios, poleas de distribuci\u00f3n, bujes y m\u00e1s.<\/p>\n<p>Nos enorgullecemos de ofrecer productos de alta calidad, precios competitivos y un excelente servicio al cliente. Ya sea que necesite productos est\u00e1ndar o personalizados seg\u00fan sus necesidades espec\u00edficas, estamos aqu\u00ed para satisfacer sus necesidades. No dude en contactarnos si tiene alguna pregunta. \u00a1Esperamos atenderle!<\/p>\n<h2>Preguntas frecuentes<\/h2>\n<ol>\n<li>\n<h3>Q1: \u00bfEs usted una f\u00e1brica o una empresa comercial?<\/h3>\n<p>A1: Tenemos nuestra f\u00e1brica; nuestro tipo es f\u00e1brica + comercio.<\/p>\n<\/li>\n<li>\n<h3>Q2: \u00bfC\u00f3mo obtener una cotizaci\u00f3n?<\/h3>\n<p>A2: Env\u00edenos los planos junto con un PDF detallado. Si tiene alg\u00fan requisito, ind\u00edquenoslo para que podamos brindarle asesoramiento profesional.<\/p>\n<\/li>\n<li>\n<h3>Q3: \u00bfCu\u00e1nto tiempo puedo obtener la muestra?<\/h3>\n<p>A3: Depende de sus art\u00edculos espec\u00edficos, generalmente se requiere un plazo de entrega de 7 a 10 d\u00edas.<\/p>\n<\/li>\n<li>\n<h3>Q4: \u00bfC\u00f3mo disfrutar de los servicios OEM?<\/h3>\n<p>A4: Normalmente le presentamos propuestas t\u00e9cnicas y un presupuesto basado en sus planos de dise\u00f1o o muestras originales. Tras su acuerdo, lo fabricaremos para usted.<\/p>\n<\/li>\n<li>\n<h3>P5: \u00bfMis dibujos estar\u00e1n seguros despu\u00e9s de envi\u00e1rtelos?<\/h3>\n<p>A5: S\u00ed, los conservaremos en buen estado y no los compartiremos con terceros sin su permiso. Por supuesto, garantizamos la seguridad del dibujo.<\/p>\n<\/li>\n<li>\n<h3>P6: \u00bfQu\u00e9 haremos si no tenemos dibujos?<\/h3>\n<p>A6: Env\u00ede su muestra a nuestra f\u00e1brica para que podamos copiarla o ofrecerle mejores soluciones. Env\u00edenos im\u00e1genes o bocetos con las dimensiones (largo, alto y ancho). Si realiza un pedido, le generaremos un archivo CAD o 3D.<\/p>\n<\/li>\n<li>\n<h3>Q7: \u00bfC\u00f3mo iniciar un pedido con ustedes?<\/h3>\n<p>A7: \u00a1Puede enviarnos una consulta aqu\u00ed, correo electr\u00f3nico o llamarnos directamente!<\/p>\n<\/li>\n<\/ol>","protected":false},"excerpt":{"rendered":"<p>Alloy Steel Worm And Worm Gear for Auto Parts Welcome to our website, where we provide high-quality alloy steel worm and worm gear for various auto parts. Our products are designed with precision and manufactured using advanced technology to meet the diverse needs of our customers. Let&#8217;s explore the features, applications, and benefits of our [&hellip;]<\/p>","protected":false},"featured_media":3467,"template":"","meta":{"_et_pb_use_builder":"","_et_pb_old_content":"","_et_gb_content_width":""},"product_brand":[],"product_cat":[11289],"product_tag":[],"class_list":{"0":"post-3468","1":"product","2":"type-product","3":"status-publish","4":"has-post-thumbnail","6":"product_cat-worm-gear","8":"first","9":"instock","10":"shipping-taxable","11":"product-type-simple"},"_links":{"self":[{"href":"https:\/\/agricultural-gear-boxes.com\/es\/wp-json\/wp\/v2\/product\/3468","targetHints":{"allow":["GET"]}}],"collection":[{"href":"https:\/\/agricultural-gear-boxes.com\/es\/wp-json\/wp\/v2\/product"}],"about":[{"href":"https:\/\/agricultural-gear-boxes.com\/es\/wp-json\/wp\/v2\/types\/product"}],"wp:featuredmedia":[{"embeddable":true,"href":"https:\/\/agricultural-gear-boxes.com\/es\/wp-json\/wp\/v2\/media\/3467"}],"wp:attachment":[{"href":"https:\/\/agricultural-gear-boxes.com\/es\/wp-json\/wp\/v2\/media?parent=3468"}],"wp:term":[{"taxonomy":"product_brand","embeddable":true,"href":"https:\/\/agricultural-gear-boxes.com\/es\/wp-json\/wp\/v2\/product_brand?post=3468"},{"taxonomy":"product_cat","embeddable":true,"href":"https:\/\/agricultural-gear-boxes.com\/es\/wp-json\/wp\/v2\/product_cat?post=3468"},{"taxonomy":"product_tag","embeddable":true,"href":"https:\/\/agricultural-gear-boxes.com\/es\/wp-json\/wp\/v2\/product_tag?post=3468"}],"curies":[{"name":"wp","href":"https:\/\/api.w.org\/{rel}","templated":true}]}}