{"id":3470,"date":"2024-08-21T09:18:36","date_gmt":"2024-08-21T09:18:36","guid":{"rendered":"https:\/\/agricultural-gear-boxes.com\/product\/stainless-steel-worm-gear-for-cnc-machinery\/"},"modified":"2024-08-21T09:18:36","modified_gmt":"2024-08-21T09:18:36","slug":"stainless-steel-worm-gear-for-cnc-machinery","status":"publish","type":"product","link":"https:\/\/agricultural-gear-boxes.com\/es\/product\/stainless-steel-worm-gear-for-cnc-machinery\/","title":{"rendered":"Engranaje helicoidal de acero inoxidable para maquinaria CNC"},"content":{"rendered":"<h2>Engranaje helicoidal de acero inoxidable para maquinaria CNC<\/h2>\n<p>Los engranajes helicoidales de acero inoxidable se utilizan ampliamente en diversas industrias, como maquinaria el\u00e9ctrica, maquinaria metal\u00fargica, maquinaria de protecci\u00f3n ambiental, electrodom\u00e9sticos y aparatos electr\u00f3nicos, maquinaria de construcci\u00f3n de carreteras, maquinaria qu\u00edmica, maquinaria alimentaria, maquinaria industrial ligera, maquinaria minera, maquinaria de transporte, maquinaria de construcci\u00f3n, maquinaria de materiales de construcci\u00f3n, maquinaria de cemento, maquinaria de caucho, maquinaria de conservaci\u00f3n de agua y maquinaria petrolera. Por lo general, se utilizan en aplicaciones de servicio pesado que requieren alta precisi\u00f3n y durabilidad.<\/p>\n<p>El engranaje helicoidal es un tipo de engranaje mec\u00e1nico que consta de un sinf\u00edn con forma de tornillo y un engranaje con forma de rueda llamado rueda helicoidal. El engranaje helicoidal funciona transmitiendo movimiento y potencia entre dos ejes perpendiculares. El sinf\u00edn gira sobre su eje y engrana con los dientes de la rueda helicoidal, lo que hace que esta tambi\u00e9n gire.<\/p>\n<p>Los engranajes helicoidales de acero inoxidable se pueden fabricar a partir de una variedad de materiales, incluidos acero inoxidable, acero al carbono, lat\u00f3n, bronce, hierro, aleaci\u00f3n de aluminio, cobre, pl\u00e1stico, nailon, PA66, MC, PEER, MSM, POM, Derlin y m\u00e1s. Los engranajes se producen siguiendo estrictamente las dimensiones est\u00e1ndar ANSI o DIN, lo que garantiza una alta precisi\u00f3n y compatibilidad con otros componentes.<\/p>\n<p>Los engranajes helicoidales est\u00e1n disponibles en diferentes tama\u00f1os, con orificios terminados, orificios piloto u opciones especiales. Pueden ser tratados t\u00e9rmicamente mediante m\u00e9todos como temple y revenido, carburaci\u00f3n y temple, endurecimiento por alta frecuencia y carbonitruraci\u00f3n. Tambi\u00e9n se pueden aplicar tratamientos superficiales como carburaci\u00f3n y temple, revenido, endurecimiento por temple de alta temperatura de la superficie del diente y revenido para mejorar su durabilidad y resistencia al desgaste.<\/p>\n<p>El proceso de mecanizado de engranajes helicoidales de acero inoxidable incluye la preparaci\u00f3n del material, normalizaci\u00f3n, torneado en bruto, temple y revenido, torneado semifino del c\u00edrculo exterior, torneado en bruto de la superficie espiral, torneado fino (rectificado fino) de la cara del extremo del orificio interior, chavetero, torneado semifino de la superficie espiral, alicates (resto de dientes incompletos), rectificado semifino del c\u00edrculo exterior, rectificado semifino de la superficie espiral, rectificado del orificio central, rectificado delicado del anillo exterior, rayado fino de la superficie helicoidal e inspecci\u00f3n del producto terminado.<\/p>\n<h3>Par\u00e1metros del producto<\/h3>\n<p>Los engranajes helicoidales de acero inoxidable tienen las siguientes especificaciones:<\/p>\n<p>\u2013 Nombre del producto: Engranaje helicoidal y rueda helicoidal<br \/>\n\u2013 Materiales disponibles: Acero inoxidable, acero al carbono, lat\u00f3n, bronce, hierro, aleaci\u00f3n de aluminio, cobre, pl\u00e1stico, nailon, PA66, MC, PEER, MSM, POM, Derlin, etc.<br \/>\n\u2013 Tratamiento t\u00e9rmico: Temple y revenido, carburaci\u00f3n y temple, temple por alta frecuencia, carbonitruraci\u00f3n, etc.<br \/>\n\u2013 Tratamiento superficial: Cementaci\u00f3n y temple, revenido, endurecimiento por temple de la superficie del diente, revenido, etc.<br \/>\n\u2013 Di\u00e1metro interior: Di\u00e1metro interior acabado, di\u00e1metro interior piloto, pedido especial<br \/>\n\u2013 M\u00e9todo de procesamiento: Moldeo, afeitado, tallado, taladrado, roscado, escariado, biselado manual, rectificado, etc.<br \/>\n\u2013 \u00c1ngulo de presi\u00f3n: 20 grados<br \/>\n\u2013 Dureza: 55-60HRC<br \/>\n\u2013 Tama\u00f1o: Dibujos del cliente y est\u00e1ndar ISO<br \/>\n\u2013 Embalaje: Caja\/contenedor de madera y pal\u00e9, o fabricaci\u00f3n a medida.<br \/>\n\u2013 Certificado: ISO9001:2008<br \/>\n\u2013 M\u00f3dulo: 1~3<\/p>\n<h3>Ventajas<\/h3>\n<p>Los engranajes helicoidales de acero inoxidable tienen las siguientes ventajas:<\/p>\n<p>\u2013 Alta precisi\u00f3n: Producido estrictamente siguiendo las dimensiones est\u00e1ndar ANSI o DIN<br \/>\n\u2013 Alta durabilidad: Fabricados con materiales de alta calidad y tratados t\u00e9rmicamente para mejorar su resistencia al desgaste.<br \/>\n\u2013 Compatibilidad: Dimensionalmente compatible con otros componentes producidos siguiendo el mismo est\u00e1ndar<br \/>\n\u2013 Personalizable: Disponible en diferentes tama\u00f1os, orificios y materiales.<br \/>\n\u2013 F\u00e1cil de instalar y mantener: orificio terminado, orificio piloto y opciones de solicitud especial disponibles<\/p>\n<h3>C\u00f3mo instalar, mantener y reparar<\/h3>\n<p>Para instalar el engranaje helicoidal de acero inoxidable, aseg\u00farese de alinear los ejes correctamente antes de apretar los tornillos de fijaci\u00f3n. Se requiere un mantenimiento regular para garantizar que el engranaje funcione sin problemas y evitar el desgaste prematuro. El engranaje debe lubricarse peri\u00f3dicamente con un lubricante de alta calidad. Si se producen da\u00f1os, el engranaje se puede reparar reemplazando los componentes da\u00f1ados o remodelando los dientes con una fresadora de engranajes.<\/p>\n<h3>Productos relacionados<\/h3>\n<p>Adem\u00e1s de los engranajes helicoidales de acero inoxidable, EVER-POWER Machinery Co., Ltd ofrece varios engranajes de pl\u00e1stico utilizados en la industria, como cajas de engranajes agr\u00edcolas, ejes de salida de potencia, ruedas dentadas, acoplamientos de fluidos, reductores de engranajes helicoidales, engranajes y cremalleras, cadenas desmontables, poleas y poleas, cajas de engranajes planetarios, poleas de distribuci\u00f3n, bujes y m\u00e1s. Nos dedicamos a proporcionar productos de alta calidad a un precio favorable y con un servicio considerado. Los clientes pueden traer sus dibujos o muestras para personalizarlos.<\/p>\n<h2>Preguntas y respuestas<\/h2>\n<p>1. \u00bfEn qu\u00e9 industrias se utilizan com\u00fanmente los engranajes helicoidales de acero inoxidable?<\/p>\n<p>Los engranajes helicoidales de acero inoxidable se utilizan com\u00fanmente en diversas industrias de trabajo pesado, como maquinaria el\u00e9ctrica, maquinaria metal\u00fargica, maquinaria de protecci\u00f3n ambiental, electrodom\u00e9sticos y aparatos electr\u00f3nicos, maquinaria de construcci\u00f3n de carreteras, maquinaria qu\u00edmica, maquinaria alimentaria, maquinaria industrial ligera, maquinaria minera, maquinaria de transporte, maquinaria de construcci\u00f3n, maquinaria de materiales de construcci\u00f3n, maquinaria de cemento, maquinaria de caucho, maquinaria de conservaci\u00f3n de agua y maquinaria petrolera.<\/p>\n<p>2. \u00bfQu\u00e9 materiales se pueden utilizar para fabricar engranajes helicoidales de acero inoxidable?<\/p>\n<p>Los engranajes helicoidales de acero inoxidable se pueden fabricar a partir de una variedad de materiales, incluidos acero inoxidable, acero al carbono, lat\u00f3n, bronce, hierro, aleaci\u00f3n de aluminio, cobre, pl\u00e1stico, nailon, PA66, MC, PEER, MSM, POM, Derlin y m\u00e1s.<\/p>\n<p>3. \u00bfC\u00f3mo se tratan t\u00e9rmicamente los engranajes helicoidales de acero inoxidable?<\/p>\n<p>Los engranajes helicoidales de acero inoxidable se pueden tratar t\u00e9rmicamente utilizando m\u00e9todos como temple y revenido, carburaci\u00f3n y temple, endurecimiento por alta frecuencia y carbonitruraci\u00f3n.<\/p>\n<p>4. \u00bfC\u00f3mo se instalan y mantienen los engranajes helicoidales de acero inoxidable?<\/p>\n<p>Para instalar el engranaje helicoidal de acero inoxidable, aseg\u00farese de alinear los ejes correctamente antes de apretar los tornillos de fijaci\u00f3n. Se requiere un mantenimiento regular para garantizar que el engranaje funcione sin problemas y evitar el desgaste prematuro. El engranaje debe lubricarse peri\u00f3dicamente con un lubricante de alta calidad.<\/p>\n<p>5. \u00bfQu\u00e9 otros productos ofrece EVER-POWER Machinery Co., Ltd?<\/p>\n<p>Adem\u00e1s de los engranajes helicoidales de acero inoxidable, EVER-POWER Machinery Co., Ltd ofrece varios engranajes de pl\u00e1stico utilizados en la industria, como cajas de engranajes agr\u00edcolas, ejes de salida de potencia, ruedas dentadas, acoplamientos de fluidos, reductores de engranajes helicoidales, engranajes y cremalleras, cadenas desmontables, poleas y poleas, cajas de engranajes planetarios, poleas de distribuci\u00f3n, bujes y m\u00e1s. Los clientes pueden traer sus dibujos o muestras para personalizarlos.<\/p>","protected":false},"excerpt":{"rendered":"<p>Stainless Steel Worm Gear for CNC Machinery Stainless steel worm gears are widely used in various industries, such as electric machinery, metallurgical machinery, environmental protection machinery, electronic and electrical appliances, road construction machinery, chemical machinery, food machinery, light industrial machinery, mining machinery, transportation machinery, construction machinery, building materials machinery, cement machinery, rubber machinery, water conservancy [&hellip;]<\/p>","protected":false},"featured_media":3469,"template":"","meta":{"_et_pb_use_builder":"","_et_pb_old_content":"","_et_gb_content_width":""},"product_brand":[],"product_cat":[11289],"product_tag":[],"class_list":{"0":"post-3470","1":"product","2":"type-product","3":"status-publish","4":"has-post-thumbnail","6":"product_cat-worm-gear","8":"first","9":"instock","10":"shipping-taxable","11":"product-type-simple"},"_links":{"self":[{"href":"https:\/\/agricultural-gear-boxes.com\/es\/wp-json\/wp\/v2\/product\/3470","targetHints":{"allow":["GET"]}}],"collection":[{"href":"https:\/\/agricultural-gear-boxes.com\/es\/wp-json\/wp\/v2\/product"}],"about":[{"href":"https:\/\/agricultural-gear-boxes.com\/es\/wp-json\/wp\/v2\/types\/product"}],"wp:featuredmedia":[{"embeddable":true,"href":"https:\/\/agricultural-gear-boxes.com\/es\/wp-json\/wp\/v2\/media\/3469"}],"wp:attachment":[{"href":"https:\/\/agricultural-gear-boxes.com\/es\/wp-json\/wp\/v2\/media?parent=3470"}],"wp:term":[{"taxonomy":"product_brand","embeddable":true,"href":"https:\/\/agricultural-gear-boxes.com\/es\/wp-json\/wp\/v2\/product_brand?post=3470"},{"taxonomy":"product_cat","embeddable":true,"href":"https:\/\/agricultural-gear-boxes.com\/es\/wp-json\/wp\/v2\/product_cat?post=3470"},{"taxonomy":"product_tag","embeddable":true,"href":"https:\/\/agricultural-gear-boxes.com\/es\/wp-json\/wp\/v2\/product_tag?post=3470"}],"curies":[{"name":"wp","href":"https:\/\/api.w.org\/{rel}","templated":true}]}}