{"id":3479,"date":"2024-08-22T05:23:07","date_gmt":"2024-08-22T05:23:07","guid":{"rendered":"https:\/\/agricultural-gear-boxes.com\/product\/plastic-nylon-internal-gears\/"},"modified":"2024-08-22T05:23:07","modified_gmt":"2024-08-22T05:23:07","slug":"plastic-nylon-internal-gears","status":"publish","type":"product","link":"https:\/\/agricultural-gear-boxes.com\/es\/product\/plastic-nylon-internal-gears\/","title":{"rendered":"Engranajes internos de nailon y pl\u00e1stico"},"content":{"rendered":"<h2>Engranajes internos de nailon y pl\u00e1stico: una soluci\u00f3n compacta para transmisiones de ejes paralelos<\/h2>\n<p>Plastic Nylon Internal Gears are an efficient and compact solution for parallel shaft transmission drive with considerable speed reduction. These gears are often used in applications involving planetary gear drives and gear couplings. Three major types of planetary gear mechanisms, planetary, solar, and star, are used depending on the type and the pattern of shafts as input and output, producing various variations of speed transmission ratios and rotational directions. Plastic Nylon Internal gears are highly precise and provide ODM &#038; OEM services that can be customized as per customer requirements. With over ten years of experience and hundreds of qualified personnel, EVER-POWER Machinery is one of China&#8217;s leading manufacturers and suppliers of internal plastic gears.<\/p>\n<h2>Caracter\u00edsticas de los engranajes internos de nailon pl\u00e1stico<\/h2>\n<ul>\n<li>Soluci\u00f3n de transmisi\u00f3n de ejes paralelos compacta y eficiente<\/li>\n<li>Se utiliza en aplicaciones que involucran transmisiones por engranajes planetarios y acoplamientos de engranajes.<\/li>\n<li>Engranajes internos de alta precisi\u00f3n<\/li>\n<li>Ofrece servicios ODM y OEM<\/li>\n<\/ul>\n<h2>Ventajas de los engranajes internos de nailon pl\u00e1stico<\/h2>\n<ul>\n<li>Proporciona una reducci\u00f3n considerable de velocidad en la transmisi\u00f3n de ejes paralelos.<\/li>\n<li>Soluci\u00f3n eficiente y compacta para diversas aplicaciones.<\/li>\n<li>Los engranajes internos de alta precisi\u00f3n garantizan una transmisi\u00f3n suave.<\/li>\n<li>Los servicios ODM y OEM permiten la personalizaci\u00f3n seg\u00fan los requisitos del cliente.<\/li>\n<\/ul>\n<h2>Materiales utilizados en engranajes internos de nailon pl\u00e1stico<\/h2>\n<p>Los materiales predominantes que se utilizan en la producci\u00f3n de engranajes internos de nailon pl\u00e1stico son POM, PP y PPT. Sin embargo, tambi\u00e9n se pueden utilizar otros materiales como POM, PA, PPA, PBT y PEEK seg\u00fan los requisitos del cliente.<\/p>\n<h2>Instalaci\u00f3n, mantenimiento y reparaci\u00f3n de engranajes internos de nailon pl\u00e1stico<\/h2>\n<p>Proper installation, maintenance, and repair of Plastic Nylon Internal Gears are important to ensure their longevity and efficient functioning. The gears must be installed as per the manufacturer&#8217;s instructions and regularly maintained to prevent damage or wear and tear. In case of any damage or malfunction, the gears must be repaired immediately, or replaced if required.<\/p>\n<h2>Otros productos ofrecidos por EVER-POWER Machinery<\/h2>\n<p>Adem\u00e1s de los engranajes internos de nailon de pl\u00e1stico, EVER-POWER Machinery suministra varios otros engranajes de pl\u00e1stico utilizados en la industria, como cajas de engranajes agr\u00edcolas, ejes de salida de potencia, ruedas dentadas, acoplamientos de fluidos, reductores de engranajes helicoidales, engranajes y cremalleras, cadenas desmontables, poleas y poleas, cajas de engranajes planetarios, poleas de distribuci\u00f3n, bujes y m\u00e1s. Nuestros productos son de alta calidad, se ofrecen a precios favorables y est\u00e1n respaldados por un servicio considerado. Damos la bienvenida a los clientes a que vengan a nosotros para personalizar dibujos o muestras.<\/p>\n<h2>Preguntas frecuentes<\/h2>\n<ol>\n<li>\nP: \u00bfQu\u00e9 materiales se utilizan en la producci\u00f3n de engranajes internos de nailon pl\u00e1stico?<br \/>\nR: Los materiales principales que se utilizan en la producci\u00f3n de engranajes internos de nailon pl\u00e1stico son POM, PP y PPT. Sin embargo, tambi\u00e9n se pueden utilizar otros materiales como POM, PA, PPA, PBT y PEEK seg\u00fan los requisitos del cliente.\n<\/li>\n<li>\nP: \u00bfCu\u00e1l es el nivel de precios de los engranajes internos de nailon pl\u00e1stico?<br \/>\nR: Ofrecemos venta directa de f\u00e1brica y tenemos un proceso de trabajo de l\u00ednea de producci\u00f3n completo desde la plataforma hasta las piezas principales, lo que nos permite ofrecer precios competitivos para nuestros productos de alta calidad.\n<\/li>\n<li>\nP: \u00bfC\u00f3mo garantiza EVER-POWER Machinery la calidad de sus productos?<br \/>\nR: Tenemos certificados CE y ofrecemos garant\u00eda de calidad de un a\u00f1o y soporte t\u00e9cnico de por vida para garantizar la calidad de nuestros productos.\n<\/li>\n<li>\nP: \u00bfQu\u00e9 condiciones de pago aceptan?<br \/>\nA: Aceptamos T\/T o L\/C, West Union, Moneygram o Paypal; otros m\u00e9todos de pago tambi\u00e9n son bienvenidos.\n<\/li>\n<li>\nP: \u00bfC\u00f3mo organizan el env\u00edo de los productos?<br \/>\nR: Ofrecemos env\u00edo por mar\/tren\/aire expr\u00e9s, y el plazo de entrega es generalmente de 15 a 20 d\u00edas contra dep\u00f3sito.\n<\/li>\n<\/ol>","protected":false},"excerpt":{"rendered":"<p>Plastic Nylon Internal Gears: A Compact Solution for Parallel Shaft Transmission Drive Plastic Nylon Internal Gears are an efficient and compact solution for parallel shaft transmission drive with considerable speed reduction. These gears are often used in applications involving planetary gear drives and gear couplings. Three major types of planetary gear mechanisms, planetary, solar, and [&hellip;]<\/p>","protected":false},"featured_media":3478,"template":"","meta":{"_et_pb_use_builder":"","_et_pb_old_content":"","_et_gb_content_width":""},"product_brand":[],"product_cat":[11290],"product_tag":[],"class_list":{"0":"post-3479","1":"product","2":"type-product","3":"status-publish","4":"has-post-thumbnail","6":"product_cat-plastic-gear","8":"first","9":"instock","10":"shipping-taxable","11":"product-type-simple"},"_links":{"self":[{"href":"https:\/\/agricultural-gear-boxes.com\/es\/wp-json\/wp\/v2\/product\/3479","targetHints":{"allow":["GET"]}}],"collection":[{"href":"https:\/\/agricultural-gear-boxes.com\/es\/wp-json\/wp\/v2\/product"}],"about":[{"href":"https:\/\/agricultural-gear-boxes.com\/es\/wp-json\/wp\/v2\/types\/product"}],"wp:featuredmedia":[{"embeddable":true,"href":"https:\/\/agricultural-gear-boxes.com\/es\/wp-json\/wp\/v2\/media\/3478"}],"wp:attachment":[{"href":"https:\/\/agricultural-gear-boxes.com\/es\/wp-json\/wp\/v2\/media?parent=3479"}],"wp:term":[{"taxonomy":"product_brand","embeddable":true,"href":"https:\/\/agricultural-gear-boxes.com\/es\/wp-json\/wp\/v2\/product_brand?post=3479"},{"taxonomy":"product_cat","embeddable":true,"href":"https:\/\/agricultural-gear-boxes.com\/es\/wp-json\/wp\/v2\/product_cat?post=3479"},{"taxonomy":"product_tag","embeddable":true,"href":"https:\/\/agricultural-gear-boxes.com\/es\/wp-json\/wp\/v2\/product_tag?post=3479"}],"curies":[{"name":"wp","href":"https:\/\/api.w.org\/{rel}","templated":true}]}}