{"id":3490,"date":"2024-08-22T05:30:26","date_gmt":"2024-08-22T05:30:26","guid":{"rendered":"https:\/\/agricultural-gear-boxes.com\/product\/metallurgy-machinery-soft-tooth-flank-helical-gear\/"},"modified":"2024-08-22T05:30:26","modified_gmt":"2024-08-22T05:30:26","slug":"metallurgy-machinery-soft-tooth-flank-helical-gear","status":"publish","type":"product","link":"https:\/\/agricultural-gear-boxes.com\/es\/product\/metallurgy-machinery-soft-tooth-flank-helical-gear\/","title":{"rendered":"Engranaje helicoidal de flanco de diente blando para maquinaria metal\u00fargica"},"content":{"rendered":"<h2>Engranaje helicoidal de flanco de diente blando para maquinaria metal\u00fargica<\/h2>\n<p>El engranaje helicoidal de flanco de diente blando para maquinaria metal\u00fargica es un componente esencial de la maquinaria metal\u00fargica. Es un tipo de engranaje que se utiliza com\u00fanmente en diversas industrias para transmitir potencia y movimiento entre dos ejes que no son paralelos. La historia de los engranajes se remonta a la antig\u00fcedad y se han mejorado e innovado constantemente con el desarrollo de la sociedad y la tecnolog\u00eda humanas. Este engranaje est\u00e1 hecho de materiales de alta calidad, como acero 45, y se procesa mediante forjado, torneado, tallado, rectificado externo, fresado de chaveteros y rectificado de dientes para garantizar su durabilidad y estabilidad. Se utiliza ampliamente en metalurgia, miner\u00eda, transporte, petr\u00f3leo, qu\u00edmica, construcci\u00f3n y otras industrias.<\/p>\n<h3>Ventajas<\/h3>\n<ul>\n<li>Alta precisi\u00f3n y estabilidad.<\/li>\n<li>Gran par de transmisi\u00f3n y alta eficiencia.<\/li>\n<li>Bajo nivel de ruido y funcionamiento suave.<\/li>\n<li>Amplia gama de aplicaciones.<\/li>\n<li>Larga vida \u00fatil.<\/li>\n<\/ul>\n<h3>Instalaci\u00f3n, mantenimiento y reparaci\u00f3n<\/h3>\n<p>La instalaci\u00f3n de un engranaje helicoidal de flanco de dientes blandos para maquinaria metal\u00fargica requiere habilidades y herramientas profesionales. Es necesario asegurarse de que el engranaje est\u00e9 instalado de forma correcta y segura. El mantenimiento regular es esencial para garantizar el funcionamiento normal del engranaje, como la limpieza y la lubricaci\u00f3n. Si el engranaje est\u00e1 da\u00f1ado o funciona mal, puede ser reparado por profesionales o reemplazado por uno nuevo.<\/p>\n<h3>Otros productos de nuestra empresa<\/h3>\n<p>Adem\u00e1s de los engranajes helicoidales de flanco de dientes blandos para maquinaria metal\u00fargica, HZPT Machinery tambi\u00e9n suministra diversos engranajes de pl\u00e1stico utilizados en la industria. Nuestros productos incluyen cajas de engranajes agr\u00edcolas, ejes de salida de potencia, ruedas dentadas, acoplamientos de fluidos, reductores de engranajes sinf\u00edn, engranajes y cremalleras, cadenas desmontables, poleas y poleas, cajas de engranajes planetarios, poleas de distribuci\u00f3n, bujes y m\u00e1s. Ofrecemos productos de alta calidad, precios favorables y servicios considerados. Damos la bienvenida a los clientes a que vengan a nosotros para la personalizaci\u00f3n de dibujos o muestras.<\/p>\n<h2>Preguntas y respuestas<\/h2>\n<ol>\n<li>\n<h3>\u00bfCu\u00e1les son las ventajas del engranaje helicoidal de flanco de dientes blandos de maquinaria metal\u00fargica?<\/h3>\n<p>El engranaje helicoidal de flanco de dientes blandos para maquinaria metal\u00fargica tiene ventajas como alta precisi\u00f3n y estabilidad, gran par de transmisi\u00f3n y alta eficiencia, bajo nivel de ruido y funcionamiento suave, amplia gama de aplicaciones y larga vida \u00fatil.<\/p>\n<\/li>\n<li>\n<h3>\u00bfC\u00f3mo se debe instalar, mantener y reparar el engranaje helicoidal de flanco de dientes blandos de la maquinaria metal\u00fargica?<\/h3>\n<p>El engranaje helicoidal de flanco de dientes blandos para maquinaria metal\u00fargica requiere habilidades y herramientas profesionales para su instalaci\u00f3n, el mantenimiento regular, como la limpieza y la lubricaci\u00f3n, es esencial, y si est\u00e1 da\u00f1ado o funciona mal, puede ser reparado por profesionales o reemplazado por uno nuevo.<\/p>\n<\/li>\n<li>\n<h3>\u00bfQu\u00e9 materiales se pueden utilizar para fabricar engranajes helicoidales de flanco de dientes blandos para maquinaria metal\u00fargica?<\/h3>\n<p>El engranaje helicoidal de flanco de dientes blandos para maquinaria metal\u00fargica est\u00e1 hecho principalmente de materiales de alta calidad, como acero 45.<\/p>\n<\/li>\n<li>\n<h3>\u00bfQu\u00e9 otros productos ofrece HZPT Machinery?<\/h3>\n<p>HZPT Machinery proporciona una variedad de engranajes de pl\u00e1stico utilizados en la industria, incluidas cajas de engranajes agr\u00edcolas, ejes de salida de potencia, pi\u00f1ones, acoplamientos de fluido, reductores de tornillo sin fin, engranajes y cremalleras, cadenas desmontables, poleas y poleas, cajas de engranajes planetarios, poleas de distribuci\u00f3n, bujes y m\u00e1s.<\/p>\n<\/li>\n<li>\n<h3>\u00bfC\u00f3mo pueden los clientes personalizar los productos de HZPT Machinery?<\/h3>\n<p>Los clientes pueden acudir a nosotros para personalizar dibujos o muestras, y ofrecemos productos de alta calidad, precios favorables y servicios considerados.<\/p>\n<\/li>\n<\/ol>","protected":false},"excerpt":{"rendered":"<p>Metallurgy Machinery Soft Tooth Flank Helical Gear Metallurgy Machinery Soft Tooth Flank Helical Gear is an essential component of metallurgical machinery. It is a type of gear commonly used in various industries to transmit power and motion between two axes that are not parallel. The history of gear dates back to ancient times, and the [&hellip;]<\/p>","protected":false},"featured_media":3489,"template":"","meta":{"_et_pb_use_builder":"","_et_pb_old_content":"","_et_gb_content_width":""},"product_brand":[],"product_cat":[11291],"product_tag":[],"class_list":{"0":"post-3490","1":"product","2":"type-product","3":"status-publish","4":"has-post-thumbnail","6":"product_cat-helical-gear","8":"first","9":"instock","10":"shipping-taxable","11":"product-type-simple"},"_links":{"self":[{"href":"https:\/\/agricultural-gear-boxes.com\/es\/wp-json\/wp\/v2\/product\/3490","targetHints":{"allow":["GET"]}}],"collection":[{"href":"https:\/\/agricultural-gear-boxes.com\/es\/wp-json\/wp\/v2\/product"}],"about":[{"href":"https:\/\/agricultural-gear-boxes.com\/es\/wp-json\/wp\/v2\/types\/product"}],"wp:featuredmedia":[{"embeddable":true,"href":"https:\/\/agricultural-gear-boxes.com\/es\/wp-json\/wp\/v2\/media\/3489"}],"wp:attachment":[{"href":"https:\/\/agricultural-gear-boxes.com\/es\/wp-json\/wp\/v2\/media?parent=3490"}],"wp:term":[{"taxonomy":"product_brand","embeddable":true,"href":"https:\/\/agricultural-gear-boxes.com\/es\/wp-json\/wp\/v2\/product_brand?post=3490"},{"taxonomy":"product_cat","embeddable":true,"href":"https:\/\/agricultural-gear-boxes.com\/es\/wp-json\/wp\/v2\/product_cat?post=3490"},{"taxonomy":"product_tag","embeddable":true,"href":"https:\/\/agricultural-gear-boxes.com\/es\/wp-json\/wp\/v2\/product_tag?post=3490"}],"curies":[{"name":"wp","href":"https:\/\/api.w.org\/{rel}","templated":true}]}}