{"id":3492,"date":"2024-08-22T05:30:27","date_gmt":"2024-08-22T05:30:27","guid":{"rendered":"https:\/\/agricultural-gear-boxes.com\/product\/crossed-helical-gear\/"},"modified":"2024-08-22T05:30:27","modified_gmt":"2024-08-22T05:30:27","slug":"crossed-helical-gear","status":"publish","type":"product","link":"https:\/\/agricultural-gear-boxes.com\/es\/product\/crossed-helical-gear\/","title":{"rendered":"Engranaje helicoidal cruzado"},"content":{"rendered":"<h2>Engranaje helicoidal cruzado: la transmisi\u00f3n por engranajes vers\u00e1til<\/h2>\n<p>Crossed helical gears are a type of gear transmission that offers a wide range of applications and benefits. They are widely used in various industries due to their reliability, accuracy, and high transmission efficiency. Let&#8217;s explore the features, advantages, and maintenance of crossed helical gears.<\/p>\n<h3>Caracter\u00edsticas y clasificaci\u00f3n<\/h3>\n<p>Los engranajes helicoidales cruzados pertenecen a la categor\u00eda de transmisiones por engranajes de ejes cruzados. Se pueden clasificar adem\u00e1s en transmisiones por engranajes c\u00f3nicos de dientes rectos y transmisiones por engranajes c\u00f3nicos de dientes curvos.<\/p>\n<p>La transmisi\u00f3n por engranajes c\u00f3nicos de dientes rectos implica dos l\u00edneas perif\u00e9ricas que se cruzan en un \u00e1ngulo de 90\u00b0. Es de uso com\u00fan y f\u00e1cil de fabricar e instalar. Sin embargo, es menos estable, tiene una capacidad de carga menor y es adecuada para operaciones de baja velocidad con cargas peque\u00f1as.<\/p>\n<p>Por otro lado, la transmisi\u00f3n con engranajes c\u00f3nicos de dientes curvos ofrece una mayor intersecci\u00f3n y coincidencia entre los dos ejes. Proporciona un funcionamiento estable, una alta capacidad de carga, una fuerza axial significativa y es adecuada para transmisiones de alta velocidad con cargas pesadas.<\/p>\n<h3>Ventajas y Material<\/h3>\n<p>En comparaci\u00f3n con otras transmisiones, los engranajes helicoidales cruzados tienen varias ventajas. Proporcionan una transmisi\u00f3n de movimiento confiable y precisa con una relaci\u00f3n de transmisi\u00f3n instant\u00e1nea constante entre las dos ruedas. El rango de velocidad circunferencial y potencia de los engranajes helicoidales cruzados es amplio, al mismo tiempo que mantienen una alta eficiencia de transmisi\u00f3n (generalmente 0,94-0,99). Tambi\u00e9n tienen una larga vida \u00fatil, una estructura compacta y un mantenimiento sencillo.<\/p>\n<p>Los engranajes helicoidales cruzados se pueden fabricar con diversos materiales, como lat\u00f3n, acero C45, acero inoxidable, cobre, POM, aluminio y aleaciones. La elecci\u00f3n del material depende de los requisitos espec\u00edficos de la aplicaci\u00f3n.<\/p>\n<h3>Instalaci\u00f3n, mantenimiento y reparaci\u00f3n<\/h3>\n<p>La instalaci\u00f3n y el mantenimiento adecuados desempe\u00f1an un papel fundamental para prolongar la vida \u00fatil de los engranajes helicoidales cruzados. A continuaci\u00f3n, se indican algunos puntos clave que se deben tener en cuenta:<\/p>\n<p>1. Instalaci\u00f3n y rodaje: Siga los requisitos t\u00e9cnicos durante la instalaci\u00f3n de los engranajes y haga rodar un par de engranajes nuevos en vac\u00edo y en condiciones de carga gradual durante varias horas. Limpie la caja de cambios y cambie el aceite antes de usarla.<\/p>\n<p>2. Uso adecuado: El arranque, la carga, la descarga y el cambio de marchas deben ser estables para evitar cargas de impacto y posibles da\u00f1os a los dientes del engranaje.<\/p>\n<p>3. Lubrication system: Regularly check the lubrication system for oil level, oil supply condition, and oil quality. Replace and replenish the lubricating oil based on the manufacturer&#8217;s specifications.<\/p>\n<p>4. Monitoreo: Monitoree regularmente el estado de funcionamiento, prestando atenci\u00f3n a cualquier sonido anormal, sobrecalentamiento u otros signos de mal funcionamiento. Considere usar dispositivos de detecci\u00f3n autom\u00e1tica para transmisiones de alta velocidad, carga pesada o engranajes cr\u00edticos.<\/p>\n<p>5. Cubierta protectora: Instale una cubierta protectora para transmisiones de engranajes abiertos para evitar que el polvo, las virutas y los residuos entren en la superficie del diente, lo que garantiza la integridad de la superficie del engranaje y la seguridad personal.<\/p>\n<h2>Mostrar productos<\/h2>\n<p>A continuaci\u00f3n se muestran algunas representaciones visuales de engranajes helicoidales cruzados:<\/p>\n<p><img loading=\"lazy\" decoding=\"async\" class=\"size-full wp-image-379366 alignnone\" src=\"https:\/\/www.ever-power.net\/wp-content\/uploads\/2022\/06\/Crossed-Helical-Gear-1.jpg\" alt=\"\" width=\"600\" height=\"600\" \/><\/p>\n<p><img loading=\"lazy\" decoding=\"async\" class=\"size-full wp-image-379367 alignnone\" src=\"https:\/\/www.ever-power.net\/wp-content\/uploads\/2022\/06\/Crossed-Helical-Gear-2.jpg\" alt=\"\" width=\"600\" height=\"600\" \/><\/p>\n<h2>Preguntas frecuentes<\/h2>\n<p>1. P: \u00bfC\u00f3mo garantiza HZPT Machinery una entrega r\u00e1pida incluso sin stock?<br \/>\nR: Nuestro proceso de fabricaci\u00f3n \u00fanico y nuestro gran stock de herramientas, materias primas y productos semiacabados nos permiten cumplir con los pedidos r\u00e1pidamente.<\/p>\n<p>2. P: \u00bfCu\u00e1nto tiempo tarda HZPT Machinery en responder a las consultas?<br \/>\nR: Normalmente respondemos dentro de las 12 horas posteriores a la recepci\u00f3n de su consulta. Las solicitudes urgentes se pueden atender de inmediato comunic\u00e1ndose con nosotros directamente.<\/p>\n<p>3. P: \u00bfPuede HZPT Machinery fabricar engranajes personalizados que no se muestran en el sitio web?<br \/>\nR: S\u00ed, podemos proporcionar engranajes personalizados con las mismas opciones de entrega r\u00e1pida que nuestros engranajes est\u00e1ndar.<\/p>\n<p>4. P: \u00bfHZPT Machinery fabrica engranajes m\u00e9tricos?<br \/>\nR: \u00a1Por supuesto! Tenemos la capacidad de fabricar engranajes de cualquier tama\u00f1o m\u00e9trico.<\/p>\n<p>5. P: \u00bfExiste una cantidad m\u00ednima de pedido para la maquinaria HZPT?<br \/>\nR: Los requisitos m\u00ednimos dependen de las piezas espec\u00edficas solicitadas. Comparta sus dibujos, im\u00e1genes, engranajes de muestra o especificaciones con nosotros y le proporcionaremos los requisitos m\u00ednimos para su proyecto.<\/p>\n<h2>Explora nuestros otros productos de alta calidad<\/h2>\n<p>En HZPT Machinery, nos especializamos en el suministro de una amplia gama de productos de engranajes que se utilizan en diversas industrias. Nuestra oferta de productos incluye:<\/p>\n<p>\u2013 Cajas de cambios agr\u00edcolas<br \/>\n\u2013 Ejes de salida de potencia<br \/>\n\u2013 Pi\u00f1ones<br \/>\n\u2013 Acoplamientos de fluidos<br \/>\n\u2013 Reductores de tornillo sin fin<br \/>\n\u2013 Engranajes y cremalleras<br \/>\n\u2013 Cadenas desmontables<br \/>\n\u2013 Poleas y poleas<br \/>\n\u2013 Reductores planetarios<br \/>\n\u2013 Poleas de distribuci\u00f3n<br \/>\n\u2013 Bujes<\/p>\n<p>We take pride in providing high-quality products at competitive prices, backed by excellent customer service. Whether you require standard gears or customized solutions, we are here to meet your needs. Contact us today with your specifications or samples, and let&#8217;s discuss how we can assist you.<\/p>","protected":false},"excerpt":{"rendered":"<p>Crossed Helical Gear: The Versatile Gear Transmission Crossed helical gears are a type of gear transmission that offers a wide range of applications and benefits. They are widely used in various industries due to their reliability, accuracy, and high transmission efficiency. Let&#8217;s explore the features, advantages, and maintenance of crossed helical gears. Features and Classification [&hellip;]<\/p>","protected":false},"featured_media":3491,"template":"","meta":{"_et_pb_use_builder":"","_et_pb_old_content":"","_et_gb_content_width":""},"product_brand":[],"product_cat":[11291],"product_tag":[],"class_list":{"0":"post-3492","1":"product","2":"type-product","3":"status-publish","4":"has-post-thumbnail","6":"product_cat-helical-gear","8":"first","9":"instock","10":"shipping-taxable","11":"product-type-simple"},"_links":{"self":[{"href":"https:\/\/agricultural-gear-boxes.com\/es\/wp-json\/wp\/v2\/product\/3492","targetHints":{"allow":["GET"]}}],"collection":[{"href":"https:\/\/agricultural-gear-boxes.com\/es\/wp-json\/wp\/v2\/product"}],"about":[{"href":"https:\/\/agricultural-gear-boxes.com\/es\/wp-json\/wp\/v2\/types\/product"}],"wp:featuredmedia":[{"embeddable":true,"href":"https:\/\/agricultural-gear-boxes.com\/es\/wp-json\/wp\/v2\/media\/3491"}],"wp:attachment":[{"href":"https:\/\/agricultural-gear-boxes.com\/es\/wp-json\/wp\/v2\/media?parent=3492"}],"wp:term":[{"taxonomy":"product_brand","embeddable":true,"href":"https:\/\/agricultural-gear-boxes.com\/es\/wp-json\/wp\/v2\/product_brand?post=3492"},{"taxonomy":"product_cat","embeddable":true,"href":"https:\/\/agricultural-gear-boxes.com\/es\/wp-json\/wp\/v2\/product_cat?post=3492"},{"taxonomy":"product_tag","embeddable":true,"href":"https:\/\/agricultural-gear-boxes.com\/es\/wp-json\/wp\/v2\/product_tag?post=3492"}],"curies":[{"name":"wp","href":"https:\/\/api.w.org\/{rel}","templated":true}]}}