{"id":3496,"date":"2024-08-22T05:30:29","date_gmt":"2024-08-22T05:30:29","guid":{"rendered":"https:\/\/agricultural-gear-boxes.com\/product\/parallel-axis-helical-gears\/"},"modified":"2024-08-22T05:30:29","modified_gmt":"2024-08-22T05:30:29","slug":"parallel-axis-helical-gears","status":"publish","type":"product","link":"https:\/\/agricultural-gear-boxes.com\/es\/product\/parallel-axis-helical-gears\/","title":{"rendered":"Engranajes helicoidales de ejes paralelos"},"content":{"rendered":"<h2>Engranajes helicoidales de ejes paralelos: de alto rendimiento y vers\u00e1tiles<\/h2>\n<p>Los engranajes helicoidales de ejes paralelos, tambi\u00e9n conocidos como engranajes helicoidales, son un tipo de engranaje que se utiliza en una amplia gama de aplicaciones. Est\u00e1n dise\u00f1ados para transmitir fuerza y movimiento entre ejes paralelos, lo que proporciona una transmisi\u00f3n suave, estable y eficiente. El proceso de engrane entre los dientes de los engranajes cil\u00edndricos helicoidales es gradual, lo que genera menos vibraci\u00f3n y ruido durante el funcionamiento, lo que los hace ideales para su uso en aplicaciones de alta velocidad y carga pesada. <\/p>\n<p>Los engranajes helicoidales son adecuados para una variedad de industrias, incluida la industria de semiconductores, equipos m\u00e9dicos, equipos de energ\u00eda solar y equipos de transporte a\u00e9reo y ferroviario de alta velocidad. Tambi\u00e9n se utilizan en m\u00e1quinas herramienta, sistemas de estacionamiento y maquinaria industrial en general. El material del engranaje puede variar, con opciones como lat\u00f3n, acero C45, acero inoxidable, cobre, POM, aluminio y aleaci\u00f3n. <\/p>\n<p>Una de las principales ventajas de los engranajes helicoidales de ejes paralelos es su estructura compacta, que est\u00e1 determinada por el n\u00famero m\u00ednimo de dientes. Un menor n\u00famero de dientes da como resultado una estructura m\u00e1s compacta, lo que resulta ventajoso en muchas aplicaciones. Adem\u00e1s, el aumento del grado de coincidencia entre los engranajes aumenta la capacidad de carga del engranaje y prolonga su vida \u00fatil. <\/p>\n<p>These gears are available in a variety of specifications, including teeth treatment options such as hardened, milled, or ground. They are also available in different precision levels, which are determined by the gear&#8217;s DIN rating. When properly installed, maintained, and repaired, parallel axis helical gears offer a reliable and low-maintenance solution for many transmission needs. <\/p>\n<h3>Ventajas de los engranajes helicoidales de ejes paralelos:<\/h3>\n<ul>\n<li>Buen rendimiento de mallado<\/li>\n<li>Gran coincidencia<\/li>\n<li>Estructura compacta<\/li>\n<li>Fiable y de bajo mantenimiento<\/li>\n<\/ul>\n<h3>Preguntas frecuentes<\/h3>\n<ol>\n<li><strong>\u00bfSu empresa tiene calificaciones exportadoras?<\/strong><br \/>S\u00ed, contamos con las calificaciones necesarias para exportar nuestros productos.<\/li>\n<li><strong>\u00bfHay alg\u00fan sistema de cremallera y pi\u00f1\u00f3n en stock que aparezca en su sitio web?<\/strong><br \/>No, all our products are customized according to clients&#8217; drawings.<\/li>\n<li><strong>\u00bfCual es el MOQ?<\/strong><br \/>El MOQ depende del producto espec\u00edfico, env\u00edenos el dibujo para obtener una cotizaci\u00f3n precisa.<\/li>\n<li><strong>\u00bfCuanto cuesta la muestra?<\/strong><br \/>El cliente deber\u00e1 pagar el costo de la muestra y el flete. Una vez que se confirme la muestra, reembolsaremos el costo de la muestra al cliente.<\/li>\n<li><strong>Si no hay stock, \u00bfc\u00f3mo puede HZPT Machinery proporcionar una entrega tan r\u00e1pida?<\/strong><br \/>Nuestro proceso de fabricaci\u00f3n \u00fanico y nuestro gran inventario de herramientas, materias primas y productos semiacabados nos permiten completar los pedidos en el menor tiempo posible.<\/li>\n<\/ol>\n<h2>Otros productos<\/h2>\n<p>Adem\u00e1s de nuestros engranajes helicoidales de ejes paralelos, nuestra empresa ofrece una amplia gama de otros engranajes de alta calidad y productos relacionados con los engranajes para diversas industrias. Nuestros productos incluyen cajas de engranajes agr\u00edcolas, ejes de salida de potencia, ruedas dentadas, acoplamientos de fluidos, reductores de engranajes sinf\u00edn, engranajes y cremalleras, cadenas desmontables, poleas y poleas, cajas de engranajes planetarios, poleas de distribuci\u00f3n, bujes y m\u00e1s. Nos comprometemos a proporcionar a nuestros clientes productos de alta calidad, precios favorables y un servicio considerado, y damos la bienvenida a los clientes a que vengan a nosotros para la personalizaci\u00f3n de dibujos o muestras.<\/p>","protected":false},"excerpt":{"rendered":"<p>Parallel Axis Helical Gears: High-Performing and Versatile Parallel Axis Helical Gears, also known as helical gears, are a type of gear used in a wide range of applications. They are designed to transmit force and motion between parallel shafts, providing a smooth, stable, and efficient transmission. The meshing process between the teeth of helical cylindrical [&hellip;]<\/p>","protected":false},"featured_media":3495,"template":"","meta":{"_et_pb_use_builder":"","_et_pb_old_content":"","_et_gb_content_width":""},"product_brand":[],"product_cat":[11291],"product_tag":[],"class_list":{"0":"post-3496","1":"product","2":"type-product","3":"status-publish","4":"has-post-thumbnail","6":"product_cat-helical-gear","8":"first","9":"instock","10":"shipping-taxable","11":"product-type-simple"},"_links":{"self":[{"href":"https:\/\/agricultural-gear-boxes.com\/es\/wp-json\/wp\/v2\/product\/3496","targetHints":{"allow":["GET"]}}],"collection":[{"href":"https:\/\/agricultural-gear-boxes.com\/es\/wp-json\/wp\/v2\/product"}],"about":[{"href":"https:\/\/agricultural-gear-boxes.com\/es\/wp-json\/wp\/v2\/types\/product"}],"wp:featuredmedia":[{"embeddable":true,"href":"https:\/\/agricultural-gear-boxes.com\/es\/wp-json\/wp\/v2\/media\/3495"}],"wp:attachment":[{"href":"https:\/\/agricultural-gear-boxes.com\/es\/wp-json\/wp\/v2\/media?parent=3496"}],"wp:term":[{"taxonomy":"product_brand","embeddable":true,"href":"https:\/\/agricultural-gear-boxes.com\/es\/wp-json\/wp\/v2\/product_brand?post=3496"},{"taxonomy":"product_cat","embeddable":true,"href":"https:\/\/agricultural-gear-boxes.com\/es\/wp-json\/wp\/v2\/product_cat?post=3496"},{"taxonomy":"product_tag","embeddable":true,"href":"https:\/\/agricultural-gear-boxes.com\/es\/wp-json\/wp\/v2\/product_tag?post=3496"}],"curies":[{"name":"wp","href":"https:\/\/api.w.org\/{rel}","templated":true}]}}