{"id":3500,"date":"2024-08-22T05:44:32","date_gmt":"2024-08-22T05:44:32","guid":{"rendered":"https:\/\/agricultural-gear-boxes.com\/product\/aircraft-internal-gear\/"},"modified":"2024-10-29T05:24:54","modified_gmt":"2024-10-29T05:24:54","slug":"aircraft-internal-gear","status":"publish","type":"product","link":"https:\/\/agricultural-gear-boxes.com\/es\/product\/aircraft-internal-gear\/","title":{"rendered":"Engranaje interno de la aeronave"},"content":{"rendered":"<h2>Engranajes internos de aeronaves: mejora de la eficiencia y la fiabilidad en las transmisiones<\/h2>\n<p>Bienvenido a nuestra gu\u00eda completa sobre los engranajes internos de las aeronaves. En este art\u00edculo, exploraremos los distintos aspectos de este notable tipo de engranaje, incluida su descripci\u00f3n, caracter\u00edsticas del producto y preguntas frecuentes. Ya sea que sea un entusiasta de la aviaci\u00f3n o un ingeniero mec\u00e1nico que busca soluciones de transmisi\u00f3n confiables, este art\u00edculo le brindar\u00e1 informaci\u00f3n valiosa sobre el mundo de los engranajes internos de las aeronaves.<\/p>\n<h3>Descripci\u00f3n<\/h3>\n<p>Dimension: \u03a63mm &#8211; \u03a6120mm<\/p>\n<p>M\u00f3dulo: M0.15<\/p>\n<p>Tipo de material: Metal seg\u00fan requerimiento del cliente<\/p>\n<div class=\"table-responsive\">\n<table class=\"table\" style=\"height: 636px; width: 99.7843%; border-style: solid; border-color: #171414;\" border=\"1\">\n<tbody>\n<tr>\n<td colspan=\"2\">\n<p style=\"text-align: center;\">Engranaje interno de la aeronave<\/p>\n<\/td>\n<\/tr>\n<tr>\n<td>Dimensi\u00f3n<\/td>\n<td>\u03a660 mm<\/td>\n<\/tr>\n<tr>\n<td>M\u00f3dulo<\/td>\n<td>M0,15-M2,0<\/td>\n<\/tr>\n<tr>\n<td>Tipo de material<\/td>\n<td>Metal, Bronce, Acero, Aleaci\u00f3n, POM, Zinc, Aluminio, Hierro, Acero inoxidable, Lat\u00f3n, Cobre<\/td>\n<\/tr>\n<tr>\n<td>Grado de mallado<\/td>\n<td>ISO6, JGMA 1, JIS 6, AGMA 13, DIN 6, Din5, AGMA12<\/td>\n<\/tr>\n<tr>\n<td>Solicitud<\/td>\n<td>Automotriz, Militar, Aeron\u00e1utica, Mec\u00e1nica, Industrial, M\u00e9dica<\/td>\n<\/tr>\n<tr>\n<td>Personalizado<\/td>\n<td>Fabricante de equipos originales (ODM) y fabricantes de equipos originales (OEM)<\/td>\n<\/tr>\n<tr>\n<td>Muestra<\/td>\n<td>Muestra disponible<\/td>\n<\/tr>\n<tr>\n<td>Modos de embalaje<\/td>\n<td>Envasado al vac\u00edo con bandeja de pl\u00e1stico<\/td>\n<\/tr>\n<tr>\n<td>Modos de entrega<\/td>\n<td>DHL y UPS<\/td>\n<\/tr>\n<tr>\n<td>Certificado<\/td>\n<td>ISO 9001:2008\/TS16949<\/td>\n<\/tr>\n<\/tbody>\n<\/table>\n<p>  <img loading=\"lazy\" decoding=\"async\" class=\"size-full wp-image-379505 alignnone\" src=\"https:\/\/www.ever-power.net\/wp-content\/uploads\/2022\/06\/Aircraft-Internal-Gear.jpg\" alt=\"\" width=\"600\" height=\"600\" \/>\n<\/div>\n<h2>Caracter\u00edsticas del producto<\/h2>\n<ul>\n<li>Los engranajes internos proporcionan una transmisi\u00f3n de eje paralelo compacta con una reducci\u00f3n considerable de velocidad.<\/li>\n<li>Un engranaje interno es un engranaje con sus dientes cortados en la superficie interna de un cilindro y engrana con engranajes rectos.<\/li>\n<li>Los engranajes internos tienen los dientes generados en el di\u00e1metro interior de la pieza bruta. Por lo general, son m\u00e1s robustos y m\u00e1s eficientes que el engranaje de pi\u00f1\u00f3n de acoplamiento. El di\u00e1metro de paso del engranaje interno debe ser al menos 1,5 veces el di\u00e1metro de paso del pi\u00f1\u00f3n de acoplamiento. Si no se cumple esta condici\u00f3n, se producir\u00e1n interferencias entre las puntas de los dientes.<\/li>\n<li>Se proporciona engranaje interno de alta precisi\u00f3n.<\/li>\n<li>Ofrece servicios ODM y OEM.<\/li>\n<\/ul>\n<h2>Instalaci\u00f3n, mantenimiento y reparaci\u00f3n<\/h2>\n<p>La instalaci\u00f3n y el mantenimiento de los engranajes internos de las aeronaves son fundamentales para lograr un rendimiento y una longevidad \u00f3ptimos. Siga estas pautas:<\/p>\n<ul>\n<li>Aseg\u00farese de una alineaci\u00f3n adecuada durante la instalaci\u00f3n para evitar problemas de desgaste prematuro y desalineaci\u00f3n.<\/li>\n<li>Inspeccione peri\u00f3dicamente los dientes del engranaje para detectar signos de da\u00f1o o desgaste y solucione cualquier problema r\u00e1pidamente.<\/li>\n<li>Utilice lubricantes recomendados para reducir la fricci\u00f3n y mantener un funcionamiento suave.<\/li>\n<li>En caso de reparaci\u00f3n, consulte con un t\u00e9cnico profesional con experiencia en sistemas de transmisi\u00f3n de aeronaves.<\/li>\n<li>Al reemplazar el engranaje, aseg\u00farese de la compatibilidad con el sistema existente y siga las pautas del fabricante.<\/li>\n<\/ul>\n<h2>Otros productos ofrecidos<\/h2>\n<p>Adem\u00e1s de los engranajes internos para aeronaves, nuestra empresa se especializa en el suministro de diversos engranajes de pl\u00e1stico utilizados en diferentes industrias. Nuestra gama de productos incluye cajas de engranajes agr\u00edcolas, ejes de salida de potencia, ruedas dentadas, acoplamientos de fluidos, reductores de engranajes helicoidales, engranajes y cremalleras, cadenas desmontables, poleas y poleas, cajas de engranajes planetarios, poleas de distribuci\u00f3n, bujes y m\u00e1s. Nos enorgullecemos de ofrecer productos de alta calidad a precios competitivos, respaldados por nuestro compromiso de brindar un excelente servicio al cliente. Ya sea que necesite productos est\u00e1ndar o soluciones personalizadas, lo invitamos a explorar nuestra diversa gama de ofertas.<\/p>\n<h2>Preguntas frecuentes<\/h2>\n<ol>\n<li>\n<h3>\u00bfCuando puedo obtener la cotizaci\u00f3n?<\/h3>\n<p>Generalmente cotizamos dentro de las 24 horas posteriores a la recepci\u00f3n de su consulta. Si necesita cotizaciones urgentes, inf\u00f3rmenos y priorizaremos su consulta.<\/p>\n<\/li>\n<li>\n<h3>\u00bfC\u00f3mo puedo obtener una muestra para comprobar su calidad?<\/h3>\n<p>Despu\u00e9s de confirmar el precio, puede solicitar muestras para evaluar nuestra calidad. Seg\u00fan su ubicaci\u00f3n, podemos enviarlas desde nuestra f\u00e1brica china o proporcionarle el modelo directamente desde el almac\u00e9n de nuestro agente europeo.<\/p>\n<\/li>\n<li>\n<h3>\u00bfQu\u00e9 tipos de archivos aceptan para imprimir?<\/h3>\n<p>Aceptamos archivos PDF, Core Draw y JPG de alta resoluci\u00f3n para imprimir.<\/p>\n<\/li>\n<li>\n<h3>\u00bfPuedes hacer el dise\u00f1o para nosotros?<\/h3>\n<p>S\u00ed, contamos con un equipo de profesionales con amplia experiencia en dise\u00f1o y fabricaci\u00f3n. Podemos ayudarle a desarrollar soluciones personalizadas adaptadas a sus necesidades espec\u00edficas.<\/p>\n<\/li>\n<li>\n<h3>\u00bfCu\u00e1nto tiempo puedo esperar para recibir la muestra?<\/h3>\n<p>Por lo general, las muestras se pueden entregar en un plazo de 3 a 5 d\u00edas h\u00e1biles. Sin embargo, el plazo exacto puede variar seg\u00fan la complejidad y la personalizaci\u00f3n del producto.<\/p>\n<\/li>\n<\/ol>","protected":false},"excerpt":{"rendered":"<p>Aircraft Internal Gear: Enhancing Efficiency and Reliability in Transmission Drives Welcome to our comprehensive guide on Aircraft Internal Gear. In this article, we will explore the various aspects of this remarkable gear type, including its description, product features, and frequently asked questions. Whether you are an aviation enthusiast or a mechanical engineer seeking reliable transmission [&hellip;]<\/p>","protected":false},"featured_media":3499,"template":"","meta":{"_et_pb_use_builder":"","_et_pb_old_content":"","_et_gb_content_width":""},"product_brand":[],"product_cat":[11293],"product_tag":[],"class_list":{"0":"post-3500","1":"product","2":"type-product","3":"status-publish","4":"has-post-thumbnail","6":"product_cat-ring-gear","8":"first","9":"instock","10":"shipping-taxable","11":"product-type-simple"},"_links":{"self":[{"href":"https:\/\/agricultural-gear-boxes.com\/es\/wp-json\/wp\/v2\/product\/3500","targetHints":{"allow":["GET"]}}],"collection":[{"href":"https:\/\/agricultural-gear-boxes.com\/es\/wp-json\/wp\/v2\/product"}],"about":[{"href":"https:\/\/agricultural-gear-boxes.com\/es\/wp-json\/wp\/v2\/types\/product"}],"wp:featuredmedia":[{"embeddable":true,"href":"https:\/\/agricultural-gear-boxes.com\/es\/wp-json\/wp\/v2\/media\/3499"}],"wp:attachment":[{"href":"https:\/\/agricultural-gear-boxes.com\/es\/wp-json\/wp\/v2\/media?parent=3500"}],"wp:term":[{"taxonomy":"product_brand","embeddable":true,"href":"https:\/\/agricultural-gear-boxes.com\/es\/wp-json\/wp\/v2\/product_brand?post=3500"},{"taxonomy":"product_cat","embeddable":true,"href":"https:\/\/agricultural-gear-boxes.com\/es\/wp-json\/wp\/v2\/product_cat?post=3500"},{"taxonomy":"product_tag","embeddable":true,"href":"https:\/\/agricultural-gear-boxes.com\/es\/wp-json\/wp\/v2\/product_tag?post=3500"}],"curies":[{"name":"wp","href":"https:\/\/api.w.org\/{rel}","templated":true}]}}